{"id":2510,"date":"2024-10-10T11:00:13","date_gmt":"2024-10-10T11:00:13","guid":{"rendered":"https:\/\/benteogleif.dk\/web\/?page_id=2510"},"modified":"2024-12-13T13:55:01","modified_gmt":"2024-12-13T13:55:01","slug":"gi-naetterne-navn","status":"publish","type":"page","link":"https:\/\/benteogleif.dk\/web\/gi-naetterne-navn\/","title":{"rendered":"Gi&#8217; n\u00e6tterne navn"},"content":{"rendered":"\t\t<div data-elementor-type=\"wp-page\" data-elementor-id=\"2510\" class=\"elementor elementor-2510\">\n\t\t\t\t<div class=\"elementor-element elementor-element-173edd6 e-flex e-con-boxed e-con e-parent\" data-id=\"173edd6\" data-element_type=\"container\">\n\t\t\t\t\t<div class=\"e-con-inner\">\n\t\t<div class=\"elementor-element elementor-element-4be943b e-con-full e-flex e-con e-child\" data-id=\"4be943b\" data-element_type=\"container\">\n\t\t\t\t<div class=\"elementor-element elementor-element-389b00e elementor-widget elementor-widget-image\" data-id=\"389b00e\" data-element_type=\"widget\" data-widget_type=\"image.default\">\n\t\t\t\t<div class=\"elementor-widget-container\">\n\t\t\t\t\t\t\t\t\t\t\t\t\t\t\t<img decoding=\"async\" src=\"https:\/\/benteogleif.dk\/web\/wp-content\/uploads\/elementor\/thumbs\/01-scaled-qvcc7hboncqei4jgqfzpn5xvbptf1ilkvnm4l4b9eq.jpg\" title=\"01\" alt=\"01\" loading=\"lazy\" \/>\t\t\t\t\t\t\t\t\t\t\t\t\t\t\t<\/div>\n\t\t\t\t<\/div>\n\t\t\t\t<\/div>\n\t\t<div class=\"elementor-element elementor-element-71a2bed e-con-full e-flex e-con e-child\" data-id=\"71a2bed\" data-element_type=\"container\">\n\t\t\t\t<div class=\"elementor-element elementor-element-c877f35 elementor-widget elementor-widget-heading\" data-id=\"c877f35\" data-element_type=\"widget\" data-widget_type=\"heading.default\">\n\t\t\t\t<div class=\"elementor-widget-container\">\n\t\t\t\t\t<h2 class=\"elementor-heading-title elementor-size-default\">Gi' n\u00e6tterne navn<\/h2>\t\t\t\t<\/div>\n\t\t\t\t<\/div>\n\t\t\t\t<div class=\"elementor-element elementor-element-010be06 elementor-widget elementor-widget-text-editor\" data-id=\"010be06\" data-element_type=\"widget\" data-widget_type=\"text-editor.default\">\n\t\t\t\t<div class=\"elementor-widget-container\">\n\t\t\t\t\t\t\t\t\t<p>Bente og Leifs debut-LP fra juni 1989.<br \/>Det er en blanding af Bentes f\u00f8rste egne sange og de gamle folke- og skillingsviser, som fyldte mest i de tidlige \u00e5r.<\/p><p>Side 1<br \/>1. Sneb\u00e6r <br \/>2. Dj\u00e6velens ni sp\u00f8rgsm\u00e5l <br \/>3. Hr. Peders s\u00f8rejse <br \/>4. Min lille bylt <br \/>5. Jomfruens syv br\u00f8dre<\/p><p>Side 2<br \/>6.De to kongeb\u00f8rn<br \/>7. Liden Kirsten<br \/>8. Styrke\/svaghed<br \/>9. Pigen fra Viks\u00f8<br \/>10. Noget kendt<\/p><p>Indspillet i Inside Studio, Roskilde i 1989 <br \/>Teknik: Morten Nilsson<br \/>Producer: Alan Klitgaard, Leif Ernstsen og Bente Kure<\/p><p>G\u00e6stemusikere:<br \/>Henrik Simonsen &#8211; kontrabas<br \/>Nils Thorlund &#8211; guitar<br \/>Alan Klitgaard &#8211; kor fl\u00f8jte<br \/>Al Damlund &#8211; saxofon<br \/>Flemming Kassebeer &#8211; bodhran<br \/>John von Daler &#8211; violin<br \/>Henning Pedersen &#8211; guitar<\/p>\t\t\t\t\t\t\t\t<\/div>\n\t\t\t\t<\/div>\n\t\t\t\t<div class=\"elementor-element elementor-element-0181cba elementor-widget-divider--view-line elementor-widget elementor-widget-divider\" data-id=\"0181cba\" data-element_type=\"widget\" data-widget_type=\"divider.default\">\n\t\t\t\t<div class=\"elementor-widget-container\">\n\t\t\t\t\t\t\t<div class=\"elementor-divider\">\n\t\t\t<span class=\"elementor-divider-separator\">\n\t\t\t\t\t\t<\/span>\n\t\t<\/div>\n\t\t\t\t\t\t<\/div>\n\t\t\t\t<\/div>\n\t\t\t\t<div class=\"elementor-element elementor-element-dc2e5e5 elementor-widget elementor-widget-text-editor\" data-id=\"dc2e5e5\" data-element_type=\"widget\" data-widget_type=\"text-editor.default\">\n\t\t\t\t<div class=\"elementor-widget-container\">\n\t\t\t\t\t\t\t\t\t<p><strong>Sangtekster: Gi&#8217; n\u00e6tterne navn<\/strong><\/p><p><em>Alle andre tekster: Se under CD\u2019en \u2019Sneb\u00e6r<\/em>\u2019<\/p><p><strong>10. Noget kendt<\/strong> <br \/>(tekst &amp; musik: Bente Kure)<\/p><p>Liss\u00e5 blidt som et strejf<br \/>af m\u00e5gens vinge mod en sky<br \/>Og dog s\u00e5 h\u00e5rdt som et k\u00f8lleslag<br \/>rammer tanken mig om dig<\/p><p>Klokken den er kvart i to<br \/>og frosten den bider i min hud<br \/>Men trods vinter med kulde og sne<br \/>skinner solen bleg \u2013 p\u00e5 mig<\/p><p>Det skete sidste sommer<br \/>men pludselig s\u00e5 er det nu<br \/>I en tiendedel af et sekund<br \/>m\u00e6rker jeg \u2013 hvor glad jeg var for dig<\/p><p>Jeg tror det har et fornemt navn<br \/>pludselig at huske glemte savn<br \/>N\u00e5r solen skinner, kaster skygge p\u00e5 en mur<br \/>som den gjorde den gang \u2013 dejavu<\/p><p>Hvor mon du lever nu<br \/>Nej, mit hjerte gik ikke itu<br \/>Men lige nu i dette sekund<br \/>ved jeg helt bestemt:<br \/>Jeg elsker dig<\/p>\t\t\t\t\t\t\t\t<\/div>\n\t\t\t\t<\/div>\n\t\t\t\t<\/div>\n\t\t\t\t\t<\/div>\n\t\t\t\t<\/div>\n\t\t<div class=\"elementor-element elementor-element-2b588f8 e-flex e-con-boxed e-con e-parent\" data-id=\"2b588f8\" data-element_type=\"container\">\n\t\t\t\t\t<div class=\"e-con-inner\">\n\t\t\t\t\t<\/div>\n\t\t\t\t<\/div>\n\t\t\t\t<\/div>\n\t\t","protected":false},"excerpt":{"rendered":"<p>Gi&#8217; n\u00e6tterne navn Bente og Leifs debut-LP fra juni 1989.Det er en blanding af Bentes f\u00f8rste egne sange og de gamle folke- og skillingsviser, som fyldte mest i de tidlige \u00e5r. Side 11. Sneb\u00e6r 2. Dj\u00e6velens ni sp\u00f8rgsm\u00e5l 3. Hr. Peders s\u00f8rejse 4. Min lille bylt 5. Jomfruens syv br\u00f8dre Side 26.De to kongeb\u00f8rn7. Liden [&hellip;]<\/p>\n","protected":false},"author":1,"featured_media":0,"parent":0,"menu_order":0,"comment_status":"closed","ping_status":"closed","template":"","meta":{"_uag_custom_page_level_css":"","site-sidebar-layout":"no-sidebar","site-content-layout":"page-builder","ast-site-content-layout":"full-width-container","site-content-style":"unboxed","site-sidebar-style":"unboxed","ast-global-header-display":"","ast-banner-title-visibility":"","ast-main-header-display":"","ast-hfb-above-header-display":"","ast-hfb-below-header-display":"","ast-hfb-mobile-header-display":"","site-post-title":"disabled","ast-breadcrumbs-content":"","ast-featured-img":"","footer-sml-layout":"","theme-transparent-header-meta":"disabled","adv-header-id-meta":"","stick-header-meta":"","header-above-stick-meta":"","header-main-stick-meta":"","header-below-stick-meta":"","astra-migrate-meta-layouts":"set","ast-page-background-enabled":"default","ast-page-background-meta":{"desktop":{"background-color":"","background-image":"","background-repeat":"repeat","background-position":"center center","background-size":"auto","background-attachment":"scroll","background-type":"","background-media":"","overlay-type":"","overlay-color":"","overlay-opacity":"","overlay-gradient":""},"tablet":{"background-color":"","background-image":"","background-repeat":"repeat","background-position":"center center","background-size":"auto","background-attachment":"scroll","background-type":"","background-media":"","overlay-type":"","overlay-color":"","overlay-opacity":"","overlay-gradient":""},"mobile":{"background-color":"","background-image":"","background-repeat":"repeat","background-position":"center center","background-size":"auto","background-attachment":"scroll","background-type":"","background-media":"","overlay-type":"","overlay-color":"","overlay-opacity":"","overlay-gradient":""}},"ast-content-background-meta":{"desktop":{"background-color":"var(--ast-global-color-5)","background-image":"","background-repeat":"repeat","background-position":"center center","background-size":"auto","background-attachment":"scroll","background-type":"","background-media":"","overlay-type":"","overlay-color":"","overlay-opacity":"","overlay-gradient":""},"tablet":{"background-color":"var(--ast-global-color-5)","background-image":"","background-repeat":"repeat","background-position":"center center","background-size":"auto","background-attachment":"scroll","background-type":"","background-media":"","overlay-type":"","overlay-color":"","overlay-opacity":"","overlay-gradient":""},"mobile":{"background-color":"var(--ast-global-color-5)","background-image":"","background-repeat":"repeat","background-position":"center center","background-size":"auto","background-attachment":"scroll","background-type":"","background-media":"","overlay-type":"","overlay-color":"","overlay-opacity":"","overlay-gradient":""}},"footnotes":""},"class_list":["post-2510","page","type-page","status-publish","hentry"],"uagb_featured_image_src":{"full":false,"thumbnail":false,"medium":false,"medium_large":false,"large":false,"1536x1536":false,"2048x2048":false},"uagb_author_info":{"display_name":"admin","author_link":"https:\/\/benteogleif.dk\/web\/author\/benteo\/"},"uagb_comment_info":0,"uagb_excerpt":"Gi&#8217; n\u00e6tterne navn Bente og Leifs debut-LP fra juni 1989.Det er en blanding af Bentes f\u00f8rste egne sange og de gamle folke- og skillingsviser, som fyldte mest i de tidlige \u00e5r. Side 11. Sneb\u00e6r 2. Dj\u00e6velens ni sp\u00f8rgsm\u00e5l 3. Hr. Peders s\u00f8rejse 4. Min lille bylt 5. Jomfruens syv br\u00f8dre Side 26.De to kongeb\u00f8rn7. Liden&hellip;","_links":{"self":[{"href":"https:\/\/benteogleif.dk\/web\/wp-json\/wp\/v2\/pages\/2510","targetHints":{"allow":["GET"]}}],"collection":[{"href":"https:\/\/benteogleif.dk\/web\/wp-json\/wp\/v2\/pages"}],"about":[{"href":"https:\/\/benteogleif.dk\/web\/wp-json\/wp\/v2\/types\/page"}],"author":[{"embeddable":true,"href":"https:\/\/benteogleif.dk\/web\/wp-json\/wp\/v2\/users\/1"}],"replies":[{"embeddable":true,"href":"https:\/\/benteogleif.dk\/web\/wp-json\/wp\/v2\/comments?post=2510"}],"version-history":[{"count":22,"href":"https:\/\/benteogleif.dk\/web\/wp-json\/wp\/v2\/pages\/2510\/revisions"}],"predecessor-version":[{"id":3962,"href":"https:\/\/benteogleif.dk\/web\/wp-json\/wp\/v2\/pages\/2510\/revisions\/3962"}],"wp:attachment":[{"href":"https:\/\/benteogleif.dk\/web\/wp-json\/wp\/v2\/media?parent=2510"}],"curies":[{"name":"wp","href":"https:\/\/api.w.org\/{rel}","templated":true}]}}