{"id":2564,"date":"2024-10-10T13:01:00","date_gmt":"2024-10-10T13:01:00","guid":{"rendered":"https:\/\/benteogleif.dk\/web\/?page_id=2564"},"modified":"2025-02-16T18:46:36","modified_gmt":"2025-02-16T18:46:36","slug":"oevrige","status":"publish","type":"page","link":"https:\/\/benteogleif.dk\/web\/oevrige\/","title":{"rendered":"\u00d8vrige"},"content":{"rendered":"\t\t<div data-elementor-type=\"wp-page\" data-elementor-id=\"2564\" class=\"elementor elementor-2564\">\n\t\t\t\t\t\t<section class=\"elementor-section elementor-inner-section elementor-element elementor-element-50ddc63 elementor-section-boxed elementor-section-height-default elementor-section-height-default\" data-id=\"50ddc63\" data-element_type=\"section\" data-settings=\"{&quot;background_background&quot;:&quot;classic&quot;}\">\n\t\t\t\t\t\t<div class=\"elementor-container elementor-column-gap-default\">\n\t\t\t\t\t<div class=\"elementor-column elementor-col-33 elementor-inner-column elementor-element elementor-element-74e3aca\" data-id=\"74e3aca\" data-element_type=\"column\">\n\t\t\t<div class=\"elementor-widget-wrap elementor-element-populated\">\n\t\t\t\t\t\t<div class=\"elementor-element elementor-element-8ea2ab5 elementor-widget elementor-widget-image\" data-id=\"8ea2ab5\" data-element_type=\"widget\" data-widget_type=\"image.default\">\n\t\t\t\t<div class=\"elementor-widget-container\">\n\t\t\t\t\t\t\t\t\t\t\t\t\t\t\t\t<a href=\"https:\/\/benteogleif.dk\/web\/snebaer\/\">\n\t\t\t\t\t\t\t<img decoding=\"async\" src=\"https:\/\/benteogleif.dk\/web\/wp-content\/uploads\/elementor\/thumbs\/0031b-Koncerttyper-qyctnoi3zc6ozjtww8p48cnmy0upmjvxq98xjliwa0.jpg\" title=\"BENTE KURE OG LEIF ERNSTSEN P\u00c5 SCENEN.\" alt=\"BENTE KURE OG LEIF ERNSTSEN P\u00c5 SCENEN.\" loading=\"lazy\" \/>\t\t\t\t\t\t\t\t<\/a>\n\t\t\t\t\t\t\t\t\t\t\t\t\t\t\t<\/div>\n\t\t\t\t<\/div>\n\t\t\t\t\t<\/div>\n\t\t<\/div>\n\t\t\t\t<div class=\"elementor-column elementor-col-33 elementor-inner-column elementor-element elementor-element-5a37534\" data-id=\"5a37534\" data-element_type=\"column\">\n\t\t\t<div class=\"elementor-widget-wrap elementor-element-populated\">\n\t\t\t\t\t\t<div class=\"elementor-element elementor-element-ca55903 elementor-widget elementor-widget-text-editor\" data-id=\"ca55903\" data-element_type=\"widget\" data-widget_type=\"text-editor.default\">\n\t\t\t\t<div class=\"elementor-widget-container\">\n\t\t\t\t\t\t\t\t\t<p><b>Liste over andre kunstneres udgivelser, hvor Bente og Leif har medvirket &#8211; sammen eller hver for sig.<\/b><\/p><p><strong>Leif spillede i mange \u00e5r med Peter Abrahamsen &amp; Bellpepper boys samt med Paddy Doyles:<\/strong><\/p>\t\t\t\t\t\t\t\t<\/div>\n\t\t\t\t<\/div>\n\t\t\t\t<div class=\"elementor-element elementor-element-8a3409f elementor-widget elementor-widget-text-editor\" data-id=\"8a3409f\" data-element_type=\"widget\" data-widget_type=\"text-editor.default\">\n\t\t\t\t<div class=\"elementor-widget-container\">\n\t\t\t\t\t\t\t\t\t<p><strong>Udgivelser med Peter Abrahamsen og BellPepperBoys:<\/strong><br \/>94: Horeungen (Leif, Peter Abrahamsen)<br \/>95: Frihed, ret og tro (Leif, Peter Abrahamsen)<br \/>96: Borrowed and blue..(Leif, Peter Abrahamsen)<br \/>96: Natten har 1000 \u00f8jne (Leif, Janne L\u00e6rkedal)<br \/>99: Chicken feet (Leif, Peter Abrahamsen)<br \/>03: Pigerne udi spanien&#8230; (singleCD, Leif, Peter Abrahamsen)<br \/>04: No shirt, no shoes&#8230;. (Leif, Peter Abrahamsen)<br \/>06: Hjeml\u00e6ngsel (Leif, Peter Abrahamsen)<br \/>08: Bagved bjerget, bagved stjernerne (Leif, Peter Abrahamsen)<br \/>11: En smule fred (singleCD, Leif, Peter Abrahamsen)<br \/>11: Du er mig evig n\u00e6r (maxisingleCD, Leif, Peter Abrahamsen)<br \/>11: Vejen til Luossa (Leif, Peter Abrahamsen)<br \/>11: S\u00e5 langt, s\u00e5 godt (Jubil\u00e6umsbox, Leif, Peter Abrahamsen)<br \/>23: Ved vejs ende (Peter Abrahamsen)<\/p><p><strong>Udgivelser med Paddy Doyles:<\/strong> <br \/>93: Still waiting for&#8230; (Leif, Paddy Doyles)<\/p>\t\t\t\t\t\t\t\t<\/div>\n\t\t\t\t<\/div>\n\t\t\t\t<div class=\"elementor-element elementor-element-46a9d24 elementor-widget elementor-widget-text-editor\" data-id=\"46a9d24\" data-element_type=\"widget\" data-widget_type=\"text-editor.default\">\n\t\t\t\t<div class=\"elementor-widget-container\">\n\t\t\t\t\t\t\t\t\t<p><strong>Bente og Leif har ogs\u00e5 sammen og hver is\u00e6r medvirket p\u00e5 mange andres indspilninger p\u00e5 et eller flere numre:<\/strong><\/p><p><strong>Diverse andre udgivelser, som Bente og Leif har medvirket p\u00e5:<\/strong><br \/>87: When the cock crows (Leif, Rod Sinclair)<br \/>91: \u00d8-tur med Lila-Dan (Leif og Bente, Pineapple)<br \/>93: Toften (begge, Pladekompagniet)<br \/>96: Folk-live-CD (Leif, Folkemusik i Danmark)<br \/>97: The Alex Campbell tribute concert (Leif og Bente, AllanTaylor m.fl)<br \/>01: Fra Lofoten til Arkipelagos (m. Kalle Zwilgmeyer)<br \/>01: Tit er jeg glad (m. Peter Abrahamsen)<br \/>02: to julesanger (Hans Ericsson)<br \/>03: Som vi ser det (To Troubadourer)<br \/>03: Klingende Rigsdaler (forebitters, som producer)<br \/>03: Nu g\u00e5r v\u00e5ren gennem&#8230;(Sigfred Pedersen, EXLIBRIS)<br \/>04: Cornelis p\u00e5 danska (Cornelis Vreswijk, EXLIBRIS)<br \/>04: T\u00e6kkekunst (DVD,J.Karup.Jensen, DR-forlag)<br \/>04: Til Benny&#8230; (Benny Andersen 75\u00e5rs jubil\u00e6ums CD, EXLIBRIS)<br \/>05: Tivoli ViseVershus 40 \u00e5rs jubil\u00e6um (Olufsen records)<br \/>05: Enn\u00e5 (m. Kalle Zwilgmeyer)<br \/>06: H\u00f8jskolesange fra morgen til aften (Exlibris)<br \/>09: Viser fra et v\u00e6rtshus (To troubadourer)<br \/>12: Gennem livet (m. Vagn Kragelund)<br \/>15: Cap San Marco (Anders Mikkelsen)<\/p>\t\t\t\t\t\t\t\t<\/div>\n\t\t\t\t<\/div>\n\t\t\t\t<div class=\"elementor-element elementor-element-68ef5dd elementor-widget elementor-widget-text-editor\" data-id=\"68ef5dd\" data-element_type=\"widget\" data-widget_type=\"text-editor.default\">\n\t\t\t\t<div class=\"elementor-widget-container\">\n\t\t\t\t\t\t\t\t\t<p><strong>Diverse andre udgivelser, som vi har v\u00e6ret involveret i:<\/strong><br \/>94: Thomas Kjellerup (20 sange, RUP)<br \/>95: Folk music from DK PR-CD \u00b495 (Leif og Bente, MXP)<br \/>96: Folk music from DK PR-CD \u00b496 (Leif, MXP)<br \/>98: Lige for tiden (Leif og Bente, FMS-CD \u00b498)<br \/>98: Folk music from DK PR-CD &#8217;98 (Leif og Bente, MXP)<br \/>99: Dansk eksport PR-CD (BPB, MXP)<br \/>00: Kvindfolk (ADCOM DATA, PR-CD)<br \/>00: Folk music from DK PR_CD (BPB, MXP)<br \/>01: Folk music from DK PR-CD &#8217;01 (Leif og Bente, MXP)<br \/>04: Folk music from DK PR-CD (MXP)<br \/>04: Tai As (festival-CD, Vilnius)<br \/>12: Tai As (festival-CD, Vilnius)<\/p>\t\t\t\t\t\t\t\t<\/div>\n\t\t\t\t<\/div>\n\t\t\t\t\t<\/div>\n\t\t<\/div>\n\t\t\t\t<div class=\"elementor-column elementor-col-33 elementor-inner-column elementor-element elementor-element-1fc6cd1\" data-id=\"1fc6cd1\" data-element_type=\"column\">\n\t\t\t<div class=\"elementor-widget-wrap\">\n\t\t\t\t\t\t\t<\/div>\n\t\t<\/div>\n\t\t\t\t\t<\/div>\n\t\t<\/section>\n\t\t\t\t<\/div>\n\t\t","protected":false},"excerpt":{"rendered":"<p>Liste over andre kunstneres udgivelser, hvor Bente og Leif har medvirket &#8211; sammen eller hver for sig. Leif spillede i mange \u00e5r med Peter Abrahamsen &amp; Bellpepper boys samt med Paddy Doyles: Udgivelser med Peter Abrahamsen og BellPepperBoys:94: Horeungen (Leif, Peter Abrahamsen)95: Frihed, ret og tro (Leif, Peter Abrahamsen)96: Borrowed and blue..(Leif, Peter Abrahamsen)96: Natten [&hellip;]<\/p>\n","protected":false},"author":1,"featured_media":0,"parent":0,"menu_order":0,"comment_status":"closed","ping_status":"closed","template":"","meta":{"_uag_custom_page_level_css":"","site-sidebar-layout":"no-sidebar","site-content-layout":"page-builder","ast-site-content-layout":"full-width-container","site-content-style":"unboxed","site-sidebar-style":"unboxed","ast-global-header-display":"","ast-banner-title-visibility":"","ast-main-header-display":"","ast-hfb-above-header-display":"","ast-hfb-below-header-display":"","ast-hfb-mobile-header-display":"","site-post-title":"disabled","ast-breadcrumbs-content":"","ast-featured-img":"","footer-sml-layout":"","theme-transparent-header-meta":"disabled","adv-header-id-meta":"","stick-header-meta":"","header-above-stick-meta":"","header-main-stick-meta":"","header-below-stick-meta":"","astra-migrate-meta-layouts":"set","ast-page-background-enabled":"default","ast-page-background-meta":{"desktop":{"background-color":"","background-image":"","background-repeat":"repeat","background-position":"center center","background-size":"auto","background-attachment":"scroll","background-type":"","background-media":"","overlay-type":"","overlay-color":"","overlay-opacity":"","overlay-gradient":""},"tablet":{"background-color":"","background-image":"","background-repeat":"repeat","background-position":"center center","background-size":"auto","background-attachment":"scroll","background-type":"","background-media":"","overlay-type":"","overlay-color":"","overlay-opacity":"","overlay-gradient":""},"mobile":{"background-color":"","background-image":"","background-repeat":"repeat","background-position":"center center","background-size":"auto","background-attachment":"scroll","background-type":"","background-media":"","overlay-type":"","overlay-color":"","overlay-opacity":"","overlay-gradient":""}},"ast-content-background-meta":{"desktop":{"background-color":"var(--ast-global-color-5)","background-image":"","background-repeat":"repeat","background-position":"center center","background-size":"auto","background-attachment":"scroll","background-type":"","background-media":"","overlay-type":"","overlay-color":"","overlay-opacity":"","overlay-gradient":""},"tablet":{"background-color":"var(--ast-global-color-5)","background-image":"","background-repeat":"repeat","background-position":"center center","background-size":"auto","background-attachment":"scroll","background-type":"","background-media":"","overlay-type":"","overlay-color":"","overlay-opacity":"","overlay-gradient":""},"mobile":{"background-color":"var(--ast-global-color-5)","background-image":"","background-repeat":"repeat","background-position":"center center","background-size":"auto","background-attachment":"scroll","background-type":"","background-media":"","overlay-type":"","overlay-color":"","overlay-opacity":"","overlay-gradient":""}},"footnotes":""},"class_list":["post-2564","page","type-page","status-publish","hentry"],"uagb_featured_image_src":{"full":false,"thumbnail":false,"medium":false,"medium_large":false,"large":false,"1536x1536":false,"2048x2048":false},"uagb_author_info":{"display_name":"admin","author_link":"https:\/\/benteogleif.dk\/web\/author\/benteo\/"},"uagb_comment_info":0,"uagb_excerpt":"Liste over andre kunstneres udgivelser, hvor Bente og Leif har medvirket &#8211; sammen eller hver for sig. Leif spillede i mange \u00e5r med Peter Abrahamsen &amp; Bellpepper boys samt med Paddy Doyles: Udgivelser med Peter Abrahamsen og BellPepperBoys:94: Horeungen (Leif, Peter Abrahamsen)95: Frihed, ret og tro (Leif, Peter Abrahamsen)96: Borrowed and blue..(Leif, Peter Abrahamsen)96: Natten&hellip;","_links":{"self":[{"href":"https:\/\/benteogleif.dk\/web\/wp-json\/wp\/v2\/pages\/2564","targetHints":{"allow":["GET"]}}],"collection":[{"href":"https:\/\/benteogleif.dk\/web\/wp-json\/wp\/v2\/pages"}],"about":[{"href":"https:\/\/benteogleif.dk\/web\/wp-json\/wp\/v2\/types\/page"}],"author":[{"embeddable":true,"href":"https:\/\/benteogleif.dk\/web\/wp-json\/wp\/v2\/users\/1"}],"replies":[{"embeddable":true,"href":"https:\/\/benteogleif.dk\/web\/wp-json\/wp\/v2\/comments?post=2564"}],"version-history":[{"count":25,"href":"https:\/\/benteogleif.dk\/web\/wp-json\/wp\/v2\/pages\/2564\/revisions"}],"predecessor-version":[{"id":4522,"href":"https:\/\/benteogleif.dk\/web\/wp-json\/wp\/v2\/pages\/2564\/revisions\/4522"}],"wp:attachment":[{"href":"https:\/\/benteogleif.dk\/web\/wp-json\/wp\/v2\/media?parent=2564"}],"curies":[{"name":"wp","href":"https:\/\/api.w.org\/{rel}","templated":true}]}}