{"id":2628,"date":"2024-10-10T14:02:42","date_gmt":"2024-10-10T14:02:42","guid":{"rendered":"https:\/\/benteogleif.dk\/web\/?page_id=2628"},"modified":"2025-04-02T16:49:27","modified_gmt":"2025-04-02T16:49:27","slug":"benteogleif","status":"publish","type":"page","link":"https:\/\/benteogleif.dk\/web\/benteogleif\/","title":{"rendered":"Bente &#038; Leif"},"content":{"rendered":"\t\t<div data-elementor-type=\"wp-page\" data-elementor-id=\"2628\" class=\"elementor elementor-2628\">\n\t\t\t\t<div class=\"elementor-element elementor-element-173edd6 e-flex e-con-boxed e-con e-parent\" data-id=\"173edd6\" data-element_type=\"container\">\n\t\t\t\t\t<div class=\"e-con-inner\">\n\t\t<div class=\"elementor-element elementor-element-4be943b e-con-full e-flex e-con e-child\" data-id=\"4be943b\" data-element_type=\"container\">\n\t\t<div class=\"elementor-element elementor-element-17f1ade e-con-full e-flex e-con e-child\" data-id=\"17f1ade\" data-element_type=\"container\">\n\t\t\t\t<div class=\"elementor-element elementor-element-e9804d0 elementor-widget elementor-widget-text-editor\" data-id=\"e9804d0\" data-element_type=\"widget\" data-widget_type=\"text-editor.default\">\n\t\t\t\t<div class=\"elementor-widget-container\">\n\t\t\t\t\t\t\t\t\t<p><strong>Bente &amp; Leif menu:<\/strong><\/p><p><a href=\"https:\/\/benteogleif.dk\/web\/biografi\/\">\u2022 Biografi<\/a><br \/><a href=\"https:\/\/benteogleif.dk\/web\/booking\/\">\u2022 Booking<\/a><br \/><a href=\"https:\/\/benteogleif.dk\/web\/fotoalbum\/\">\u2022 Fotoalbum<\/a><br \/><a href=\"https:\/\/benteogleif.dk\/web\/bentekunst\/\">\u2022\u00a0<\/a><a href=\"https:\/\/benteogleif.dk\/web\/prismodtagere\/\">Priser og nomineringer<\/a><\/p>\t\t\t\t\t\t\t\t<\/div>\n\t\t\t\t<\/div>\n\t\t\t\t<\/div>\n\t\t\t\t<div class=\"elementor-element elementor-element-389b00e elementor-widget elementor-widget-image\" data-id=\"389b00e\" data-element_type=\"widget\" data-widget_type=\"image.default\">\n\t\t\t\t<div class=\"elementor-widget-container\">\n\t\t\t\t\t\t\t\t\t\t\t\t\t\t\t<img decoding=\"async\" src=\"https:\/\/benteogleif.dk\/web\/wp-content\/uploads\/elementor\/thumbs\/Booking-qsu4um4mfw65zssh33avw6qjd9wl6o01lfymm8arwq.jpg\" title=\"Booking\" alt=\"Booking\" loading=\"lazy\" \/>\t\t\t\t\t\t\t\t\t\t\t\t\t\t\t<\/div>\n\t\t\t\t<\/div>\n\t\t\t\t<\/div>\n\t\t<div class=\"elementor-element elementor-element-71a2bed e-con-full e-flex e-con e-child\" data-id=\"71a2bed\" data-element_type=\"container\">\n\t\t\t\t<div class=\"elementor-element elementor-element-c877f35 elementor-widget elementor-widget-heading\" data-id=\"c877f35\" data-element_type=\"widget\" data-widget_type=\"heading.default\">\n\t\t\t\t<div class=\"elementor-widget-container\">\n\t\t\t\t\t<h2 class=\"elementor-heading-title elementor-size-default\">Bente Kure & Leif Ernstsen<\/h2>\t\t\t\t<\/div>\n\t\t\t\t<\/div>\n\t\t\t\t<div class=\"elementor-element elementor-element-010be06 elementor-widget elementor-widget-text-editor\" data-id=\"010be06\" data-element_type=\"widget\" data-widget_type=\"text-editor.default\">\n\t\t\t\t<div class=\"elementor-widget-container\">\n\t\t\t\t\t\t\t\t\t<p><strong>Bente og Leif<\/strong> har spillet sammen siden 1985 med en aldrig svigtende intensitet og et altid skarpt blik p\u00e5, at hverken underholdningsv\u00e6rdien eller humoren bliver underkendt undervejs. Efter en optr\u00e6den, afmeldte arrang\u00f8ren dem ved at sige at \u201dMan bliver simpelthen et bedre menneske af at opleve jer live!\u201d. Og det var efter to st\u00e5ende ovationer.<\/p><p>De har gennem \u00e5rene udgivet 15 plader samt spillet landet tyndt p\u00e5 spillesteder, festivals, kursuscentre, i kirker, foreninger og forsamlingshuse.<br \/>For skoleb\u00f8rn, pensionister og godtfolk &#8211; bogstaveligt talt alverdens steder!<\/p><p>I de flotte anmeldelser har der bl.a. st\u00e5et:<br \/><em>\u201dMed sin smukt nuancerede stemme mestrer hun b\u00e5de det blidt poetiske og det mere kontante udtryk\u201d og \u201dHan demonstrerer sine virtuose evner p\u00e5 harmonikaen\u201d.<br \/><\/em><em><strong>&#8230;og det kan man trygt regne med, at de lever op til i s\u00e6rdeles levende live p\u00e5 scenen!<\/strong><\/em><\/p>\t\t\t\t\t\t\t\t<\/div>\n\t\t\t\t<\/div>\n\t\t\t\t<\/div>\n\t\t\t\t\t<\/div>\n\t\t\t\t<\/div>\n\t\t<div class=\"elementor-element elementor-element-2b588f8 e-flex e-con-boxed e-con e-parent\" data-id=\"2b588f8\" data-element_type=\"container\">\n\t\t\t\t\t<div class=\"e-con-inner\">\n\t\t\t\t\t<\/div>\n\t\t\t\t<\/div>\n\t\t\t\t<\/div>\n\t\t","protected":false},"excerpt":{"rendered":"<p>Bente &amp; Leif menu: \u2022 Biografi\u2022 Booking\u2022 Fotoalbum\u2022\u00a0Priser og nomineringer Bente Kure &#038; Leif Ernstsen Bente og Leif har spillet sammen siden 1985 med en aldrig svigtende intensitet og et altid skarpt blik p\u00e5, at hverken underholdningsv\u00e6rdien eller humoren bliver underkendt undervejs. Efter en optr\u00e6den, afmeldte arrang\u00f8ren dem ved at sige at \u201dMan bliver simpelthen [&hellip;]<\/p>\n","protected":false},"author":1,"featured_media":0,"parent":0,"menu_order":0,"comment_status":"closed","ping_status":"closed","template":"","meta":{"_uag_custom_page_level_css":"","site-sidebar-layout":"no-sidebar","site-content-layout":"page-builder","ast-site-content-layout":"full-width-container","site-content-style":"unboxed","site-sidebar-style":"unboxed","ast-global-header-display":"","ast-banner-title-visibility":"","ast-main-header-display":"","ast-hfb-above-header-display":"","ast-hfb-below-header-display":"","ast-hfb-mobile-header-display":"","site-post-title":"disabled","ast-breadcrumbs-content":"","ast-featured-img":"","footer-sml-layout":"","theme-transparent-header-meta":"disabled","adv-header-id-meta":"","stick-header-meta":"","header-above-stick-meta":"","header-main-stick-meta":"","header-below-stick-meta":"","astra-migrate-meta-layouts":"set","ast-page-background-enabled":"default","ast-page-background-meta":{"desktop":{"background-color":"","background-image":"","background-repeat":"repeat","background-position":"center center","background-size":"auto","background-attachment":"scroll","background-type":"","background-media":"","overlay-type":"","overlay-color":"","overlay-opacity":"","overlay-gradient":""},"tablet":{"background-color":"","background-image":"","background-repeat":"repeat","background-position":"center center","background-size":"auto","background-attachment":"scroll","background-type":"","background-media":"","overlay-type":"","overlay-color":"","overlay-opacity":"","overlay-gradient":""},"mobile":{"background-color":"","background-image":"","background-repeat":"repeat","background-position":"center center","background-size":"auto","background-attachment":"scroll","background-type":"","background-media":"","overlay-type":"","overlay-color":"","overlay-opacity":"","overlay-gradient":""}},"ast-content-background-meta":{"desktop":{"background-color":"var(--ast-global-color-5)","background-image":"","background-repeat":"repeat","background-position":"center center","background-size":"auto","background-attachment":"scroll","background-type":"","background-media":"","overlay-type":"","overlay-color":"","overlay-opacity":"","overlay-gradient":""},"tablet":{"background-color":"var(--ast-global-color-5)","background-image":"","background-repeat":"repeat","background-position":"center center","background-size":"auto","background-attachment":"scroll","background-type":"","background-media":"","overlay-type":"","overlay-color":"","overlay-opacity":"","overlay-gradient":""},"mobile":{"background-color":"var(--ast-global-color-5)","background-image":"","background-repeat":"repeat","background-position":"center center","background-size":"auto","background-attachment":"scroll","background-type":"","background-media":"","overlay-type":"","overlay-color":"","overlay-opacity":"","overlay-gradient":""}},"footnotes":""},"class_list":["post-2628","page","type-page","status-publish","hentry"],"uagb_featured_image_src":{"full":false,"thumbnail":false,"medium":false,"medium_large":false,"large":false,"1536x1536":false,"2048x2048":false},"uagb_author_info":{"display_name":"admin","author_link":"https:\/\/benteogleif.dk\/web\/author\/benteo\/"},"uagb_comment_info":0,"uagb_excerpt":"Bente &amp; Leif menu: \u2022 Biografi\u2022 Booking\u2022 Fotoalbum\u2022\u00a0Priser og nomineringer Bente Kure &#038; Leif Ernstsen Bente og Leif har spillet sammen siden 1985 med en aldrig svigtende intensitet og et altid skarpt blik p\u00e5, at hverken underholdningsv\u00e6rdien eller humoren bliver underkendt undervejs. Efter en optr\u00e6den, afmeldte arrang\u00f8ren dem ved at sige at \u201dMan bliver simpelthen&hellip;","_links":{"self":[{"href":"https:\/\/benteogleif.dk\/web\/wp-json\/wp\/v2\/pages\/2628","targetHints":{"allow":["GET"]}}],"collection":[{"href":"https:\/\/benteogleif.dk\/web\/wp-json\/wp\/v2\/pages"}],"about":[{"href":"https:\/\/benteogleif.dk\/web\/wp-json\/wp\/v2\/types\/page"}],"author":[{"embeddable":true,"href":"https:\/\/benteogleif.dk\/web\/wp-json\/wp\/v2\/users\/1"}],"replies":[{"embeddable":true,"href":"https:\/\/benteogleif.dk\/web\/wp-json\/wp\/v2\/comments?post=2628"}],"version-history":[{"count":50,"href":"https:\/\/benteogleif.dk\/web\/wp-json\/wp\/v2\/pages\/2628\/revisions"}],"predecessor-version":[{"id":4689,"href":"https:\/\/benteogleif.dk\/web\/wp-json\/wp\/v2\/pages\/2628\/revisions\/4689"}],"wp:attachment":[{"href":"https:\/\/benteogleif.dk\/web\/wp-json\/wp\/v2\/media?parent=2628"}],"curies":[{"name":"wp","href":"https:\/\/api.w.org\/{rel}","templated":true}]}}