{"id":2710,"date":"2024-10-10T15:49:11","date_gmt":"2024-10-10T15:49:11","guid":{"rendered":"https:\/\/benteogleif.dk\/web\/?page_id=2710"},"modified":"2025-01-08T11:36:08","modified_gmt":"2025-01-08T11:36:08","slug":"bentesolo","status":"publish","type":"page","link":"https:\/\/benteogleif.dk\/web\/bentesolo\/","title":{"rendered":"Solokoncert"},"content":{"rendered":"\t\t<div data-elementor-type=\"wp-page\" data-elementor-id=\"2710\" class=\"elementor elementor-2710\">\n\t\t\t\t<div class=\"elementor-element elementor-element-173edd6 e-flex e-con-boxed e-con e-parent\" data-id=\"173edd6\" data-element_type=\"container\">\n\t\t\t\t\t<div class=\"e-con-inner\">\n\t\t<div class=\"elementor-element elementor-element-4be943b e-con-full e-flex e-con e-child\" data-id=\"4be943b\" data-element_type=\"container\">\n\t\t\t\t<div class=\"elementor-element elementor-element-389b00e elementor-widget elementor-widget-image\" data-id=\"389b00e\" data-element_type=\"widget\" data-widget_type=\"image.default\">\n\t\t\t\t<div class=\"elementor-widget-container\">\n\t\t\t\t\t\t\t\t\t\t\t\t\t\t\t<img decoding=\"async\" src=\"https:\/\/benteogleif.dk\/web\/wp-content\/uploads\/elementor\/thumbs\/0020a-Solkoncerter-qx8rzaslg8merewyg76x9l11x1f09zun3756wg500q.jpg\" title=\"0020a Solkoncerter\" alt=\"0020a Solkoncerter\" loading=\"lazy\" \/>\t\t\t\t\t\t\t\t\t\t\t\t\t\t\t<\/div>\n\t\t\t\t<\/div>\n\t\t\t\t<\/div>\n\t\t<div class=\"elementor-element elementor-element-71a2bed e-con-full e-flex e-con e-child\" data-id=\"71a2bed\" data-element_type=\"container\">\n\t\t\t\t<div class=\"elementor-element elementor-element-c877f35 elementor-widget elementor-widget-heading\" data-id=\"c877f35\" data-element_type=\"widget\" data-widget_type=\"heading.default\">\n\t\t\t\t<div class=\"elementor-widget-container\">\n\t\t\t\t\t<h2 class=\"elementor-heading-title elementor-size-default\">Solokoncert med Bente Kure<\/h2>\t\t\t\t<\/div>\n\t\t\t\t<\/div>\n\t\t\t\t<div class=\"elementor-element elementor-element-010be06 elementor-widget elementor-widget-text-editor\" data-id=\"010be06\" data-element_type=\"widget\" data-widget_type=\"text-editor.default\">\n\t\t\t\t<div class=\"elementor-widget-container\">\n\t\t\t\t\t\t\t\t\t<p><em><strong>En glad arrang\u00f8r skrev:<\/strong><\/em><\/p><p>\u201dBente er mest kendt p\u00e5 scenerne rundt omkring i selskab med Leif.<br \/>Men det h\u00e6nder ogs\u00e5, at hun, som i aftes i vores forsamlingshus, st\u00e5r alene med sin guitar p\u00e5 scenen. Det var med en h\u00e5ndfuld st\u00e6rke, sjove og vedkommende sange, de fleste af \u2019egen avl\u2019- og som altid med gode og til tider spr\u00f8de sammenk\u00e6dende kommentarer.<\/p><p>Vi fik ogs\u00e5 smagspr\u00f8ver p\u00e5 sange, der kun kan nydes, n\u00e5r Bente er solo, for de indg\u00e5r ikke i hendes og Leifs f\u00e6lles repertoire.<\/p><p>Hun mestrer alts\u00e5 s\u00e5ledes ogs\u00e5 alene p\u00e5 scenen at fastholde sit publikum helt til sidste tone er klinget ud. Og h\u00e9r folder hendes styrke ved den enkle og klare formidling af sangene sig helt ud.<\/p><p>En god og intens aften &#8211; og s\u00e5 var der ogs\u00e5 lige plads til et par f\u00e6llessange <br \/>&#8211; dejligt forfriskende!\u201d<\/p>\t\t\t\t\t\t\t\t<\/div>\n\t\t\t\t<\/div>\n\t\t\t\t<\/div>\n\t\t\t\t\t<\/div>\n\t\t\t\t<\/div>\n\t\t<div class=\"elementor-element elementor-element-2b588f8 e-flex e-con-boxed e-con e-parent\" data-id=\"2b588f8\" data-element_type=\"container\">\n\t\t\t\t\t<div class=\"e-con-inner\">\n\t\t\t\t\t<\/div>\n\t\t\t\t<\/div>\n\t\t\t\t<\/div>\n\t\t","protected":false},"excerpt":{"rendered":"<p>Solokoncert med Bente Kure En glad arrang\u00f8r skrev: \u201dBente er mest kendt p\u00e5 scenerne rundt omkring i selskab med Leif.Men det h\u00e6nder ogs\u00e5, at hun, som i aftes i vores forsamlingshus, st\u00e5r alene med sin guitar p\u00e5 scenen. Det var med en h\u00e5ndfuld st\u00e6rke, sjove og vedkommende sange, de fleste af \u2019egen avl\u2019- og som [&hellip;]<\/p>\n","protected":false},"author":1,"featured_media":0,"parent":0,"menu_order":0,"comment_status":"closed","ping_status":"closed","template":"","meta":{"_uag_custom_page_level_css":"","site-sidebar-layout":"no-sidebar","site-content-layout":"page-builder","ast-site-content-layout":"full-width-container","site-content-style":"unboxed","site-sidebar-style":"unboxed","ast-global-header-display":"","ast-banner-title-visibility":"","ast-main-header-display":"","ast-hfb-above-header-display":"","ast-hfb-below-header-display":"","ast-hfb-mobile-header-display":"","site-post-title":"disabled","ast-breadcrumbs-content":"","ast-featured-img":"","footer-sml-layout":"","theme-transparent-header-meta":"disabled","adv-header-id-meta":"","stick-header-meta":"","header-above-stick-meta":"","header-main-stick-meta":"","header-below-stick-meta":"","astra-migrate-meta-layouts":"set","ast-page-background-enabled":"default","ast-page-background-meta":{"desktop":{"background-color":"","background-image":"","background-repeat":"repeat","background-position":"center center","background-size":"auto","background-attachment":"scroll","background-type":"","background-media":"","overlay-type":"","overlay-color":"","overlay-opacity":"","overlay-gradient":""},"tablet":{"background-color":"","background-image":"","background-repeat":"repeat","background-position":"center center","background-size":"auto","background-attachment":"scroll","background-type":"","background-media":"","overlay-type":"","overlay-color":"","overlay-opacity":"","overlay-gradient":""},"mobile":{"background-color":"","background-image":"","background-repeat":"repeat","background-position":"center center","background-size":"auto","background-attachment":"scroll","background-type":"","background-media":"","overlay-type":"","overlay-color":"","overlay-opacity":"","overlay-gradient":""}},"ast-content-background-meta":{"desktop":{"background-color":"var(--ast-global-color-5)","background-image":"","background-repeat":"repeat","background-position":"center center","background-size":"auto","background-attachment":"scroll","background-type":"","background-media":"","overlay-type":"","overlay-color":"","overlay-opacity":"","overlay-gradient":""},"tablet":{"background-color":"var(--ast-global-color-5)","background-image":"","background-repeat":"repeat","background-position":"center center","background-size":"auto","background-attachment":"scroll","background-type":"","background-media":"","overlay-type":"","overlay-color":"","overlay-opacity":"","overlay-gradient":""},"mobile":{"background-color":"var(--ast-global-color-5)","background-image":"","background-repeat":"repeat","background-position":"center center","background-size":"auto","background-attachment":"scroll","background-type":"","background-media":"","overlay-type":"","overlay-color":"","overlay-opacity":"","overlay-gradient":""}},"footnotes":""},"class_list":["post-2710","page","type-page","status-publish","hentry"],"uagb_featured_image_src":{"full":false,"thumbnail":false,"medium":false,"medium_large":false,"large":false,"1536x1536":false,"2048x2048":false},"uagb_author_info":{"display_name":"admin","author_link":"https:\/\/benteogleif.dk\/web\/author\/benteo\/"},"uagb_comment_info":0,"uagb_excerpt":"Solokoncert med Bente Kure En glad arrang\u00f8r skrev: \u201dBente er mest kendt p\u00e5 scenerne rundt omkring i selskab med Leif.Men det h\u00e6nder ogs\u00e5, at hun, som i aftes i vores forsamlingshus, st\u00e5r alene med sin guitar p\u00e5 scenen. Det var med en h\u00e5ndfuld st\u00e6rke, sjove og vedkommende sange, de fleste af \u2019egen avl\u2019- og som&hellip;","_links":{"self":[{"href":"https:\/\/benteogleif.dk\/web\/wp-json\/wp\/v2\/pages\/2710","targetHints":{"allow":["GET"]}}],"collection":[{"href":"https:\/\/benteogleif.dk\/web\/wp-json\/wp\/v2\/pages"}],"about":[{"href":"https:\/\/benteogleif.dk\/web\/wp-json\/wp\/v2\/types\/page"}],"author":[{"embeddable":true,"href":"https:\/\/benteogleif.dk\/web\/wp-json\/wp\/v2\/users\/1"}],"replies":[{"embeddable":true,"href":"https:\/\/benteogleif.dk\/web\/wp-json\/wp\/v2\/comments?post=2710"}],"version-history":[{"count":20,"href":"https:\/\/benteogleif.dk\/web\/wp-json\/wp\/v2\/pages\/2710\/revisions"}],"predecessor-version":[{"id":4236,"href":"https:\/\/benteogleif.dk\/web\/wp-json\/wp\/v2\/pages\/2710\/revisions\/4236"}],"wp:attachment":[{"href":"https:\/\/benteogleif.dk\/web\/wp-json\/wp\/v2\/media?parent=2710"}],"curies":[{"name":"wp","href":"https:\/\/api.w.org\/{rel}","templated":true}]}}