{"id":2715,"date":"2024-10-10T16:03:39","date_gmt":"2024-10-10T16:03:39","guid":{"rendered":"https:\/\/benteogleif.dk\/web\/?page_id=2715"},"modified":"2025-01-08T11:49:47","modified_gmt":"2025-01-08T11:49:47","slug":"benteundervisning","status":"publish","type":"page","link":"https:\/\/benteogleif.dk\/web\/benteundervisning\/","title":{"rendered":"Undervisning"},"content":{"rendered":"\t\t<div data-elementor-type=\"wp-page\" data-elementor-id=\"2715\" class=\"elementor elementor-2715\">\n\t\t\t\t<div class=\"elementor-element elementor-element-173edd6 e-flex e-con-boxed e-con e-parent\" data-id=\"173edd6\" data-element_type=\"container\">\n\t\t\t\t\t<div class=\"e-con-inner\">\n\t\t<div class=\"elementor-element elementor-element-4be943b e-con-full e-flex e-con e-child\" data-id=\"4be943b\" data-element_type=\"container\">\n\t\t\t\t<div class=\"elementor-element elementor-element-389b00e elementor-widget elementor-widget-image\" data-id=\"389b00e\" data-element_type=\"widget\" data-widget_type=\"image.default\">\n\t\t\t\t<div class=\"elementor-widget-container\">\n\t\t\t\t\t\t\t\t\t\t\t\t\t\t\t<img decoding=\"async\" src=\"https:\/\/benteogleif.dk\/web\/wp-content\/uploads\/elementor\/thumbs\/0020b-Bente-Undervisning-1-qxmn5lz71qmfge1bggr75c75bm1js5qlfz7iapdp2y.jpg\" title=\"0020b Bente Undervisning\" alt=\"0020b Bente Undervisning\" loading=\"lazy\" \/>\t\t\t\t\t\t\t\t\t\t\t\t\t\t\t<\/div>\n\t\t\t\t<\/div>\n\t\t\t\t<\/div>\n\t\t<div class=\"elementor-element elementor-element-71a2bed e-con-full e-flex e-con e-child\" data-id=\"71a2bed\" data-element_type=\"container\">\n\t\t\t\t<div class=\"elementor-element elementor-element-c877f35 elementor-widget elementor-widget-heading\" data-id=\"c877f35\" data-element_type=\"widget\" data-widget_type=\"heading.default\">\n\t\t\t\t<div class=\"elementor-widget-container\">\n\t\t\t\t\t<h2 class=\"elementor-heading-title elementor-size-default\">Undervisning \/ kurser <\/h2>\t\t\t\t<\/div>\n\t\t\t\t<\/div>\n\t\t\t\t<div class=\"elementor-element elementor-element-af9ba57 elementor-widget elementor-widget-heading\" data-id=\"af9ba57\" data-element_type=\"widget\" data-widget_type=\"heading.default\">\n\t\t\t\t<div class=\"elementor-widget-container\">\n\t\t\t\t\t<h2 class=\"elementor-heading-title elementor-size-default\">Skrivning - Sangskrivning - Performance<\/h2>\t\t\t\t<\/div>\n\t\t\t\t<\/div>\n\t\t\t\t<div class=\"elementor-element elementor-element-94bf895 elementor-widget elementor-widget-heading\" data-id=\"94bf895\" data-element_type=\"widget\" data-widget_type=\"heading.default\">\n\t\t\t\t<div class=\"elementor-widget-container\">\n\t\t\t\t\t<h2 class=\"elementor-heading-title elementor-size-default\">med Bente Kure<\/h2>\t\t\t\t<\/div>\n\t\t\t\t<\/div>\n\t\t\t\t<div class=\"elementor-element elementor-element-68d1498 elementor-widget elementor-widget-heading\" data-id=\"68d1498\" data-element_type=\"widget\" data-widget_type=\"heading.default\">\n\t\t\t\t<div class=\"elementor-widget-container\">\n\t\t\t\t\t<h2 class=\"elementor-heading-title elementor-size-default\">*<\/h2>\t\t\t\t<\/div>\n\t\t\t\t<\/div>\n\t\t\t\t<div class=\"elementor-element elementor-element-c51212d elementor-widget elementor-widget-heading\" data-id=\"c51212d\" data-element_type=\"widget\" data-widget_type=\"heading.default\">\n\t\t\t\t<div class=\"elementor-widget-container\">\n\t\t\t\t\t<h2 class=\"elementor-heading-title elementor-size-default\">Skrivekunstens gl\u00e6der - med eller uden versef\u00f8dder          <\/h2>\t\t\t\t<\/div>\n\t\t\t\t<\/div>\n\t\t\t\t<div class=\"elementor-element elementor-element-90f446c elementor-widget elementor-widget-text-editor\" data-id=\"90f446c\" data-element_type=\"widget\" data-widget_type=\"text-editor.default\">\n\t\t\t\t<div class=\"elementor-widget-container\">\n\t\t\t\t\t\t\t\t\t<p>Bentes skrivekurser er fulde af inspiration, skrivepraksis og feed back.<\/p><p>De er for b\u00e5de <strong>sangtekstskrivere, skabsdigtere, erindringsskrivere, dagbogsf\u00f8rere, brevskrivere og forfatterspirer<\/strong> &#8211; det er kun skrivelysten, der t\u00e6ller.<\/p><p>De forl\u00f8ber med overraskende ordlege og indfaldsvinkler, der driver g\u00e6k med fornuften. Du vil l\u00e6re at bruge dit sprog, s\u00e5 der kommer farver, lyde og dufte b\u00e5de i og mellem linjerne.<\/p><p>Og de redskaber der arbejdes med, kan anvendes af alle, for en spade er jo en spade uanset hvilken jord den skal grave i, og hvilket udviklingstrin graveren befinder sig p\u00e5.<\/p><p><strong>S\u00e5ledes kan alle v\u00e6re med \u2013 begyndere som \u00f8vede og garvede skrivere.<\/strong><\/p><p><strong>Og dette kan du bl.a. v\u00e6re s\u00e5 heldig at f\u00e5 ud af kurset:<\/strong><\/p><p>*\u00a0Indsigt i hvordan man henter inspiration ud af de utroligste ting.\u00a0\u00a0<br \/>* Mere mod p\u00e5 at g\u00e5 i gang med at udfolde din indre eventyrdigter<br \/>*\u00a0Direkte coaching p\u00e5 lige netop den n\u00f8d, du ikke selv kan f\u00e5 kn\u00e6kket.\u00a0<br \/>* Mulighed for at starte fort\u00e6llingen om dig selv til\u00a0 dine b\u00f8rn\/b\u00f8rneb\u00f8rn.<br \/>* Masser af redskaber til id\u00e9udvikling af nye tekster af alle slags.\u00a0\u00a0<br \/>* B\u00e5de kunstnerisk tryllest\u00f8v og helt lavpraktiske skrivemetoder til det hele.<\/p>\t\t\t\t\t\t\t\t<\/div>\n\t\t\t\t<\/div>\n\t\t\t\t<div class=\"elementor-element elementor-element-8b5c235 elementor-widget elementor-widget-heading\" data-id=\"8b5c235\" data-element_type=\"widget\" data-widget_type=\"heading.default\">\n\t\t\t\t<div class=\"elementor-widget-container\">\n\t\t\t\t\t<h2 class=\"elementor-heading-title elementor-size-default\">*<\/h2>\t\t\t\t<\/div>\n\t\t\t\t<\/div>\n\t\t\t\t<div class=\"elementor-element elementor-element-5341380 elementor-widget elementor-widget-heading\" data-id=\"5341380\" data-element_type=\"widget\" data-widget_type=\"heading.default\">\n\t\t\t\t<div class=\"elementor-widget-container\">\n\t\t\t\t\t<h2 class=\"elementor-heading-title elementor-size-default\">Sangskriver-workshops<\/h2>\t\t\t\t<\/div>\n\t\t\t\t<\/div>\n\t\t\t\t<div class=\"elementor-element elementor-element-7480203 elementor-widget elementor-widget-text-editor\" data-id=\"7480203\" data-element_type=\"widget\" data-widget_type=\"text-editor.default\">\n\t\t\t\t<div class=\"elementor-widget-container\">\n\t\t\t\t\t\t\t\t\t<p><strong><em>Bente fort\u00e6ller:<\/em><br \/><\/strong>\u201dJeg er visesanger, men min undervisning er ikke genrebegr\u00e6nset. Om det er rock eller viser kommer selve det at skabe en god tekst fra det samme sted indeni. Jeg har nu i mange \u00e5r lavet sangskriver-workshops fuld af praksis med v\u00e6gt p\u00e5 den gode, danske tekst.<\/p><p><strong>Kommer musikken f\u00f8rst?\u00a0 <\/strong>Starter din skaberproces i musikken og har du h\u00e9r et frit og legende forhold til tonerne, men f\u00f8ler at det er sv\u00e6rere, n\u00e5r ordene skal passes ind? S\u00e5 kan jeg vise dig et utal af kunstgreb, der kan f\u00f8re frem til den gode tekst.<\/p><p><strong>Eller starter du oftest med teksten? <\/strong>S\u00e5\u00a0kan du f\u00e5 meget mere gang i din proces med disse greb.<\/p><p><strong>Det er ikke skrive\u00f8velserne &#8211; men hvordan du arbejder med dem.\u00a0<\/strong><br \/>Skrive\u00f8velser\/ordlege er mit udgangspunkt. Nogle af dem kan p\u00e5 nogen virke lidt fjollede og man kan f\u00e5 tanken: &#8216;<em>Kan det seri\u00f8st f\u00f8re til noget<\/em>!?&#8217;. Men jeg har nu i mere end 30 \u00e5r virkelig n\u00f8rdet igennem med dem for at gennemskue hvorfor og hvordan, de virker.<br \/>Undervejs har jeg erfaret igen og igen, at vejen til en dyb og meningsfuld tekst faktisk tit starter med talende kommoder eller dansende \u00e6sler. At det ligefrem er mest sandsynligt, at disse gode tekster aldrig var dukket op uden sk\u00e6ve kickstartere.<\/p><p>Jeg arbejder bl.a. m. flowskriv, cutout, erindrings, sanse og billedskriv samt masser af ordtwist og rimg\u00f8gl. Og selvf\u00f8lgelig ogs\u00e5 med lignende tips og id\u00e9er til musikken.<\/p><p><strong>En workshop kan f.eks. forl\u00f8be s\u00e5ledes:<em>\u00a0 <\/em><\/strong>Alle medbringer egne v\u00e6rkt\u00f8jer; computer, instrumenter, pen, papir etc., og jeg medbringer min s\u00e6rligt kreative redskabskasse.<\/p><p>Vi starter med et inspirationskick i f\u00e6lles forum, hvor vi dykker ned i denne kasse. Dern\u00e6st g\u00e5r vi hver for sig i et par timer og pr\u00f8ver kr\u00e6fter med, hvor det kan f\u00f8re hen. S\u00e5 m\u00f8des vi igen.\u00a0 Deler erfaringer, brudstykker, tekster og sange efter behov. Og s\u00e5 starter det hele forfra igen. Og igen&#8230; Og igen\u2026. Og undervejs coacher jeg \u00e9n til \u00e9n efter behov.\u201d<\/p>\t\t\t\t\t\t\t\t<\/div>\n\t\t\t\t<\/div>\n\t\t\t\t<div class=\"elementor-element elementor-element-42b5f1b elementor-widget elementor-widget-heading\" data-id=\"42b5f1b\" data-element_type=\"widget\" data-widget_type=\"heading.default\">\n\t\t\t\t<div class=\"elementor-widget-container\">\n\t\t\t\t\t<h2 class=\"elementor-heading-title elementor-size-default\">*<\/h2>\t\t\t\t<\/div>\n\t\t\t\t<\/div>\n\t\t\t\t<div class=\"elementor-element elementor-element-68f0e2e elementor-widget elementor-widget-heading\" data-id=\"68f0e2e\" data-element_type=\"widget\" data-widget_type=\"heading.default\">\n\t\t\t\t<div class=\"elementor-widget-container\">\n\t\t\t\t\t<h2 class=\"elementor-heading-title elementor-size-default\">\"Er scenen din?\" - en performance-workshop<\/h2>\t\t\t\t<\/div>\n\t\t\t\t<\/div>\n\t\t\t\t<div class=\"elementor-element elementor-element-8507c04 elementor-widget elementor-widget-text-editor\" data-id=\"8507c04\" data-element_type=\"widget\" data-widget_type=\"text-editor.default\">\n\t\t\t\t<div class=\"elementor-widget-container\">\n\t\t\t\t\t\t\t\t\t<p><strong><em>Bente fort\u00e6ller:<\/em><br \/><\/strong>Jeg har st\u00e5et p\u00e5 alverdens scener i 40 \u00e5r og har erfaret mangt og meget, og l\u00e6rt hvordan man takler alskens situationer. Og jeg deler gerne ud af mine erfaringer. Bl.a. om hvordan man skaber en underholdende, humoristisk og varm atmosf\u00e6re, hvor publikum ikke beh\u00f8ver at frygte for krummede t\u00e6er eller lignende ubehageligheder &#8211; ogs\u00e5 selvom alt ikke lige g\u00e5r som planlagt.<\/p><p>I workshoppen arbejder vi med performance, forberedelser, tekstarbejde, nerv\u00f8sitet, scenisk tilstedev\u00e6r, publikumskontakt, formidling &#8211; og ikke mindst med hvad I som deltagere nu ellers m\u00e5tte ha&#8217; af udfordringer og sp\u00f8rgsm\u00e5l.<\/p><p>Undervisningsformen er aktiv som i en masterclass &#8211; &#8220;learning by doing&#8221; s\u00e5 at sige &#8211; s\u00e5 der er rig lejlighed til at pr\u00f8ve sig af under trygge forhold, s\u00e5ledes at \u00e9ns n\u00e6ste optr\u00e6den foran et rigtigt publikum har meget st\u00f8rre chancer for at blive en succes!<\/p><p>B\u00e5de musikere, sangere, undervisere og foredragsholdere &#8211; ja alle, der st\u00e5r foran en gruppe mennesker og skal formidle noget, kan ha&#8217; gl\u00e6de af denne workshop.<\/p><p><strong>Visens Venner i Ballerup skrev f\u00f8lgende efter et kursus:<br \/><\/strong>\u201dF\u00e5 din indre \u201dsommerfugl\u201d t\u00e6mmet! Ja, s\u00e5dan kunne overskriften godt ha&#8217; lydt, da Bente denne aften kom med mange brugbare r\u00e5d til n\u00e5r lampefeberen breder sig ud i kroppen og maven sn\u00f8rer sig sammen inden en sceneoptr\u00e6den. Alle kom p\u00e5 scenen, og alle fik respons p\u00e5 lige netop deres udfordring. Ingen f\u00f8lte sig udstillet &#8211; vi var helt trygge. Bente har en god indlevelse i den, der er \u2019p\u00e5\u2019 og underviser p\u00e5 en meget \u00e6rlig og anerkendende m\u00e5de, s\u00e5 selvtilliden f\u00e5r et skub opad og man f\u00f8ler n\u00e6sten man flyver hjem bagefter! \u201d<br \/><em><strong>Visens Venner, Ballerup<\/strong><\/em><\/p><p>\u00a0<\/p><p><strong><em>\u00a0<\/em><\/strong><\/p>\t\t\t\t\t\t\t\t<\/div>\n\t\t\t\t<\/div>\n\t\t\t\t<div class=\"elementor-element elementor-element-1e3ec76 elementor-widget elementor-widget-text-editor\" data-id=\"1e3ec76\" data-element_type=\"widget\" data-widget_type=\"text-editor.default\">\n\t\t\t\t<div class=\"elementor-widget-container\">\n\t\t\t\t\t\t\t\t\t<p style=\"text-align: left;\"><strong><em>N\u00e6rmere info<\/em> og<em>\u00a0booking af workshops og kurser:<\/em><\/strong><\/p><p>Tlf\u00a0 2165 0163\u00a0\u00a0 \/\u00a0\u00a0 <a href=\"mailto:bente@benteogleif.dk\">bente@benteogleif.dk<\/a><\/p>\t\t\t\t\t\t\t\t<\/div>\n\t\t\t\t<\/div>\n\t\t\t\t<\/div>\n\t\t\t\t\t<\/div>\n\t\t\t\t<\/div>\n\t\t<div class=\"elementor-element elementor-element-2b588f8 e-flex e-con-boxed e-con e-parent\" data-id=\"2b588f8\" data-element_type=\"container\">\n\t\t\t\t\t<div class=\"e-con-inner\">\n\t\t\t\t\t<\/div>\n\t\t\t\t<\/div>\n\t\t\t\t<\/div>\n\t\t","protected":false},"excerpt":{"rendered":"<p>Undervisning \/ kurser Skrivning &#8211; Sangskrivning &#8211; Performance med Bente Kure * Skrivekunstens gl\u00e6der &#8211; med eller uden versef\u00f8dder Bentes skrivekurser er fulde af inspiration, skrivepraksis og feed back. De er for b\u00e5de sangtekstskrivere, skabsdigtere, erindringsskrivere, dagbogsf\u00f8rere, brevskrivere og forfatterspirer &#8211; det er kun skrivelysten, der t\u00e6ller. De forl\u00f8ber med overraskende ordlege og indfaldsvinkler, der [&hellip;]<\/p>\n","protected":false},"author":1,"featured_media":0,"parent":0,"menu_order":0,"comment_status":"closed","ping_status":"closed","template":"","meta":{"_uag_custom_page_level_css":"","site-sidebar-layout":"no-sidebar","site-content-layout":"page-builder","ast-site-content-layout":"full-width-container","site-content-style":"unboxed","site-sidebar-style":"unboxed","ast-global-header-display":"","ast-banner-title-visibility":"","ast-main-header-display":"","ast-hfb-above-header-display":"","ast-hfb-below-header-display":"","ast-hfb-mobile-header-display":"","site-post-title":"disabled","ast-breadcrumbs-content":"","ast-featured-img":"","footer-sml-layout":"","theme-transparent-header-meta":"disabled","adv-header-id-meta":"","stick-header-meta":"","header-above-stick-meta":"","header-main-stick-meta":"","header-below-stick-meta":"","astra-migrate-meta-layouts":"set","ast-page-background-enabled":"default","ast-page-background-meta":{"desktop":{"background-color":"","background-image":"","background-repeat":"repeat","background-position":"center center","background-size":"auto","background-attachment":"scroll","background-type":"","background-media":"","overlay-type":"","overlay-color":"","overlay-opacity":"","overlay-gradient":""},"tablet":{"background-color":"","background-image":"","background-repeat":"repeat","background-position":"center center","background-size":"auto","background-attachment":"scroll","background-type":"","background-media":"","overlay-type":"","overlay-color":"","overlay-opacity":"","overlay-gradient":""},"mobile":{"background-color":"","background-image":"","background-repeat":"repeat","background-position":"center center","background-size":"auto","background-attachment":"scroll","background-type":"","background-media":"","overlay-type":"","overlay-color":"","overlay-opacity":"","overlay-gradient":""}},"ast-content-background-meta":{"desktop":{"background-color":"var(--ast-global-color-5)","background-image":"","background-repeat":"repeat","background-position":"center center","background-size":"auto","background-attachment":"scroll","background-type":"","background-media":"","overlay-type":"","overlay-color":"","overlay-opacity":"","overlay-gradient":""},"tablet":{"background-color":"var(--ast-global-color-5)","background-image":"","background-repeat":"repeat","background-position":"center center","background-size":"auto","background-attachment":"scroll","background-type":"","background-media":"","overlay-type":"","overlay-color":"","overlay-opacity":"","overlay-gradient":""},"mobile":{"background-color":"var(--ast-global-color-5)","background-image":"","background-repeat":"repeat","background-position":"center center","background-size":"auto","background-attachment":"scroll","background-type":"","background-media":"","overlay-type":"","overlay-color":"","overlay-opacity":"","overlay-gradient":""}},"footnotes":""},"class_list":["post-2715","page","type-page","status-publish","hentry"],"uagb_featured_image_src":{"full":false,"thumbnail":false,"medium":false,"medium_large":false,"large":false,"1536x1536":false,"2048x2048":false},"uagb_author_info":{"display_name":"admin","author_link":"https:\/\/benteogleif.dk\/web\/author\/benteo\/"},"uagb_comment_info":0,"uagb_excerpt":"Undervisning \/ kurser Skrivning &#8211; Sangskrivning &#8211; Performance med Bente Kure * Skrivekunstens gl\u00e6der &#8211; med eller uden versef\u00f8dder Bentes skrivekurser er fulde af inspiration, skrivepraksis og feed back. De er for b\u00e5de sangtekstskrivere, skabsdigtere, erindringsskrivere, dagbogsf\u00f8rere, brevskrivere og forfatterspirer &#8211; det er kun skrivelysten, der t\u00e6ller. De forl\u00f8ber med overraskende ordlege og indfaldsvinkler, der&hellip;","_links":{"self":[{"href":"https:\/\/benteogleif.dk\/web\/wp-json\/wp\/v2\/pages\/2715","targetHints":{"allow":["GET"]}}],"collection":[{"href":"https:\/\/benteogleif.dk\/web\/wp-json\/wp\/v2\/pages"}],"about":[{"href":"https:\/\/benteogleif.dk\/web\/wp-json\/wp\/v2\/types\/page"}],"author":[{"embeddable":true,"href":"https:\/\/benteogleif.dk\/web\/wp-json\/wp\/v2\/users\/1"}],"replies":[{"embeddable":true,"href":"https:\/\/benteogleif.dk\/web\/wp-json\/wp\/v2\/comments?post=2715"}],"version-history":[{"count":47,"href":"https:\/\/benteogleif.dk\/web\/wp-json\/wp\/v2\/pages\/2715\/revisions"}],"predecessor-version":[{"id":4246,"href":"https:\/\/benteogleif.dk\/web\/wp-json\/wp\/v2\/pages\/2715\/revisions\/4246"}],"wp:attachment":[{"href":"https:\/\/benteogleif.dk\/web\/wp-json\/wp\/v2\/media?parent=2715"}],"curies":[{"name":"wp","href":"https:\/\/api.w.org\/{rel}","templated":true}]}}