{"id":2723,"date":"2024-10-10T16:10:19","date_gmt":"2024-10-10T16:10:19","guid":{"rendered":"https:\/\/benteogleif.dk\/web\/?page_id=2723"},"modified":"2025-10-26T10:16:13","modified_gmt":"2025-10-26T10:16:13","slug":"bentekunst","status":"publish","type":"page","link":"https:\/\/benteogleif.dk\/web\/bentekunst\/","title":{"rendered":"Billedkunst"},"content":{"rendered":"\t\t<div data-elementor-type=\"wp-page\" data-elementor-id=\"2723\" class=\"elementor elementor-2723\">\n\t\t\t\t<div class=\"elementor-element elementor-element-173edd6 e-flex e-con-boxed e-con e-parent\" data-id=\"173edd6\" data-element_type=\"container\">\n\t\t\t\t\t<div class=\"e-con-inner\">\n\t\t<div class=\"elementor-element elementor-element-4be943b e-con-full e-flex e-con e-child\" data-id=\"4be943b\" data-element_type=\"container\">\n\t\t\t\t<div class=\"elementor-element elementor-element-389b00e elementor-widget elementor-widget-image\" data-id=\"389b00e\" data-element_type=\"widget\" data-widget_type=\"image.default\">\n\t\t\t\t<div class=\"elementor-widget-container\">\n\t\t\t\t\t\t\t\t\t\t\t\t\t\t\t<img decoding=\"async\" src=\"https:\/\/benteogleif.dk\/web\/wp-content\/uploads\/elementor\/thumbs\/0020c-Billedkunst-1-qxmp345keprpyd2rlic2iss6nbgmyfo2bzu1tabomc.jpg\" title=\"0020c Billedkunst 1\" alt=\"0020c Billedkunst 1\" loading=\"lazy\" \/>\t\t\t\t\t\t\t\t\t\t\t\t\t\t\t<\/div>\n\t\t\t\t<\/div>\n\t\t\t\t<\/div>\n\t\t<div class=\"elementor-element elementor-element-71a2bed e-con-full e-flex e-con e-child\" data-id=\"71a2bed\" data-element_type=\"container\">\n\t\t\t\t<div class=\"elementor-element elementor-element-c877f35 elementor-widget elementor-widget-heading\" data-id=\"c877f35\" data-element_type=\"widget\" data-widget_type=\"heading.default\">\n\t\t\t\t<div class=\"elementor-widget-container\">\n\t\t\t\t\t<h1 class=\"elementor-heading-title elementor-size-default\">Billedkunstner Bente Kure <\/h1>\t\t\t\t<\/div>\n\t\t\t\t<\/div>\n\t\t\t\t<div class=\"elementor-element elementor-element-1a81912 elementor-widget elementor-widget-heading\" data-id=\"1a81912\" data-element_type=\"widget\" data-widget_type=\"heading.default\">\n\t\t\t\t<div class=\"elementor-widget-container\">\n\t\t\t\t\t<h2 class=\"elementor-heading-title elementor-size-default\">Aktuelle udstillinger:\n\n\n<\/h2>\t\t\t\t<\/div>\n\t\t\t\t<\/div>\n\t\t\t\t<div class=\"elementor-element elementor-element-010be06 elementor-widget elementor-widget-text-editor\" data-id=\"010be06\" data-element_type=\"widget\" data-widget_type=\"text-editor.default\">\n\t\t\t\t<div class=\"elementor-widget-container\">\n\t\t\t\t\t\t\t\t\t<p><strong><em>Hotherhaven i H\u00e5rlev (begr\u00e6nset adgang)<br \/>\u2013 3.sept.25-3.jan.26 :\u00a0 Stenlille Kulturhus<\/em><\/strong><br \/><strong><em>\u2013 9.okt.25-5.jan.26 : Ibihaven Bof\u00e6llesskab, Slagelse (begr\u00e6nset adgang)<\/em><\/strong><br \/><strong><em>\u2013 3.jan.-19.feb.26: K\u00f8ge Sygehus, Vandrehallen<\/em><\/strong><\/p>\t\t\t\t\t\t\t\t<\/div>\n\t\t\t\t<\/div>\n\t\t\t\t<div class=\"elementor-element elementor-element-1238477 elementor-widget elementor-widget-text-editor\" data-id=\"1238477\" data-element_type=\"widget\" data-widget_type=\"text-editor.default\">\n\t\t\t\t<div class=\"elementor-widget-container\">\n\t\t\t\t\t\t\t\t\t<p><strong><em>Bente fort\u00e6ller<\/em><\/strong><\/p><p>\u201dJeg er en \u00a0<br \/>eks-impressionistisk<br \/><span style=\"font-style: inherit; font-weight: inherit; text-align: var(--text-align); color: var(--ast-global-color-3);\">surreal naturalist<br \/><\/span>med hang til det<br \/>figurativt abstrakte<\/p><p>\u2026 fik jeg det hele med?<\/p><p>Det, jeg pr\u00f8ver at sige, er, at <em>ja<\/em> \u2013 mine udstillinger ligner, at det <em>er<\/em> en hel kunstner-gruppe, der udstiller h\u00e9r \u2013 <em>hele gruppen er bare inde i mit hoved! <\/em>\u263a<\/p><p>Jeg har mange gange, siden jeg begyndte at svinge min f\u00f8rste pensel i 2001, fors\u00f8gt at forf\u00f8lge en stil eller en linje i mine farver og mit udtryk, men der er altid alt for mange stikveje, der lokker.\u00a0Og s\u00e5 ender n\u00e6ste udstilling atter og igen med at blive som mormors kludet\u00e6pper; en sk\u00f8n og farverig forvikling af hvad hun nu havde i strikkekurven den dag! Men undervejs har jeg det herligt, og selvom der ikke kommer stringente udstillinger ud af det, kan jeg garantere dig \u00e9n p\u00e5 opleveren, hvis du er en opm\u00e6rksom billedkigger.<\/p><p>Og s\u00e5 t\u00f8r jeg godt kalde mig <em>kunstner!\u00a0 <\/em>For en dag, da jeg var p\u00e5 vej til at m\u00f8de min malegruppe med stafeli over skulderen, l\u00e6rreder under armen og min malekurv med pensler og maling-tuber strittende ud til alle sider, m\u00f8dte jeg en lille dreng og hans mor. Og drengen udbr\u00f8d h\u00f8jlydt: <em>&#8220;Se mor, der g\u00e5r en rigtig kunstmaler!&#8221;\u00a0 <\/em>Og fra b\u00f8rn og fulde folk skal man h\u00f8re sandheden &#8211; &#8211; &#8211; s\u00e5 <em>det!<\/em>\u201d<\/p>\t\t\t\t\t\t\t\t<\/div>\n\t\t\t\t<\/div>\n\t\t\t\t<div class=\"elementor-element elementor-element-3cc6498 elementor-widget elementor-widget-heading\" data-id=\"3cc6498\" data-element_type=\"widget\" data-widget_type=\"heading.default\">\n\t\t\t\t<div class=\"elementor-widget-container\">\n\t\t\t\t\t<h2 class=\"elementor-heading-title elementor-size-default\">De fleste v\u00e6rker kan k\u00f8bes...<\/h2>\t\t\t\t<\/div>\n\t\t\t\t<\/div>\n\t\t\t\t<div class=\"elementor-element elementor-element-9c426c4 elementor-widget elementor-widget-text-editor\" data-id=\"9c426c4\" data-element_type=\"widget\" data-widget_type=\"text-editor.default\">\n\t\t\t\t<div class=\"elementor-widget-container\">\n\t\t\t\t\t\t\t\t\t<p><strong>&#8230;og f\u00e5r du lyst til det eller skulle du kende til et sted, hvor man kunne \u00f8nske sig en udstilling<\/strong><strong>, <\/strong><strong>s\u00e5 kontakt Bente p\u00e5 tlf. 21650163\u00a0 eller <a href=\"mailto:bente@benteogleif.dk\">bente@benteogleif.dk<\/a><\/strong><\/p><p>\u00a0<\/p>\t\t\t\t\t\t\t\t<\/div>\n\t\t\t\t<\/div>\n\t\t\t\t<div class=\"elementor-element elementor-element-819caa5 elementor-widget elementor-widget-heading\" data-id=\"819caa5\" data-element_type=\"widget\" data-widget_type=\"heading.default\">\n\t\t\t\t<div class=\"elementor-widget-container\">\n\t\t\t\t\t<h2 class=\"elementor-heading-title elementor-size-default\"><a href=\"https:\/\/benteogleif.dk\/web\/kunstgalleri\/\">KLIK HER FOR AT SE MANGE FLERE V\u00c6RKER<\/a><\/h2>\t\t\t\t<\/div>\n\t\t\t\t<\/div>\n\t\t<div class=\"elementor-element elementor-element-bc29c53 e-grid e-con-full e-con e-child\" data-id=\"bc29c53\" data-element_type=\"container\">\n\t\t\t\t<div class=\"elementor-element elementor-element-97c5a65 elementor-widget elementor-widget-image\" data-id=\"97c5a65\" data-element_type=\"widget\" data-widget_type=\"image.default\">\n\t\t\t\t<div class=\"elementor-widget-container\">\n\t\t\t\t\t\t\t\t\t\t\t\t\t\t\t<img fetchpriority=\"high\" decoding=\"async\" width=\"1024\" height=\"666\" src=\"https:\/\/benteogleif.dk\/web\/wp-content\/uploads\/2024\/11\/0021-Billedkunst-2-1024x666.jpg\" class=\"attachment-large size-large wp-image-3559\" alt=\"\" srcset=\"https:\/\/benteogleif.dk\/web\/wp-content\/uploads\/2024\/11\/0021-Billedkunst-2-1024x666.jpg 1024w, https:\/\/benteogleif.dk\/web\/wp-content\/uploads\/2024\/11\/0021-Billedkunst-2-300x195.jpg 300w, https:\/\/benteogleif.dk\/web\/wp-content\/uploads\/2024\/11\/0021-Billedkunst-2-768x500.jpg 768w, https:\/\/benteogleif.dk\/web\/wp-content\/uploads\/2024\/11\/0021-Billedkunst-2-1536x999.jpg 1536w, https:\/\/benteogleif.dk\/web\/wp-content\/uploads\/2024\/11\/0021-Billedkunst-2-2048x1333.jpg 2048w\" sizes=\"(max-width: 1024px) 100vw, 1024px\" \/>\t\t\t\t\t\t\t\t\t\t\t\t\t\t\t<\/div>\n\t\t\t\t<\/div>\n\t\t\t\t<div class=\"elementor-element elementor-element-1d96c1c elementor-widget elementor-widget-image\" data-id=\"1d96c1c\" data-element_type=\"widget\" data-widget_type=\"image.default\">\n\t\t\t\t<div class=\"elementor-widget-container\">\n\t\t\t\t\t\t\t\t\t\t\t\t\t\t\t<img decoding=\"async\" width=\"1024\" height=\"673\" src=\"https:\/\/benteogleif.dk\/web\/wp-content\/uploads\/2024\/11\/0022-Billedkunst-3-1024x673.jpg\" class=\"attachment-large size-large wp-image-3560\" alt=\"\" srcset=\"https:\/\/benteogleif.dk\/web\/wp-content\/uploads\/2024\/11\/0022-Billedkunst-3-1024x673.jpg 1024w, https:\/\/benteogleif.dk\/web\/wp-content\/uploads\/2024\/11\/0022-Billedkunst-3-300x197.jpg 300w, https:\/\/benteogleif.dk\/web\/wp-content\/uploads\/2024\/11\/0022-Billedkunst-3-768x505.jpg 768w, https:\/\/benteogleif.dk\/web\/wp-content\/uploads\/2024\/11\/0022-Billedkunst-3-1536x1009.jpg 1536w, https:\/\/benteogleif.dk\/web\/wp-content\/uploads\/2024\/11\/0022-Billedkunst-3-2048x1346.jpg 2048w\" sizes=\"(max-width: 1024px) 100vw, 1024px\" \/>\t\t\t\t\t\t\t\t\t\t\t\t\t\t\t<\/div>\n\t\t\t\t<\/div>\n\t\t\t\t<\/div>\n\t\t<div class=\"elementor-element elementor-element-492f697 e-grid e-con-full e-con e-child\" data-id=\"492f697\" data-element_type=\"container\">\n\t\t\t\t<div class=\"elementor-element elementor-element-91a93bf elementor-widget elementor-widget-image\" data-id=\"91a93bf\" data-element_type=\"widget\" data-widget_type=\"image.default\">\n\t\t\t\t<div class=\"elementor-widget-container\">\n\t\t\t\t\t\t\t\t\t\t\t\t\t\t\t<img decoding=\"async\" width=\"596\" height=\"1024\" src=\"https:\/\/benteogleif.dk\/web\/wp-content\/uploads\/2024\/11\/014-Myldremaend-1-596x1024.jpg\" class=\"attachment-large size-large wp-image-3373\" alt=\"\" srcset=\"https:\/\/benteogleif.dk\/web\/wp-content\/uploads\/2024\/11\/014-Myldremaend-1-596x1024.jpg 596w, https:\/\/benteogleif.dk\/web\/wp-content\/uploads\/2024\/11\/014-Myldremaend-1-175x300.jpg 175w, https:\/\/benteogleif.dk\/web\/wp-content\/uploads\/2024\/11\/014-Myldremaend-1-768x1320.jpg 768w, https:\/\/benteogleif.dk\/web\/wp-content\/uploads\/2024\/11\/014-Myldremaend-1-894x1536.jpg 894w, https:\/\/benteogleif.dk\/web\/wp-content\/uploads\/2024\/11\/014-Myldremaend-1.jpg 1164w\" sizes=\"(max-width: 596px) 100vw, 596px\" \/>\t\t\t\t\t\t\t\t\t\t\t\t\t\t\t<\/div>\n\t\t\t\t<\/div>\n\t\t\t\t<div class=\"elementor-element elementor-element-54d1a85 elementor-widget elementor-widget-image\" data-id=\"54d1a85\" data-element_type=\"widget\" data-widget_type=\"image.default\">\n\t\t\t\t<div class=\"elementor-widget-container\">\n\t\t\t\t\t\t\t\t\t\t\t\t\t\t\t<img loading=\"lazy\" decoding=\"async\" width=\"836\" height=\"1024\" src=\"https:\/\/benteogleif.dk\/web\/wp-content\/uploads\/2024\/11\/0024-Billedkunst-5-836x1024.jpg\" class=\"attachment-large size-large wp-image-3561\" alt=\"\" srcset=\"https:\/\/benteogleif.dk\/web\/wp-content\/uploads\/2024\/11\/0024-Billedkunst-5-836x1024.jpg 836w, https:\/\/benteogleif.dk\/web\/wp-content\/uploads\/2024\/11\/0024-Billedkunst-5-245x300.jpg 245w, https:\/\/benteogleif.dk\/web\/wp-content\/uploads\/2024\/11\/0024-Billedkunst-5-768x941.jpg 768w, https:\/\/benteogleif.dk\/web\/wp-content\/uploads\/2024\/11\/0024-Billedkunst-5-1253x1536.jpg 1253w, https:\/\/benteogleif.dk\/web\/wp-content\/uploads\/2024\/11\/0024-Billedkunst-5-1671x2048.jpg 1671w\" sizes=\"(max-width: 836px) 100vw, 836px\" \/>\t\t\t\t\t\t\t\t\t\t\t\t\t\t\t<\/div>\n\t\t\t\t<\/div>\n\t\t\t\t<div class=\"elementor-element elementor-element-7572ed6 elementor-widget elementor-widget-image\" data-id=\"7572ed6\" data-element_type=\"widget\" data-widget_type=\"image.default\">\n\t\t\t\t<div class=\"elementor-widget-container\">\n\t\t\t\t\t\t\t\t\t\t\t\t\t\t\t<img loading=\"lazy\" decoding=\"async\" width=\"682\" height=\"1024\" src=\"https:\/\/benteogleif.dk\/web\/wp-content\/uploads\/2024\/11\/003-Crowd-682x1024.jpg\" class=\"attachment-large size-large wp-image-3482\" alt=\"\" srcset=\"https:\/\/benteogleif.dk\/web\/wp-content\/uploads\/2024\/11\/003-Crowd-682x1024.jpg 682w, https:\/\/benteogleif.dk\/web\/wp-content\/uploads\/2024\/11\/003-Crowd-200x300.jpg 200w, https:\/\/benteogleif.dk\/web\/wp-content\/uploads\/2024\/11\/003-Crowd-768x1152.jpg 768w, https:\/\/benteogleif.dk\/web\/wp-content\/uploads\/2024\/11\/003-Crowd-1024x1536.jpg 1024w, https:\/\/benteogleif.dk\/web\/wp-content\/uploads\/2024\/11\/003-Crowd.jpg 1333w\" sizes=\"(max-width: 682px) 100vw, 682px\" \/>\t\t\t\t\t\t\t\t\t\t\t\t\t\t\t<\/div>\n\t\t\t\t<\/div>\n\t\t\t\t<\/div>\n\t\t\t\t<div class=\"elementor-element elementor-element-5b94891 elementor-widget elementor-widget-heading\" data-id=\"5b94891\" data-element_type=\"widget\" data-widget_type=\"heading.default\">\n\t\t\t\t<div class=\"elementor-widget-container\">\n\t\t\t\t\t<h2 class=\"elementor-heading-title elementor-size-default\">Tidligere udstillinger:<\/h2>\t\t\t\t<\/div>\n\t\t\t\t<\/div>\n\t\t\t\t<div class=\"elementor-element elementor-element-4d5409d elementor-widget elementor-widget-text-editor\" data-id=\"4d5409d\" data-element_type=\"widget\" data-widget_type=\"text-editor.default\">\n\t\t\t\t<div class=\"elementor-widget-container\">\n\t\t\t\t\t\t\t\t\t<p>Den \u00e5bne udstilling i K\u00f8ge R\u00e5dhushal i 2003.<br \/>Galleri Bl\u00e5, Roskilde, \u00e5rligt fra 2007-17.<br \/>Havdrup Sogneg\u00e5rd, 2004+10.<br \/>DJBFA&#8217;s lokaler, Gr\u00e5br\u00f8dre Torv, Kbh., 2005+07<br \/>Hvals\u00f8 R\u00e5dhus, 2005.<br \/>Vall\u00f8 R\u00e5dhus, 2005.<br \/>Fakse R\u00e5dhus, 2006.<br \/>Galleri S\u00f8lballegaard, Mols Bjerge, 2007+08.<br \/>Rockwoll, Hedehusene, 2007.<br \/>Kildeg\u00e5rden, Roskilde, 2007.<br \/>Skoda&#8217;s udstillingslokaler i K\u00f8ge, 2008.<br \/>Absalonskolen, Roskilde, 2008.<br \/>Hejlsminde Forsamlingshus, 2008.<br \/>Caf\u00e9 Satchmo, Roskilde, 2008.<br \/>Nordea Bj\u00e6verskov, 2008+10.<br \/>Nordea Ringsted, 2009.<br \/>HK-Roskilde, 2010.<br \/>Det R\u00f8de Pakhus, Hobro, 2010.<br \/>Kiropraktisk klinik i Roskilde, 2010.<br \/>Trekroner Skole, Roskilde, 2011.<br \/>Kiropraktisk klinik i Roskilde, 2011-12.<br \/>Nordea \u00d8lby, 2012.<br \/>L\u00e6ge Vagn Christoffersen, Roskilde, 2012-17.<br \/>Art Denmark Galleri, Hiller\u00f8d, 2012.<br \/>Doktor Rut, Roskilde, 2012+13.<br \/>Domus Felix, Lejre, 2014+23.<br \/>H\u00f8rve Medborgerhus 2017+22.<br \/>Hotherhaven, H\u00e5rlev 2017-21+2023-25.<br \/>Glums\u00f8 Aktivitetshus, 2018.<br \/>3F-K\u00f8ge 2018-19.<br \/>Kongsted Helsestudie, 2019.<br \/>Strib Vinter festival, 2020.<br \/>Taastrup Kulturcender, maj+nov. 2023.<br \/>Herf\u00f8lge Bibliotek, juli-aug. 2023.<br \/>Havdrup Sognehus, sept. 2024.<br \/>Solr\u00f8d Bibliotek, jan. 2025<br \/>K\u00f8ge Kunstrute, juni 2025<br \/>3F Kastrup, juni-sep 2025<br \/>Langes Magasin, Frederikssund, aug 2025<br \/>Stenlille Medborgerhus, sep 25- jan 26<br \/>Ibihaven, Slagelse. okt 25- jan 26<br \/><br \/><br \/><br \/><\/p><p><em>Fotoet \u00f8verst til venstre er ogs\u00e5 malet af Bente.<\/em><\/p>\t\t\t\t\t\t\t\t<\/div>\n\t\t\t\t<\/div>\n\t\t\t\t<\/div>\n\t\t\t\t\t<\/div>\n\t\t\t\t<\/div>\n\t\t<div class=\"elementor-element elementor-element-2b588f8 e-flex e-con-boxed e-con e-parent\" data-id=\"2b588f8\" data-element_type=\"container\">\n\t\t\t\t\t<div class=\"e-con-inner\">\n\t\t\t\t\t<\/div>\n\t\t\t\t<\/div>\n\t\t\t\t<\/div>\n\t\t","protected":false},"excerpt":{"rendered":"<p>Billedkunstner Bente Kure Aktuelle udstillinger: Hotherhaven i H\u00e5rlev (begr\u00e6nset adgang)\u2013 3.sept.25-3.jan.26 :\u00a0 Stenlille Kulturhus\u2013 9.okt.25-5.jan.26 : Ibihaven Bof\u00e6llesskab, Slagelse (begr\u00e6nset adgang)\u2013 3.jan.-19.feb.26: K\u00f8ge Sygehus, Vandrehallen Bente fort\u00e6ller \u201dJeg er en \u00a0eks-impressionistisksurreal naturalistmed hang til detfigurativt abstrakte \u2026 fik jeg det hele med? Det, jeg pr\u00f8ver at sige, er, at ja \u2013 mine udstillinger ligner, at [&hellip;]<\/p>\n","protected":false},"author":1,"featured_media":0,"parent":0,"menu_order":0,"comment_status":"closed","ping_status":"closed","template":"","meta":{"_uag_custom_page_level_css":"","site-sidebar-layout":"no-sidebar","site-content-layout":"page-builder","ast-site-content-layout":"full-width-container","site-content-style":"unboxed","site-sidebar-style":"unboxed","ast-global-header-display":"","ast-banner-title-visibility":"","ast-main-header-display":"","ast-hfb-above-header-display":"","ast-hfb-below-header-display":"","ast-hfb-mobile-header-display":"","site-post-title":"disabled","ast-breadcrumbs-content":"","ast-featured-img":"","footer-sml-layout":"","theme-transparent-header-meta":"disabled","adv-header-id-meta":"","stick-header-meta":"","header-above-stick-meta":"","header-main-stick-meta":"","header-below-stick-meta":"","astra-migrate-meta-layouts":"set","ast-page-background-enabled":"default","ast-page-background-meta":{"desktop":{"background-color":"","background-image":"","background-repeat":"repeat","background-position":"center center","background-size":"auto","background-attachment":"scroll","background-type":"","background-media":"","overlay-type":"","overlay-color":"","overlay-opacity":"","overlay-gradient":""},"tablet":{"background-color":"","background-image":"","background-repeat":"repeat","background-position":"center center","background-size":"auto","background-attachment":"scroll","background-type":"","background-media":"","overlay-type":"","overlay-color":"","overlay-opacity":"","overlay-gradient":""},"mobile":{"background-color":"","background-image":"","background-repeat":"repeat","background-position":"center center","background-size":"auto","background-attachment":"scroll","background-type":"","background-media":"","overlay-type":"","overlay-color":"","overlay-opacity":"","overlay-gradient":""}},"ast-content-background-meta":{"desktop":{"background-color":"var(--ast-global-color-5)","background-image":"","background-repeat":"repeat","background-position":"center center","background-size":"auto","background-attachment":"scroll","background-type":"","background-media":"","overlay-type":"","overlay-color":"","overlay-opacity":"","overlay-gradient":""},"tablet":{"background-color":"var(--ast-global-color-5)","background-image":"","background-repeat":"repeat","background-position":"center center","background-size":"auto","background-attachment":"scroll","background-type":"","background-media":"","overlay-type":"","overlay-color":"","overlay-opacity":"","overlay-gradient":""},"mobile":{"background-color":"var(--ast-global-color-5)","background-image":"","background-repeat":"repeat","background-position":"center center","background-size":"auto","background-attachment":"scroll","background-type":"","background-media":"","overlay-type":"","overlay-color":"","overlay-opacity":"","overlay-gradient":""}},"footnotes":""},"class_list":["post-2723","page","type-page","status-publish","hentry"],"uagb_featured_image_src":{"full":false,"thumbnail":false,"medium":false,"medium_large":false,"large":false,"1536x1536":false,"2048x2048":false},"uagb_author_info":{"display_name":"admin","author_link":"https:\/\/benteogleif.dk\/web\/author\/benteo\/"},"uagb_comment_info":0,"uagb_excerpt":"Billedkunstner Bente Kure Aktuelle udstillinger: Hotherhaven i H\u00e5rlev (begr\u00e6nset adgang)\u2013 3.sept.25-3.jan.26 :\u00a0 Stenlille Kulturhus\u2013 9.okt.25-5.jan.26 : Ibihaven Bof\u00e6llesskab, Slagelse (begr\u00e6nset adgang)\u2013 3.jan.-19.feb.26: K\u00f8ge Sygehus, Vandrehallen Bente fort\u00e6ller \u201dJeg er en \u00a0eks-impressionistisksurreal naturalistmed hang til detfigurativt abstrakte \u2026 fik jeg det hele med? Det, jeg pr\u00f8ver at sige, er, at ja \u2013 mine udstillinger ligner, at&hellip;","_links":{"self":[{"href":"https:\/\/benteogleif.dk\/web\/wp-json\/wp\/v2\/pages\/2723","targetHints":{"allow":["GET"]}}],"collection":[{"href":"https:\/\/benteogleif.dk\/web\/wp-json\/wp\/v2\/pages"}],"about":[{"href":"https:\/\/benteogleif.dk\/web\/wp-json\/wp\/v2\/types\/page"}],"author":[{"embeddable":true,"href":"https:\/\/benteogleif.dk\/web\/wp-json\/wp\/v2\/users\/1"}],"replies":[{"embeddable":true,"href":"https:\/\/benteogleif.dk\/web\/wp-json\/wp\/v2\/comments?post=2723"}],"version-history":[{"count":77,"href":"https:\/\/benteogleif.dk\/web\/wp-json\/wp\/v2\/pages\/2723\/revisions"}],"predecessor-version":[{"id":5137,"href":"https:\/\/benteogleif.dk\/web\/wp-json\/wp\/v2\/pages\/2723\/revisions\/5137"}],"wp:attachment":[{"href":"https:\/\/benteogleif.dk\/web\/wp-json\/wp\/v2\/media?parent=2723"}],"curies":[{"name":"wp","href":"https:\/\/api.w.org\/{rel}","templated":true}]}}