{"id":2739,"date":"2024-10-11T07:34:51","date_gmt":"2024-10-11T07:34:51","guid":{"rendered":"https:\/\/benteogleif.dk\/web\/?page_id=2739"},"modified":"2025-01-08T11:59:28","modified_gmt":"2025-01-08T11:59:28","slug":"leifundervisning","status":"publish","type":"page","link":"https:\/\/benteogleif.dk\/web\/leifundervisning\/","title":{"rendered":"Undervisning"},"content":{"rendered":"\t\t<div data-elementor-type=\"wp-page\" data-elementor-id=\"2739\" class=\"elementor elementor-2739\">\n\t\t\t\t<div class=\"elementor-element elementor-element-173edd6 e-flex e-con-boxed e-con e-parent\" data-id=\"173edd6\" data-element_type=\"container\">\n\t\t\t\t\t<div class=\"e-con-inner\">\n\t\t<div class=\"elementor-element elementor-element-4be943b e-con-full e-flex e-con e-child\" data-id=\"4be943b\" data-element_type=\"container\">\n\t\t\t\t<div class=\"elementor-element elementor-element-389b00e elementor-widget elementor-widget-image\" data-id=\"389b00e\" data-element_type=\"widget\" data-widget_type=\"image.default\">\n\t\t\t\t<div class=\"elementor-widget-container\">\n\t\t\t\t\t\t\t\t\t\t\t\t\t\t\t<img decoding=\"async\" src=\"https:\/\/benteogleif.dk\/web\/wp-content\/uploads\/elementor\/thumbs\/0031a-Leif-underviser-qycrwwu5feelyhw37ajlkjk1h4f9f3ku3k2u03zsva.jpg\" title=\"0031a Leif underviser\" alt=\"0031a Leif underviser\" loading=\"lazy\" \/>\t\t\t\t\t\t\t\t\t\t\t\t\t\t\t<\/div>\n\t\t\t\t<\/div>\n\t\t\t\t<\/div>\n\t\t<div class=\"elementor-element elementor-element-71a2bed e-con-full e-flex e-con e-child\" data-id=\"71a2bed\" data-element_type=\"container\">\n\t\t\t\t<div class=\"elementor-element elementor-element-c877f35 elementor-widget elementor-widget-heading\" data-id=\"c877f35\" data-element_type=\"widget\" data-widget_type=\"heading.default\">\n\t\t\t\t<div class=\"elementor-widget-container\">\n\t\t\t\t\t<h2 class=\"elementor-heading-title elementor-size-default\">Undervisning \/ kurser\n<\/h2>\t\t\t\t<\/div>\n\t\t\t\t<\/div>\n\t\t\t\t<div class=\"elementor-element elementor-element-b211c0c elementor-widget elementor-widget-heading\" data-id=\"b211c0c\" data-element_type=\"widget\" data-widget_type=\"heading.default\">\n\t\t\t\t<div class=\"elementor-widget-container\">\n\t\t\t\t\t<h2 class=\"elementor-heading-title elementor-size-default\">Harmonika - Samspil - Cajun - Lydteknik - Performance<\/h2>\t\t\t\t<\/div>\n\t\t\t\t<\/div>\n\t\t\t\t<div class=\"elementor-element elementor-element-30e3dbb elementor-widget elementor-widget-heading\" data-id=\"30e3dbb\" data-element_type=\"widget\" data-widget_type=\"heading.default\">\n\t\t\t\t<div class=\"elementor-widget-container\">\n\t\t\t\t\t<h2 class=\"elementor-heading-title elementor-size-default\">med Leif Ernstsen<\/h2>\t\t\t\t<\/div>\n\t\t\t\t<\/div>\n\t\t\t\t<div class=\"elementor-element elementor-element-e730a83 elementor-widget elementor-widget-text-editor\" data-id=\"e730a83\" data-element_type=\"widget\" data-widget_type=\"text-editor.default\">\n\t\t\t\t<div class=\"elementor-widget-container\">\n\t\t\t\t\t\t\t\t\t<p>__________________________________<\/p>\t\t\t\t\t\t\t\t<\/div>\n\t\t\t\t<\/div>\n\t\t\t\t<div class=\"elementor-element elementor-element-197836d elementor-widget elementor-widget-heading\" data-id=\"197836d\" data-element_type=\"widget\" data-widget_type=\"heading.default\">\n\t\t\t\t<div class=\"elementor-widget-container\">\n\t\t\t\t\t<h2 class=\"elementor-heading-title elementor-size-default\">Harmonika og Zen<\/h2>\t\t\t\t<\/div>\n\t\t\t\t<\/div>\n\t\t\t\t<div class=\"elementor-element elementor-element-010be06 elementor-widget elementor-widget-text-editor\" data-id=\"010be06\" data-element_type=\"widget\" data-widget_type=\"text-editor.default\">\n\t\t\t\t<div class=\"elementor-widget-container\">\n\t\t\t\t\t\t\t\t\t<p>Du vil selvf\u00f8lgelig blive undervist i forskellige teknikker. F.eks. i b\u00e6lgteknik p\u00e5 en m\u00e5de du ikke kendte forud samt i bastonernes og venstreh\u00e5ndens s\u00e6lsomme verden. <br \/>Men n\u00e5r Leif underviser, sker det altid ud fra en grundholdning om, at musik er bevidsthed, og at det mentale spiller en liges\u00e5 stor rolle som alverdens fingerf\u00e6rdighed. Du kommer simpelthen t\u00e6ttere p\u00e5 at m\u00e6rke dit instrument som en forl\u00e6nget del af dig selv, inden du er f\u00e6rdig med kurset. S\u00e5dan er det for ham selv, n\u00e5r han spiller, uanset om det er inciterende, seje cajun-rytmer, s\u00e5 det driver ned ad v\u00e6ggene, eller om det er det fineste og mest f\u00f8lsomme filigran-akkompagnement, han dekorerer en stille vise med. Og det er det han l\u00e6rer fra sig.<\/p><p>\u00a0<\/p>\t\t\t\t\t\t\t\t<\/div>\n\t\t\t\t<\/div>\n\t\t\t\t<div class=\"elementor-element elementor-element-a84995e elementor-widget elementor-widget-heading\" data-id=\"a84995e\" data-element_type=\"widget\" data-widget_type=\"heading.default\">\n\t\t\t\t<div class=\"elementor-widget-container\">\n\t\t\t\t\t<h2 class=\"elementor-heading-title elementor-size-default\">Harmonika, Zen og Samspil \/ Band-doktor<\/h2>\t\t\t\t<\/div>\n\t\t\t\t<\/div>\n\t\t\t\t<div class=\"elementor-element elementor-element-3cb8548 elementor-widget elementor-widget-text-editor\" data-id=\"3cb8548\" data-element_type=\"widget\" data-widget_type=\"text-editor.default\">\n\t\t\t\t<div class=\"elementor-widget-container\">\n\t\t\t\t\t\t\t\t\t<p>Hvad enten han l\u00e6rer den enkelte harmonikaspiller at opn\u00e5 st\u00f8rre f\u00e6rdigheder, eller et helt orkester af forskellige instrumenter at klinge og svinge sammen, ja, s\u00e5 sker det stadig ud fra en samme grundholdning som beskrevet ovenfor. S\u00e5ledes ogs\u00e5 en h\u00f8jst us\u00e6dvanlig Band-doktor.<\/p><p>\u00a0<\/p>\t\t\t\t\t\t\t\t<\/div>\n\t\t\t\t<\/div>\n\t\t\t\t<div class=\"elementor-element elementor-element-352ffcc elementor-widget elementor-widget-heading\" data-id=\"352ffcc\" data-element_type=\"widget\" data-widget_type=\"heading.default\">\n\t\t\t\t<div class=\"elementor-widget-container\">\n\t\t\t\t\t<h2 class=\"elementor-heading-title elementor-size-default\">Cajun-harmonika<\/h2>\t\t\t\t<\/div>\n\t\t\t\t<\/div>\n\t\t\t\t<div class=\"elementor-element elementor-element-945dca1 elementor-widget elementor-widget-text-editor\" data-id=\"945dca1\" data-element_type=\"widget\" data-widget_type=\"text-editor.default\">\n\t\t\t\t<div class=\"elementor-widget-container\">\n\t\t\t\t\t\t\t\t\t<p>Startede i 1994 et samarbejde med Peter Abrahamsen og Bruce Daigrepont, og har derigennem udviklet en helt enest\u00e5ende indfaldsvinkel til cajunmusikken, som er hede toner, seje rytmer og puls! Cajun spilles for det meste p\u00e5 en diatonisk enrader, men p\u00e5 dette kursus l\u00e6rer du, hvordan din almindelige knap\/tangent harmonika kan f\u00e5 den helt rigtige cajunpuls.<\/p><p>\u00a0<\/p>\t\t\t\t\t\t\t\t<\/div>\n\t\t\t\t<\/div>\n\t\t\t\t<div class=\"elementor-element elementor-element-f6c8fbe elementor-widget elementor-widget-heading\" data-id=\"f6c8fbe\" data-element_type=\"widget\" data-widget_type=\"heading.default\">\n\t\t\t\t<div class=\"elementor-widget-container\">\n\t\t\t\t\t<h2 class=\"elementor-heading-title elementor-size-default\">Lydteknik<\/h2>\t\t\t\t<\/div>\n\t\t\t\t<\/div>\n\t\t\t\t<div class=\"elementor-element elementor-element-568c591 elementor-widget elementor-widget-text-editor\" data-id=\"568c591\" data-element_type=\"widget\" data-widget_type=\"text-editor.default\">\n\t\t\t\t<div class=\"elementor-widget-container\">\n\t\t\t\t\t\t\t\t\t<p>Leif har med stor succes efterh\u00e5nden mange gange givet diverse frivillige i musikforeninger og medarbejdere p\u00e5 spillesteder et indf\u00f8rings-kursus i, hvorledes deres nyindk\u00f8bte lydanl\u00e6g skulle samles, opstilles og betjenes. Hans baggrund er mange\u00e5rig erfaring som lydteknisk ansvarlig i de fleste af de musikalske sammenh\u00e6nge, han har virket i. Han var ligeledes i en \u00e5rr\u00e6kke fast lydmand p\u00e5 Roskilde Spillemands-st\u00e6vne, og for nuv\u00e6rende i Haslev Folk Club.<br \/>Leifs undervisning tager udgangspunkt i helt almindelige menneskers kendskabsniveau til omr\u00e5det, s\u00e5 alle kan v\u00e6re med.<\/p><p>\u00a0<\/p>\t\t\t\t\t\t\t\t<\/div>\n\t\t\t\t<\/div>\n\t\t\t\t<div class=\"elementor-element elementor-element-54ae78e elementor-widget elementor-widget-heading\" data-id=\"54ae78e\" data-element_type=\"widget\" data-widget_type=\"heading.default\">\n\t\t\t\t<div class=\"elementor-widget-container\">\n\t\t\t\t\t<h2 class=\"elementor-heading-title elementor-size-default\">'Kom ud over scenekanten!'<\/h2>\t\t\t\t<\/div>\n\t\t\t\t<\/div>\n\t\t\t\t<div class=\"elementor-element elementor-element-90edbd9 elementor-widget elementor-widget-text-editor\" data-id=\"90edbd9\" data-element_type=\"widget\" data-widget_type=\"text-editor.default\">\n\t\t\t\t<div class=\"elementor-widget-container\">\n\t\t\t\t\t\t\t\t\t<p><strong>Et kursus i performance &amp; sceneteknik.<\/strong><\/p><p>St\u00e5r du af og til som musiker, l\u00e6rer, foredragsholder, erhvervsleder etc. foran et publikum, en gruppe elever eller ansatte og f\u00f8ler, at det kan v\u00e6re sv\u00e6rt at fange opm\u00e6rksomheden og formidle, at ha&#8217; kontrol over situationen, at f\u00e5 \u2019hul igennem\u2019? Og f\u00f8ler du dig s\u00e5 mere \u2019p\u00e5 den\u2019 end \u2019p\u00e5!\u2019? <br \/>Kunne du t\u00e6nke dig bare i det mindste at ha&#8217; styr p\u00e5 din tale til lille B\u00f8rges konfirmation, dine b\u00f8rns bryllup &#8211; eller dit eget?<br \/>Eller sidder du p\u00e5 din plads i orkestret og t\u00e6nker: &#8220;Godt det ikke er mig, der skal sige noget nu&#8221; &#8211; men du ville egentlig gerne? Har du oplevet kollektivt at krumme t\u00e6er, fordi en optr\u00e6dende skabte en situation, der var pinlig, og t\u00e6nkt, at det ville du ikke selv uds\u00e6tte nogen for?<br \/>Dette kursus giver dig metoder og teknikker til b\u00e5de scenisk, teaterm\u00e6ssigt og mentalt at v\u00e6re i kontrol n\u00e5r du er den, der er den!<br \/>Leif deler rundh\u00e5ndet ud af de erfaringer, han har h\u00f8stet p\u00e5 omr\u00e5det. B\u00e5de fra sin tid som Rudolph Steinerl\u00e6rer, musikunderviser, musikbutikindehaver og restaurat\u00f8r med mange ansatte og ikke mindst gennem de mere end 45 \u00e5r han har optr\u00e5dt i musik og teater-branchen.<\/p><p>\u00a0<\/p>\t\t\t\t\t\t\t\t<\/div>\n\t\t\t\t<\/div>\n\t\t\t\t<div class=\"elementor-element elementor-element-7dedbaa elementor-widget elementor-widget-text-editor\" data-id=\"7dedbaa\" data-element_type=\"widget\" data-widget_type=\"text-editor.default\">\n\t\t\t\t<div class=\"elementor-widget-container\">\n\t\t\t\t\t\t\t\t\t<p style=\"text-align: center;\"><strong><em>Info og booking af kurser:<\/em><\/strong><\/p><p><a href=\"mailto:info@leifernstsen.dk\">info@leifernstsen.dk<\/a>\u00a0&#8211;\u00a0 <strong>tlf.\u00a0 40144202<\/strong><\/p>\t\t\t\t\t\t\t\t<\/div>\n\t\t\t\t<\/div>\n\t\t\t\t<\/div>\n\t\t\t\t\t<\/div>\n\t\t\t\t<\/div>\n\t\t<div class=\"elementor-element elementor-element-2b588f8 e-flex e-con-boxed e-con e-parent\" data-id=\"2b588f8\" data-element_type=\"container\">\n\t\t\t\t\t<div class=\"e-con-inner\">\n\t\t\t\t\t<\/div>\n\t\t\t\t<\/div>\n\t\t\t\t<\/div>\n\t\t","protected":false},"excerpt":{"rendered":"<p>Undervisning \/ kurser Harmonika &#8211; Samspil &#8211; Cajun &#8211; Lydteknik &#8211; Performance med Leif Ernstsen __________________________________ Harmonika og Zen Du vil selvf\u00f8lgelig blive undervist i forskellige teknikker. F.eks. i b\u00e6lgteknik p\u00e5 en m\u00e5de du ikke kendte forud samt i bastonernes og venstreh\u00e5ndens s\u00e6lsomme verden. Men n\u00e5r Leif underviser, sker det altid ud fra en grundholdning [&hellip;]<\/p>\n","protected":false},"author":1,"featured_media":0,"parent":0,"menu_order":0,"comment_status":"closed","ping_status":"closed","template":"","meta":{"_uag_custom_page_level_css":"","site-sidebar-layout":"no-sidebar","site-content-layout":"page-builder","ast-site-content-layout":"full-width-container","site-content-style":"unboxed","site-sidebar-style":"unboxed","ast-global-header-display":"","ast-banner-title-visibility":"","ast-main-header-display":"","ast-hfb-above-header-display":"","ast-hfb-below-header-display":"","ast-hfb-mobile-header-display":"","site-post-title":"disabled","ast-breadcrumbs-content":"","ast-featured-img":"","footer-sml-layout":"","theme-transparent-header-meta":"disabled","adv-header-id-meta":"","stick-header-meta":"","header-above-stick-meta":"","header-main-stick-meta":"","header-below-stick-meta":"","astra-migrate-meta-layouts":"set","ast-page-background-enabled":"default","ast-page-background-meta":{"desktop":{"background-color":"","background-image":"","background-repeat":"repeat","background-position":"center center","background-size":"auto","background-attachment":"scroll","background-type":"","background-media":"","overlay-type":"","overlay-color":"","overlay-opacity":"","overlay-gradient":""},"tablet":{"background-color":"","background-image":"","background-repeat":"repeat","background-position":"center center","background-size":"auto","background-attachment":"scroll","background-type":"","background-media":"","overlay-type":"","overlay-color":"","overlay-opacity":"","overlay-gradient":""},"mobile":{"background-color":"","background-image":"","background-repeat":"repeat","background-position":"center center","background-size":"auto","background-attachment":"scroll","background-type":"","background-media":"","overlay-type":"","overlay-color":"","overlay-opacity":"","overlay-gradient":""}},"ast-content-background-meta":{"desktop":{"background-color":"var(--ast-global-color-5)","background-image":"","background-repeat":"repeat","background-position":"center center","background-size":"auto","background-attachment":"scroll","background-type":"","background-media":"","overlay-type":"","overlay-color":"","overlay-opacity":"","overlay-gradient":""},"tablet":{"background-color":"var(--ast-global-color-5)","background-image":"","background-repeat":"repeat","background-position":"center center","background-size":"auto","background-attachment":"scroll","background-type":"","background-media":"","overlay-type":"","overlay-color":"","overlay-opacity":"","overlay-gradient":""},"mobile":{"background-color":"var(--ast-global-color-5)","background-image":"","background-repeat":"repeat","background-position":"center center","background-size":"auto","background-attachment":"scroll","background-type":"","background-media":"","overlay-type":"","overlay-color":"","overlay-opacity":"","overlay-gradient":""}},"footnotes":""},"class_list":["post-2739","page","type-page","status-publish","hentry"],"uagb_featured_image_src":{"full":false,"thumbnail":false,"medium":false,"medium_large":false,"large":false,"1536x1536":false,"2048x2048":false},"uagb_author_info":{"display_name":"admin","author_link":"https:\/\/benteogleif.dk\/web\/author\/benteo\/"},"uagb_comment_info":0,"uagb_excerpt":"Undervisning \/ kurser Harmonika &#8211; Samspil &#8211; Cajun &#8211; Lydteknik &#8211; Performance med Leif Ernstsen __________________________________ Harmonika og Zen Du vil selvf\u00f8lgelig blive undervist i forskellige teknikker. F.eks. i b\u00e6lgteknik p\u00e5 en m\u00e5de du ikke kendte forud samt i bastonernes og venstreh\u00e5ndens s\u00e6lsomme verden. Men n\u00e5r Leif underviser, sker det altid ud fra en grundholdning&hellip;","_links":{"self":[{"href":"https:\/\/benteogleif.dk\/web\/wp-json\/wp\/v2\/pages\/2739","targetHints":{"allow":["GET"]}}],"collection":[{"href":"https:\/\/benteogleif.dk\/web\/wp-json\/wp\/v2\/pages"}],"about":[{"href":"https:\/\/benteogleif.dk\/web\/wp-json\/wp\/v2\/types\/page"}],"author":[{"embeddable":true,"href":"https:\/\/benteogleif.dk\/web\/wp-json\/wp\/v2\/users\/1"}],"replies":[{"embeddable":true,"href":"https:\/\/benteogleif.dk\/web\/wp-json\/wp\/v2\/comments?post=2739"}],"version-history":[{"count":40,"href":"https:\/\/benteogleif.dk\/web\/wp-json\/wp\/v2\/pages\/2739\/revisions"}],"predecessor-version":[{"id":4264,"href":"https:\/\/benteogleif.dk\/web\/wp-json\/wp\/v2\/pages\/2739\/revisions\/4264"}],"wp:attachment":[{"href":"https:\/\/benteogleif.dk\/web\/wp-json\/wp\/v2\/media?parent=2739"}],"curies":[{"name":"wp","href":"https:\/\/api.w.org\/{rel}","templated":true}]}}