{"id":2836,"date":"2024-10-11T12:19:02","date_gmt":"2024-10-11T12:19:02","guid":{"rendered":"https:\/\/benteogleif.dk\/web\/?page_id=2836"},"modified":"2025-02-16T13:32:09","modified_gmt":"2025-02-16T13:32:09","slug":"moddennaestemorgen","status":"publish","type":"page","link":"https:\/\/benteogleif.dk\/web\/moddennaestemorgen\/","title":{"rendered":"Mod den n\u00e6ste morgen"},"content":{"rendered":"\t\t<div data-elementor-type=\"wp-page\" data-elementor-id=\"2836\" class=\"elementor elementor-2836\">\n\t\t\t\t<div class=\"elementor-element elementor-element-173edd6 e-flex e-con-boxed e-con e-parent\" data-id=\"173edd6\" data-element_type=\"container\">\n\t\t\t\t\t<div class=\"e-con-inner\">\n\t\t<div class=\"elementor-element elementor-element-4be943b e-con-full e-flex e-con e-child\" data-id=\"4be943b\" data-element_type=\"container\">\n\t\t\t\t<div class=\"elementor-element elementor-element-389b00e elementor-widget elementor-widget-image\" data-id=\"389b00e\" data-element_type=\"widget\" data-widget_type=\"image.default\">\n\t\t\t\t<div class=\"elementor-widget-container\">\n\t\t\t\t\t\t\t\t\t\t\t\t\t\t\t<img decoding=\"async\" src=\"https:\/\/benteogleif.dk\/web\/wp-content\/uploads\/elementor\/thumbs\/05-qvcdfz0o51n01nwwxobznxrbkaivdr86zv9icmceu4.jpg\" title=\"05\" alt=\"05\" loading=\"lazy\" \/>\t\t\t\t\t\t\t\t\t\t\t\t\t\t\t<\/div>\n\t\t\t\t<\/div>\n\t\t\t\t<\/div>\n\t\t<div class=\"elementor-element elementor-element-71a2bed e-con-full e-flex e-con e-child\" data-id=\"71a2bed\" data-element_type=\"container\">\n\t\t\t\t<div class=\"elementor-element elementor-element-c877f35 elementor-widget elementor-widget-heading\" data-id=\"c877f35\" data-element_type=\"widget\" data-widget_type=\"heading.default\">\n\t\t\t\t<div class=\"elementor-widget-container\">\n\t\t\t\t\t<h2 class=\"elementor-heading-title elementor-size-default\">Mod den n\u00e6ste morgen<\/h2>\t\t\t\t<\/div>\n\t\t\t\t<\/div>\n\t\t\t\t<div class=\"elementor-element elementor-element-010be06 elementor-widget elementor-widget-text-editor\" data-id=\"010be06\" data-element_type=\"widget\" data-widget_type=\"text-editor.default\">\n\t\t\t\t<div class=\"elementor-widget-container\">\n\t\t\t\t\t\t\t\t\t<p>Flere gendigtninger fra engelsk, svensk og norsk. <br \/>Flere af Bentes egne sange.<\/p><p>1. Rosens hemmelighed<br \/>2. Engle i sneen<br \/>3. Sommerfugl i vinterland<br \/>4. Der er noget ved ham<br \/>5. Elskerindens have\/H\u00e5rgal\u00e5ten\/Mazurkapols<br \/>6. S\u00e6t tasken fra dig<br \/>7. S\u00e5 ung som du vil<br \/>8. Fri fugl<br \/>9. Elsk med mig nu<br \/>10. N\u00e6ste morgen<br \/>11. Lev min ven<br \/>12. Den danske sang er en ung blond pige<br \/>13. Vind op i r\u00e5 \/ Taterpols\/pols nr.49<\/p><p>Indspillet i Studio Farmen, Regstrup i 1998<br \/>Teknik: Michael Engman<br \/>Producer: Leif Ernstsen<\/p><p>G\u00e6stemusikere:<br \/>Joachim Ussing &#8211; elbas<br \/>Gert Smedegaard &#8211; trommer<br \/>Ole M. S\u00f8egaard &#8211; kor<br \/>Michael Engman &#8211; conga, rytme\u00e6g<br \/>Konrad Farmer Jahn &#8211; kor<br \/>Lisbeth Juul Hansen &#8211; akk.guitar<\/p><p><strong><em>Anmeldelser:<\/em><\/strong><br \/><em>En smuk oplevelse&#8230;.<\/em><br \/><em>Harmonikaen triller, flyver og danser sammen med Bentes sang&#8230;.<\/em><br \/><em>Birthe S\u00f8rensen, Dagbladet Arbejderen<\/em><\/p><p><em>Autoritet og poesi&#8230;.Et overbevisende vokalt foredrag&#8230;.<\/em><br \/><em>P\u00e5 dette nyeste udspil forener Bente Kure autoritet og poesi&#8230;.<\/em><br \/><em>En ny og glimrende melodi til &#8220;Den Danske Sang&#8221;&#8230;.<\/em><br \/><em>Leif Ernstsen &#8211; en fremragende musiker, der her viser sit st\u00e6rke h\u00e5ndelag som akkompagnat\u00f8r&#8230;.<\/em><br \/><em>Kjeld Frandsen, Berlingske Tidende<\/em><\/p><p><em>Nuanceret&#8230;.En varm, original og engagerende fortolkning &#8211; det f\u00f8les n\u00e6sten som at blive aet k\u00e6rligt p\u00e5 kinden&#8230;. Leif Ernstsen bakker t\u00e6t op med sit rigt nuancerede og stemningsfyldte spil&#8230;.<\/em><br \/><em>S\u00f8ren Kirkeg\u00e5rd, Jyllandsposten<\/em><\/p>\t\t\t\t\t\t\t\t<\/div>\n\t\t\t\t<\/div>\n\t\t\t\t<div class=\"elementor-element elementor-element-0181cba elementor-widget-divider--view-line elementor-widget elementor-widget-divider\" data-id=\"0181cba\" data-element_type=\"widget\" data-widget_type=\"divider.default\">\n\t\t\t\t<div class=\"elementor-widget-container\">\n\t\t\t\t\t\t\t<div class=\"elementor-divider\">\n\t\t\t<span class=\"elementor-divider-separator\">\n\t\t\t\t\t\t<\/span>\n\t\t<\/div>\n\t\t\t\t\t\t<\/div>\n\t\t\t\t<\/div>\n\t\t\t\t<div class=\"elementor-element elementor-element-dc2e5e5 elementor-widget elementor-widget-text-editor\" data-id=\"dc2e5e5\" data-element_type=\"widget\" data-widget_type=\"text-editor.default\">\n\t\t\t\t<div class=\"elementor-widget-container\">\n\t\t\t\t\t\t\t\t\t<p><strong>Sangtekster: Mod den n\u00e6ste morgen<\/strong><\/p><p><strong>1. Rosens hemmelighed<\/strong><br \/>(Tekst&amp;musik: Julie Mathews, Overs.: Bente Kure)<\/p><p>Honnings\u00f8d, duft af jasmin<br \/>hjertet danser valsetrin<br \/>Du lukked\u2019 op, slap gl\u00e6den fri<br \/>men du slikker dine s\u00e5r nu<br \/>hvor det hele er forbi<br \/>D\u00f8ren l\u00e5st, n\u00f8glen gemt<br \/>og minderne og broerne og brevene er br\u00e6ndt.<\/p><p>N\u00e5r du plukker blomsten <br \/>den smukkeste af alle<br \/>husk at rosens torne f\u00f8lger med<br \/>Et s\u00e5r i sj\u00e6len der langsomt vil hele<br \/>et ar i evighed i k\u00e6rlighed<\/p><p>Et blik, et strejf af rosens duft<br \/>og alt er klart som vinterluft<br \/>Vi \u00e5bner hjertet og vi ser<br \/>det bedste hos hinanden<br \/>glemmer der er meget mer\u2019<br \/>Du tror du kender ham &#8211; han elsker dig<br \/>men hele tiden spejler I og leger g\u00e6tteleg<\/p><p>N\u00e5r du plukker \u2026.osv<\/p><p>Smertens gr\u00e5d, tab og vind<br \/>Gl\u00e6dest\u00e5re, samme sind<br \/>Som ild og vand, som nat og dag<br \/>Selv m\u00e5nens kolde lys<br \/>er det solen der st\u00e5r bag<br \/>Trods alle skrammer s\u00e5 bli\u2019r jeg ved<br \/>at s\u00f8ge livets l\u00e6re og Rosens hemmelighed<\/p><p>N\u00e5r du plukker \u2026.osv<br \/>____________________________________________________________<\/p><p><strong>2. Engle i sneen<\/strong><br \/>(Tekst&amp;musik: Ole Paus &amp; Jonas Fjeld, Overs.: Bente Kure)<\/p><p>Engle i sneen har deres egen sang<br \/>N\u00e5r natten er sortest s\u00e5 synger de solopgang<br \/>Jeg stod i skyggerne i regn og vind<br \/>Jeg var en fremmed til du \u00e5bned\u2019 dig og lukked\u2019 mig ind<\/p><p>Jeg var alene til du kom frem<br \/>Jeg var en hjeml\u00f8s men du gjorde mig til et hjem<br \/>Du gav mig varme da alt var frost<br \/>Engle i sneen har deres egen sang for folk som os<\/p><p>Hold om mig, bliv hos mig og v\u00e6r her<br \/>Sov hos mig og v\u00e6r her <br \/>som flygtning og elsker og ven<br \/>La\u2019 mig bli\u2019 til en del af dig<br \/>l\u00e5ne krop og sj\u00e6l af dig<br \/>til himlene revner igen<br \/>og englene i sneen vender hjem<\/p><p>Engle i sneen har deres eget liv<br \/>De synger om vinteren, men n\u00e5r v\u00e5ren kommer s\u00e5 visner de<br \/>Engle i sneen har deres egen sang<br \/>De synger at alt som lever her og nu m\u00e5 d\u00f8 engang<\/p><p>Engle i sneen laver sange af vind<br \/>De synger for hvem som helst der \u00e5bner sig og lukker dem ind<br \/>Engle i sneen synger uden ord<br \/>og n\u00e5r v\u00e5ren kommer g\u00e5r de uden sorg og uden spor<\/p><p>Hold om mig, \u2026\u2026\u2026\u2026..osv <br \/>______________________________________________________________<\/p><p><strong>3. Sommefugl i vinterland<\/strong><br \/>(Tekst&amp;musik: Halvdan Sivertsen, Overs.: Britt S. Hansen)<\/p><p>Jeg s\u00e5 dig ig\u00e5r p\u00e5 gaden <br \/>hvor byen l\u00e5 kold og stor<br \/>Jeg s\u00e5 du var ny i livet <br \/>Jeg s\u00e5 du var ny her i nord<br \/>Din mor hun bar en taske med alt hvad I ejed i <br \/>og du gik og bar p\u00e5 hendes dr\u00f8m om engang at bli&#8217; fri<\/p><p>Og du ga&#8217; mig et smil <br \/>Sommerfulg i vinterland<br \/>Ingen m\u00e5 ta&#8217; fra dig farven du viste mig <br \/>M\u00e5 dr\u00f8mmen du har bli&#8217; sand <br \/>Sommerfugl i vinterland<\/p><p>Din mor hun b\u00e6r&#8217; p\u00e5 mindet <br \/>om alt det I har forladt<br \/>Hun ved ikke om I gens\u00e9r<br \/>ham som de tog en nat<br \/>Hun holder dig fast i h\u00e5nden &#8211; det g\u00f8r dig s\u00e5 varm og god<br \/>Hun h\u00e5ber at du er velkommen her for sindet beh\u00f8ver ro<\/p><p>Og du gav mig&#8230;osv<\/p><p>Jeg h\u00e5ber vi ta&#8217;r imod dig<br \/>Jeg h\u00e5ber vi \u00e5bner d\u00f8ren<br \/>Jeg ved du kan gi&#8217; os farver<br \/>og lege med vore b\u00f8rn<br \/>Jeg s\u00e5 dig ig\u00e5r p\u00e5 gaden hvor byen l\u00e5 kold og stor<br \/>Jeg s\u00e5 du var ny i livet &#8211; jeg s\u00e5 du var ny her i nord<\/p><p>Og du gav mig&#8230;osv<br \/>______________________________________________________<\/p><p><strong>4. Der er noget ved ham<\/strong><br \/>(Tekst&amp;musik: Ole Paus, Overs.: Bente Kure)<\/p><p>Livet er trevlet og t\u00f8jet i laser<br \/>og bleerne koger og hajen han maser sig p\u00e5<br \/>Han tror der\u2019 er penge at f\u00e5<br \/>Renterne stiger og huset forfalder<br \/>og drifterne styrer mens pligterne kalder p\u00e5 ham<br \/>Han har h\u00e5r til sin kam<br \/>Og postkassen svulmer og er h\u00f8jgravid med vrede tal<\/p><p>Men der er noget ved ham<br \/>:\/Ja, der er noget ved ham\/:<br \/>Som om livet leger med ham og si\u2019r: \u201dH\u00e6ng i og lev!\u201d<\/p><p>Ulvene tude og \u00e9n er p\u00e5 sporet<br \/>men n\u00e5r katten er ude danser musen p\u00e5 bordet for ham<br \/>og ulven bli\u2019r tam<br \/>Fortiden knager og fremtiden truer<br \/>med ukendte plager og kr\u00e6nkede fruer \u2013 hejh\u00e5<br \/>men han k\u00f8rer p\u00e5<br \/>Og folk p\u00e5 gaden de vender sig og hvisker: \u201dSe!\u201d<\/p><p>For der er noget ved ham<br \/>:\/Ja, der er noget ved ham\/:<br \/>Som om livet stadig la&#8217; ham flyde ovenp\u00e5<\/p><p>Han siger: \u201dNoget er mistet og noget er fundet<br \/>og nogen blev skabt \u2013 og resten er forsvundet sin vej<br \/>til skifteretten fra mig\u201d<br \/>Og han takker for livet, han bukker og takker<br \/>mens han g\u00e5r p\u00e5 line o\u2019er et dyb af kloakker og ved<br \/>der er lang vej derned<br \/>Og postkassen svulmer &#8211; nu skal den nedkomme igen!<\/p><p>Men der er noget ved ham<br \/>:\/Ja, der er noget ved ham\/:<br \/>Som om livet hvisker til ham: \u201dKom igen, kom igen\u2026osv<br \/>_______________________________________________________<\/p><p><strong>5. Elskerindens have<\/strong><br \/>(Tekst&amp;musik: Bente Kure)<\/p><p>I elskerindens have gror blomsterne ford\u00e6kt i skjul<br \/>De smukkeste roser &#8211; r\u00f8d, hvid og gul<br \/>Trods l\u00f8gnes dis og t\u00e5gesl\u00f8r er farverne s\u00e5 klare<br \/>En dr\u00e5be nektar g\u00f8r dig \u00f8r &#8211; fortumlet og en smule sk\u00f8r<br \/>forbl\u00e6ndet som en hare<\/p><p>I elskerindens have er rosen ikke ene om<br \/>de torne der stikker &#8211; river hjertet til blods<br \/>For ham der kommer p\u00e5 bes\u00f8g har hjemme morgenfrue<br \/>og sk\u00f8nt han s\u00e5ed mange fr\u00f8 vil de kun spire for at d\u00f8<br \/>i elskovs hede lue<\/p><p>I elskerindens have st\u00e5r blomstersengen altid redt<br \/>Pasionsblomst og tysindfryd og bl\u00e5 for-glem-mig-ej<br \/>Med t\u00e5rer og med gylden vin i ventetidens l\u00e6ngsel<br \/>hun vander hvert et lille kim fanget i sit eget spind<br \/>sit frivillige f\u00e6ngsel<br \/>_______________________________________________________<\/p><p><strong>6. S\u00e6t tasken fra dig<\/strong><br \/>(Tekst&amp;musik: Ole Paus &amp; Jonas Fjeld, Overs.: Bente Kure)<\/p><p>Hvor lang vej tror du der er endnu<br \/>f\u00f8r du t\u00f8r sige du ved hvor du er?<br \/>Hvor meget l\u00e6ngre tror du du er n\u00f8dt til at g\u00e5<br \/>f\u00f8r du t\u00f8r standse og hvile h\u00e9r?<\/p><p>S\u00e6t tasken fra dig, min ven<br \/>I morgen kan du ta\u2019 den med dig igen<br \/>Lige nu er det h\u00e9r et hjem \u2013 \u00e5h ja<br \/>S\u00e5 s\u00e6t den fra dig, min ven<\/p><p>Hvor l\u00e6nge varer det f\u00f8r legen er slut?<br \/>Hvor lang er vejen fra sandhed til l\u00f8gn?<br \/>Hvor meget sorg kan rummes i et enkelt minut?<br \/>Hvor mange t\u00e5rer kan der v\u00e6re i et d\u00f8gn?<\/p><p>S\u00e6t tasken fra dig, min ven&#8230;.osv<\/p><p>Hvor lang vej tror du der er endnu?<br \/>Det\u2019 koldt og \u00f8de og klippen er stejl<br \/>Jeg har lidt varme, den m\u00e5 du f\u00e5<br \/>Det\u2019 ikke meget men nok til i nat<\/p><p>S\u00e6t tasken fra dig, min ven&#8230;.osv<br \/>__________________________________________________<\/p><p><strong>7. S\u00e5 ung som du vil<\/strong><br \/>(Tekst&amp;musik: Bente Kure)<\/p><p>At \u00e6ldes er ikke bare det <br \/>at \u00e5rene rinder<br \/>og h\u00e5ret langsomt bliver gr\u00e5t<br \/>Man f\u00e5r krogede h\u00e6nder<\/p><p>At \u00e6ldes er n\u00e5r sj\u00e6len f\u00e5r rynker<br \/>fordi begejstringen sygner hen<br \/>og bekymringen og stilstand og mismod<br \/>helt um\u00e6rkeligt standser \u00e5ndens v\u00e6kst, \u00e5hja<br \/>&#8211; um\u00e6rkeligt standser \u00e5ndens v\u00e6kst<\/p><p>Du er liges\u00e5 gammel som din tvivl <br \/>S\u00e5 ung som din tro gi\u2019r dig lov til<br \/>S\u00e5 gammel som din modl\u00f8shed<br \/>S\u00e5 ung som dine h\u00e5b stadig vil<\/p><p>S\u00e5 l\u00e6nge sj\u00e6l og sind holder \u00e5bent<br \/>for alt det der er at ta\u2019 imod<br \/>Akkurat s\u00e5 l\u00e6nge har du ungdom<br \/>selv n\u00e5r kroppen ikke helt kan f\u00f8lge med, \u00e5hja<br \/>n\u00e5r kroppen ikke helt kan f\u00f8lge med<\/p><p>SOLO<\/p><p>S\u00e5 l\u00e6nge sj\u00e6l og sind holder \u00e5bent<br \/>for alt det der er at ta\u2019 imod <br \/>Ja, selv n\u00e5r bev\u00e6gelserne stivner<br \/>S\u00e5 l\u00e6nge vil du stadig v\u00e6re ung, \u00e5hja<br \/>S\u00e5 l\u00e6nge vil du stadig v\u00e6re ung, \u00e5hja<br \/>S\u00e5 l\u00e6nge vil du stadig v\u00e6re ung<br \/>______________________________________________________________<\/p><p><strong>8. Fri fugl<\/strong><br \/>(Tekst&amp;musik: Connie Kaldor, Overs.: Bente Kure)<\/p><p>Hvis du gi\u2019r hende det som dr\u00f8mme er spundet af<br \/>vil hun f\u00f8lge dig der hvor du end drager hen<br \/>Hun har tanker i bur og dr\u00f8mme bag l\u00e5s og sl\u00e5<br \/>Hun venter p\u00e5 dig der vil ta\u2019 hende med<\/p><p>En svale i flugt &#8211; en fri fugl p\u00e5 vingerne<br \/>M\u00e5ske kan hun lette og flyve afsted<br \/>som en svale i flugt &#8211; en fri fugl p\u00e5 vingerne<br \/>M\u00e5ske vil du komme en dag<\/p><p>Og hun \u00e5nder et hul i rimfrost p\u00e5 ruden<br \/>ser langt ud forbi det hun kender alt for godt<br \/>Mellem kopper og glas er en tanke p\u00e5 strejftog<br \/>om hvem der skal komme og ta\u2019 hende med<\/p><p>En svale i flugt\u2026\u2026.osv<\/p><p>Hun glatter en dug, g\u00f8r kassen og dagen op<br \/>mens hun nynner en strofe fra en glemt melodi<br \/>og hun l\u00f8sner et b\u00e5ndm gi\u2019r dr\u00f8mmene l\u00f8bepas<br \/>for nu ved hun hvem der skal ta\u2019 hende med<\/p><p>Det&#8217; en svale i flugt &#8211; en fri fugl p\u00e5 vingerne<br \/>ja, hun ved at hun kan lette og flyve afsted<br \/>som en svale i flugt &#8211; en fri fugl p\u00e5 vingerne<br \/>for hun vented\u2019 jo kun p\u00e5 sig selv<br \/>ja, hun vented\u2019 jo kun p\u00e5 sig selv<br \/>__________________________________________________________<\/p><p><strong>9. Elsk med mig nu<\/strong><br \/>(Tekst&amp;musik: Bj\u00f6rn Afzelius, Overs.: Bente Kure)<\/p><p>Elsk med mig nu hvor daggryet kommer<br \/>og skyerne skinner som bjerge af guld<br \/>Elsk med mig nu hvor m\u00e5gerne skriger<br \/>og duften fra havet st\u00e5r ind overalt<\/p><p>Elsk med mig nu hvor solkatte leger<br \/>over din n\u00f8gne og solbrune hud<br \/>Elsk med mig nu hvor alting st\u00e5r stille<br \/>denne magiske stund nu hvor solen st\u00e5r op<\/p><p>Vi leged\u2019 i g\u00e5r s\u00e5 berusende glade<br \/>Du ville ha\u2019 vin, for du var lidt genert<br \/>Da vi dansede stjal jeg mig ind til din hud<br \/>og jeg s\u00e5 hvor dit blik kl\u00e6dte mig af i skjul<\/p><p>Elsk med mig nu, du som kender min \u00f8mhed<br \/>Du som sov trygt og varmt som et barn ved mit bryst<br \/>Elsk med mig nu, du som kender min styrke<br \/>Nu er jeg forsvarsl\u00f8s, \u00e5ben og varm<br \/>______________________________________________________________<\/p><p>10. Mod den N\u00e6ste morgen<br \/>(Tekst&amp;musik: Gordon Bok Overs.: Bente Kure)<\/p><p>N\u00e5r hjorten f\u00e5r vinterpels og pindsvin g\u00e5r i hi<br \/>N\u00e5r svalen er rejst og svanesangen er forbi<br \/>S\u00e5 sidder du og fryser lidt og m\u00e6rker m\u00f8rkets magt<br \/>f\u00f8ler pluds\u2019lig at det aldrig mer bli\u2019r for\u00e5r<\/p><p>N\u00e5r Oktober tynder ud og November st\u00e5r p\u00e5 spring<br \/>slipper tunge tanker l\u00f8s \u2013 farer vild og g\u00e5r i ring<br \/>Du kan h\u00f8re vindens stemme pibende og h\u00f8jt<br \/>Det er al din sorg han synger om derude<\/p><p>Men m\u00e5neskift fra ny til n\u00e6 og stjernevandring g\u00e5r<br \/>p\u00e5 samme vis som det har gjort i tusindvis af \u00e5r<br \/>S\u00e5 husk n\u00e5r m\u00f8rket ta\u2019r dig og du tror at alt er slut:<br \/>Jorden drejer altid mod den n\u00e6ste morgen!<\/p><p>Og nordenvinden raser vildt og du g\u00e5r helt i st\u00e5<br \/>Gennem hvide storme h\u00f8rer du \u2013 det\u2019 dig han kalder p\u00e5<br \/>Men han kender dig slet ikke og vil dig intet ondt<br \/>&#8211; suser bare gennem natten mod et daggry<\/p><p>Og m\u00e5neskift\u2026..etc.<\/p><p>Se, blomsterne i haven og tr\u00e6ets gr\u00f8nne l\u00f8v <br \/>de b\u00f8jer sig for vintren \u2013 visner hen og bli\u2019r til st\u00f8v<br \/>Men de k\u00e6mper ikke mod det \u2013 la\u2019r det ske for de ved<br \/>at de p\u00e5 ny vil springe ud n\u00e5r v\u00e5ren kommer<\/p><p>Og m\u00e5neskift\u2026..etc.<br \/>_______________________________________________________________<\/p><p><strong>11. Lev min ven<\/strong><br \/>(Fra filmen &#8220;Gl\u00e6deskilden&#8221; &#8211; SVTV2 1993) (Tekst&amp;musik: Richard Hobert, Overs.: Bente Kure)<\/p><p>Lev min ven &#8211; Lev her og nu<br \/>som du kan eller vil eller som tidsfordriv<br \/>Lev min ven, men brug nu dit liv<br \/>for du f\u00e5r aldrig det igen<br \/>Et glimt, et vink, et glitrende blink<\/p><p>N\u00e5r du styrer din skude mod havet<br \/>peger st\u00e6vnen mod n\u00e6ste strand<br \/>s\u00e5 hold udkik, skru op for lanternen<br \/>til du atter igen ser land<\/p><p>N\u00e5r du m\u00f8der en fremmed der hilser<br \/>s\u00e5 er afskedens time n\u00e6r<br \/>s\u00e5 hold armen om den som du elsker<br \/>for om lidt er du ikke her<\/p><p>Lev min ven &#8211; Lev her og nu<br \/>som du kan eller vil eller som tidsfordriv<br \/>Lev min ven, men brug nu dit liv<br \/>for du f\u00e5r aldrig det igen<br \/>Et glimt, et vink, et glitrende blink<\/p><p>N\u00e5r du pakker din ransel til f\u00e6rden<br \/>b\u00e5de blomsten og sv\u00e6rdet af st\u00e5l<br \/>N\u00e5r du stikker din kurs ud i verden<br \/>er du n\u00e6sten ved rejsens m\u00e5l<\/p><p>N\u00e5r du stiler mod dr\u00f8mmer der m\u00e5ske<br \/>allerede er g\u00e5et itu<br \/>s\u00e5 hold fast s\u00e5 du aldrig mer\u2019 glemmer<br \/>at dit liv, det er her og nu<br \/>__________________________________________________________<\/p><p><strong>12. Den danske sang er en ung blond pige<\/strong><br \/>(Tekst: Kai Hoffmann Musik: Bente Kure)<\/p><p>Den danske sang er en ung, blond pige, <br \/>hun g\u00e5r og nynner i Danmarks hus, <br \/>hun er et barn af det havbl\u00e5 rige, <br \/>hvor b\u00f8ge lytter til b\u00f8lgers brus. <br \/>Den danske sang, n\u00e5r den dybest klinger, <br \/>har klang af klokke, af sv\u00e6rd og skjold; <br \/>imod os bruser p\u00e5 brede vinger <br \/>en sagatone fra hedenold.<\/p><p>Al Sj\u00e6llands ynde og Jyllands v\u00e6lde, <br \/>de tvende klange af blidt og h\u00e5rdt, <br \/>skal sangen rumme for ret at melde <br \/>om, hvad der inderst er os og vort. <br \/>Og tider skifter, og s\u00e6der mildnes, <br \/>men kunst og kamp kr\u00e6ver stadig st\u00e5l: <br \/>det alterb\u00e5l, hvor vor sj\u00e6l skal ildnes, <br \/>det flammer hedest i Bjarkem\u00e5l.<\/p><p>S\u00e5 syng da, Danmark, lad hj\u00e6rtet tale! <br \/>thi hj\u00e6rtesproget er vers og sang, <br \/>og l\u00e6re kan vi at nattergale, <br \/>af l\u00e6rken over den gr\u00f8nne vang. <br \/>Og bl\u00e6sten suser sin vilde vise, <br \/>og stranden dr\u00f8ner sit h\u00f8jtidskvad; <br \/>fra hedens lyng som fra stadens flise <br \/>skal sangen l\u00f8fte sig ung og glad.<\/p>\t\t\t\t\t\t\t\t<\/div>\n\t\t\t\t<\/div>\n\t\t\t\t<\/div>\n\t\t\t\t\t<\/div>\n\t\t\t\t<\/div>\n\t\t<div class=\"elementor-element elementor-element-2b588f8 e-flex e-con-boxed e-con e-parent\" data-id=\"2b588f8\" data-element_type=\"container\">\n\t\t\t\t\t<div class=\"e-con-inner\">\n\t\t\t\t\t<\/div>\n\t\t\t\t<\/div>\n\t\t\t\t<\/div>\n\t\t","protected":false},"excerpt":{"rendered":"<p>Mod den n\u00e6ste morgen Flere gendigtninger fra engelsk, svensk og norsk. Flere af Bentes egne sange. 1. Rosens hemmelighed2. Engle i sneen3. Sommerfugl i vinterland4. Der er noget ved ham5. Elskerindens have\/H\u00e5rgal\u00e5ten\/Mazurkapols6. S\u00e6t tasken fra dig7. S\u00e5 ung som du vil8. Fri fugl9. Elsk med mig nu10. N\u00e6ste morgen11. Lev min ven12. Den danske sang [&hellip;]<\/p>\n","protected":false},"author":1,"featured_media":0,"parent":0,"menu_order":0,"comment_status":"closed","ping_status":"closed","template":"","meta":{"_uag_custom_page_level_css":"","site-sidebar-layout":"no-sidebar","site-content-layout":"page-builder","ast-site-content-layout":"full-width-container","site-content-style":"unboxed","site-sidebar-style":"unboxed","ast-global-header-display":"","ast-banner-title-visibility":"","ast-main-header-display":"","ast-hfb-above-header-display":"","ast-hfb-below-header-display":"","ast-hfb-mobile-header-display":"","site-post-title":"disabled","ast-breadcrumbs-content":"","ast-featured-img":"","footer-sml-layout":"","theme-transparent-header-meta":"disabled","adv-header-id-meta":"","stick-header-meta":"","header-above-stick-meta":"","header-main-stick-meta":"","header-below-stick-meta":"","astra-migrate-meta-layouts":"set","ast-page-background-enabled":"default","ast-page-background-meta":{"desktop":{"background-color":"","background-image":"","background-repeat":"repeat","background-position":"center center","background-size":"auto","background-attachment":"scroll","background-type":"","background-media":"","overlay-type":"","overlay-color":"","overlay-opacity":"","overlay-gradient":""},"tablet":{"background-color":"","background-image":"","background-repeat":"repeat","background-position":"center center","background-size":"auto","background-attachment":"scroll","background-type":"","background-media":"","overlay-type":"","overlay-color":"","overlay-opacity":"","overlay-gradient":""},"mobile":{"background-color":"","background-image":"","background-repeat":"repeat","background-position":"center center","background-size":"auto","background-attachment":"scroll","background-type":"","background-media":"","overlay-type":"","overlay-color":"","overlay-opacity":"","overlay-gradient":""}},"ast-content-background-meta":{"desktop":{"background-color":"var(--ast-global-color-5)","background-image":"","background-repeat":"repeat","background-position":"center center","background-size":"auto","background-attachment":"scroll","background-type":"","background-media":"","overlay-type":"","overlay-color":"","overlay-opacity":"","overlay-gradient":""},"tablet":{"background-color":"var(--ast-global-color-5)","background-image":"","background-repeat":"repeat","background-position":"center center","background-size":"auto","background-attachment":"scroll","background-type":"","background-media":"","overlay-type":"","overlay-color":"","overlay-opacity":"","overlay-gradient":""},"mobile":{"background-color":"var(--ast-global-color-5)","background-image":"","background-repeat":"repeat","background-position":"center center","background-size":"auto","background-attachment":"scroll","background-type":"","background-media":"","overlay-type":"","overlay-color":"","overlay-opacity":"","overlay-gradient":""}},"footnotes":""},"class_list":["post-2836","page","type-page","status-publish","hentry"],"uagb_featured_image_src":{"full":false,"thumbnail":false,"medium":false,"medium_large":false,"large":false,"1536x1536":false,"2048x2048":false},"uagb_author_info":{"display_name":"admin","author_link":"https:\/\/benteogleif.dk\/web\/author\/benteo\/"},"uagb_comment_info":0,"uagb_excerpt":"Mod den n\u00e6ste morgen Flere gendigtninger fra engelsk, svensk og norsk. Flere af Bentes egne sange. 1. Rosens hemmelighed2. Engle i sneen3. Sommerfugl i vinterland4. Der er noget ved ham5. Elskerindens have\/H\u00e5rgal\u00e5ten\/Mazurkapols6. S\u00e6t tasken fra dig7. S\u00e5 ung som du vil8. Fri fugl9. Elsk med mig nu10. N\u00e6ste morgen11. Lev min ven12. Den danske sang&hellip;","_links":{"self":[{"href":"https:\/\/benteogleif.dk\/web\/wp-json\/wp\/v2\/pages\/2836","targetHints":{"allow":["GET"]}}],"collection":[{"href":"https:\/\/benteogleif.dk\/web\/wp-json\/wp\/v2\/pages"}],"about":[{"href":"https:\/\/benteogleif.dk\/web\/wp-json\/wp\/v2\/types\/page"}],"author":[{"embeddable":true,"href":"https:\/\/benteogleif.dk\/web\/wp-json\/wp\/v2\/users\/1"}],"replies":[{"embeddable":true,"href":"https:\/\/benteogleif.dk\/web\/wp-json\/wp\/v2\/comments?post=2836"}],"version-history":[{"count":13,"href":"https:\/\/benteogleif.dk\/web\/wp-json\/wp\/v2\/pages\/2836\/revisions"}],"predecessor-version":[{"id":4461,"href":"https:\/\/benteogleif.dk\/web\/wp-json\/wp\/v2\/pages\/2836\/revisions\/4461"}],"wp:attachment":[{"href":"https:\/\/benteogleif.dk\/web\/wp-json\/wp\/v2\/media?parent=2836"}],"curies":[{"name":"wp","href":"https:\/\/api.w.org\/{rel}","templated":true}]}}