{"id":2844,"date":"2024-10-11T12:53:13","date_gmt":"2024-10-11T12:53:13","guid":{"rendered":"https:\/\/benteogleif.dk\/web\/?page_id=2844"},"modified":"2025-05-08T05:56:46","modified_gmt":"2025-05-08T05:56:46","slug":"boeger","status":"publish","type":"page","link":"https:\/\/benteogleif.dk\/web\/boeger\/","title":{"rendered":"Bogudgivelser"},"content":{"rendered":"\t\t<div data-elementor-type=\"wp-page\" data-elementor-id=\"2844\" class=\"elementor elementor-2844\">\n\t\t\t\t<div class=\"elementor-element elementor-element-173edd6 e-flex e-con-boxed e-con e-parent\" data-id=\"173edd6\" data-element_type=\"container\">\n\t\t\t\t\t<div class=\"e-con-inner\">\n\t\t<div class=\"elementor-element elementor-element-4be943b e-con-full e-flex e-con e-child\" data-id=\"4be943b\" data-element_type=\"container\">\n\t\t\t\t<div class=\"elementor-element elementor-element-389b00e elementor-widget elementor-widget-image\" data-id=\"389b00e\" data-element_type=\"widget\" data-widget_type=\"image.default\">\n\t\t\t\t<div class=\"elementor-widget-container\">\n\t\t\t\t\t\t\t\t\t\t\t\t\t\t\t<img decoding=\"async\" src=\"https:\/\/benteogleif.dk\/web\/wp-content\/uploads\/elementor\/thumbs\/Bente2024-qvcxfctyoef5lyyw8mszyejaggruef4pwhjgsbphfc.jpg\" title=\"Bente2024\" alt=\"Bente2024\" loading=\"lazy\" \/>\t\t\t\t\t\t\t\t\t\t\t\t\t\t\t<\/div>\n\t\t\t\t<\/div>\n\t\t\t\t<\/div>\n\t\t<div class=\"elementor-element elementor-element-71a2bed e-con-full e-flex e-con e-child\" data-id=\"71a2bed\" data-element_type=\"container\">\n\t\t\t\t<div class=\"elementor-element elementor-element-c877f35 elementor-widget elementor-widget-heading\" data-id=\"c877f35\" data-element_type=\"widget\" data-widget_type=\"heading.default\">\n\t\t\t\t<div class=\"elementor-widget-container\">\n\t\t\t\t\t<h2 class=\"elementor-heading-title elementor-size-default\">Digter og forfatter<\/h2>\t\t\t\t<\/div>\n\t\t\t\t<\/div>\n\t\t\t\t<div class=\"elementor-element elementor-element-010be06 elementor-widget elementor-widget-text-editor\" data-id=\"010be06\" data-element_type=\"widget\" data-widget_type=\"text-editor.default\">\n\t\t\t\t<div class=\"elementor-widget-container\">\n\t\t\t\t\t\t\t\t\t<p>Bente har skrevet i mange \u00e5r, og nu udkommer hendes noveller, sange og digte:<\/p><p><strong>\u2022 Novellesamling &#8211; udkom april 2025.<\/strong><br \/><strong>\u2022 Sangbog &#8211; p\u00e5 vej som netudgivelse.<\/strong><br \/><strong>\u2022 Digtsamling &#8211; p\u00e5 vej senere i 2025.<br \/><br \/>BOOK BENTE TIL EN MUSIKALSK BOG-SNAK-SALON <\/strong>om den nye bog.<br \/>Bente fort\u00e6ller om tankerne bag bogen og dens tilblivelse &#8211; enten som foredrag eller i samtale &#8211; og giver opl\u00e6sninger og smagspr\u00f8ver p\u00e5 sangene.<br \/>Kontakt:\u00a0 <span style=\"color: #0000ff;\">info@benteogleif.dk<\/span>\u00a0 eller\u00a0 \u00a0tlf 21650163<\/p>\t\t\t\t\t\t\t\t<\/div>\n\t\t\t\t<\/div>\n\t\t\t\t<div class=\"elementor-element elementor-element-f597847 elementor-widget elementor-widget-image\" data-id=\"f597847\" data-element_type=\"widget\" data-widget_type=\"image.default\">\n\t\t\t\t<div class=\"elementor-widget-container\">\n\t\t\t\t\t\t\t\t\t\t\t\t\t\t\t<img fetchpriority=\"high\" decoding=\"async\" width=\"209\" height=\"300\" src=\"https:\/\/benteogleif.dk\/web\/wp-content\/uploads\/2025\/03\/BogForside-1-209x300.jpg\" class=\"attachment-medium size-medium wp-image-4628\" alt=\"\" srcset=\"https:\/\/benteogleif.dk\/web\/wp-content\/uploads\/2025\/03\/BogForside-1-209x300.jpg 209w, https:\/\/benteogleif.dk\/web\/wp-content\/uploads\/2025\/03\/BogForside-1-713x1024.jpg 713w, https:\/\/benteogleif.dk\/web\/wp-content\/uploads\/2025\/03\/BogForside-1-768x1102.jpg 768w, https:\/\/benteogleif.dk\/web\/wp-content\/uploads\/2025\/03\/BogForside-1-1070x1536.jpg 1070w, https:\/\/benteogleif.dk\/web\/wp-content\/uploads\/2025\/03\/BogForside-1.jpg 1080w\" sizes=\"(max-width: 209px) 100vw, 209px\" \/>\t\t\t\t\t\t\t\t\t\t\t\t\t\t\t<\/div>\n\t\t\t\t<\/div>\n\t\t\t\t<div class=\"elementor-element elementor-element-f7a80ca elementor-widget elementor-widget-heading\" data-id=\"f7a80ca\" data-element_type=\"widget\" data-widget_type=\"heading.default\">\n\t\t\t\t<div class=\"elementor-widget-container\">\n\t\t\t\t\t<h2 class=\"elementor-heading-title elementor-size-default\">\"Der er en hund man skal forbi\"<\/h2>\t\t\t\t<\/div>\n\t\t\t\t<\/div>\n\t\t\t\t<div class=\"elementor-element elementor-element-0358c1b elementor-widget elementor-widget-text-editor\" data-id=\"0358c1b\" data-element_type=\"widget\" data-widget_type=\"text-editor.default\">\n\t\t\t\t<div class=\"elementor-widget-container\">\n\t\t\t\t\t\t\t\t\t<p>&#8230;er titlen p\u00e5 Bentes f\u00f8rste bog, der udkom d. 6. april 2025. <br \/><strong>Bestilles ved at sende en mail til <span style=\"color: #0000ff;\">info@benteogleif.dk<\/span>\u00a0\u00a0<br \/><\/strong>Pris: 199 kr + forsendelse. CD af samme navn: Normalpris 99 kr men k\u00f8bt sammen med bogen 69 kr.\u00a0<\/p><p>De 10 noveller og 18 digte kredser alle om barndommen som tema &#8211; barndommen set i alt fra treethalvt \u00e5rs h\u00f8jde frem til alderdommens \u2013 ja, n\u00e6sten hen til sidste suk. Det er betragtninger over, hvad der sker i barndommen, som f\u00e5r betydning senere i livet. Nogle gange som udfordringer, der heldigvis kan blive bonus\u2019er, hvis man t\u00f8r tage arml\u00e6gningen inde i sig selv med disse h\u00e6ndelser. B\u00e5de de store og indlysende sv\u00e6re h\u00e6ndelser, men ogs\u00e5 sm\u00e5 og tilsyneladende ubetydelige, n\u00e5r de sker, men som viser sig at f\u00f8lge med som g\u00e5rdnisser langt gennem livet \u2013 lige til man hiver huen af dem.<\/p><p>Novellerne er alt fra fort\u00e6llinger med udgangspunkt i barndoms erindringer henover refleksioner p\u00e5 rejsen barn-til-voksen, refleksioner i voksenalderen over fortiden og sluttelig helt hen til det lille barn indeni den voksne, som i et eller andet omfang er der helt frem til lukketid for alle.<\/p><p>Digtene er sangtekster, der alle kredser om de samme emner som novellerne. I bogen er de trykt som l\u00e6sestof &#8211; ikke med akkorder og noder, men netop som de <em>digte<\/em> og fort\u00e6llinger, de er, og som man kan fordybe sig i. Som sange bliver de fleste af dem i \u00f8vrigt indspillet p\u00e5 et album af samme navn, der bliver udgivet samtidig med bogen.<\/p><p>Der er meget stof til eftertanke b\u00e5de i og mellem linjerne. S\u00e5ledes er bogen yderst relevant for alle nutidens voksne, der for de flestes vedkommende m\u00e5 erkende, at disse g\u00e5rdnisser fra barndommens land slet ikke har tabt huerne, men er flyttet med og nu forn\u00f8jer sig med at husere, hvor de kan komme til det.<\/p><p><strong><em>Fra slutningen af Maj er bogen ogs\u00e5 at finde p\u00e5 Mofibo<\/em><\/strong><\/p>\t\t\t\t\t\t\t\t<\/div>\n\t\t\t\t<\/div>\n\t\t\t\t<\/div>\n\t\t\t\t\t<\/div>\n\t\t\t\t<\/div>\n\t\t<div class=\"elementor-element elementor-element-2b588f8 e-flex e-con-boxed e-con e-parent\" data-id=\"2b588f8\" data-element_type=\"container\">\n\t\t\t\t\t<div class=\"e-con-inner\">\n\t\t\t\t\t<\/div>\n\t\t\t\t<\/div>\n\t\t\t\t<\/div>\n\t\t","protected":false},"excerpt":{"rendered":"<p>Digter og forfatter Bente har skrevet i mange \u00e5r, og nu udkommer hendes noveller, sange og digte: \u2022 Novellesamling &#8211; udkom april 2025.\u2022 Sangbog &#8211; p\u00e5 vej som netudgivelse.\u2022 Digtsamling &#8211; p\u00e5 vej senere i 2025. BOOK BENTE TIL EN MUSIKALSK BOG-SNAK-SALON om den nye bog.Bente fort\u00e6ller om tankerne bag bogen og dens tilblivelse &#8211; [&hellip;]<\/p>\n","protected":false},"author":1,"featured_media":0,"parent":0,"menu_order":0,"comment_status":"closed","ping_status":"closed","template":"","meta":{"_uag_custom_page_level_css":"","site-sidebar-layout":"no-sidebar","site-content-layout":"page-builder","ast-site-content-layout":"full-width-container","site-content-style":"unboxed","site-sidebar-style":"unboxed","ast-global-header-display":"","ast-banner-title-visibility":"","ast-main-header-display":"","ast-hfb-above-header-display":"","ast-hfb-below-header-display":"","ast-hfb-mobile-header-display":"","site-post-title":"disabled","ast-breadcrumbs-content":"","ast-featured-img":"","footer-sml-layout":"","theme-transparent-header-meta":"disabled","adv-header-id-meta":"","stick-header-meta":"","header-above-stick-meta":"","header-main-stick-meta":"","header-below-stick-meta":"","astra-migrate-meta-layouts":"set","ast-page-background-enabled":"default","ast-page-background-meta":{"desktop":{"background-color":"","background-image":"","background-repeat":"repeat","background-position":"center center","background-size":"auto","background-attachment":"scroll","background-type":"","background-media":"","overlay-type":"","overlay-color":"","overlay-opacity":"","overlay-gradient":""},"tablet":{"background-color":"","background-image":"","background-repeat":"repeat","background-position":"center center","background-size":"auto","background-attachment":"scroll","background-type":"","background-media":"","overlay-type":"","overlay-color":"","overlay-opacity":"","overlay-gradient":""},"mobile":{"background-color":"","background-image":"","background-repeat":"repeat","background-position":"center center","background-size":"auto","background-attachment":"scroll","background-type":"","background-media":"","overlay-type":"","overlay-color":"","overlay-opacity":"","overlay-gradient":""}},"ast-content-background-meta":{"desktop":{"background-color":"var(--ast-global-color-5)","background-image":"","background-repeat":"repeat","background-position":"center center","background-size":"auto","background-attachment":"scroll","background-type":"","background-media":"","overlay-type":"","overlay-color":"","overlay-opacity":"","overlay-gradient":""},"tablet":{"background-color":"var(--ast-global-color-5)","background-image":"","background-repeat":"repeat","background-position":"center center","background-size":"auto","background-attachment":"scroll","background-type":"","background-media":"","overlay-type":"","overlay-color":"","overlay-opacity":"","overlay-gradient":""},"mobile":{"background-color":"var(--ast-global-color-5)","background-image":"","background-repeat":"repeat","background-position":"center center","background-size":"auto","background-attachment":"scroll","background-type":"","background-media":"","overlay-type":"","overlay-color":"","overlay-opacity":"","overlay-gradient":""}},"footnotes":""},"class_list":["post-2844","page","type-page","status-publish","hentry"],"uagb_featured_image_src":{"full":false,"thumbnail":false,"medium":false,"medium_large":false,"large":false,"1536x1536":false,"2048x2048":false},"uagb_author_info":{"display_name":"admin","author_link":"https:\/\/benteogleif.dk\/web\/author\/benteo\/"},"uagb_comment_info":0,"uagb_excerpt":"Digter og forfatter Bente har skrevet i mange \u00e5r, og nu udkommer hendes noveller, sange og digte: \u2022 Novellesamling &#8211; udkom april 2025.\u2022 Sangbog &#8211; p\u00e5 vej som netudgivelse.\u2022 Digtsamling &#8211; p\u00e5 vej senere i 2025. BOOK BENTE TIL EN MUSIKALSK BOG-SNAK-SALON om den nye bog.Bente fort\u00e6ller om tankerne bag bogen og dens tilblivelse &#8211;&hellip;","_links":{"self":[{"href":"https:\/\/benteogleif.dk\/web\/wp-json\/wp\/v2\/pages\/2844","targetHints":{"allow":["GET"]}}],"collection":[{"href":"https:\/\/benteogleif.dk\/web\/wp-json\/wp\/v2\/pages"}],"about":[{"href":"https:\/\/benteogleif.dk\/web\/wp-json\/wp\/v2\/types\/page"}],"author":[{"embeddable":true,"href":"https:\/\/benteogleif.dk\/web\/wp-json\/wp\/v2\/users\/1"}],"replies":[{"embeddable":true,"href":"https:\/\/benteogleif.dk\/web\/wp-json\/wp\/v2\/comments?post=2844"}],"version-history":[{"count":62,"href":"https:\/\/benteogleif.dk\/web\/wp-json\/wp\/v2\/pages\/2844\/revisions"}],"predecessor-version":[{"id":4889,"href":"https:\/\/benteogleif.dk\/web\/wp-json\/wp\/v2\/pages\/2844\/revisions\/4889"}],"wp:attachment":[{"href":"https:\/\/benteogleif.dk\/web\/wp-json\/wp\/v2\/media?parent=2844"}],"curies":[{"name":"wp","href":"https:\/\/api.w.org\/{rel}","templated":true}]}}