{"id":2949,"date":"2024-10-11T15:53:18","date_gmt":"2024-10-11T15:53:18","guid":{"rendered":"https:\/\/benteogleif.dk\/web\/?page_id=2949"},"modified":"2026-03-25T12:58:04","modified_gmt":"2026-03-25T12:58:04","slug":"kalender-2","status":"publish","type":"page","link":"https:\/\/benteogleif.dk\/web\/kalender-2\/","title":{"rendered":"Kalender"},"content":{"rendered":"\t\t<div data-elementor-type=\"wp-page\" data-elementor-id=\"2949\" class=\"elementor elementor-2949\">\n\t\t\t\t<div class=\"elementor-element elementor-element-173edd6 e-flex e-con-boxed e-con e-parent\" data-id=\"173edd6\" data-element_type=\"container\">\n\t\t\t\t\t<div class=\"e-con-inner\">\n\t\t<div class=\"elementor-element elementor-element-71a2bed e-con-full e-flex e-con e-child\" data-id=\"71a2bed\" data-element_type=\"container\">\n\t\t\t\t<div class=\"elementor-element elementor-element-c877f35 elementor-widget elementor-widget-heading\" data-id=\"c877f35\" data-element_type=\"widget\" data-widget_type=\"heading.default\">\n\t\t\t\t<div class=\"elementor-widget-container\">\n\t\t\t\t\t<h2 class=\"elementor-heading-title elementor-size-default\">Kalender<\/h2>\t\t\t\t<\/div>\n\t\t\t\t<\/div>\n\t\t\t\t<div class=\"elementor-element elementor-element-979af1a elementor-widget elementor-widget-text-editor\" data-id=\"979af1a\" data-element_type=\"widget\" data-widget_type=\"text-editor.default\">\n\t\t\t\t<div class=\"elementor-widget-container\">\n\t\t\t\t\t\t\t\t\t<p><span style=\"text-decoration: underline;\"><strong>Offentligt tilg\u00e6ngelige <\/strong><\/span>arrangementer<strong> m. Bente &amp; Leif:<\/strong><br \/><em>(Senest opdateret d. 25.marts 2026)<\/em><\/p><hr \/>\t\t\t\t\t\t\t\t<\/div>\n\t\t\t\t<\/div>\n\t\t\t\t<\/div>\n\t\t\t\t\t<\/div>\n\t\t\t\t<\/div>\n\t\t<div class=\"elementor-element elementor-element-2b588f8 e-flex e-con-boxed e-con e-parent\" data-id=\"2b588f8\" data-element_type=\"container\">\n\t\t\t\t\t<div class=\"e-con-inner\">\n\t\t\t\t<div class=\"elementor-element elementor-element-9e24d4a elementor-widget elementor-widget-heading\" data-id=\"9e24d4a\" data-element_type=\"widget\" data-widget_type=\"heading.default\">\n\t\t\t\t<div class=\"elementor-widget-container\">\n\t\t\t\t\t<h2 class=\"elementor-heading-title elementor-size-default\">2026<\/h2>\t\t\t\t<\/div>\n\t\t\t\t<\/div>\n\t\t\t\t\t<\/div>\n\t\t\t\t<\/div>\n\t\t<div class=\"elementor-element elementor-element-4c74fee e-flex e-con-boxed e-con e-parent\" data-id=\"4c74fee\" data-element_type=\"container\">\n\t\t\t\t\t<div class=\"e-con-inner\">\n\t\t\t\t<div class=\"elementor-element elementor-element-7bb141d elementor-widget__width-inherit elementor-widget elementor-widget-text-editor\" data-id=\"7bb141d\" data-element_type=\"widget\" data-widget_type=\"text-editor.default\">\n\t\t\t\t<div class=\"elementor-widget-container\">\n\t\t\t\t\t\t\t\t\t<p><span style=\"text-decoration: underline;\"><strong>Bentes aktuelle maleriudstillinger:<br \/><\/strong><\/span>&#8211; Hotherhaven i H\u00e5rlev (begr\u00e6nset adgang)<span style=\"text-decoration: underline;\"><strong><br \/><\/strong><\/span><\/p><p><strong><em>KURSUS:<\/em> BENTE &#8211; L\u00f8r d. 28\/3\u00a0 kl 10-17\u00a0 &#8211;\u00a0 Glostruphallen &#8211;<\/strong>\u00a0 Glostrup<br \/>Skrivedag &#8211; med eller uden versef\u00f8dder. Kom og nyd skrivekunstens gl\u00e6der i \u00e9n af Bentes workshops hvor vi leger med ord, skriver erindringer, sange, digte og r\u00f8verhistorier &#8211; og alt derimellem!<br \/>Info: <span style=\"color: #0000ff;\">www.musikskolenspilop.dk\/kurser\/<br \/><span style=\"color: #000000;\">Tilmelding til Ina Kjelstrup, tlf 20817728\u00a0\u00a0ina.kjelstrup.vhk@gmail.com<\/span><\/span><\/p><p><strong><em>KURSUS:<\/em> BENTE &#8211; L\u00f8r d. 25\/4\u00a0 kl 10-17\u00a0 &#8211;\u00a0 Glostruphallen &#8211;<\/strong>\u00a0 Glostrup<br \/>Skrivedag &#8211; med eller uden versef\u00f8dder. Kom og nyd skrivekunstens gl\u00e6der i \u00e9n af Bentes workshops hvor vi leger med ord, skriver erindringer, sange, digte og r\u00f8verhistorier &#8211; og alt derimellem!<br \/>Info: <span style=\"color: #0000ff;\">www.musikskolenspilop.dk\/kurser\/<br \/><span style=\"color: #000000;\">Tilmelding til Ina Kjelstrup, tlf 20817728\u00a0\u00a0ina.kjelstrup.vhk@gmail.com<\/span><\/span><\/p><p><span style=\"color: #ff0000;\">\u00a0<\/span><strong><span style=\"color: #ff0000;\"><em>1.MAJ-FEST:<\/em>\u00a0<\/span> \u00a0Fredag d. 1\/5\u00a0 kl.8-11.30\u00a0 &#8211;\u00a0 3f-Kastrup, <\/strong>Saltv\u00e6rksvej 68<br \/>Som altid spiller Bente og Leif til f\u00e6llessang hele formiddagen<strong><br \/><\/strong>Info:\u00a0 Tlf 7030 0950\u00a0 &#8211;\u00a0 <a href=\"http:\/\/www.3fkastrup.dk\">www.3fkastrup.dk<\/a><span style=\"color: #0000ff;\">\u00a0<\/span><\/p><p><span style=\"color: #0000ff;\"><br \/><strong><span style=\"color: #ff0000;\"><em>KONCERT:<\/em><\/span> \u00a0<\/strong><\/span><strong>S\u00f8n. d. 10\/5\u00a0 kl 14.15\u00a0 &#8216;T\u00e6nd lyset&#8217; &#8211; Vesthhuset,\u00a0<\/strong>Frederiksbergvej 22, Sor\u00f8<br \/><strong>Billetter<\/strong> inklusiv en let anretnng kl 13<strong> &#8211; www.vesthhuset.dk\u00a0\u00a0<\/strong>eller\u00a0\u00a0<strong>Tlf\u00a0 20210232<\/strong><\/p><p><span style=\"color: #0000ff;\"><strong><span style=\"color: #ff0000;\"><em>KONCERT:<\/em><\/span> \u00a0<\/strong><\/span><strong>Ons. d. 13\/5\u00a0 kl 19.30\u00a0 &#8216;Aakj\u00e6r-koncert&#8217; &#8211; Middelfart &#8211; Lilleb\u00e6ltsv\u00e6rftet<\/strong><br \/>Arrang\u00f8r: \u00c6ldresagen &#8211; billetter k\u00f8bes via<b><br \/><\/b><span style=\"color: #0000ff;\">www.aeldresagen.dk\/lokalafdelinger\/middelfart<\/span><b><br \/><\/b><br \/><strong><em>MALERIUDSTILLING: <\/em><\/strong><strong>BENTE<em> &#8211; <\/em>D. 23.-25.\/5 &#8211; Kunst i Pinsen, Pr\u00f8veg\u00e5rdsvej 35, Nordrup, Ringsted<\/strong><br \/><strong>Bente<\/strong> udstiller i 3 dage dage kl 10-16 hjemme hos sig selv som en del af Ringsted Kommunes kunstprojekt. Hun vil v\u00e6re aktiv med stafeli og malegrej, og maler i \u00e5bent v\u00e6rksted i l\u00f8bet af hele udstillingen. Samtidig vil det v\u00e6re muligt at bes\u00f8ge Leifs udstilling af elektrisk havetog! \ud83d\ude42<br \/><span style=\"color: #0000ff;\">www.kunstipinsen.dk<\/span><\/p><p><span style=\"color: #0000ff;\"><strong><span style=\"color: #ff0000;\"><em>KONCERT:<\/em><\/span> \u00a0<\/strong><\/span><strong>Ons. d. 8\/7\u00a0 kl 19.30\u00a0 &#8216;T\u00e6nd lyset&#8217; &#8211; Sejr\u00f8 Kulturhus<\/strong><br \/><b>Arrang\u00f8r: Sejr\u00f8 Kulturforening &#8211; info: 26583638<\/b><\/p><p><strong><em><span style=\"color: #0000ff;\"><span style=\"color: #ff0000;\">KONCERT:\u00a0 <\/span><\/span><\/em>Ons. d. 22\/7\u00a0 kl 13-14\u00a0 Senior Festival &#8211; Marielyst H\u00f8jskole<br \/><\/strong>F\u00f8rste dag af to-dages festival &#8211; se n\u00e6rmere p\u00e5<br \/><span style=\"color: #0000ff;\">www.hojskolenmarielyst.dk\/seniorfestivalen\/<\/span><b><\/b><\/p><p><em><strong>H\u00d8JSKOLE-KURSET \u2019SANGEN I FOKUS!\u2019: BENTE &#8211;<\/strong><\/em> <strong>D. 25.-31. juli &#8211; Ryslinge H\u00f8jskole<em><br \/><\/em><\/strong>Performance, stemmetr\u00e6ning, sangskrivning, akkompagnement , f\u00e6llessang og samspil<br \/>&#8211; hele vejen rundt om sanggl\u00e6den \ud83d\ude09\u00a0\u00a0\u00a0 <em><br \/><\/em>Tlf 6267 1020\u00a0\u00a0 &#8211;\u00a0\u00a0 <a href=\"http:\/\/www.ryslinge-kortekurser.dk\">www.ryslinge-kortekurser.dk<\/a><\/p><p><strong><em><span style=\"color: #0000ff;\"><span style=\"color: #ff0000;\">KONCERT:\u00a0 <\/span><\/span><\/em>L\u00f8r. d. 26\/9\u00a0 kl 15.45-16.45\u00a0 Fur Forsamlingshus<br \/><\/strong>En h\u00f8jskoledag p\u00e5 \u00f8en Fur med overskriften &#8220;N\u00e5r sandheden er ilde h\u00f8rt&#8221;. <br \/>N\u00e6rmere info f\u00f8lger senere p\u00e5\u00a0<br \/><span style=\"color: #0000ff;\">www.furnyt.dk<\/span><\/p><p><span style=\"color: #ff0000;\"><em><strong>KONCERT:\u00a0<\/strong><\/em><\/span> <strong>Tors. d. 29\/10\u00a0 kl 19.00\u00a0 &#8211;\u00a0 Domus Felix, Lejre <br \/>Bente solo i selskab med Kristian Bach<em><br \/><\/em><\/strong>Bentes \u00e5rlige traditionsrige SpilDanskKoncert, hvor hun spiller egne sange, laver f\u00e6llessang og inviterer en kollega med &#8211; altid et nyt sp\u00e6ndende musikalsk bekendtskab &#8211; i \u00e5r sangskriveren Kristian Bach.\u00a0 <span style=\"color: #0000ff;\">\u00a0<a style=\"color: #0000ff;\" href=\"https:\/\/spildansk.dk\/artister\/kristian-bach\/\">www.<\/a>kristianbach.dk\u00a0<\/span><br \/>Entr\u00e9 120 kr &#8211; Intet forsalg men n\u00e6rmere info p\u00e5 tlf 21650163\u00a0 \u00a0 <span style=\"color: #0000ff;\">www.domusfelix.dk<\/span>\u00a0<br \/>Mulighed for spisning kl 18 &#8211; kontakt Marianne Witzel p\u00e5 <span style=\"color: #0000ff;\">mariannewitzel@gmail.com<\/span> \u00a0\u00a0eller \u00a0\u00a0tlf<strong>.<\/strong> 25391801<\/p>\t\t\t\t\t\t\t\t<\/div>\n\t\t\t\t<\/div>\n\t\t\t\t<div class=\"elementor-element elementor-element-884e1db elementor-widget elementor-widget-heading\" data-id=\"884e1db\" data-element_type=\"widget\" data-widget_type=\"heading.default\">\n\t\t\t\t<div class=\"elementor-widget-container\">\n\t\t\t\t\t<h2 class=\"elementor-heading-title elementor-size-default\">2027<\/h2>\t\t\t\t<\/div>\n\t\t\t\t<\/div>\n\t\t\t\t<div class=\"elementor-element elementor-element-f419cde elementor-widget__width-inherit elementor-widget elementor-widget-text-editor\" data-id=\"f419cde\" data-element_type=\"widget\" data-widget_type=\"text-editor.default\">\n\t\t\t\t<div class=\"elementor-widget-container\">\n\t\t\t\t\t\t\t\t\t<p><strong><span style=\"color: #0000ff;\"><span style=\"color: #ff0000;\"><em>KONCERT: <\/em><\/span><\/span>S\u00f8n. d. 17\/1\u00a0 kl 15.00\u00a0 &#8216;T\u00e6nd lyset&#8217; &#8211; Torskunde Kirke v. Ish\u00f8j<br \/><\/strong>D\u00f8rene \u00e5bnes 14.30 og der bydes p\u00e5 en t\u00e5r at drikke f\u00f8r koncerten.\u00a0<br \/>Info:\u00a0<span style=\"color: #0000ff;\">www.torslundesognogkirke.dk<\/span><\/p><p><strong><br \/>RET TIL \u00c6NDRINGER FORBEHOLDES<\/strong><\/p>\t\t\t\t\t\t\t\t<\/div>\n\t\t\t\t<\/div>\n\t\t\t\t\t<\/div>\n\t\t\t\t<\/div>\n\t\t\t\t<\/div>\n\t\t","protected":false},"excerpt":{"rendered":"<p>Kalender Offentligt tilg\u00e6ngelige arrangementer m. Bente &amp; Leif:(Senest opdateret d. 25.marts 2026) 2026 Bentes aktuelle maleriudstillinger:&#8211; Hotherhaven i H\u00e5rlev (begr\u00e6nset adgang) KURSUS: BENTE &#8211; L\u00f8r d. 28\/3\u00a0 kl 10-17\u00a0 &#8211;\u00a0 Glostruphallen &#8211;\u00a0 GlostrupSkrivedag &#8211; med eller uden versef\u00f8dder. Kom og nyd skrivekunstens gl\u00e6der i \u00e9n af Bentes workshops hvor vi leger med ord, skriver erindringer, [&hellip;]<\/p>\n","protected":false},"author":1,"featured_media":0,"parent":0,"menu_order":0,"comment_status":"closed","ping_status":"closed","template":"","meta":{"_uag_custom_page_level_css":"","site-sidebar-layout":"no-sidebar","site-content-layout":"page-builder","ast-site-content-layout":"full-width-container","site-content-style":"unboxed","site-sidebar-style":"unboxed","ast-global-header-display":"","ast-banner-title-visibility":"","ast-main-header-display":"","ast-hfb-above-header-display":"","ast-hfb-below-header-display":"","ast-hfb-mobile-header-display":"","site-post-title":"disabled","ast-breadcrumbs-content":"","ast-featured-img":"","footer-sml-layout":"","theme-transparent-header-meta":"disabled","adv-header-id-meta":"","stick-header-meta":"","header-above-stick-meta":"","header-main-stick-meta":"","header-below-stick-meta":"","astra-migrate-meta-layouts":"set","ast-page-background-enabled":"default","ast-page-background-meta":{"desktop":{"background-color":"","background-image":"","background-repeat":"repeat","background-position":"center center","background-size":"auto","background-attachment":"scroll","background-type":"","background-media":"","overlay-type":"","overlay-color":"","overlay-opacity":"","overlay-gradient":""},"tablet":{"background-color":"","background-image":"","background-repeat":"repeat","background-position":"center center","background-size":"auto","background-attachment":"scroll","background-type":"","background-media":"","overlay-type":"","overlay-color":"","overlay-opacity":"","overlay-gradient":""},"mobile":{"background-color":"","background-image":"","background-repeat":"repeat","background-position":"center center","background-size":"auto","background-attachment":"scroll","background-type":"","background-media":"","overlay-type":"","overlay-color":"","overlay-opacity":"","overlay-gradient":""}},"ast-content-background-meta":{"desktop":{"background-color":"var(--ast-global-color-5)","background-image":"","background-repeat":"repeat","background-position":"center center","background-size":"auto","background-attachment":"scroll","background-type":"","background-media":"","overlay-type":"","overlay-color":"","overlay-opacity":"","overlay-gradient":""},"tablet":{"background-color":"var(--ast-global-color-5)","background-image":"","background-repeat":"repeat","background-position":"center center","background-size":"auto","background-attachment":"scroll","background-type":"","background-media":"","overlay-type":"","overlay-color":"","overlay-opacity":"","overlay-gradient":""},"mobile":{"background-color":"var(--ast-global-color-5)","background-image":"","background-repeat":"repeat","background-position":"center center","background-size":"auto","background-attachment":"scroll","background-type":"","background-media":"","overlay-type":"","overlay-color":"","overlay-opacity":"","overlay-gradient":""}},"footnotes":""},"class_list":["post-2949","page","type-page","status-publish","hentry"],"uagb_featured_image_src":{"full":false,"thumbnail":false,"medium":false,"medium_large":false,"large":false,"1536x1536":false,"2048x2048":false},"uagb_author_info":{"display_name":"admin","author_link":"https:\/\/benteogleif.dk\/web\/author\/benteo\/"},"uagb_comment_info":0,"uagb_excerpt":"Kalender Offentligt tilg\u00e6ngelige arrangementer m. Bente &amp; Leif:(Senest opdateret d. 25.marts 2026) 2026 Bentes aktuelle maleriudstillinger:&#8211; Hotherhaven i H\u00e5rlev (begr\u00e6nset adgang) KURSUS: BENTE &#8211; L\u00f8r d. 28\/3\u00a0 kl 10-17\u00a0 &#8211;\u00a0 Glostruphallen &#8211;\u00a0 GlostrupSkrivedag &#8211; med eller uden versef\u00f8dder. Kom og nyd skrivekunstens gl\u00e6der i \u00e9n af Bentes workshops hvor vi leger med ord, skriver erindringer,&hellip;","_links":{"self":[{"href":"https:\/\/benteogleif.dk\/web\/wp-json\/wp\/v2\/pages\/2949","targetHints":{"allow":["GET"]}}],"collection":[{"href":"https:\/\/benteogleif.dk\/web\/wp-json\/wp\/v2\/pages"}],"about":[{"href":"https:\/\/benteogleif.dk\/web\/wp-json\/wp\/v2\/types\/page"}],"author":[{"embeddable":true,"href":"https:\/\/benteogleif.dk\/web\/wp-json\/wp\/v2\/users\/1"}],"replies":[{"embeddable":true,"href":"https:\/\/benteogleif.dk\/web\/wp-json\/wp\/v2\/comments?post=2949"}],"version-history":[{"count":248,"href":"https:\/\/benteogleif.dk\/web\/wp-json\/wp\/v2\/pages\/2949\/revisions"}],"predecessor-version":[{"id":5278,"href":"https:\/\/benteogleif.dk\/web\/wp-json\/wp\/v2\/pages\/2949\/revisions\/5278"}],"wp:attachment":[{"href":"https:\/\/benteogleif.dk\/web\/wp-json\/wp\/v2\/media?parent=2949"}],"curies":[{"name":"wp","href":"https:\/\/api.w.org\/{rel}","templated":true}]}}