{"id":2957,"date":"2024-10-11T16:04:11","date_gmt":"2024-10-11T16:04:11","guid":{"rendered":"https:\/\/benteogleif.dk\/web\/?page_id=2957"},"modified":"2025-06-28T10:01:11","modified_gmt":"2025-06-28T10:01:11","slug":"tidligere","status":"publish","type":"page","link":"https:\/\/benteogleif.dk\/web\/tidligere\/","title":{"rendered":"Tidligere"},"content":{"rendered":"\t\t<div data-elementor-type=\"wp-page\" data-elementor-id=\"2957\" class=\"elementor elementor-2957\">\n\t\t\t\t<div class=\"elementor-element elementor-element-173edd6 e-flex e-con-boxed e-con e-parent\" data-id=\"173edd6\" data-element_type=\"container\">\n\t\t\t\t\t<div class=\"e-con-inner\">\n\t\t<div class=\"elementor-element elementor-element-71a2bed e-con-full e-flex e-con e-child\" data-id=\"71a2bed\" data-element_type=\"container\">\n\t\t\t\t<div class=\"elementor-element elementor-element-c877f35 elementor-widget elementor-widget-heading\" data-id=\"c877f35\" data-element_type=\"widget\" data-widget_type=\"heading.default\">\n\t\t\t\t<div class=\"elementor-widget-container\">\n\t\t\t\t\t<h2 class=\"elementor-heading-title elementor-size-default\">Kalender - tidligere arrangementer<\/h2>\t\t\t\t<\/div>\n\t\t\t\t<\/div>\n\t\t\t\t<div class=\"elementor-element elementor-element-71b876e elementor-widget elementor-widget-text-editor\" data-id=\"71b876e\" data-element_type=\"widget\" data-widget_type=\"text-editor.default\">\n\t\t\t\t<div class=\"elementor-widget-container\">\n\t\t\t\t\t\t\t\t\t<p><strong>Offentligt tilg\u00e6ngelige koncerter:<br \/><\/strong><\/p>\t\t\t\t\t\t\t\t<\/div>\n\t\t\t\t<\/div>\n\t\t\t\t<div class=\"elementor-element elementor-element-010be06 elementor-widget__width-inherit elementor-widget elementor-widget-text-editor\" data-id=\"010be06\" data-element_type=\"widget\" data-widget_type=\"text-editor.default\">\n\t\t\t\t<div class=\"elementor-widget-container\">\n\t\t\t\t\t\t\t\t\t<p>23. juni &#8211; St.Hans-aften i \u00d8rslev v. Ringsted<br \/>4. maj &#8211; &#8216;T\u00e6nd lyset&#8217; &#8211; Skt Johannes Kirke i Aarhus\u00a0<br \/>1. maj &#8211; F\u00f8rstemaj-fest i Kastrup 3f<br \/>7. februar &#8211; Lundebjergg\u00e5rd i Frederikssund<br \/>26. januar 2025 &#8211; Mindekoncert for Peter Abrahamsen p\u00e5 Arbejdermuseet i K\u00f8benhavn<br \/>10. december &#8211; Julekoncert p\u00e5 R\u00f8dovreg\u00e5rd i R\u00f8dovre<br \/>30. november &#8211; Julekoncert i Skuldelev Kirke<br \/>14. november &#8211; Aakj\u00e6rkoncert i Terslev Kirke v\/Ringsted<br \/>31. oktober (Bente) &#8211; Spil-dansk-koncert p\u00e5 Domus Felix i Lejre<br \/>14. september &#8211; Koncert p\u00e5 Maries Festival i Galleriet, Mariehaven i Ansager<br \/>5. september \u2013 Koncert \u2019T\u00e6nd lyset\u2019 i Gubben i Hundested<br \/>26.juli-2.aug. &#8211; H\u00f8jskolekursus i performance, sangskrivning p\u00e5 Ryslinge H\u00f8jskole<br \/>1. maj &#8211; F\u00f8rstemaj-fest i Kastrup 3f <br \/>21. april &#8211; Koncert \u2019T\u00e6nd lyset\u2019 i Huset, Faxe Ladeplads<br \/>8. April &#8211; Aakj\u00e6rkoncert p\u00e5 Borup Bibliotek <br \/>25. januar 2024 &#8211; Nyt\u00e5rskoncert i Vemmelev Kirke<\/p>\t\t\t\t\t\t\t\t<\/div>\n\t\t\t\t<\/div>\n\t\t\t\t<div class=\"elementor-element elementor-element-066bcb1 elementor-widget elementor-widget-heading\" data-id=\"066bcb1\" data-element_type=\"widget\" data-widget_type=\"heading.default\">\n\t\t\t\t<div class=\"elementor-widget-container\">\n\t\t\t\t\t<h2 class=\"elementor-heading-title elementor-size-default\">Koncerter l\u00e6ngere bagud gennem tiden:\n<\/h2>\t\t\t\t<\/div>\n\t\t\t\t<\/div>\n\t\t\t\t<div class=\"elementor-element elementor-element-fa915ec elementor-widget__width-inherit elementor-widget elementor-widget-text-editor\" data-id=\"fa915ec\" data-element_type=\"widget\" data-widget_type=\"text-editor.default\">\n\t\t\t\t<div class=\"elementor-widget-container\">\n\t\t\t\t\t\t\t\t\t<p>1988-2006 hver sommer en uges koncerter i Tivolis Vise Vers Hus<\/p><p>I ca. 15 \u00e5r hvert \u00e5r frem til 2018 Julekoncert i Vartov &#8211; Grundtvigs Hus i Kbh. <br \/>Siden p\u00e5 R\u00f8dovregaard<\/p><p>2001-2022 hver sommer Aakj\u00e6rkoncert i Laden p\u00e5 Aakj\u00e6rs kunstnerg\u00e5rd \u2019Jenle\u2019<\/p><p>1991-2022 hver sommerkoncerter p\u00e5 Djursland:<br \/>F\u00f8rst p\u00e5 S\u00f8lballegaard, Knebel<br \/>S\u00e5 p\u00e5 Hotel Ebeltoft Strand <br \/>Siden p\u00e5 R\u00f8degaard, Vistoft<br \/>Og sidst i Strands Forsamlingshus<\/p><p>Gennem alle \u00e5rene spillet i over halvdelen af landets lokalafdelinger af Visens Venner<\/p><p>I nullerne flere turn\u00e9er til Norske vise-klubber samt turn\u00e9 i Holland og i Tyskland<\/p><p>1995-2004 flere turn\u00e9er til Skotske Folk Clubs og festivals<\/p><p>I over 35 \u00e5r fast tilknyttet som musikere og konferenci\u00e9er til Skagen Festival<\/p><p>I over 25 \u00e5r fast tilknyttet som musikere og konferenci\u00e9er til Strib Vinterfestival<\/p><p>Ligeledes fast tilknyttet som musikere og konferenci\u00e9er til Vestjysk Visefestival i Tarm og<br \/>Nordisk Folk og Visefestival i Vordingborg da de fandtes<\/p><p>Siden 2005 har Bente lavet SpilDansk-koncert \u00e5rligt m. g\u00e6ster i Domus Felix i Lejre &#8211; still going strong<\/p><p>2004-2012 fire gange medvirkende til folkfestival TaiAs i Vilnius m\/ turn\u00e9 i Lithauen\/Riga<\/p><p>I 1995 spillet en uge i Gr\u00f8nland<\/p><p>I 2000 spillet en uge i Kuala Lumpur, Malaysia og f\u00f8r det p\u00e5 Borneo til en milj\u00f8konference<\/p><p><strong>I\u00f8vrigt:<\/strong><\/p><p><strong>Spillesteder\/foreninger:<\/strong><\/p><p>Andelen i \u00c6r\u00f8sk\u00f8bing <br \/>Asn\u00e6s, Kulturhuset Aksen <br \/>Aulum M\u00f8lle <br \/>Balle forsamlingshus v. Egtved <br \/>Bakkeg\u00e5rden, H\u00f8jby, Odense S<br \/>Baltoppen i Ballerup <br \/>Bramsn\u00e6s Bibliotek<br \/>Borup Aktivitetshus<br \/>Blixen-klubben, Stevns<br \/>Bornholms hjemstavnsforening<br \/>Brovst Musikforsyning<br \/>Cafe Ayse i F\u00e5revejle St. <br \/>Caf\u00e9 Aroma, Svendborg<br \/>Caf\u00e9 Martins, Fr.berg <br \/>Det Hvide Hus, Kors\u00f8r <br \/>Den Gamle Biograf, Mariager <br \/>Den Gamle Biograf i G\u00f8rlev <br \/>Det bruunske Pakhus, Fredericia <br \/>Det R\u00f8de Pakhus, Marstal, \u00c6r\u00f8<br \/>Elv\u00e6rket, Frederikssund <br \/>Ensted Viseklub <br \/>Ejby Foredragsforening <br \/>Ejby Medborgerhus, K\u00f8ge<br \/>Folkecaf\u00e9en i Fensmark<br \/>Fredenshjem Aktivitetscenter i Br\u00f8rup<br \/>Folkets Hus i Struer, Folkclub95<br \/>Fugls\u00f8centret, Djursland <br \/>Frederikssund Viseklub <br \/>Folk for Folk, Hansted V\u00e6rtshus i Svendborg<br \/>Frederikshavn Teaterforening <br \/>Gimle i Roskilde, FolkRoskilde <br \/>Gunds\u00f8magle Forsamlingshus, Hanebj\u00e6lken <br \/>Gunds\u00f8 Musik og Teaterforening <br \/>G\u00f8rslev Forsamlingshus, TV2-\u00d8st optog koncerten <br \/>Gr\u00f8ndals Musikcaf\u00e9 i Vanl\u00f8se <br \/>Gr\u00f8nnegades Kasserne i N\u00e6stved<br \/>GUF i Strib <br \/>Gevninge Forsamlingshus <br \/>Glums\u00f8 Bio <br \/>Gubben, Hundested<br \/>Hedehuset i Hedehusene<br \/>Hylleholt Sognehus, Faxe Ladeplads<br \/>Humlehaven, Frederikssund<br \/>H\u00f8rve Medborgerhus<br \/>Hejlsminde Forsamlingshus <br \/>Haslev Vise Vers Klub <br \/>Hvals\u00f8 Kulturhus Helsing\u00f8r Musikteater <br \/>Haderslev, Aktivitetshuset <br \/>Huset i Faxe Ladeplads <br \/>Halk\u00e6r Kro v. Nibe <br \/>Humlemagasinet i Harndrup <br \/>Hagges Musikpub i T\u00f8nder <br \/>H\u00f8ve Skovpavillon <br \/>Huset i Hasserisgade, Aalborg <br \/>Industrien i \u00c5rup, Fyn <br \/>Idestrup Foredragsforening<br \/>Inside, Hammel<br \/>Juelsminde Musikforening<br \/>Jysk Musik og Teaterhus i Silkeborg <br \/>Kulturhuset i Skelh\u00f8je, Karup <br \/>Kaasbergcentret, Sor\u00f8<br \/>Kulturhuset Kilden, Br\u00f8ndby<br \/>Karlslunde Bibliotek <br \/>Kulturcentret Gammelgaard i Herlev <br \/>Kirseb\u00e6rkroen, Pr\u00e6st\u00f8 Viseklub <br \/>Karlslundehuset<br \/>Kulturcaf\u00e9en Ida i Levef\u00e6llesskabet Hertha, Herskind <br \/>Kors\u00f8r Medborgerhus <br \/>Klarup Kro <br \/>Kirstinelund Udviklingscenter, Skanderborg<br \/>Karise Visek\u00e6lder<br \/>Kappelborg Kulturhus<br \/>Lindum Landsbykulturhus<br \/>Laugesens Have, Videb\u00e6k <br \/>Lykkebjerg Bondeg\u00e5rdsferie, Ruds Vedby<br \/>Lolland Falster L\u00e6rerforening<br \/>Musikforeningen Drauget <br \/>Maglebr\u00e6nde Forsamlingshus <br \/>Musikteatret i Thisted <br \/>Musikcaf\u00e9en Gilleleje <br \/>Musikteatret i Holstebro, alias det gamle Knudsens Teater <br \/>Mulbjerg M\u00f8lle ved Spjald <br \/>Musikcaf\u00e9en i Blistrup Medborgerhus<br \/>Mandagscaf\u00e9en p\u00e5 Stevns<br \/>M\u00f8destedet i H\u00e5rlev<br \/>Nordjyllands MedieCenter<br \/>Nysted Bio, Lolland <br \/>Nees Forsamlingshus, Vestjylland<br \/>Oasen i Bjerringbro <br \/>Portalen i Greve <br \/>PH-Caf\u00e9en, K\u00f8benhavn<br \/>Retf\u00e6rdigheden i S\u00e6by <br \/>Roskilde Bibliotek<br \/>Rams\u00f8 Musikhus<br \/>Rosenhaven i \u00c5lestrup <br \/>Restaurant Strandpromenaden, Sandvig, Bornholm<br \/>Ringsted Medborgerhus<br \/>SpilOp, Glostrup<br \/>Skuldelev-Sels\u00f8 Multikulturforening<br \/>S\u00f8ftens Forsamlingshus<br \/>Sneslev Forsamlingshus<br \/>Silkeborg ViseVersKlub, Lunden <br \/>Stampenborg, R\u00f8de Kro <br \/>Sk\u00e6lsk\u00f8r Bibliotek <br \/>Snurretoppen i St.Heddinge<br \/>Slagelse Musikhus <br \/>Skive Aktivitetscenter<br \/>Teaterbygningen i K\u00f8ge <br \/>T\u00e5rnby Bibliotek <br \/>T\u00f8ll\u00f8se Aktivitetscentret <br \/>Tranquebar Caf\u00e9 i K\u00f8benhavn <br \/>Teatret Bag Kroen i Ordrup, Charlottenlund <br \/>Thisted Musikteater<br \/>T\u00e5rnby Hovedbibliotek<br \/>Thorning Forsamlingshus, <br \/>Thorup Aktivitetshus<br \/>Tune Borgerhus <br \/>Thorning Forsamlingshus v. Kjellerup<br \/>TelefonFabrikken, S\u00f8borg<br \/>Toldkammeret i Helsing\u00f8r<br \/>Ubby Forsamlingshus<br \/>Vendsyssel Teater i Hj\u00f8rring<br \/>Vesterlunden, Kalundborg Bibliotek i Snertinge<br \/>Vesthhuset i Sor\u00f8 <br \/>V\u00e6rket i Randers, Foyerscenen <br \/>Varde, Smedev\u00e6rkstedet <br \/>Vojens Kultur &amp; Musikhus <br \/>Vejen Kulturforening<br \/>Varpelev Forsamlingshus p\u00e5 Stevns<br \/>\u00c6r\u00f8sk\u00f8bing, Caf\u00e9 Dr\u00e6sinen <br \/>\u00d8sterild F\u00e6lleshus v. Thisted<br \/>\u00d8rslev Kulturhus, Ringsted<br \/>\u00c5rhus Musikhus <br \/>Aalborg Kongress&amp;Kultur-center, Europahallen <br \/>Aars Musikforening<\/p><p><strong>Kirker og menighedshuse:<\/strong><\/p><p>Allehelgens Kirkes krypt <br \/>Ajstrup Sognehus i Tylstrup <br \/>Benl\u00f8se Kirke v. Ringsted <br \/>Bredstrup Kirke v. Fredericia<br \/>Barrit Kirke v. Hedensted<br \/>Dr\u00f8sselbjerg Kirke<br \/>Dalbyneder Kirke <br \/>D\u00e5strup Kirke <br \/>Eg\u00e5 Kirke <br \/>Ebeltoft Sogneg\u00e5rd <br \/>Gren\u00e5 Kirke <br \/>Gl.\u00c5by Kirke <br \/>Gug Kirke <br \/>Glyng\u00f8re Kirke<br \/>Glums\u00f8 Kirke <br \/>Gr\u00e6shave Kirke <br \/>Glim Kirke <br \/>Hald Kirke<br \/>Havdrup Sognehus<br \/>Hallenslev Kirke <br \/>Holtug Kirke <br \/>H\u00e5rlev Kirke<br \/>Hedeg\u00e5rdskirken i Ballerup <br \/>Hejls Kirke <br \/>Hellig\u00e5ndskirken i \u00c5rhus <br \/>H\u00f8jelse Kirke i Lille Skensved <br \/>H\u00e5rlev Kirke<br \/>Hvals\u00f8 Sogneg\u00e5rd<br \/>Jystrup Kirke <br \/>Jystrup Kirke, Stalden <br \/>Krejbjerg Kirke <br \/>Knebel Kirke <br \/>Kolt Kirke <br \/>Klarup Kirke <br \/>Kregme Kirke <br \/>L\u00f8dderup Kirke <br \/>L\u00e6s\u00f8, \u00d8sterby Kirke <br \/>Ll.Fuglede Kirke <br \/>Magleby Kirke<br \/>Nordrup Kirke <br \/>Radsted Kirke <br \/>Risbjerg Kirke, Hvidovre <br \/>R\u00f8rup Kirke <br \/>Rostrup Kirke <br \/>Rye Kirke v. Kr. S\u00e5by<br \/>Ranum Kirke<br \/>Svinninge Kirke <br \/>Solr\u00f8d Strandkirke <br \/>St\u00f8vring Kirke <br \/>Stenstrup Kirke v. Svendborg <br \/>S\u00e6dder Pr\u00e6steg\u00e5rd <br \/>Teestrup Kirke <br \/>Tillizte Kirke <br \/>Torslunde Kirke, Ish\u00f8j <br \/>Vangede Kirke <br \/>Vridsted Kirke<br \/>Vall\u00f8 Kirke <br \/>\u00d8dum Kirke <br \/>\u00d8ster T\u00f8rslev Kirke <br \/>Aarslev Sognehus<\/p><p><strong>H\u00f8jskoler:<\/strong><\/p><p>Livsstilsh\u00f8jskolen i Gudum ved Lemvig <br \/>H\u00f8jskolen Marielyst <br \/>R\u00f8dvig, HK-Klinten Kursuscenter<br \/>Svendborg, HK-Christiansminde Kursuscenter <br \/>Brenderup H\u00f8jskoles Musikforening <br \/>Audonicon i Skanderborg <br \/>Rude Strand Seniorh\u00f8jskole<br \/>Ryslinge H\u00f8jskole<br \/>Vallekilde H\u00f8jskole<br \/>Kolt \u00c6ldreh\u00f8jskole <br \/>R\u00f8rvig Folkeh\u00f8jskole<br \/>Brandbjerg H\u00f8jskole<\/p><p><strong>Festivals o.lign.:<\/strong><\/p><p>Br\u00e6dstruphallen &#8211; Seniordag, Horsens Kommune <br \/>\u00d8ster T\u00f8rslev, Senior-musikfestival i Ommersysselhallen<br \/>Virksund Festival i Virksund Havn<br \/>Tvillingeg\u00e5rden Open Air i Asperup, Fyn <br \/>\u00c6r\u00f8 Single Folk Festival <br \/>Sommersang i Mariehaven i Ansager<br \/>Gr\u00f8ndals Torv &#8211; K\u00f8benhavns sommerunderholdning <br \/>Horbelev-Hallen &#8211; Pensionisternes Samvirke <br \/>3F i Kolding &#8211; Det \u00e5rlige Senior-arrangement <br \/>Marielyst Senior-festival<br \/>Silkeborg, Midtjysk Folkemusik Festival<br \/>Sandbeck-festivalen, Skogsmus\u00e9et i Elverum, Norge<br \/>Ish\u00f8j Harmonikatr\u00e6f <br \/>Sk\u00e5t\u00f8y Vise og Poesi-festival i Norge <br \/>Frederiksund Visefestival <br \/>Festivalen &#8220;Tai as&#8221; i Lithauen <br \/>Belgisk festival<br \/>Musik over Pr\u00e6st\u00f8 fjord &#8211; festival<br \/>Danmarks Maritime Folkem\u00f8de<br \/>Musik i Faksinge Byskov<\/p><p><strong>Andet:<\/strong><\/p><p>3F-Kastrup, Amager, 1.maj-musik <br \/>Aulum Fritidscenter<br \/>Bogforum i Belle Centret<br \/>Dronninglund Kunstcenter <br \/>Hover Kultur og Fritidscenter <br \/>Kongenshus Mindepark<br \/>Messecenter Herning <br \/>HK-huset i Slagelse <br \/>Vejle Fjord Centret &#8211; Festaften for CVU-l\u00e6reruddannelsen <br \/>3F i Skjern <br \/>Odense Kongrescenter &#8211; LO faglige Seniorer<br \/>Krystalnatten i K\u00f8benhavn<\/p><p><strong><em>Og det hele startede med f\u00f8rste koncert i Vall\u00f8 Slotspark St.Hans-aften 1985! ;o)<\/em><\/strong><\/p>\t\t\t\t\t\t\t\t<\/div>\n\t\t\t\t<\/div>\n\t\t\t\t<\/div>\n\t\t\t\t\t<\/div>\n\t\t\t\t<\/div>\n\t\t<div class=\"elementor-element elementor-element-2b588f8 e-flex e-con-boxed e-con e-parent\" data-id=\"2b588f8\" data-element_type=\"container\">\n\t\t\t\t\t<div class=\"e-con-inner\">\n\t\t\t\t\t<\/div>\n\t\t\t\t<\/div>\n\t\t\t\t<\/div>\n\t\t","protected":false},"excerpt":{"rendered":"<p>Kalender &#8211; tidligere arrangementer Offentligt tilg\u00e6ngelige koncerter: 23. juni &#8211; St.Hans-aften i \u00d8rslev v. Ringsted4. maj &#8211; &#8216;T\u00e6nd lyset&#8217; &#8211; Skt Johannes Kirke i Aarhus\u00a01. maj &#8211; F\u00f8rstemaj-fest i Kastrup 3f7. februar &#8211; Lundebjergg\u00e5rd i Frederikssund26. januar 2025 &#8211; Mindekoncert for Peter Abrahamsen p\u00e5 Arbejdermuseet i K\u00f8benhavn10. december &#8211; Julekoncert p\u00e5 R\u00f8dovreg\u00e5rd i R\u00f8dovre30. november [&hellip;]<\/p>\n","protected":false},"author":1,"featured_media":0,"parent":0,"menu_order":0,"comment_status":"closed","ping_status":"closed","template":"","meta":{"_uag_custom_page_level_css":"","site-sidebar-layout":"no-sidebar","site-content-layout":"page-builder","ast-site-content-layout":"full-width-container","site-content-style":"unboxed","site-sidebar-style":"unboxed","ast-global-header-display":"","ast-banner-title-visibility":"","ast-main-header-display":"","ast-hfb-above-header-display":"","ast-hfb-below-header-display":"","ast-hfb-mobile-header-display":"","site-post-title":"disabled","ast-breadcrumbs-content":"","ast-featured-img":"","footer-sml-layout":"","theme-transparent-header-meta":"disabled","adv-header-id-meta":"","stick-header-meta":"","header-above-stick-meta":"","header-main-stick-meta":"","header-below-stick-meta":"","astra-migrate-meta-layouts":"set","ast-page-background-enabled":"default","ast-page-background-meta":{"desktop":{"background-color":"","background-image":"","background-repeat":"repeat","background-position":"center center","background-size":"auto","background-attachment":"scroll","background-type":"","background-media":"","overlay-type":"","overlay-color":"","overlay-opacity":"","overlay-gradient":""},"tablet":{"background-color":"","background-image":"","background-repeat":"repeat","background-position":"center center","background-size":"auto","background-attachment":"scroll","background-type":"","background-media":"","overlay-type":"","overlay-color":"","overlay-opacity":"","overlay-gradient":""},"mobile":{"background-color":"","background-image":"","background-repeat":"repeat","background-position":"center center","background-size":"auto","background-attachment":"scroll","background-type":"","background-media":"","overlay-type":"","overlay-color":"","overlay-opacity":"","overlay-gradient":""}},"ast-content-background-meta":{"desktop":{"background-color":"var(--ast-global-color-5)","background-image":"","background-repeat":"repeat","background-position":"center center","background-size":"auto","background-attachment":"scroll","background-type":"","background-media":"","overlay-type":"","overlay-color":"","overlay-opacity":"","overlay-gradient":""},"tablet":{"background-color":"var(--ast-global-color-5)","background-image":"","background-repeat":"repeat","background-position":"center center","background-size":"auto","background-attachment":"scroll","background-type":"","background-media":"","overlay-type":"","overlay-color":"","overlay-opacity":"","overlay-gradient":""},"mobile":{"background-color":"var(--ast-global-color-5)","background-image":"","background-repeat":"repeat","background-position":"center center","background-size":"auto","background-attachment":"scroll","background-type":"","background-media":"","overlay-type":"","overlay-color":"","overlay-opacity":"","overlay-gradient":""}},"footnotes":""},"class_list":["post-2957","page","type-page","status-publish","hentry"],"uagb_featured_image_src":{"full":false,"thumbnail":false,"medium":false,"medium_large":false,"large":false,"1536x1536":false,"2048x2048":false},"uagb_author_info":{"display_name":"admin","author_link":"https:\/\/benteogleif.dk\/web\/author\/benteo\/"},"uagb_comment_info":0,"uagb_excerpt":"Kalender &#8211; tidligere arrangementer Offentligt tilg\u00e6ngelige koncerter: 23. juni &#8211; St.Hans-aften i \u00d8rslev v. Ringsted4. maj &#8211; &#8216;T\u00e6nd lyset&#8217; &#8211; Skt Johannes Kirke i Aarhus\u00a01. maj &#8211; F\u00f8rstemaj-fest i Kastrup 3f7. februar &#8211; Lundebjergg\u00e5rd i Frederikssund26. januar 2025 &#8211; Mindekoncert for Peter Abrahamsen p\u00e5 Arbejdermuseet i K\u00f8benhavn10. december &#8211; Julekoncert p\u00e5 R\u00f8dovreg\u00e5rd i R\u00f8dovre30. november&hellip;","_links":{"self":[{"href":"https:\/\/benteogleif.dk\/web\/wp-json\/wp\/v2\/pages\/2957","targetHints":{"allow":["GET"]}}],"collection":[{"href":"https:\/\/benteogleif.dk\/web\/wp-json\/wp\/v2\/pages"}],"about":[{"href":"https:\/\/benteogleif.dk\/web\/wp-json\/wp\/v2\/types\/page"}],"author":[{"embeddable":true,"href":"https:\/\/benteogleif.dk\/web\/wp-json\/wp\/v2\/users\/1"}],"replies":[{"embeddable":true,"href":"https:\/\/benteogleif.dk\/web\/wp-json\/wp\/v2\/comments?post=2957"}],"version-history":[{"count":49,"href":"https:\/\/benteogleif.dk\/web\/wp-json\/wp\/v2\/pages\/2957\/revisions"}],"predecessor-version":[{"id":4930,"href":"https:\/\/benteogleif.dk\/web\/wp-json\/wp\/v2\/pages\/2957\/revisions\/4930"}],"wp:attachment":[{"href":"https:\/\/benteogleif.dk\/web\/wp-json\/wp\/v2\/media?parent=2957"}],"curies":[{"name":"wp","href":"https:\/\/api.w.org\/{rel}","templated":true}]}}