{"id":2977,"date":"2024-10-11T17:15:05","date_gmt":"2024-10-11T17:15:05","guid":{"rendered":"https:\/\/benteogleif.dk\/web\/?page_id=2977"},"modified":"2026-01-14T06:42:44","modified_gmt":"2026-01-14T06:42:44","slug":"aktuelt","status":"publish","type":"page","link":"https:\/\/benteogleif.dk\/web\/aktuelt\/","title":{"rendered":"Aktuelt: Koncerten &#8220;T\u00e6nd Lyset&#8221;"},"content":{"rendered":"\t\t<div data-elementor-type=\"wp-page\" data-elementor-id=\"2977\" class=\"elementor elementor-2977\">\n\t\t\t\t<div class=\"elementor-element elementor-element-173edd6 e-flex e-con-boxed e-con e-parent\" data-id=\"173edd6\" data-element_type=\"container\">\n\t\t\t\t\t<div class=\"e-con-inner\">\n\t\t<div class=\"elementor-element elementor-element-4be943b e-con-full e-flex e-con e-child\" data-id=\"4be943b\" data-element_type=\"container\">\n\t\t\t\t<div class=\"elementor-element elementor-element-389b00e elementor-widget elementor-widget-image\" data-id=\"389b00e\" data-element_type=\"widget\" data-widget_type=\"image.default\">\n\t\t\t\t<div class=\"elementor-widget-container\">\n\t\t\t\t\t\t\t\t\t\t\t\t\t\t\t<img decoding=\"async\" src=\"https:\/\/benteogleif.dk\/web\/wp-content\/uploads\/elementor\/thumbs\/0031c-Taend-lyset-scaled-qycufkdt63w39bmbvwbmu5imaohdh535jeocb1k10w.jpg\" title=\"0031c T\u00e6nd lyset\" alt=\"0031c T\u00e6nd lyset\" loading=\"lazy\" \/>\t\t\t\t\t\t\t\t\t\t\t\t\t\t\t<\/div>\n\t\t\t\t<\/div>\n\t\t\t\t<\/div>\n\t\t<div class=\"elementor-element elementor-element-71a2bed e-con-full e-flex e-con e-child\" data-id=\"71a2bed\" data-element_type=\"container\">\n\t\t\t\t<div class=\"elementor-element elementor-element-c877f35 elementor-widget elementor-widget-heading\" data-id=\"c877f35\" data-element_type=\"widget\" data-widget_type=\"heading.default\">\n\t\t\t\t<div class=\"elementor-widget-container\">\n\t\t\t\t\t<h2 class=\"elementor-heading-title elementor-size-default\">Aktuelle koncert i 2026:<\/h2>\t\t\t\t<\/div>\n\t\t\t\t<\/div>\n\t\t\t\t<div class=\"elementor-element elementor-element-e503c5e elementor-widget elementor-widget-heading\" data-id=\"e503c5e\" data-element_type=\"widget\" data-widget_type=\"heading.default\">\n\t\t\t\t<div class=\"elementor-widget-container\">\n\t\t\t\t\t<h2 class=\"elementor-heading-title elementor-size-default\">\"T\u00e6nd lyset!\"<\/h2>\t\t\t\t<\/div>\n\t\t\t\t<\/div>\n\t\t\t\t<div class=\"elementor-element elementor-element-13d73c8 elementor-widget elementor-widget-heading\" data-id=\"13d73c8\" data-element_type=\"widget\" data-widget_type=\"heading.default\">\n\t\t\t\t<div class=\"elementor-widget-container\">\n\t\t\t\t\t<h2 class=\"elementor-heading-title elementor-size-default\">- intensitet og varme, kant og underholdning<\/h2>\t\t\t\t<\/div>\n\t\t\t\t<\/div>\n\t\t\t\t<div class=\"elementor-element elementor-element-010be06 elementor-widget elementor-widget-text-editor\" data-id=\"010be06\" data-element_type=\"widget\" data-widget_type=\"text-editor.default\">\n\t\t\t\t<div class=\"elementor-widget-container\">\n\t\t\t\t\t\t\t\t\t<p>Det, der bliver sunget, spillet og sagt, handler alt sammen om det vigtigste i vor tid; nemlig at holde hovedet koldt, f\u00f8dderne varme og hjertets fakkel t\u00e6ndt i disse dage, hvor et enkelt drys &#8220;Dagens nyheder&#8221; kan ta\u2019 pusten ud af selv den gladeste optimist.<\/p><p><strong>&#8220;T\u00e6nd lyset!&#8221;<\/strong> <strong>er vise viser, sanselige sange og m\u00e6rkbare melodier<\/strong>.\u00a0 Det er <strong>n\u00e6rv\u00e6r<\/strong>, <strong>nerve, smil og filosofiske livsbetragtninger<\/strong> om at finde det lette i det sv\u00e6re \u2013 lyset i m\u00f8rket.<\/p><p>Repertoiret er <strong>egne sange og melodier <\/strong>med et drys af f.eks. Jeppe Aakj\u00e6r, Benny Andersen, Halfdan Rasmussen og de andre store digtere.<\/p>\t\t\t\t\t\t\t\t<\/div>\n\t\t\t\t<\/div>\n\t\t\t\t<div class=\"elementor-element elementor-element-2e734a9 elementor-widget elementor-widget-image\" data-id=\"2e734a9\" data-element_type=\"widget\" data-widget_type=\"image.default\">\n\t\t\t\t<div class=\"elementor-widget-container\">\n\t\t\t\t\t\t\t\t\t\t\t\t\t\t\t<img fetchpriority=\"high\" decoding=\"async\" width=\"936\" height=\"285\" src=\"https:\/\/benteogleif.dk\/web\/wp-content\/uploads\/2024\/12\/0032-Bente-og-Leif-Marielyst-Juli-2016.jpg\" class=\"attachment-large size-large wp-image-3642\" alt=\"\" srcset=\"https:\/\/benteogleif.dk\/web\/wp-content\/uploads\/2024\/12\/0032-Bente-og-Leif-Marielyst-Juli-2016.jpg 936w, https:\/\/benteogleif.dk\/web\/wp-content\/uploads\/2024\/12\/0032-Bente-og-Leif-Marielyst-Juli-2016-300x91.jpg 300w, https:\/\/benteogleif.dk\/web\/wp-content\/uploads\/2024\/12\/0032-Bente-og-Leif-Marielyst-Juli-2016-768x234.jpg 768w\" sizes=\"(max-width: 936px) 100vw, 936px\" \/>\t\t\t\t\t\t\t\t\t\t\t\t\t\t\t<\/div>\n\t\t\t\t<\/div>\n\t\t\t\t<div class=\"elementor-element elementor-element-7039aef elementor-widget elementor-widget-text-editor\" data-id=\"7039aef\" data-element_type=\"widget\" data-widget_type=\"text-editor.default\">\n\t\t\t\t<div class=\"elementor-widget-container\">\n\t\t\t\t\t\t\t\t\t<p><br \/><strong>Bente og Leif<\/strong> har spillet sammen siden 1985 med en aldrig svigtende intensitet og <br \/>et altid skarpt blik p\u00e5, at hverken underholdningsv\u00e6rdien eller humoren bliver underkendt undervejs. Efter \u00e9n af deres seneste optr\u00e6dener, afmeldte arrang\u00f8ren dem ved at sige at \u201dMan bliver simpelthen et bedre menneske af at opleve jer live!\u201d &#8211; og det var efter 2 st\u00e5ende ovationer!<\/p><p>De har gennem \u00e5rene spillet landet tyndt p\u00e5 spillesteder, festivals, kursuscentre,i kirker, foreninger og forsamlingshuse. For skoleb\u00f8rn, pensionister og godtfolk bogstaveligt talt alverdens steder. Og undervejs udgivet 14 plader.<\/p><p>I de flotte anmeldelser har der bl.a. st\u00e5et:<\/p><p><em>\u201dMed sin smukt nuancerede stemme mestrer hun b\u00e5de det blidt poetiske og det mere kontante udtryk\u201d \u00a0og\u00a0 \u201dHan demonstrerer sine virtuose evner p\u00e5 harmonikaen\u201d.<\/em><\/p><p><strong><em>Og det kan man trygt regne med, at de lever op til i s\u00e6rdeles levende live p\u00e5 scenen!<\/em><\/strong><\/p><p><strong><em>Og s\u00e5 er de prismodtagere:<br \/><\/em><\/strong>Danish Music Award i 2004<br \/>Endnu en DMA- nominering i 2007\u00a0<br \/>Aakj\u00e6rprisen i 2012\u00a0<br \/>Bente DMA-nomineret som &#8216;\u00c5rets Sangskriver&#8217; i 2015<br \/>Bente tildelt Dansk Folkeferie Fondens h\u00e6derslegat i 2022<br \/>\u00c5rets Visepris 2022 fra Visens Venner p\u00e5 MusikOverPr\u00e6st\u00f8Fjord-festivalen<\/p><p><em>Maleriet &#8220;Tre lys p\u00e5 en vej&#8221; \u00f8verst til venstre er malet af Bente. <br \/>Se flere malerier under: <a href=\"https:\/\/benteogleif.dk\/web\/kunstgalleri\/\"><u>\u2019Bente Kure Kunstgalleri\u2019<\/u><\/a><\/em><\/p>\t\t\t\t\t\t\t\t<\/div>\n\t\t\t\t<\/div>\n\t\t\t\t<\/div>\n\t\t\t\t\t<\/div>\n\t\t\t\t<\/div>\n\t\t<div class=\"elementor-element elementor-element-2b588f8 e-flex e-con-boxed e-con e-parent\" data-id=\"2b588f8\" data-element_type=\"container\">\n\t\t\t\t\t<div class=\"e-con-inner\">\n\t\t\t\t\t<\/div>\n\t\t\t\t<\/div>\n\t\t\t\t<\/div>\n\t\t","protected":false},"excerpt":{"rendered":"<p>Aktuelle koncert i 2026: &#8220;T\u00e6nd lyset!&#8221; &#8211; intensitet og varme, kant og underholdning Det, der bliver sunget, spillet og sagt, handler alt sammen om det vigtigste i vor tid; nemlig at holde hovedet koldt, f\u00f8dderne varme og hjertets fakkel t\u00e6ndt i disse dage, hvor et enkelt drys &#8220;Dagens nyheder&#8221; kan ta\u2019 pusten ud af selv [&hellip;]<\/p>\n","protected":false},"author":1,"featured_media":0,"parent":0,"menu_order":0,"comment_status":"closed","ping_status":"closed","template":"","meta":{"_uag_custom_page_level_css":"","site-sidebar-layout":"no-sidebar","site-content-layout":"page-builder","ast-site-content-layout":"full-width-container","site-content-style":"unboxed","site-sidebar-style":"unboxed","ast-global-header-display":"","ast-banner-title-visibility":"","ast-main-header-display":"","ast-hfb-above-header-display":"","ast-hfb-below-header-display":"","ast-hfb-mobile-header-display":"","site-post-title":"disabled","ast-breadcrumbs-content":"","ast-featured-img":"","footer-sml-layout":"","theme-transparent-header-meta":"disabled","adv-header-id-meta":"","stick-header-meta":"","header-above-stick-meta":"","header-main-stick-meta":"","header-below-stick-meta":"","astra-migrate-meta-layouts":"set","ast-page-background-enabled":"default","ast-page-background-meta":{"desktop":{"background-color":"","background-image":"","background-repeat":"repeat","background-position":"center center","background-size":"auto","background-attachment":"scroll","background-type":"","background-media":"","overlay-type":"","overlay-color":"","overlay-opacity":"","overlay-gradient":""},"tablet":{"background-color":"","background-image":"","background-repeat":"repeat","background-position":"center center","background-size":"auto","background-attachment":"scroll","background-type":"","background-media":"","overlay-type":"","overlay-color":"","overlay-opacity":"","overlay-gradient":""},"mobile":{"background-color":"","background-image":"","background-repeat":"repeat","background-position":"center center","background-size":"auto","background-attachment":"scroll","background-type":"","background-media":"","overlay-type":"","overlay-color":"","overlay-opacity":"","overlay-gradient":""}},"ast-content-background-meta":{"desktop":{"background-color":"var(--ast-global-color-5)","background-image":"","background-repeat":"repeat","background-position":"center center","background-size":"auto","background-attachment":"scroll","background-type":"","background-media":"","overlay-type":"","overlay-color":"","overlay-opacity":"","overlay-gradient":""},"tablet":{"background-color":"var(--ast-global-color-5)","background-image":"","background-repeat":"repeat","background-position":"center center","background-size":"auto","background-attachment":"scroll","background-type":"","background-media":"","overlay-type":"","overlay-color":"","overlay-opacity":"","overlay-gradient":""},"mobile":{"background-color":"var(--ast-global-color-5)","background-image":"","background-repeat":"repeat","background-position":"center center","background-size":"auto","background-attachment":"scroll","background-type":"","background-media":"","overlay-type":"","overlay-color":"","overlay-opacity":"","overlay-gradient":""}},"footnotes":""},"class_list":["post-2977","page","type-page","status-publish","hentry"],"uagb_featured_image_src":{"full":false,"thumbnail":false,"medium":false,"medium_large":false,"large":false,"1536x1536":false,"2048x2048":false},"uagb_author_info":{"display_name":"admin","author_link":"https:\/\/benteogleif.dk\/web\/author\/benteo\/"},"uagb_comment_info":0,"uagb_excerpt":"Aktuelle koncert i 2026: &#8220;T\u00e6nd lyset!&#8221; &#8211; intensitet og varme, kant og underholdning Det, der bliver sunget, spillet og sagt, handler alt sammen om det vigtigste i vor tid; nemlig at holde hovedet koldt, f\u00f8dderne varme og hjertets fakkel t\u00e6ndt i disse dage, hvor et enkelt drys &#8220;Dagens nyheder&#8221; kan ta\u2019 pusten ud af selv&hellip;","_links":{"self":[{"href":"https:\/\/benteogleif.dk\/web\/wp-json\/wp\/v2\/pages\/2977","targetHints":{"allow":["GET"]}}],"collection":[{"href":"https:\/\/benteogleif.dk\/web\/wp-json\/wp\/v2\/pages"}],"about":[{"href":"https:\/\/benteogleif.dk\/web\/wp-json\/wp\/v2\/types\/page"}],"author":[{"embeddable":true,"href":"https:\/\/benteogleif.dk\/web\/wp-json\/wp\/v2\/users\/1"}],"replies":[{"embeddable":true,"href":"https:\/\/benteogleif.dk\/web\/wp-json\/wp\/v2\/comments?post=2977"}],"version-history":[{"count":26,"href":"https:\/\/benteogleif.dk\/web\/wp-json\/wp\/v2\/pages\/2977\/revisions"}],"predecessor-version":[{"id":5225,"href":"https:\/\/benteogleif.dk\/web\/wp-json\/wp\/v2\/pages\/2977\/revisions\/5225"}],"wp:attachment":[{"href":"https:\/\/benteogleif.dk\/web\/wp-json\/wp\/v2\/media?parent=2977"}],"curies":[{"name":"wp","href":"https:\/\/api.w.org\/{rel}","templated":true}]}}