{"id":30,"date":"2024-08-15T19:53:52","date_gmt":"2024-08-15T19:53:52","guid":{"rendered":"https:\/\/benteogleif.dk\/web\/home\/"},"modified":"2026-04-10T04:56:42","modified_gmt":"2026-04-10T04:56:42","slug":"forside","status":"publish","type":"page","link":"https:\/\/benteogleif.dk\/web\/","title":{"rendered":"Forside"},"content":{"rendered":"\t\t<div data-elementor-type=\"wp-page\" data-elementor-id=\"30\" class=\"elementor elementor-30\">\n\t\t\t\t<div class=\"elementor-element elementor-element-93a966b e-flex e-con-boxed e-con e-parent\" data-id=\"93a966b\" data-element_type=\"container\" data-settings=\"{&quot;background_background&quot;:&quot;slideshow&quot;,&quot;background_slideshow_gallery&quot;:[{&quot;id&quot;:2407,&quot;url&quot;:&quot;https:\\\/\\\/benteogleif.dk\\\/web\\\/wp-content\\\/uploads\\\/2024\\\/08\\\/Slide01-2.jpg&quot;},{&quot;id&quot;:2411,&quot;url&quot;:&quot;https:\\\/\\\/benteogleif.dk\\\/web\\\/wp-content\\\/uploads\\\/2024\\\/08\\\/Slide02-1.jpg&quot;},{&quot;id&quot;:2395,&quot;url&quot;:&quot;https:\\\/\\\/benteogleif.dk\\\/web\\\/wp-content\\\/uploads\\\/2024\\\/08\\\/Slide03.jpg&quot;},{&quot;id&quot;:2396,&quot;url&quot;:&quot;https:\\\/\\\/benteogleif.dk\\\/web\\\/wp-content\\\/uploads\\\/2024\\\/08\\\/Slide04.jpg&quot;}],&quot;background_slideshow_transition_duration&quot;:4000,&quot;background_slideshow_loop&quot;:&quot;yes&quot;,&quot;background_slideshow_slide_duration&quot;:5000,&quot;background_slideshow_slide_transition&quot;:&quot;fade&quot;}\">\n\t\t\t\t\t<div class=\"e-con-inner\">\n\t\t<div class=\"elementor-element elementor-element-aea48f0 e-grid e-con-full e-con e-child\" data-id=\"aea48f0\" data-element_type=\"container\">\n\t\t\t\t<\/div>\n\t\t\t\t\t<\/div>\n\t\t\t\t<\/div>\n\t\t<div class=\"elementor-element elementor-element-e23aaf4 e-con-full e-flex e-con e-parent\" data-id=\"e23aaf4\" data-element_type=\"container\" data-settings=\"{&quot;background_background&quot;:&quot;classic&quot;}\">\n\t\t\t\t<div class=\"elementor-element elementor-element-c4177e9 elementor-widget elementor-widget-heading\" data-id=\"c4177e9\" data-element_type=\"widget\" data-widget_type=\"heading.default\">\n\t\t\t\t<div class=\"elementor-widget-container\">\n\t\t\t\t\t<h2 class=\"elementor-heading-title elementor-size-default\">Nye sange p\u00e5 vej i studiet<\/h2>\t\t\t\t<\/div>\n\t\t\t\t<\/div>\n\t\t\t\t<div class=\"elementor-element elementor-element-6c7ceec elementor-widget elementor-widget-heading\" data-id=\"6c7ceec\" data-element_type=\"widget\" data-widget_type=\"heading.default\">\n\t\t\t\t<div class=\"elementor-widget-container\">\n\t\t\t\t\t<h2 class=\"elementor-heading-title elementor-size-default\">Maleriudstilling, havetog-salg og musik i pinsen - se Kalender!<\/h2>\t\t\t\t<\/div>\n\t\t\t\t<\/div>\n\t\t\t\t<div class=\"elementor-element elementor-element-dfe05eb elementor-widget elementor-widget-heading\" data-id=\"dfe05eb\" data-element_type=\"widget\" data-widget_type=\"heading.default\">\n\t\t\t\t<div class=\"elementor-widget-container\">\n\t\t\t\t\t<h2 class=\"elementor-heading-title elementor-size-default\">Kom med p\u00e5 sk\u00f8nt sommerkursus i Ryslinge - se Kalender!<\/h2>\t\t\t\t<\/div>\n\t\t\t\t<\/div>\n\t\t\t\t<\/div>\n\t\t<div class=\"elementor-element elementor-element-05380ca e-flex e-con-boxed e-con e-parent\" data-id=\"05380ca\" data-element_type=\"container\" data-settings=\"{&quot;background_background&quot;:&quot;classic&quot;}\">\n\t\t\t\t\t<div class=\"e-con-inner\">\n\t\t<div class=\"elementor-element elementor-element-fc2d835 e-con-full e-flex e-con e-child\" data-id=\"fc2d835\" data-element_type=\"container\">\n\t\t\t\t<div class=\"elementor-element elementor-element-4d4360d elementor-widget elementor-widget-text-editor\" data-id=\"4d4360d\" data-element_type=\"widget\" data-widget_type=\"text-editor.default\">\n\t\t\t\t<div class=\"elementor-widget-container\">\n\t\t\t\t\t\t\t\t\t<p style=\"text-align: center;\">G\u00e5 p\u00e5 opdagelse i Bente og Leifs mange aktiviteter, sammen og hver for sig i en verden af musik, undervisning, billedkunst og musikproduktion:<\/p><p style=\"text-align: center;\"><span style=\"color: #73ff00;\">L\u00e6s om de forskellige koncertmuligheder<\/span><br \/><span style=\"color: #73ff00;\">L\u00e6s om Leifs studie ShangriLa<\/span><br \/><span style=\"color: #73ff00;\">Se Bentes malerier<\/span><br \/><span style=\"color: #73ff00;\">F\u00f8lg med p\u00e5 bloggen<\/span><\/p><p><strong>Seneste anmelder-citat:<\/strong><br \/><em><strong>\u201dDanmarks mest alsidige, kunstneriske makkerpar \u2013 som altid <\/strong><\/em><br \/><em><strong>charmerende og hyggeligt, men ogs\u00e5 med holdning og kant\u2026\u201d<\/strong><\/em><\/p>\t\t\t\t\t\t\t\t<\/div>\n\t\t\t\t<\/div>\n\t\t\t\t<\/div>\n\t\t\t\t\t<\/div>\n\t\t\t\t<\/div>\n\t\t<div class=\"elementor-element elementor-element-87f4931 e-flex e-con-boxed e-con e-parent\" data-id=\"87f4931\" data-element_type=\"container\" data-settings=\"{&quot;background_background&quot;:&quot;classic&quot;}\">\n\t\t\t\t\t<div class=\"e-con-inner\">\n\t\t<div class=\"elementor-element elementor-element-e2a69f9 e-con-full e-flex e-con e-child\" data-id=\"e2a69f9\" data-element_type=\"container\">\n\t\t\t\t<div class=\"elementor-element elementor-element-ef115b2 elementor-widget elementor-widget-image\" data-id=\"ef115b2\" data-element_type=\"widget\" data-widget_type=\"image.default\">\n\t\t\t\t<div class=\"elementor-widget-container\">\n\t\t\t\t\t\t\t\t\t\t\t\t\t\t\t\t<a href=\"https:\/\/benteogleif.dk\/web\/kommende\/\">\n\t\t\t\t\t\t\t<img fetchpriority=\"high\" decoding=\"async\" width=\"800\" height=\"600\" src=\"https:\/\/benteogleif.dk\/web\/wp-content\/uploads\/2024\/08\/Kalender.jpg\" class=\"attachment-large size-large wp-image-2325\" alt=\"\" srcset=\"https:\/\/benteogleif.dk\/web\/wp-content\/uploads\/2024\/08\/Kalender.jpg 800w, https:\/\/benteogleif.dk\/web\/wp-content\/uploads\/2024\/08\/Kalender-300x225.jpg 300w, https:\/\/benteogleif.dk\/web\/wp-content\/uploads\/2024\/08\/Kalender-768x576.jpg 768w\" sizes=\"(max-width: 800px) 100vw, 800px\" \/>\t\t\t\t\t\t\t\t<\/a>\n\t\t\t\t\t\t\t\t\t\t\t\t\t\t\t<\/div>\n\t\t\t\t<\/div>\n\t\t\t\t<\/div>\n\t\t<div class=\"elementor-element elementor-element-ef37b31 e-con-full e-flex e-con e-child\" data-id=\"ef37b31\" data-element_type=\"container\">\n\t\t\t\t<div class=\"elementor-element elementor-element-5b39ab3 elementor-widget elementor-widget-image\" data-id=\"5b39ab3\" data-element_type=\"widget\" data-widget_type=\"image.default\">\n\t\t\t\t<div class=\"elementor-widget-container\">\n\t\t\t\t\t\t\t\t\t\t\t\t\t\t\t\t<a href=\"https:\/\/benteogleif.dk\/web\/kunstgalleri\/\">\n\t\t\t\t\t\t\t<img decoding=\"async\" width=\"800\" height=\"600\" src=\"https:\/\/benteogleif.dk\/web\/wp-content\/uploads\/2024\/08\/Video-1.jpg\" class=\"attachment-large size-large wp-image-2327\" alt=\"\" srcset=\"https:\/\/benteogleif.dk\/web\/wp-content\/uploads\/2024\/08\/Video-1.jpg 800w, https:\/\/benteogleif.dk\/web\/wp-content\/uploads\/2024\/08\/Video-1-300x225.jpg 300w, https:\/\/benteogleif.dk\/web\/wp-content\/uploads\/2024\/08\/Video-1-768x576.jpg 768w\" sizes=\"(max-width: 800px) 100vw, 800px\" \/>\t\t\t\t\t\t\t\t<\/a>\n\t\t\t\t\t\t\t\t\t\t\t\t\t\t\t<\/div>\n\t\t\t\t<\/div>\n\t\t\t\t<\/div>\n\t\t<div class=\"elementor-element elementor-element-01fd641 e-con-full e-flex e-con e-child\" data-id=\"01fd641\" data-element_type=\"container\">\n\t\t\t\t<div class=\"elementor-element elementor-element-955c319 elementor-widget elementor-widget-image\" data-id=\"955c319\" data-element_type=\"widget\" data-widget_type=\"image.default\">\n\t\t\t\t<div class=\"elementor-widget-container\">\n\t\t\t\t\t\t\t\t\t\t\t\t\t\t\t\t<a href=\"https:\/\/benteogleif.dk\/web\/leifstudie\/\">\n\t\t\t\t\t\t\t<img decoding=\"async\" width=\"800\" height=\"600\" src=\"https:\/\/benteogleif.dk\/web\/wp-content\/uploads\/2024\/08\/Booking.jpg\" class=\"attachment-large size-large wp-image-2324\" alt=\"\" srcset=\"https:\/\/benteogleif.dk\/web\/wp-content\/uploads\/2024\/08\/Booking.jpg 800w, https:\/\/benteogleif.dk\/web\/wp-content\/uploads\/2024\/08\/Booking-300x225.jpg 300w, https:\/\/benteogleif.dk\/web\/wp-content\/uploads\/2024\/08\/Booking-768x576.jpg 768w\" sizes=\"(max-width: 800px) 100vw, 800px\" \/>\t\t\t\t\t\t\t\t<\/a>\n\t\t\t\t\t\t\t\t\t\t\t\t\t\t\t<\/div>\n\t\t\t\t<\/div>\n\t\t\t\t<\/div>\n\t\t<div class=\"elementor-element elementor-element-08ff15c e-con-full e-flex e-con e-child\" data-id=\"08ff15c\" data-element_type=\"container\">\n\t\t\t\t<div class=\"elementor-element elementor-element-99ea543 elementor-widget elementor-widget-heading\" data-id=\"99ea543\" data-element_type=\"widget\" data-widget_type=\"heading.default\">\n\t\t\t\t<div class=\"elementor-widget-container\">\n\t\t\t\t\t<h2 class=\"elementor-heading-title elementor-size-default\"><a href=\"https:\/\/benteogleif.dk\/web\/kommende\/\">Kalender<\/a><\/h2>\t\t\t\t<\/div>\n\t\t\t\t<\/div>\n\t\t\t\t<\/div>\n\t\t<div class=\"elementor-element elementor-element-eac439c e-con-full e-flex e-con e-child\" data-id=\"eac439c\" data-element_type=\"container\">\n\t\t\t\t<div class=\"elementor-element elementor-element-b9a3d22 elementor-widget elementor-widget-heading\" data-id=\"b9a3d22\" data-element_type=\"widget\" data-widget_type=\"heading.default\">\n\t\t\t\t<div class=\"elementor-widget-container\">\n\t\t\t\t\t<h2 class=\"elementor-heading-title elementor-size-default\"><a href=\"https:\/\/benteogleif.dk\/web\/kunstgalleri\/\">Bente Kure kunstgalleri<\/a><\/h2>\t\t\t\t<\/div>\n\t\t\t\t<\/div>\n\t\t\t\t<\/div>\n\t\t<div class=\"elementor-element elementor-element-ed84281 e-con-full e-flex e-con e-child\" data-id=\"ed84281\" data-element_type=\"container\">\n\t\t\t\t<div class=\"elementor-element elementor-element-df8cc11 elementor-widget elementor-widget-heading\" data-id=\"df8cc11\" data-element_type=\"widget\" data-widget_type=\"heading.default\">\n\t\t\t\t<div class=\"elementor-widget-container\">\n\t\t\t\t\t<h2 class=\"elementor-heading-title elementor-size-default\"><a href=\"https:\/\/benteogleif.dk\/web\/leifstudie\/\">Shangri-La lydstudie<\/a><\/h2>\t\t\t\t<\/div>\n\t\t\t\t<\/div>\n\t\t\t\t<\/div>\n\t\t\t\t\t<\/div>\n\t\t\t\t<\/div>\n\t\t<div class=\"elementor-element elementor-element-d970c71 e-flex e-con-boxed e-con e-parent\" data-id=\"d970c71\" data-element_type=\"container\" data-settings=\"{&quot;background_background&quot;:&quot;classic&quot;}\">\n\t\t\t\t\t<div class=\"e-con-inner\">\n\t\t<div class=\"elementor-element elementor-element-a5be9c4 e-con-full e-flex e-con e-child\" data-id=\"a5be9c4\" data-element_type=\"container\">\n\t\t\t\t<div class=\"elementor-element elementor-element-f925dbe elementor-widget elementor-widget-heading\" data-id=\"f925dbe\" data-element_type=\"widget\" data-widget_type=\"heading.default\">\n\t\t\t\t<div class=\"elementor-widget-container\">\n\t\t\t\t\t<h2 class=\"elementor-heading-title elementor-size-default\">BOOK EN KONCERT<\/h2>\t\t\t\t<\/div>\n\t\t\t\t<\/div>\n\t\t\t\t<div class=\"elementor-element elementor-element-0f5daa3 elementor-widget elementor-widget-text-editor\" data-id=\"0f5daa3\" data-element_type=\"widget\" data-widget_type=\"text-editor.default\">\n\t\t\t\t<div class=\"elementor-widget-container\">\n\t\t\t\t\t\t\t\t\t<p>Gennemkomponeret og n\u00e6rv\u00e6rende musikoplevelse, med hjerte, humor og holdning&#8230;<\/p>\t\t\t\t\t\t\t\t<\/div>\n\t\t\t\t<\/div>\n\t\t\t\t<div class=\"elementor-element elementor-element-7698d76 elementor-align-center elementor-widget elementor-widget-button\" data-id=\"7698d76\" data-element_type=\"widget\" data-widget_type=\"button.default\">\n\t\t\t\t<div class=\"elementor-widget-container\">\n\t\t\t\t\t\t\t\t\t<div class=\"elementor-button-wrapper\">\n\t\t\t\t\t<a class=\"elementor-button elementor-button-link elementor-size-sm\" href=\"https:\/\/benteogleif.dk\/web\/booking\/\">\n\t\t\t\t\t\t<span class=\"elementor-button-content-wrapper\">\n\t\t\t\t\t\t\t\t\t<span class=\"elementor-button-text\">Send en foresp\u00f8rgsel<\/span>\n\t\t\t\t\t<\/span>\n\t\t\t\t\t<\/a>\n\t\t\t\t<\/div>\n\t\t\t\t\t\t\t\t<\/div>\n\t\t\t\t<\/div>\n\t\t\t\t<div class=\"elementor-element elementor-element-2cc63b4 elementor-align-center elementor-widget elementor-widget-button\" data-id=\"2cc63b4\" data-element_type=\"widget\" data-widget_type=\"button.default\">\n\t\t\t\t<div class=\"elementor-widget-container\">\n\t\t\t\t\t\t\t\t\t<div class=\"elementor-button-wrapper\">\n\t\t\t\t\t<a class=\"elementor-button elementor-button-link elementor-size-sm\" href=\"https:\/\/benteogleif.dk\/web\/kontakt\/\">\n\t\t\t\t\t\t<span class=\"elementor-button-content-wrapper\">\n\t\t\t\t\t\t\t\t\t<span class=\"elementor-button-text\">Nyhedsbrev<\/span>\n\t\t\t\t\t<\/span>\n\t\t\t\t\t<\/a>\n\t\t\t\t<\/div>\n\t\t\t\t\t\t\t\t<\/div>\n\t\t\t\t<\/div>\n\t\t\t\t<\/div>\n\t\t\t\t\t<\/div>\n\t\t\t\t<\/div>\n\t\t<div class=\"elementor-element elementor-element-88def90 e-flex e-con-boxed e-con e-parent\" data-id=\"88def90\" data-element_type=\"container\" data-settings=\"{&quot;background_background&quot;:&quot;classic&quot;}\">\n\t\t\t\t\t<div class=\"e-con-inner\">\n\t\t\t\t<div class=\"elementor-element elementor-element-0eb55cf elementor-widget elementor-widget-image\" data-id=\"0eb55cf\" data-element_type=\"widget\" data-widget_type=\"image.default\">\n\t\t\t\t<div class=\"elementor-widget-container\">\n\t\t\t\t\t\t\t\t\t\t\t\t\t\t\t<img decoding=\"async\" src=\"https:\/\/benteogleif.dk\/web\/wp-content\/uploads\/elementor\/thumbs\/StregteningBenteOgLeif-qwbdt4qw91s5pkqctwp6x2zcvm5y3huqe8e6rgxucy.jpg\" title=\"StregteningBenteOgLeif\" alt=\"StregteningBenteOgLeif\" loading=\"lazy\" \/>\t\t\t\t\t\t\t\t\t\t\t\t\t\t\t<\/div>\n\t\t\t\t<\/div>\n\t\t\t\t\t<\/div>\n\t\t\t\t<\/div>\n\t\t\t\t<\/div>\n\t\t","protected":false},"excerpt":{"rendered":"<p>Nye sange p\u00e5 vej i studiet Maleriudstilling, havetog-salg og musik i pinsen &#8211; se Kalender! Kom med p\u00e5 sk\u00f8nt sommerkursus i Ryslinge &#8211; se Kalender! G\u00e5 p\u00e5 opdagelse i Bente og Leifs mange aktiviteter, sammen og hver for sig i en verden af musik, undervisning, billedkunst og musikproduktion: L\u00e6s om de forskellige koncertmulighederL\u00e6s om Leifs [&hellip;]<\/p>\n","protected":false},"author":1,"featured_media":0,"parent":0,"menu_order":0,"comment_status":"closed","ping_status":"closed","template":"","meta":{"_uag_custom_page_level_css":"","site-sidebar-layout":"no-sidebar","site-content-layout":"page-builder","ast-site-content-layout":"full-width-container","site-content-style":"unboxed","site-sidebar-style":"unboxed","ast-global-header-display":"","ast-banner-title-visibility":"","ast-main-header-display":"","ast-hfb-above-header-display":"","ast-hfb-below-header-display":"","ast-hfb-mobile-header-display":"","site-post-title":"disabled","ast-breadcrumbs-content":"","ast-featured-img":"","footer-sml-layout":"","theme-transparent-header-meta":"disabled","adv-header-id-meta":"","stick-header-meta":"","header-above-stick-meta":"","header-main-stick-meta":"","header-below-stick-meta":"","astra-migrate-meta-layouts":"set","ast-page-background-enabled":"default","ast-page-background-meta":{"desktop":{"background-color":"","background-image":"","background-repeat":"repeat","background-position":"center center","background-size":"auto","background-attachment":"scroll","background-type":"","background-media":"","overlay-type":"","overlay-color":"","overlay-opacity":"","overlay-gradient":""},"tablet":{"background-color":"","background-image":"","background-repeat":"repeat","background-position":"center center","background-size":"auto","background-attachment":"scroll","background-type":"","background-media":"","overlay-type":"","overlay-color":"","overlay-opacity":"","overlay-gradient":""},"mobile":{"background-color":"","background-image":"","background-repeat":"repeat","background-position":"center center","background-size":"auto","background-attachment":"scroll","background-type":"","background-media":"","overlay-type":"","overlay-color":"","overlay-opacity":"","overlay-gradient":""}},"ast-content-background-meta":{"desktop":{"background-color":"var(--ast-global-color-5)","background-image":"","background-repeat":"repeat","background-position":"center center","background-size":"auto","background-attachment":"scroll","background-type":"","background-media":"","overlay-type":"","overlay-color":"","overlay-opacity":"","overlay-gradient":""},"tablet":{"background-color":"var(--ast-global-color-5)","background-image":"","background-repeat":"repeat","background-position":"center center","background-size":"auto","background-attachment":"scroll","background-type":"","background-media":"","overlay-type":"","overlay-color":"","overlay-opacity":"","overlay-gradient":""},"mobile":{"background-color":"var(--ast-global-color-5)","background-image":"","background-repeat":"repeat","background-position":"center center","background-size":"auto","background-attachment":"scroll","background-type":"","background-media":"","overlay-type":"","overlay-color":"","overlay-opacity":"","overlay-gradient":""}},"footnotes":""},"class_list":["post-30","page","type-page","status-publish","hentry"],"uagb_featured_image_src":{"full":false,"thumbnail":false,"medium":false,"medium_large":false,"large":false,"1536x1536":false,"2048x2048":false},"uagb_author_info":{"display_name":"admin","author_link":"https:\/\/benteogleif.dk\/web\/author\/benteo\/"},"uagb_comment_info":0,"uagb_excerpt":"Nye sange p\u00e5 vej i studiet Maleriudstilling, havetog-salg og musik i pinsen &#8211; se Kalender! Kom med p\u00e5 sk\u00f8nt sommerkursus i Ryslinge &#8211; se Kalender! G\u00e5 p\u00e5 opdagelse i Bente og Leifs mange aktiviteter, sammen og hver for sig i en verden af musik, undervisning, billedkunst og musikproduktion: L\u00e6s om de forskellige koncertmulighederL\u00e6s om Leifs&hellip;","_links":{"self":[{"href":"https:\/\/benteogleif.dk\/web\/wp-json\/wp\/v2\/pages\/30","targetHints":{"allow":["GET"]}}],"collection":[{"href":"https:\/\/benteogleif.dk\/web\/wp-json\/wp\/v2\/pages"}],"about":[{"href":"https:\/\/benteogleif.dk\/web\/wp-json\/wp\/v2\/types\/page"}],"author":[{"embeddable":true,"href":"https:\/\/benteogleif.dk\/web\/wp-json\/wp\/v2\/users\/1"}],"replies":[{"embeddable":true,"href":"https:\/\/benteogleif.dk\/web\/wp-json\/wp\/v2\/comments?post=30"}],"version-history":[{"count":211,"href":"https:\/\/benteogleif.dk\/web\/wp-json\/wp\/v2\/pages\/30\/revisions"}],"predecessor-version":[{"id":5282,"href":"https:\/\/benteogleif.dk\/web\/wp-json\/wp\/v2\/pages\/30\/revisions\/5282"}],"wp:attachment":[{"href":"https:\/\/benteogleif.dk\/web\/wp-json\/wp\/v2\/media?parent=30"}],"curies":[{"name":"wp","href":"https:\/\/api.w.org\/{rel}","templated":true}]}}