{"id":3156,"date":"2024-11-18T14:19:22","date_gmt":"2024-11-18T14:19:22","guid":{"rendered":"https:\/\/benteogleif.dk\/web\/?page_id=3156"},"modified":"2025-01-08T11:35:09","modified_gmt":"2025-01-08T11:35:09","slug":"ombente","status":"publish","type":"page","link":"https:\/\/benteogleif.dk\/web\/ombente\/","title":{"rendered":"Om Bente"},"content":{"rendered":"\t\t<div data-elementor-type=\"wp-page\" data-elementor-id=\"3156\" class=\"elementor elementor-3156\">\n\t\t\t\t<div class=\"elementor-element elementor-element-173edd6 e-flex e-con-boxed e-con e-parent\" data-id=\"173edd6\" data-element_type=\"container\">\n\t\t\t\t\t<div class=\"e-con-inner\">\n\t\t<div class=\"elementor-element elementor-element-4be943b e-con-full e-flex e-con e-child\" data-id=\"4be943b\" data-element_type=\"container\">\n\t\t\t\t<div class=\"elementor-element elementor-element-389b00e elementor-widget elementor-widget-image\" data-id=\"389b00e\" data-element_type=\"widget\" data-widget_type=\"image.default\">\n\t\t\t\t<div class=\"elementor-widget-container\">\n\t\t\t\t\t\t\t\t\t\t\t\t\t\t\t<img decoding=\"async\" src=\"https:\/\/benteogleif.dk\/web\/wp-content\/uploads\/elementor\/thumbs\/0017a-Om-Bente1-qx8r4frd22dhkbqsnuxwede7rlj5jrbwug19ndwctg.jpg\" title=\"0017a Om Bente1\" alt=\"0017a Om Bente1\" loading=\"lazy\" \/>\t\t\t\t\t\t\t\t\t\t\t\t\t\t\t<\/div>\n\t\t\t\t<\/div>\n\t\t\t\t<\/div>\n\t\t<div class=\"elementor-element elementor-element-71a2bed e-con-full e-flex e-con e-child\" data-id=\"71a2bed\" data-element_type=\"container\">\n\t\t\t\t<div class=\"elementor-element elementor-element-9c13636 elementor-widget elementor-widget-heading\" data-id=\"9c13636\" data-element_type=\"widget\" data-widget_type=\"heading.default\">\n\t\t\t\t<div class=\"elementor-widget-container\">\n\t\t\t\t\t<h2 class=\"elementor-heading-title elementor-size-default\">Bente Kure<\/h2>\t\t\t\t<\/div>\n\t\t\t\t<\/div>\n\t\t\t\t<div class=\"elementor-element elementor-element-010be06 elementor-widget elementor-widget-text-editor\" data-id=\"010be06\" data-element_type=\"widget\" data-widget_type=\"text-editor.default\">\n\t\t\t\t<div class=\"elementor-widget-container\">\n\t\t\t\t\t\t\t\t\t<p>Troubadour og Strengeleger <br \/>Sangsmed, poet og fort\u00e6ller<br \/>Pen og Penself\u00f8rer<br \/>Formidler og Underviser<\/p><p>\u00a0<\/p>\t\t\t\t\t\t\t\t<\/div>\n\t\t\t\t<\/div>\n\t\t\t\t<div class=\"elementor-element elementor-element-3f52d8b elementor-widget elementor-widget-heading\" data-id=\"3f52d8b\" data-element_type=\"widget\" data-widget_type=\"heading.default\">\n\t\t\t\t<div class=\"elementor-widget-container\">\n\t\t\t\t\t<h2 class=\"elementor-heading-title elementor-size-default\">Sagt og skrevet:<\/h2>\t\t\t\t<\/div>\n\t\t\t\t<\/div>\n\t\t\t\t<div class=\"elementor-element elementor-element-42fb7df elementor-widget elementor-widget-text-editor\" data-id=\"42fb7df\" data-element_type=\"widget\" data-widget_type=\"text-editor.default\">\n\t\t\t\t<div class=\"elementor-widget-container\">\n\t\t\t\t\t\t\t\t\t<p><strong><span style=\"text-decoration: underline;\"><em>Sangeren:<\/em><\/span><br \/><\/strong><br \/>&#8220;Hun fortolker sangene med gl\u00f8d, indlevelse og humor.&#8221; <br \/><em>Kjeld Frandsen, Berlingske<\/em><\/p><p>&#8220;Et stort emotionelt vingefang og en smuk, moden stemme.&#8221; <br \/><em>Torbj\u00f8rn Sj\u00f8gren, Politiken<\/em><\/p><p>\u201dMed sin smukt nuancerede stemme mestrer hun b\u00e5de <br \/>det blidt poetiske og det mere kontante udtryk.\u201d<br \/><em>S\u00f8ren Chr. Kirkegaard, Jyllandsposte<\/em><\/p><p><strong><span style=\"text-decoration: underline;\"><em>Underviseren:<\/em><\/span><\/strong><\/p><p>\u201dHun giver deltagerne et kreativt vitamintilskud som st\u00f8tter og g\u00f8der skriveriet\u201d<br \/><i>Anders Mikkelsen, Musiker og Sangskriver<\/i><\/p><p>\u201dS\u00e5dan et kursus m\u00e5 man deltage i igen og igen <br \/>\u2013 det forh\u00f8jer livsgl\u00e6den!\u201d<br \/><i>Inger Bonde, Greve Sl\u00e6gtsforskningsgruppe<\/i><\/p><p>\u201dBente har en god indlevelse i den, der er \u2019p\u00e5\u2019<br \/>og underviser p\u00e5 en meget \u00e6rlig og anerkendende m\u00e5de\u201d<br \/><i>Visens Venner, Ballerup<br \/><br \/><\/i><\/p>\t\t\t\t\t\t\t\t<\/div>\n\t\t\t\t<\/div>\n\t\t\t\t<div class=\"elementor-element elementor-element-596f6c5 elementor-widget elementor-widget-heading\" data-id=\"596f6c5\" data-element_type=\"widget\" data-widget_type=\"heading.default\">\n\t\t\t\t<div class=\"elementor-widget-container\">\n\t\t\t\t\t<h2 class=\"elementor-heading-title elementor-size-default\">Gennem \u00e5rene:<\/h2>\t\t\t\t<\/div>\n\t\t\t\t<\/div>\n\t\t\t\t<div class=\"elementor-element elementor-element-cbb69b2 elementor-widget elementor-widget-text-editor\" data-id=\"cbb69b2\" data-element_type=\"widget\" data-widget_type=\"text-editor.default\">\n\t\t\t\t<div class=\"elementor-widget-container\">\n\t\t\t\t\t\t\t\t\t<p>Sunget, spillet guitar og optr\u00e5dt siden 1974, og siden 1984 professionelt.<\/p><p>Sangskriver helt fra teenage\u00e5rene.<\/p><p>Var sygeplejerske p\u00e5 deltid 1979-96.<\/p><p>Er ud af en h\u00f8jskolefamilie og har n\u00e6rmest h\u00f8jskolesangbogen og den danske sangtradition i mine gener.<\/p><p>Modtaget sangundervisning af solist ved Det Kgl.Teater Steen Byriel , repetit\u00f8r ved Statens Teaterskole Esben Strandskov og den Broadway-musical-uddannede sangerinde Lise Nees, samt stemmeforskeren Joe Estill og Renee Williams fra Nashville. Desuden Cathrine Sadolin og Marie Bergman.<\/p><p>Medvirkede i &#8217;89-&#8217;91 i Brecht Gruppens Rudolf Nielsen-forestilling.<\/p><p>Dannede i 1992-99 trioen MacNolia sammen med guitaristen Lisbeth Juul Hansen og den skotske sangerinde Maureen McSherry. (1 CD: &#8220;Dirty Ol&#8217; Girls&#8221;)<\/p><p>Var i flere \u00e5rtier fast konferencier ved Skagen og Strib festival&#8217;erne, Vestjysk Visefestival samt Nordisk Folk &amp; Visefestival i Vordingborg.<\/p><p>1995-2000 ofte turneret solo i Skotland.<\/p><p>Lavede i nullerne to digtsamlinger: &#8216;Revet ud af virkeligheden&#8217; 1 og 2.<\/p><p>1992-2007 fast studiev\u00e6rt p\u00e5 &#8220;Folk-Mix&#8221; p\u00e5 lokalradioen Roskilde Dampradio.<\/p><p>1997-98 freelance-medarbejder p\u00e5 DR\u2019s og Ida Bj\u00f8rn Nielsens &#8220;Viser &amp; Sange&#8221;.<\/p><p>Medvirket i en lang r\u00e6kke radio og TV-programmer, bl.a. i DR-TV i Kjeld Heicks &#8220;Musikbutikken&#8221; i april 2000, DK4&#8217;s &#8220;Musikalske venner&#8221; sommeren 2004, TV2\u00d8st\u2019s portr\u00e6tudsendelse \u201dVisens mestre\u201d i 2013, TV2 Charlie&#8217;s &#8220;Sommersang fra Mariehaven&#8221; i 2012 og 2017 og DK4 koncertoptagelse fra Vesthhuset i 2019.<\/p><p>1989-2006 Undervist i sang og stemmebrug.<\/p><p>Siden 2010 undervist i sceneteknik, performance, tekst og sangskrivning<\/p><p>Malet siden 2001 &#8211; debuterede med f\u00f8rste separatudstilling Marts 2004 og mange flere siden.<\/p><p>Fik i 2015 sangen \u201dDet du gi\u2019r kommer altid tilbage\u201d med i Arbejdersangbogen<\/p><p>Har i hele 2024 arbejdet p\u00e5 min f\u00f8rste bog &#8211; en novelle og sangtekstsamling, der er planlagt til udgivelse primo 2025.<\/p><p><strong>Og ikke mindst &#8211; siden &#8217;85 dannet musikalsk makkerpar med Leif!\u00a0<\/strong><\/p>\t\t\t\t\t\t\t\t<\/div>\n\t\t\t\t<\/div>\n\t\t<div class=\"elementor-element elementor-element-68e5870 e-grid e-con-full e-con e-child\" data-id=\"68e5870\" data-element_type=\"container\">\n\t\t\t\t<div class=\"elementor-element elementor-element-eb4e3ea elementor-widget elementor-widget-image\" data-id=\"eb4e3ea\" data-element_type=\"widget\" data-widget_type=\"image.default\">\n\t\t\t\t<div class=\"elementor-widget-container\">\n\t\t\t\t\t\t\t\t\t\t\t\t\t\t\t<img fetchpriority=\"high\" decoding=\"async\" width=\"1024\" height=\"1012\" src=\"https:\/\/benteogleif.dk\/web\/wp-content\/uploads\/2024\/11\/0018-Om-Bente-2-1024x1012.jpg\" class=\"attachment-large size-large wp-image-3546\" alt=\"\" srcset=\"https:\/\/benteogleif.dk\/web\/wp-content\/uploads\/2024\/11\/0018-Om-Bente-2-1024x1012.jpg 1024w, https:\/\/benteogleif.dk\/web\/wp-content\/uploads\/2024\/11\/0018-Om-Bente-2-300x296.jpg 300w, https:\/\/benteogleif.dk\/web\/wp-content\/uploads\/2024\/11\/0018-Om-Bente-2-768x759.jpg 768w, https:\/\/benteogleif.dk\/web\/wp-content\/uploads\/2024\/11\/0018-Om-Bente-2-1536x1518.jpg 1536w, https:\/\/benteogleif.dk\/web\/wp-content\/uploads\/2024\/11\/0018-Om-Bente-2-2048x2024.jpg 2048w\" sizes=\"(max-width: 1024px) 100vw, 1024px\" \/>\t\t\t\t\t\t\t\t\t\t\t\t\t\t\t<\/div>\n\t\t\t\t<\/div>\n\t\t\t\t<div class=\"elementor-element elementor-element-fb40181 elementor-widget elementor-widget-image\" data-id=\"fb40181\" data-element_type=\"widget\" data-widget_type=\"image.default\">\n\t\t\t\t<div class=\"elementor-widget-container\">\n\t\t\t\t\t\t\t\t\t\t\t\t\t\t\t<img decoding=\"async\" width=\"735\" height=\"1024\" src=\"https:\/\/benteogleif.dk\/web\/wp-content\/uploads\/2024\/11\/0019-Om-Bente-3-735x1024.jpg\" class=\"attachment-large size-large wp-image-3547\" alt=\"\" srcset=\"https:\/\/benteogleif.dk\/web\/wp-content\/uploads\/2024\/11\/0019-Om-Bente-3-735x1024.jpg 735w, https:\/\/benteogleif.dk\/web\/wp-content\/uploads\/2024\/11\/0019-Om-Bente-3-215x300.jpg 215w, https:\/\/benteogleif.dk\/web\/wp-content\/uploads\/2024\/11\/0019-Om-Bente-3-768x1070.jpg 768w, https:\/\/benteogleif.dk\/web\/wp-content\/uploads\/2024\/11\/0019-Om-Bente-3-1103x1536.jpg 1103w, https:\/\/benteogleif.dk\/web\/wp-content\/uploads\/2024\/11\/0019-Om-Bente-3-1470x2048.jpg 1470w, https:\/\/benteogleif.dk\/web\/wp-content\/uploads\/2024\/11\/0019-Om-Bente-3.jpg 1812w\" sizes=\"(max-width: 735px) 100vw, 735px\" \/>\t\t\t\t\t\t\t\t\t\t\t\t\t\t\t<\/div>\n\t\t\t\t<\/div>\n\t\t\t\t<div class=\"elementor-element elementor-element-f3dae29 elementor-widget elementor-widget-image\" data-id=\"f3dae29\" data-element_type=\"widget\" data-widget_type=\"image.default\">\n\t\t\t\t<div class=\"elementor-widget-container\">\n\t\t\t\t\t\t\t\t\t\t\t\t\t\t\t<img decoding=\"async\" width=\"1024\" height=\"799\" src=\"https:\/\/benteogleif.dk\/web\/wp-content\/uploads\/2024\/11\/0020-Om-Bente-4-1024x799.jpg\" class=\"attachment-large size-large wp-image-3548\" alt=\"\" srcset=\"https:\/\/benteogleif.dk\/web\/wp-content\/uploads\/2024\/11\/0020-Om-Bente-4-1024x799.jpg 1024w, https:\/\/benteogleif.dk\/web\/wp-content\/uploads\/2024\/11\/0020-Om-Bente-4-300x234.jpg 300w, https:\/\/benteogleif.dk\/web\/wp-content\/uploads\/2024\/11\/0020-Om-Bente-4-768x599.jpg 768w, https:\/\/benteogleif.dk\/web\/wp-content\/uploads\/2024\/11\/0020-Om-Bente-4-1536x1198.jpg 1536w, https:\/\/benteogleif.dk\/web\/wp-content\/uploads\/2024\/11\/0020-Om-Bente-4-2048x1598.jpg 2048w\" sizes=\"(max-width: 1024px) 100vw, 1024px\" \/>\t\t\t\t\t\t\t\t\t\t\t\t\t\t\t<\/div>\n\t\t\t\t<\/div>\n\t\t\t\t<\/div>\n\t\t\t\t<\/div>\n\t\t\t\t\t<\/div>\n\t\t\t\t<\/div>\n\t\t<div class=\"elementor-element elementor-element-2b588f8 e-flex e-con-boxed e-con e-parent\" data-id=\"2b588f8\" data-element_type=\"container\">\n\t\t\t\t\t<div class=\"e-con-inner\">\n\t\t\t\t\t<\/div>\n\t\t\t\t<\/div>\n\t\t\t\t<\/div>\n\t\t","protected":false},"excerpt":{"rendered":"<p>Bente Kure Troubadour og Strengeleger Sangsmed, poet og fort\u00e6llerPen og Penself\u00f8rerFormidler og Underviser \u00a0 Sagt og skrevet: Sangeren:&#8220;Hun fortolker sangene med gl\u00f8d, indlevelse og humor.&#8221; Kjeld Frandsen, Berlingske &#8220;Et stort emotionelt vingefang og en smuk, moden stemme.&#8221; Torbj\u00f8rn Sj\u00f8gren, Politiken \u201dMed sin smukt nuancerede stemme mestrer hun b\u00e5de det blidt poetiske og det mere kontante [&hellip;]<\/p>\n","protected":false},"author":1,"featured_media":0,"parent":0,"menu_order":0,"comment_status":"closed","ping_status":"closed","template":"","meta":{"_uag_custom_page_level_css":"","site-sidebar-layout":"no-sidebar","site-content-layout":"page-builder","ast-site-content-layout":"full-width-container","site-content-style":"unboxed","site-sidebar-style":"unboxed","ast-global-header-display":"","ast-banner-title-visibility":"","ast-main-header-display":"","ast-hfb-above-header-display":"","ast-hfb-below-header-display":"","ast-hfb-mobile-header-display":"","site-post-title":"disabled","ast-breadcrumbs-content":"","ast-featured-img":"","footer-sml-layout":"","theme-transparent-header-meta":"disabled","adv-header-id-meta":"","stick-header-meta":"","header-above-stick-meta":"","header-main-stick-meta":"","header-below-stick-meta":"","astra-migrate-meta-layouts":"set","ast-page-background-enabled":"default","ast-page-background-meta":{"desktop":{"background-color":"","background-image":"","background-repeat":"repeat","background-position":"center center","background-size":"auto","background-attachment":"scroll","background-type":"","background-media":"","overlay-type":"","overlay-color":"","overlay-opacity":"","overlay-gradient":""},"tablet":{"background-color":"","background-image":"","background-repeat":"repeat","background-position":"center center","background-size":"auto","background-attachment":"scroll","background-type":"","background-media":"","overlay-type":"","overlay-color":"","overlay-opacity":"","overlay-gradient":""},"mobile":{"background-color":"","background-image":"","background-repeat":"repeat","background-position":"center center","background-size":"auto","background-attachment":"scroll","background-type":"","background-media":"","overlay-type":"","overlay-color":"","overlay-opacity":"","overlay-gradient":""}},"ast-content-background-meta":{"desktop":{"background-color":"var(--ast-global-color-5)","background-image":"","background-repeat":"repeat","background-position":"center center","background-size":"auto","background-attachment":"scroll","background-type":"","background-media":"","overlay-type":"","overlay-color":"","overlay-opacity":"","overlay-gradient":""},"tablet":{"background-color":"var(--ast-global-color-5)","background-image":"","background-repeat":"repeat","background-position":"center center","background-size":"auto","background-attachment":"scroll","background-type":"","background-media":"","overlay-type":"","overlay-color":"","overlay-opacity":"","overlay-gradient":""},"mobile":{"background-color":"var(--ast-global-color-5)","background-image":"","background-repeat":"repeat","background-position":"center center","background-size":"auto","background-attachment":"scroll","background-type":"","background-media":"","overlay-type":"","overlay-color":"","overlay-opacity":"","overlay-gradient":""}},"footnotes":""},"class_list":["post-3156","page","type-page","status-publish","hentry"],"uagb_featured_image_src":{"full":false,"thumbnail":false,"medium":false,"medium_large":false,"large":false,"1536x1536":false,"2048x2048":false},"uagb_author_info":{"display_name":"admin","author_link":"https:\/\/benteogleif.dk\/web\/author\/benteo\/"},"uagb_comment_info":0,"uagb_excerpt":"Bente Kure Troubadour og Strengeleger Sangsmed, poet og fort\u00e6llerPen og Penself\u00f8rerFormidler og Underviser \u00a0 Sagt og skrevet: Sangeren:&#8220;Hun fortolker sangene med gl\u00f8d, indlevelse og humor.&#8221; Kjeld Frandsen, Berlingske &#8220;Et stort emotionelt vingefang og en smuk, moden stemme.&#8221; Torbj\u00f8rn Sj\u00f8gren, Politiken \u201dMed sin smukt nuancerede stemme mestrer hun b\u00e5de det blidt poetiske og det mere kontante&hellip;","_links":{"self":[{"href":"https:\/\/benteogleif.dk\/web\/wp-json\/wp\/v2\/pages\/3156","targetHints":{"allow":["GET"]}}],"collection":[{"href":"https:\/\/benteogleif.dk\/web\/wp-json\/wp\/v2\/pages"}],"about":[{"href":"https:\/\/benteogleif.dk\/web\/wp-json\/wp\/v2\/types\/page"}],"author":[{"embeddable":true,"href":"https:\/\/benteogleif.dk\/web\/wp-json\/wp\/v2\/users\/1"}],"replies":[{"embeddable":true,"href":"https:\/\/benteogleif.dk\/web\/wp-json\/wp\/v2\/comments?post=3156"}],"version-history":[{"count":19,"href":"https:\/\/benteogleif.dk\/web\/wp-json\/wp\/v2\/pages\/3156\/revisions"}],"predecessor-version":[{"id":4233,"href":"https:\/\/benteogleif.dk\/web\/wp-json\/wp\/v2\/pages\/3156\/revisions\/4233"}],"wp:attachment":[{"href":"https:\/\/benteogleif.dk\/web\/wp-json\/wp\/v2\/media?parent=3156"}],"curies":[{"name":"wp","href":"https:\/\/api.w.org\/{rel}","templated":true}]}}