{"id":3577,"date":"2024-12-11T13:51:32","date_gmt":"2024-12-11T13:51:32","guid":{"rendered":"https:\/\/benteogleif.dk\/web\/?page_id=3577"},"modified":"2025-01-08T11:55:59","modified_gmt":"2025-01-08T11:55:59","slug":"omleif","status":"publish","type":"page","link":"https:\/\/benteogleif.dk\/web\/omleif\/","title":{"rendered":"Om Leif"},"content":{"rendered":"\t\t<div data-elementor-type=\"wp-page\" data-elementor-id=\"3577\" class=\"elementor elementor-3577\">\n\t\t\t\t<div class=\"elementor-element elementor-element-173edd6 e-flex e-con-boxed e-con e-parent\" data-id=\"173edd6\" data-element_type=\"container\">\n\t\t\t\t\t<div class=\"e-con-inner\">\n\t\t<div class=\"elementor-element elementor-element-4be943b e-con-full e-flex e-con e-child\" data-id=\"4be943b\" data-element_type=\"container\">\n\t\t\t\t<div class=\"elementor-element elementor-element-389b00e elementor-widget elementor-widget-image\" data-id=\"389b00e\" data-element_type=\"widget\" data-widget_type=\"image.default\">\n\t\t\t\t<div class=\"elementor-widget-container\">\n\t\t\t\t\t\t\t\t\t\t\t\t\t\t\t<img decoding=\"async\" src=\"https:\/\/benteogleif.dk\/web\/wp-content\/uploads\/elementor\/thumbs\/0028a-Om-Leif-qycquqm3vm5eglc83sj1b6c4zskmtm19imaydkldug.jpg\" title=\"0028a Om Leif\" alt=\"0028a Om Leif\" loading=\"lazy\" \/>\t\t\t\t\t\t\t\t\t\t\t\t\t\t\t<\/div>\n\t\t\t\t<\/div>\n\t\t\t\t<\/div>\n\t\t<div class=\"elementor-element elementor-element-71a2bed e-con-full e-flex e-con e-child\" data-id=\"71a2bed\" data-element_type=\"container\">\n\t\t\t\t<div class=\"elementor-element elementor-element-c877f35 elementor-widget elementor-widget-heading\" data-id=\"c877f35\" data-element_type=\"widget\" data-widget_type=\"heading.default\">\n\t\t\t\t<div class=\"elementor-widget-container\">\n\t\t\t\t\t<h2 class=\"elementor-heading-title elementor-size-default\">Leif Ernstsen<\/h2>\t\t\t\t<\/div>\n\t\t\t\t<\/div>\n\t\t\t\t<div class=\"elementor-element elementor-element-010be06 elementor-widget elementor-widget-text-editor\" data-id=\"010be06\" data-element_type=\"widget\" data-widget_type=\"text-editor.default\">\n\t\t\t\t<div class=\"elementor-widget-container\">\n\t\t\t\t\t\t\t\t\t<p><strong><em>&#8220;Leif akkompagnerer t\u00e6t <\/em><\/strong><br \/><strong><em>med sit rigt nuancerede og stemningsfyldte spil.&#8221; <\/em><\/strong><br \/><em>S\u00f8ren Chr. Kirkegaard, Jyllandsposten<\/em><\/p><p><strong><em>&#8220;Han spiller med overd\u00e5dig virtuositet&#8221;<\/em><\/strong><br \/><em>Ringkj\u00f8bing Amts Dagblad<\/em><\/p>\t\t\t\t\t\t\t\t<\/div>\n\t\t\t\t<\/div>\n\t\t\t\t<div class=\"elementor-element elementor-element-ce199d9 elementor-widget elementor-widget-text-editor\" data-id=\"ce199d9\" data-element_type=\"widget\" data-widget_type=\"text-editor.default\">\n\t\t\t\t<div class=\"elementor-widget-container\">\n\t\t\t\t\t\t\t\t\t<p>Leif Ernstsen er en harmonikaspiller med en us\u00e6dvanlig baggrund for sin spillestil. Han er solidt forankret i spillemandsmusikken og opl\u00e6rt p\u00e5 \u00e6gte overleveringsvis af de gamle spillem\u00e6nd fra bl.a. Rebild og \u00c5rhus. Men en liges\u00e5 stor del af hans inspiration stammer fra en ungdom fyldt med Pink Floyd, Genesis og Moody Blues og andre af datidens eksperimenterende og symfoniske rockbands! <br \/>M\u00e5ske er det den cocktail, der ofte f\u00e5r unge som gamle til begejstret at udbryde: &#8220;Wow, s\u00e5dan vidste jeg ikke, at en harmonika kunne spilles eller lyde!&#8221; og \u201dNormalt kan jeg alts\u00e5 ikke lide harmonika, men det du spiller er jo fantastisk!\u201d<\/p><p>Har spillet siden han var 12 \u00e5r og er opvokset med traditionsdanse til alle \u00e5rstids- og familiefesterne. S\u00e5 hans basis og h\u00e5ndv\u00e6rk er den traditionelle og skandinaviske folketone. Som 18-22-\u00e5rig lagde han en overgang folketonen til side for at spille elguitar og rockmusik. \u201dDet var der mere &#8216;standing&#8217; og flere piger i!&#8221; som han engang sagde, men herefter vendte han tilbage til harmonikaen, og har siden udforsket dens mange muligheder som den akustiske synthesizer, han har udn\u00e6vnt den til at v\u00e6re. Og dermed udviklet en helt unik og personlig spillestil, der har bragt ham til at spille i et utal af sammenh\u00e6nge og medvirket p\u00e5 over 100 plader.<\/p>\t\t\t\t\t\t\t\t<\/div>\n\t\t\t\t<\/div>\n\t\t\t\t<div class=\"elementor-element elementor-element-eb7db66 elementor-widget elementor-widget-heading\" data-id=\"eb7db66\" data-element_type=\"widget\" data-widget_type=\"heading.default\">\n\t\t\t\t<div class=\"elementor-widget-container\">\n\t\t\t\t\t<h2 class=\"elementor-heading-title elementor-size-default\">Gennem \u00e5rene musikalsk:<\/h2>\t\t\t\t<\/div>\n\t\t\t\t<\/div>\n\t\t\t\t<div class=\"elementor-element elementor-element-bf2090b elementor-widget elementor-widget-text-editor\" data-id=\"bf2090b\" data-element_type=\"widget\" data-widget_type=\"text-editor.default\">\n\t\t\t\t<div class=\"elementor-widget-container\">\n\t\t\t\t\t\t\t\t\t<p>&#8211; i \u00e5rtier spillet spillemandsmusik til b\u00e5de baller og koncerter &#8211; is\u00e6r i sine unge dage i bandet \u2019Kornmod\u2019.<br \/><br \/>&#8211; fra 1994 og to \u00e5rtier frem v\u00e6ret et centralt medlem af bandet \u2019Peter Abrahamsen &amp; Bellpepper Boys\u2019, der spillede cajun, zydeco og texmex.<br \/><br \/>&#8211; i 80\u2019erne dannet duo med Jens \u2019Folkesanger\u2019 Christensen.<br \/><br \/>&#8211; siden 1984 af flere omgange v\u00e6ret medlem af det legendariske irske band \u2019Paddy Doyles\u2019 med Alan Klitgaard &#8211; ligeledes af \u2019Alan Klitgaard-band\u2019.<br \/><br \/>&#8211; hvert \u00e5r fra 1984-2017 p\u00e5 Skagen Festival v\u00e6ret manden bag den store koncert \u2019Ceilidh\u2019 l\u00f8rdag eftermiddag i Skagen Hallen og s\u00f8ndagens \u2019Singers Afternoon\u2019 p\u00e5 havnen, hvor han bragte 100-vis af musikere sammen i de to legendariske shows.<br \/><br \/>&#8211; har ligeledes gennem \u00e5rtier v\u00e6ret konferencier ved Strib Vinterfestival, ved de tidligere Nordisk Vise &amp; Folk Festival i Vordingborg og Vestjysk Festival i Tarm.<br \/><br \/>&#8211; har spillet i \u2019Cornelis Vreejsvijk Cabaret\u2019 p\u00e5 landsturn\u00e9 med Det Danske Teater, p\u00e5 Odense Teater i forestillingen \u2019Guld\u00e6gget\u2019 og i Brecht Gruppens \u2019Bella Chaio\u2019-forestilling med Carlo Barsotti som instrukt\u00f8r.<\/p>\t\t\t\t\t\t\t\t<\/div>\n\t\t\t\t<\/div>\n\t\t\t\t<div class=\"elementor-element elementor-element-c91e369 elementor-widget elementor-widget-heading\" data-id=\"c91e369\" data-element_type=\"widget\" data-widget_type=\"heading.default\">\n\t\t\t\t<div class=\"elementor-widget-container\">\n\t\t\t\t\t<h2 class=\"elementor-heading-title elementor-size-default\">Gennem \u00e5rene i\u00f8vrigt:<\/h2>\t\t\t\t<\/div>\n\t\t\t\t<\/div>\n\t\t\t\t<div class=\"elementor-element elementor-element-76c2d4d elementor-widget elementor-widget-text-editor\" data-id=\"76c2d4d\" data-element_type=\"widget\" data-widget_type=\"text-editor.default\">\n\t\t\t\t<div class=\"elementor-widget-container\">\n\t\t\t\t\t\t\t\t\t<p>&#8211; 1975-81 grundlagt og ejet Danmarks f\u00f8rste vegetarrestaurant \u2019Sattva\u2019 i \u00c5rhus, som p\u00e5 sit h\u00f8jeste havde 25 ansatte med Leif som daglig leder og k\u00f8kkenchef. Er s\u00e5ledes en temmelig habil kok.<br \/><br \/>&#8211; uddannet Rudolph Steinerl\u00e6rer i 1984 og ansat ved Rudolph Steinerskolen i Hjortespring fra 1984-90.<br \/><br \/>&#8211; grundlagt og drevet musikbutikken \u2019RYTMIX\u2019 i Roskilde 1991-96.<br \/><br \/>&#8211; gennem mange \u00e5r v\u00e6ret lydtekniker i de fleste af de musikalske sammenh\u00e6nge, han har virket i. Ogs\u00e5 i en \u00e5rr\u00e6kke fast lydmand p\u00e5 Roskilde Spillemands-st\u00e6vne, og for nuv\u00e6rende i Haslev Folk Club.<br \/><br \/>&#8211; siden 10\u2019erne haft eget lydstudie &#8211; f\u00f8rst BackYard og sidenhen Shangri La Studiet.<br \/><br \/>&#8211; i en \u00e5rr\u00e6kke v\u00e6ret kritisk revisor for b\u00e5de KODA og dav\u00e6rende DJBFA &#8211; nu Autor &#8211; en forening, der skal sikre komponister og sangskriveres ophavsrettigheder<br \/><br \/>&#8211; gennem \u00e5rene komponeret masser af musik, som bl.a. er at finde p\u00e5 de plader, hvor han medvirker, samt i DR&#8217;s TV-udsendelse om t\u00e6kkekunsten \u2019Verdens \u00e6ldste tag\u2019.<br \/><br \/>&#8211; udgivet en soloplade \u2019Levitations\u2019 i 2009.<br \/><br \/>&#8211; undervist gennem mange \u00e5r ved den Rytmiske Aftenskole i \u00c5rhus, Herlev og Roskilde. Laver nu kurser og masterclasses. <em>Klik p\u00e5 \u2019Undervisning\u2019 og l\u00e6s mere.<\/em><\/p><p><em><strong>&#8230;.og ikke mindst siden 1985 <\/strong><\/em><em><strong>dannet musikalsk makkerpar med Bente!<\/strong><\/em><\/p>\t\t\t\t\t\t\t\t<\/div>\n\t\t\t\t<\/div>\n\t\t<div class=\"elementor-element elementor-element-a2fcd85 e-grid e-con-full e-con e-child\" data-id=\"a2fcd85\" data-element_type=\"container\">\n\t\t\t\t<div class=\"elementor-element elementor-element-f5fb6e5 elementor-widget elementor-widget-image\" data-id=\"f5fb6e5\" data-element_type=\"widget\" data-widget_type=\"image.default\">\n\t\t\t\t<div class=\"elementor-widget-container\">\n\t\t\t\t\t\t\t\t\t\t\t\t\t\t\t<img fetchpriority=\"high\" decoding=\"async\" width=\"1024\" height=\"508\" src=\"https:\/\/benteogleif.dk\/web\/wp-content\/uploads\/2024\/12\/0029-Avisstykke-fra-Leifs-unge-fan-1024x508.jpg\" class=\"attachment-large size-large wp-image-3580\" alt=\"\" srcset=\"https:\/\/benteogleif.dk\/web\/wp-content\/uploads\/2024\/12\/0029-Avisstykke-fra-Leifs-unge-fan-1024x508.jpg 1024w, https:\/\/benteogleif.dk\/web\/wp-content\/uploads\/2024\/12\/0029-Avisstykke-fra-Leifs-unge-fan-300x149.jpg 300w, https:\/\/benteogleif.dk\/web\/wp-content\/uploads\/2024\/12\/0029-Avisstykke-fra-Leifs-unge-fan-768x381.jpg 768w, https:\/\/benteogleif.dk\/web\/wp-content\/uploads\/2024\/12\/0029-Avisstykke-fra-Leifs-unge-fan-1536x763.jpg 1536w, https:\/\/benteogleif.dk\/web\/wp-content\/uploads\/2024\/12\/0029-Avisstykke-fra-Leifs-unge-fan.jpg 2000w\" sizes=\"(max-width: 1024px) 100vw, 1024px\" \/>\t\t\t\t\t\t\t\t\t\t\t\t\t\t\t<\/div>\n\t\t\t\t<\/div>\n\t\t\t\t<\/div>\n\t\t\t\t<div class=\"elementor-element elementor-element-ff38884 elementor-widget elementor-widget-image\" data-id=\"ff38884\" data-element_type=\"widget\" data-widget_type=\"image.default\">\n\t\t\t\t<div class=\"elementor-widget-container\">\n\t\t\t\t\t\t\t\t\t\t\t\t\t\t\t<img decoding=\"async\" width=\"300\" height=\"221\" src=\"https:\/\/benteogleif.dk\/web\/wp-content\/uploads\/2024\/12\/0030-Leif-Ernsten-300x221.jpg\" class=\"attachment-medium size-medium wp-image-3581\" alt=\"\" srcset=\"https:\/\/benteogleif.dk\/web\/wp-content\/uploads\/2024\/12\/0030-Leif-Ernsten-300x221.jpg 300w, https:\/\/benteogleif.dk\/web\/wp-content\/uploads\/2024\/12\/0030-Leif-Ernsten-1024x756.jpg 1024w, https:\/\/benteogleif.dk\/web\/wp-content\/uploads\/2024\/12\/0030-Leif-Ernsten-768x567.jpg 768w, https:\/\/benteogleif.dk\/web\/wp-content\/uploads\/2024\/12\/0030-Leif-Ernsten-1536x1134.jpg 1536w, https:\/\/benteogleif.dk\/web\/wp-content\/uploads\/2024\/12\/0030-Leif-Ernsten.jpg 2014w\" sizes=\"(max-width: 300px) 100vw, 300px\" \/>\t\t\t\t\t\t\t\t\t\t\t\t\t\t\t<\/div>\n\t\t\t\t<\/div>\n\t\t\t\t<\/div>\n\t\t\t\t\t<\/div>\n\t\t\t\t<\/div>\n\t\t<div class=\"elementor-element elementor-element-2b588f8 e-flex e-con-boxed e-con e-parent\" data-id=\"2b588f8\" data-element_type=\"container\">\n\t\t\t\t\t<div class=\"e-con-inner\">\n\t\t\t\t\t<\/div>\n\t\t\t\t<\/div>\n\t\t\t\t<\/div>\n\t\t","protected":false},"excerpt":{"rendered":"<p>Leif Ernstsen &#8220;Leif akkompagnerer t\u00e6t med sit rigt nuancerede og stemningsfyldte spil.&#8221; S\u00f8ren Chr. Kirkegaard, Jyllandsposten &#8220;Han spiller med overd\u00e5dig virtuositet&#8221;Ringkj\u00f8bing Amts Dagblad Leif Ernstsen er en harmonikaspiller med en us\u00e6dvanlig baggrund for sin spillestil. Han er solidt forankret i spillemandsmusikken og opl\u00e6rt p\u00e5 \u00e6gte overleveringsvis af de gamle spillem\u00e6nd fra bl.a. Rebild og \u00c5rhus. [&hellip;]<\/p>\n","protected":false},"author":1,"featured_media":0,"parent":0,"menu_order":0,"comment_status":"closed","ping_status":"closed","template":"","meta":{"_uag_custom_page_level_css":"","site-sidebar-layout":"no-sidebar","site-content-layout":"page-builder","ast-site-content-layout":"full-width-container","site-content-style":"unboxed","site-sidebar-style":"unboxed","ast-global-header-display":"","ast-banner-title-visibility":"","ast-main-header-display":"","ast-hfb-above-header-display":"","ast-hfb-below-header-display":"","ast-hfb-mobile-header-display":"","site-post-title":"disabled","ast-breadcrumbs-content":"","ast-featured-img":"","footer-sml-layout":"","theme-transparent-header-meta":"disabled","adv-header-id-meta":"","stick-header-meta":"","header-above-stick-meta":"","header-main-stick-meta":"","header-below-stick-meta":"","astra-migrate-meta-layouts":"set","ast-page-background-enabled":"default","ast-page-background-meta":{"desktop":{"background-color":"","background-image":"","background-repeat":"repeat","background-position":"center center","background-size":"auto","background-attachment":"scroll","background-type":"","background-media":"","overlay-type":"","overlay-color":"","overlay-opacity":"","overlay-gradient":""},"tablet":{"background-color":"","background-image":"","background-repeat":"repeat","background-position":"center center","background-size":"auto","background-attachment":"scroll","background-type":"","background-media":"","overlay-type":"","overlay-color":"","overlay-opacity":"","overlay-gradient":""},"mobile":{"background-color":"","background-image":"","background-repeat":"repeat","background-position":"center center","background-size":"auto","background-attachment":"scroll","background-type":"","background-media":"","overlay-type":"","overlay-color":"","overlay-opacity":"","overlay-gradient":""}},"ast-content-background-meta":{"desktop":{"background-color":"var(--ast-global-color-5)","background-image":"","background-repeat":"repeat","background-position":"center center","background-size":"auto","background-attachment":"scroll","background-type":"","background-media":"","overlay-type":"","overlay-color":"","overlay-opacity":"","overlay-gradient":""},"tablet":{"background-color":"var(--ast-global-color-5)","background-image":"","background-repeat":"repeat","background-position":"center center","background-size":"auto","background-attachment":"scroll","background-type":"","background-media":"","overlay-type":"","overlay-color":"","overlay-opacity":"","overlay-gradient":""},"mobile":{"background-color":"var(--ast-global-color-5)","background-image":"","background-repeat":"repeat","background-position":"center center","background-size":"auto","background-attachment":"scroll","background-type":"","background-media":"","overlay-type":"","overlay-color":"","overlay-opacity":"","overlay-gradient":""}},"footnotes":""},"class_list":["post-3577","page","type-page","status-publish","hentry"],"uagb_featured_image_src":{"full":false,"thumbnail":false,"medium":false,"medium_large":false,"large":false,"1536x1536":false,"2048x2048":false},"uagb_author_info":{"display_name":"admin","author_link":"https:\/\/benteogleif.dk\/web\/author\/benteo\/"},"uagb_comment_info":0,"uagb_excerpt":"Leif Ernstsen &#8220;Leif akkompagnerer t\u00e6t med sit rigt nuancerede og stemningsfyldte spil.&#8221; S\u00f8ren Chr. Kirkegaard, Jyllandsposten &#8220;Han spiller med overd\u00e5dig virtuositet&#8221;Ringkj\u00f8bing Amts Dagblad Leif Ernstsen er en harmonikaspiller med en us\u00e6dvanlig baggrund for sin spillestil. Han er solidt forankret i spillemandsmusikken og opl\u00e6rt p\u00e5 \u00e6gte overleveringsvis af de gamle spillem\u00e6nd fra bl.a. Rebild og \u00c5rhus.&hellip;","_links":{"self":[{"href":"https:\/\/benteogleif.dk\/web\/wp-json\/wp\/v2\/pages\/3577","targetHints":{"allow":["GET"]}}],"collection":[{"href":"https:\/\/benteogleif.dk\/web\/wp-json\/wp\/v2\/pages"}],"about":[{"href":"https:\/\/benteogleif.dk\/web\/wp-json\/wp\/v2\/types\/page"}],"author":[{"embeddable":true,"href":"https:\/\/benteogleif.dk\/web\/wp-json\/wp\/v2\/users\/1"}],"replies":[{"embeddable":true,"href":"https:\/\/benteogleif.dk\/web\/wp-json\/wp\/v2\/comments?post=3577"}],"version-history":[{"count":16,"href":"https:\/\/benteogleif.dk\/web\/wp-json\/wp\/v2\/pages\/3577\/revisions"}],"predecessor-version":[{"id":4258,"href":"https:\/\/benteogleif.dk\/web\/wp-json\/wp\/v2\/pages\/3577\/revisions\/4258"}],"wp:attachment":[{"href":"https:\/\/benteogleif.dk\/web\/wp-json\/wp\/v2\/media?parent=3577"}],"curies":[{"name":"wp","href":"https:\/\/api.w.org\/{rel}","templated":true}]}}