{"id":3625,"date":"2024-12-11T14:48:13","date_gmt":"2024-12-11T14:48:13","guid":{"rendered":"https:\/\/benteogleif.dk\/web\/?page_id=3625"},"modified":"2025-04-02T17:00:44","modified_gmt":"2025-04-02T17:00:44","slug":"koncertanmeldelser","status":"publish","type":"page","link":"https:\/\/benteogleif.dk\/web\/koncertanmeldelser\/","title":{"rendered":"Anmeldelser"},"content":{"rendered":"\t\t<div data-elementor-type=\"wp-page\" data-elementor-id=\"3625\" class=\"elementor elementor-3625\">\n\t\t\t\t<div class=\"elementor-element elementor-element-173edd6 e-flex e-con-boxed e-con e-parent\" data-id=\"173edd6\" data-element_type=\"container\">\n\t\t\t\t\t<div class=\"e-con-inner\">\n\t\t<div class=\"elementor-element elementor-element-4be943b e-con-full e-flex e-con e-child\" data-id=\"4be943b\" data-element_type=\"container\">\n\t\t\t\t<div class=\"elementor-element elementor-element-8a88324 elementor-widget elementor-widget-image\" data-id=\"8a88324\" data-element_type=\"widget\" data-widget_type=\"image.default\">\n\t\t\t\t<div class=\"elementor-widget-container\">\n\t\t\t\t\t\t\t\t\t\t\t\t\t\t\t<img fetchpriority=\"high\" decoding=\"async\" width=\"280\" height=\"300\" src=\"https:\/\/benteogleif.dk\/web\/wp-content\/uploads\/2024\/12\/0036-Anmeldelser1-280x300.jpg\" class=\"attachment-medium size-medium wp-image-3627\" alt=\"\" srcset=\"https:\/\/benteogleif.dk\/web\/wp-content\/uploads\/2024\/12\/0036-Anmeldelser1-280x300.jpg 280w, https:\/\/benteogleif.dk\/web\/wp-content\/uploads\/2024\/12\/0036-Anmeldelser1-956x1024.jpg 956w, https:\/\/benteogleif.dk\/web\/wp-content\/uploads\/2024\/12\/0036-Anmeldelser1-768x823.jpg 768w, https:\/\/benteogleif.dk\/web\/wp-content\/uploads\/2024\/12\/0036-Anmeldelser1-1433x1536.jpg 1433w, https:\/\/benteogleif.dk\/web\/wp-content\/uploads\/2024\/12\/0036-Anmeldelser1-1911x2048.jpg 1911w\" sizes=\"(max-width: 280px) 100vw, 280px\" \/>\t\t\t\t\t\t\t\t\t\t\t\t\t\t\t<\/div>\n\t\t\t\t<\/div>\n\t\t\t\t<\/div>\n\t\t<div class=\"elementor-element elementor-element-71a2bed e-con-full e-flex e-con e-child\" data-id=\"71a2bed\" data-element_type=\"container\">\n\t\t\t\t<div class=\"elementor-element elementor-element-c877f35 elementor-widget elementor-widget-heading\" data-id=\"c877f35\" data-element_type=\"widget\" data-widget_type=\"heading.default\">\n\t\t\t\t<div class=\"elementor-widget-container\">\n\t\t\t\t\t<h2 class=\"elementor-heading-title elementor-size-default\">Koncertanmeldelser<\/h2>\t\t\t\t<\/div>\n\t\t\t\t<\/div>\n\t\t\t\t<div class=\"elementor-element elementor-element-010be06 elementor-widget elementor-widget-text-editor\" data-id=\"010be06\" data-element_type=\"widget\" data-widget_type=\"text-editor.default\">\n\t\t\t\t<div class=\"elementor-widget-container\">\n\t\t\t\t\t\t\t\t\t<p>&#8220;Hun fortolker sangene med gl\u00f8d, indlevelse og humor.&#8221;<br \/>&#8220;Leif l\u00e6gger musik p\u00e5 som en mesterkok, der dekorerer m\u00e5ltidet.&#8221; <br \/><strong>&#8220;Prototypen p\u00e5 sang, guitar og harmonika kan du godt glemme alt om!&#8221;<\/strong><\/p>\t\t\t\t\t\t\t\t<\/div>\n\t\t\t\t<\/div>\n\t\t\t\t<div class=\"elementor-element elementor-element-988d9b8 elementor-widget elementor-widget-image\" data-id=\"988d9b8\" data-element_type=\"widget\" data-widget_type=\"image.default\">\n\t\t\t\t<div class=\"elementor-widget-container\">\n\t\t\t\t\t\t\t\t\t\t\t\t\t\t\t<img decoding=\"async\" width=\"1024\" height=\"680\" src=\"https:\/\/benteogleif.dk\/web\/wp-content\/uploads\/2024\/12\/0037-Anmeldelser2-1024x680.jpg\" class=\"attachment-large size-large wp-image-3628\" alt=\"\" srcset=\"https:\/\/benteogleif.dk\/web\/wp-content\/uploads\/2024\/12\/0037-Anmeldelser2-1024x680.jpg 1024w, https:\/\/benteogleif.dk\/web\/wp-content\/uploads\/2024\/12\/0037-Anmeldelser2-300x199.jpg 300w, https:\/\/benteogleif.dk\/web\/wp-content\/uploads\/2024\/12\/0037-Anmeldelser2-768x510.jpg 768w, https:\/\/benteogleif.dk\/web\/wp-content\/uploads\/2024\/12\/0037-Anmeldelser2-1536x1020.jpg 1536w, https:\/\/benteogleif.dk\/web\/wp-content\/uploads\/2024\/12\/0037-Anmeldelser2.jpg 1600w\" sizes=\"(max-width: 1024px) 100vw, 1024px\" \/>\t\t\t\t\t\t\t\t\t\t\t\t\t\t\t<\/div>\n\t\t\t\t<\/div>\n\t\t\t\t<div class=\"elementor-element elementor-element-8bef32e elementor-widget elementor-widget-text-editor\" data-id=\"8bef32e\" data-element_type=\"widget\" data-widget_type=\"text-editor.default\">\n\t\t\t\t<div class=\"elementor-widget-container\">\n\t\t\t\t\t\t\t\t\t<p><strong>Det blev en alsidig, varm og meget varieret koncert<\/strong> med de to sympatiske, omrejsende troubadourer. Man kan sige at de to kunstnere tog Struer b\u00e5de med storm og med en let, sommerlig brise. Smukt og engageret var det, hele vejen igennem. Publikum kvitterede for indsatsen med st\u00e5ende bifald, og det blev s\u00e5ledes en flot, dansksproget afrunding p\u00e5 s\u00e6sonen.<br \/><em>Folkets Hus i Struer<\/em><\/p><p><strong>En formidabel aften<\/strong> i Hejlsminde forsamlingshus&#8230; en fantastisk god oplevelse\u2026. tilskuerne var r\u00f8rt til t\u00e5rer og der var samtidig smil p\u00e5 alle l\u00e6ber\u2026.. Bente og Leif gav sig selv fuldt ud i det t\u00e6t besatte lokale\u2026\u2026. sang, guitar og harmonika gik op i en meget fin h\u00f8jere enhed, og efter et par timers f\u00f8lelsesfyldt underholdning, gav Bente og Leif ekstranummer efter st\u00e5ende bifald!<br \/><em>Christiansfeld Avis<\/em><\/p><p><strong>Leif Ernstsen er en fremragende akkompagnat\u00f8r<\/strong> p\u00e5 accordeon. Som alle virtuoser s\u00e5 lyder det enkelt og ser s\u00e5 nemt ud, n\u00e5r han falder ind med sine st\u00f8ttende kommentarer til Bentes sangstemme. Det er et meget charmerende par at v\u00e6re sammen med til en koncert<br \/><em>Chr., Dagbladet<\/em><\/p><p><strong>S\u00f8dmefyldt og skarpt &#8211; luftiglet og dybt &#8211; intenst, sprudlende og blidt.<\/strong><br \/>Intet under at de efterh\u00e5nden er blevet verdensber\u00f8mte i Danmark.<br \/>Deres kunst er bevidstheds-baseret og det h\u00f8res!<br \/><em>Ditte Markman, R\u00f8rvig Folkeh\u00f8jskole<\/em><\/p><p><strong>De to er i h\u00f8j grad eksponenter<\/strong> for at bringe den nordiske visetradition i h\u00f8js\u00e6det igen og genindf\u00f8re det respektable i at v\u00e6re visesanger.<br \/><em>Leif Kirkv\u00e5g, formand for Visens Venner<\/em><\/p><p><strong>S\u00e5 snart Bente Kure l\u00f8ftede stemmen<\/strong> og slog guitaren an med Leif Ernstsens virtuose harmonikaspil som akkompagnement, fyldte de to kunstnere rummet med den dejligste musik &#8211; livlig, livsbekr\u00e6ftende, inciterende og lige til at g\u00e5 til!&#8221;<br \/><em>Herning Folkeblad<\/em><\/p><p><strong>Det er sj\u00e6ldent at m\u00f8de s\u00e5 positive mennesker som Bente og Leif.<\/strong> Men dem, der har m\u00f8dt dem til en koncert, har ogs\u00e5 m\u00f8dt og grebet den energi, de udstr\u00e5ler. De har noget p\u00e5 hjerte og sikrer dig, at du bliver fyldt op til bristepunktet inden de forlader dig igen.<br \/><em>Dagbladet Arbejderen<\/em><\/p>\t\t\t\t\t\t\t\t<\/div>\n\t\t\t\t<\/div>\n\t\t\t\t<\/div>\n\t\t\t\t\t<\/div>\n\t\t\t\t<\/div>\n\t\t\t\t<\/div>\n\t\t","protected":false},"excerpt":{"rendered":"<p>Koncertanmeldelser &#8220;Hun fortolker sangene med gl\u00f8d, indlevelse og humor.&#8221;&#8220;Leif l\u00e6gger musik p\u00e5 som en mesterkok, der dekorerer m\u00e5ltidet.&#8221; &#8220;Prototypen p\u00e5 sang, guitar og harmonika kan du godt glemme alt om!&#8221; Det blev en alsidig, varm og meget varieret koncert med de to sympatiske, omrejsende troubadourer. Man kan sige at de to kunstnere tog Struer b\u00e5de [&hellip;]<\/p>\n","protected":false},"author":1,"featured_media":0,"parent":0,"menu_order":0,"comment_status":"closed","ping_status":"closed","template":"","meta":{"_uag_custom_page_level_css":"","site-sidebar-layout":"no-sidebar","site-content-layout":"page-builder","ast-site-content-layout":"full-width-container","site-content-style":"unboxed","site-sidebar-style":"unboxed","ast-global-header-display":"","ast-banner-title-visibility":"","ast-main-header-display":"","ast-hfb-above-header-display":"","ast-hfb-below-header-display":"","ast-hfb-mobile-header-display":"","site-post-title":"disabled","ast-breadcrumbs-content":"","ast-featured-img":"","footer-sml-layout":"","theme-transparent-header-meta":"disabled","adv-header-id-meta":"","stick-header-meta":"","header-above-stick-meta":"","header-main-stick-meta":"","header-below-stick-meta":"","astra-migrate-meta-layouts":"set","ast-page-background-enabled":"default","ast-page-background-meta":{"desktop":{"background-color":"","background-image":"","background-repeat":"repeat","background-position":"center center","background-size":"auto","background-attachment":"scroll","background-type":"","background-media":"","overlay-type":"","overlay-color":"","overlay-opacity":"","overlay-gradient":""},"tablet":{"background-color":"","background-image":"","background-repeat":"repeat","background-position":"center center","background-size":"auto","background-attachment":"scroll","background-type":"","background-media":"","overlay-type":"","overlay-color":"","overlay-opacity":"","overlay-gradient":""},"mobile":{"background-color":"","background-image":"","background-repeat":"repeat","background-position":"center center","background-size":"auto","background-attachment":"scroll","background-type":"","background-media":"","overlay-type":"","overlay-color":"","overlay-opacity":"","overlay-gradient":""}},"ast-content-background-meta":{"desktop":{"background-color":"var(--ast-global-color-5)","background-image":"","background-repeat":"repeat","background-position":"center center","background-size":"auto","background-attachment":"scroll","background-type":"","background-media":"","overlay-type":"","overlay-color":"","overlay-opacity":"","overlay-gradient":""},"tablet":{"background-color":"var(--ast-global-color-5)","background-image":"","background-repeat":"repeat","background-position":"center center","background-size":"auto","background-attachment":"scroll","background-type":"","background-media":"","overlay-type":"","overlay-color":"","overlay-opacity":"","overlay-gradient":""},"mobile":{"background-color":"var(--ast-global-color-5)","background-image":"","background-repeat":"repeat","background-position":"center center","background-size":"auto","background-attachment":"scroll","background-type":"","background-media":"","overlay-type":"","overlay-color":"","overlay-opacity":"","overlay-gradient":""}},"footnotes":""},"class_list":["post-3625","page","type-page","status-publish","hentry"],"uagb_featured_image_src":{"full":false,"thumbnail":false,"medium":false,"medium_large":false,"large":false,"1536x1536":false,"2048x2048":false},"uagb_author_info":{"display_name":"admin","author_link":"https:\/\/benteogleif.dk\/web\/author\/benteo\/"},"uagb_comment_info":0,"uagb_excerpt":"Koncertanmeldelser &#8220;Hun fortolker sangene med gl\u00f8d, indlevelse og humor.&#8221;&#8220;Leif l\u00e6gger musik p\u00e5 som en mesterkok, der dekorerer m\u00e5ltidet.&#8221; &#8220;Prototypen p\u00e5 sang, guitar og harmonika kan du godt glemme alt om!&#8221; Det blev en alsidig, varm og meget varieret koncert med de to sympatiske, omrejsende troubadourer. Man kan sige at de to kunstnere tog Struer b\u00e5de&hellip;","_links":{"self":[{"href":"https:\/\/benteogleif.dk\/web\/wp-json\/wp\/v2\/pages\/3625","targetHints":{"allow":["GET"]}}],"collection":[{"href":"https:\/\/benteogleif.dk\/web\/wp-json\/wp\/v2\/pages"}],"about":[{"href":"https:\/\/benteogleif.dk\/web\/wp-json\/wp\/v2\/types\/page"}],"author":[{"embeddable":true,"href":"https:\/\/benteogleif.dk\/web\/wp-json\/wp\/v2\/users\/1"}],"replies":[{"embeddable":true,"href":"https:\/\/benteogleif.dk\/web\/wp-json\/wp\/v2\/comments?post=3625"}],"version-history":[{"count":14,"href":"https:\/\/benteogleif.dk\/web\/wp-json\/wp\/v2\/pages\/3625\/revisions"}],"predecessor-version":[{"id":4704,"href":"https:\/\/benteogleif.dk\/web\/wp-json\/wp\/v2\/pages\/3625\/revisions\/4704"}],"wp:attachment":[{"href":"https:\/\/benteogleif.dk\/web\/wp-json\/wp\/v2\/media?parent=3625"}],"curies":[{"name":"wp","href":"https:\/\/api.w.org\/{rel}","templated":true}]}}