{"id":3637,"date":"2024-12-11T15:17:47","date_gmt":"2024-12-11T15:17:47","guid":{"rendered":"https:\/\/benteogleif.dk\/web\/?page_id=3637"},"modified":"2025-06-28T11:07:27","modified_gmt":"2025-06-28T11:07:27","slug":"digterogrebel","status":"publish","type":"page","link":"https:\/\/benteogleif.dk\/web\/digterogrebel\/","title":{"rendered":"Jeppe Aakj\u00e6r: Digter og rebel"},"content":{"rendered":"\t\t<div data-elementor-type=\"wp-page\" data-elementor-id=\"3637\" class=\"elementor elementor-3637\">\n\t\t\t\t<div class=\"elementor-element elementor-element-173edd6 e-flex e-con-boxed e-con e-parent\" data-id=\"173edd6\" data-element_type=\"container\">\n\t\t\t\t\t<div class=\"e-con-inner\">\n\t\t<div class=\"elementor-element elementor-element-4be943b e-con-full e-flex e-con e-child\" data-id=\"4be943b\" data-element_type=\"container\">\n\t\t\t\t<div class=\"elementor-element elementor-element-389b00e elementor-widget elementor-widget-image\" data-id=\"389b00e\" data-element_type=\"widget\" data-widget_type=\"image.default\">\n\t\t\t\t<div class=\"elementor-widget-container\">\n\t\t\t\t\t\t\t\t\t\t\t\t<figure class=\"wp-caption\">\n\t\t\t\t\t\t\t\t\t\t<img decoding=\"async\" src=\"https:\/\/benteogleif.dk\/web\/wp-content\/uploads\/elementor\/thumbs\/0032a-Aakjaer-qycurzszj8wkrpkfb9q1t0m1238392fdwx7gqr4n3m.jpg\" title=\"0032a Aakj\u00e6r\" alt=\"0032a Aakj\u00e6r\" loading=\"lazy\" \/>\t\t\t\t\t\t\t\t\t\t\t<figcaption class=\"widget-image-caption wp-caption-text\">Tegning: Henning Kure<\/figcaption>\n\t\t\t\t\t\t\t\t\t\t<\/figure>\n\t\t\t\t\t\t\t\t\t<\/div>\n\t\t\t\t<\/div>\n\t\t\t\t<\/div>\n\t\t<div class=\"elementor-element elementor-element-71a2bed e-con-full e-flex e-con e-child\" data-id=\"71a2bed\" data-element_type=\"container\">\n\t\t\t\t<div class=\"elementor-element elementor-element-c877f35 elementor-widget elementor-widget-heading\" data-id=\"c877f35\" data-element_type=\"widget\" data-widget_type=\"heading.default\">\n\t\t\t\t<div class=\"elementor-widget-container\">\n\t\t\t\t\t<h2 class=\"elementor-heading-title elementor-size-default\">Koncertforedraget\n\n<\/h2>\t\t\t\t<\/div>\n\t\t\t\t<\/div>\n\t\t\t\t<div class=\"elementor-element elementor-element-612a741 elementor-widget elementor-widget-heading\" data-id=\"612a741\" data-element_type=\"widget\" data-widget_type=\"heading.default\">\n\t\t\t\t<div class=\"elementor-widget-container\">\n\t\t\t\t\t<h2 class=\"elementor-heading-title elementor-size-default\">Aakj\u00e6r - digter og rebel\n<\/h2>\t\t\t\t<\/div>\n\t\t\t\t<\/div>\n\t\t\t\t<div class=\"elementor-element elementor-element-2e0554a elementor-widget elementor-widget-heading\" data-id=\"2e0554a\" data-element_type=\"widget\" data-widget_type=\"heading.default\">\n\t\t\t\t<div class=\"elementor-widget-container\">\n\t\t\t\t\t<h2 class=\"elementor-heading-title elementor-size-default\">En digter forud for sin tid!\n<\/h2>\t\t\t\t<\/div>\n\t\t\t\t<\/div>\n\t\t\t\t<div class=\"elementor-element elementor-element-010be06 elementor-widget elementor-widget-text-editor\" data-id=\"010be06\" data-element_type=\"widget\" data-widget_type=\"text-editor.default\">\n\t\t\t\t<div class=\"elementor-widget-container\">\n\t\t\t\t\t\t\t\t\t<p>Ikke bare i sin digterkunst, men i <em>selve det, at v\u00e6re menneske <\/em>var Jeppe Aakj\u00e6r langt forud for sin tid.<\/p><p>Bente og Leif har spillet Aakj\u00e6r-koncerter i mere end to \u00e5rtier, og h\u00e9r s\u00e6tter de fokus p\u00e5, hvor h\u00f8jaktuel han stadig er. Denne unikke digter, der om nogen repr\u00e6senterer den danske folkesj\u00e6l langt mere end r\u00f8de p\u00f8lser og lune frikadeller! <br \/>Koncerten er en musikalsk forestilling, der via sange, anekdoter og uddrag fra Jeppe Aakj\u00e6rs prosatekster, tegner et helhedsportr\u00e6t af \u2019Jens Vejmand\u2019s far og hans liv i alle facetter:<br \/><strong>Den lyriske hjemstavnsdigter,<\/strong><br \/><strong>Den elskende og lidenskabelige \u00e6gtemand,<\/strong><br \/><strong>Den eftert\u00e6nksomme og filosofisk anlagte husmandss\u00f8n<br \/><\/strong><em>&#8230;og ikke mindst:<br \/><\/em><strong>Den socialt indignerede og rebelske forfatter<\/strong>, der fik direkte socialpolitisk betydning, da han skildrede tyendets vilk\u00e5r.<\/p><p>Hvis man h\u00f8rer til dem, der kun kender Jeppe Aakj\u00e6r som en romantisk og lyrisk hjemstavnsdigter, er her lejlighed til b\u00e5de genkendelsens gl\u00e6de og overraskelsen over hvem han <em>ogs\u00e5<\/em> var. Og naturligvis vil der i Aakj\u00e6rs st\u00e6rke \u00e5nd v\u00e6re indlagt f\u00e6llessang undervejs.<\/p><p><em>De fleste af sangene i forestillingen findes p\u00e5 de tre plader, som Bente og Leif har udgivet med Aakj\u00e6r-sange: <strong>&#8220;Som dybest br\u00f8nd&#8221;<\/strong>, <strong>&#8220;I kanten af den gule lupin&#8221; <\/strong>og <strong>&#8220;Juleg\u00e6sten&#8221;. <\/strong>Pladerne rummer lige dele kendte og ukendte Aakj\u00e6r-digte. Sidstn\u00e6vnte sat i musik af Bente helt tro mod Aakj\u00e6rs udtryk. <\/em><\/p>\t\t\t\t\t\t\t\t<\/div>\n\t\t\t\t<\/div>\n\t\t\t\t<div class=\"elementor-element elementor-element-8273a47 elementor-widget elementor-widget-text-editor\" data-id=\"8273a47\" data-element_type=\"widget\" data-widget_type=\"text-editor.default\">\n\t\t\t\t<div class=\"elementor-widget-container\">\n\t\t\t\t\t\t\t\t\t<p><span style=\"text-decoration: underline;\"><em><strong>Bente og Leif modtog Aakj\u00e6rprisen i 2012!<br \/><br \/><br \/><\/strong><\/em><\/span><\/p>\t\t\t\t\t\t\t\t<\/div>\n\t\t\t\t<\/div>\n\t\t\t\t<div class=\"elementor-element elementor-element-65d3aab elementor-widget elementor-widget-heading\" data-id=\"65d3aab\" data-element_type=\"widget\" data-widget_type=\"heading.default\">\n\t\t\t\t<div class=\"elementor-widget-container\">\n\t\t\t\t\t<h2 class=\"elementor-heading-title elementor-size-default\">Anmelderne om Aakj\u00e6r-koncerten\n<\/h2>\t\t\t\t<\/div>\n\t\t\t\t<\/div>\n\t\t\t\t<div class=\"elementor-element elementor-element-1f440cc elementor-widget elementor-widget-text-editor\" data-id=\"1f440cc\" data-element_type=\"widget\" data-widget_type=\"text-editor.default\">\n\t\t\t\t<div class=\"elementor-widget-container\">\n\t\t\t\t\t\t\t\t\t<p><strong><em>15. november 2024:<\/em><\/strong><br \/>\u201dBente Kure og Leif Ernstsen optr\u00e5dte med en Jeppe Aakj\u00e6r koncert.\u00a0Og hvilken oplevelse! Bente og Leif underholdt i 2 timer med sange af Jeppe Aakj\u00e6r. Og det var ikke bare sange. De sang, fortalte om sangene og hvordan de var blevet til. Og de fortalte om Jeppe Aakj\u00e6rs liv og levned, s\u00e5 man fik en forst\u00e5else af denne mand, som de fleste danskere kender fra hans livgivende sange. Det var 2 timer fyldt med n\u00e6rv\u00e6r og nerve.<br \/>Bente p\u00e5 sang og guitar, samt Leif p\u00e5 sin harmonika, der spillede n\u00e6nsomt og indlevende til sangene. Vi kan p\u00e5 det kraftigste anbefale andre til at engagere denne duo til at underholde ved deres fremtidige engagementer.\u00a0<br \/>Med venlig hilsen<br \/>Centerr\u00e5det ved Egebakken Plejecenter i Horsens\u201d<\/p><p><br \/><br \/>&#8220;<strong>Aakj\u00e6r<\/strong> <strong>pr\u00e6senteret p\u00e5 smukkeste vis:<\/strong> De gav de mange fremm\u00f8dte en rigtig dejlig aften i selskab med Jeppe Aakj\u00e6rs sange, der blev pr\u00e6senteret p\u00e5 smukkeste vis med Bente\u2019s smukke sangstemme, Leifs lyriske og fantasifulde harmonikaspil og en del f\u00e6llessange. Og ind imellem fort\u00e6llinger om og af Jeppe Aakj\u00e6r.&#8221;<br \/><em>Fra Kolt Kirke\u2019s hjemmeside <\/em><\/p><p>&#8220;<strong>Distance til d\u00e5semusik og kirke-kedsomhed:<\/strong> De skabte en landsbykirke om til en katedral og gav den lyttende menighed en oph\u00f8jet f\u00f8lelse. Bente Kure og Leif Ernstsen, to gennem-musikalske entertainere og sangere, pr\u00e6senterede deres Aakj\u00e6r-enquete &#8216;Som dybest br\u00f8nd&#8217; i Dalbyneder Kirke sidste l\u00f8rdag. Og gav os andre n\u00e6ring og dimension i vor gl\u00e6de ved Jeppe Aakj\u00e6r. Smukt var det. Betagende smukt!&#8221;<br \/><em>Leif Andersen-Farmer,\u00a0 Randers Amtsavis<\/em><\/p><p>&#8220;<strong>Et brag af en oplevelse med to kunstnere om Jeppe Aakj\u00e6r:<\/strong> Folk fylkedes og det blev en fejende flot eftermiddag. Sj\u00e6ldent har jeg oplevet folk v\u00e6re s\u00e5 begejstrede og give udtryk herfor i den grad: &#8216;Det g\u00e5r rent ind&#8217; og &#8216;Det g\u00e5r lige til hjertet&#8217; var reaktionerne.&#8221;<br \/><em>Peder Svejgaard-Pedersen, Randers Amtsavis<\/em><strong>\u00a0<\/strong><\/p><p><strong>&#8220;Den danske sang klang smukt og varmt<\/strong> og for\u00e5rssolen og de lyse n\u00e6tter kr\u00f8b helt ind i koncertsalens m\u00f8rke og under huden p\u00e5 tilh\u00f8rerne, da de to kunstnere stod for en varm og smuk Jeppe Aakj\u00e6r-aften. Sangene bliver lyslevende, n\u00e5r Bente Kure smukt, enkelt og usentimentalt synger om havren, rugen, den glade b\u00e6k, storken, den knibske Anna og pigen der m\u00e5 n\u00f8jes med at tage sig en bejler i dr\u00f8mme.<\/p><p>Publikum synger glad og gerne med p\u00e5 f\u00e6llessangene &#8211; og kan d\u00e5rligt lade v\u00e6re med at nynne med p\u00e5 de andre. For s\u00e5 mange \u00e5r efter sin d\u00f8d rammer Aakj\u00e6r stadig lige ind i folkesj\u00e6len.<\/p><p>Med Leif Ernstsen&#8217;s opl\u00e6sning af Aakj\u00e6r-prosastykker f\u00e5r duoen s\u00e5ledes fint frem, at Aakj\u00e6rs sange langt fra er nostalgisk forherligelse af en svunden idyl, men en hyldest til de mennesker, der p\u00e5 trods af fattigdom, sult og slid bar \u2019..med smil sin byrde&#8217;. Forestillingen k\u00e6des smukt sammen af Ernstsens virtuose harmonikaudgaver af gammel dansk spillemandsmusik.&#8221;<br \/><em>Lena Jeppesen, Ringk\u00f8bing Amts Dagblad<\/em><\/p>\t\t\t\t\t\t\t\t<\/div>\n\t\t\t\t<\/div>\n\t\t\t\t<div class=\"elementor-element elementor-element-3a264f1 elementor-widget elementor-widget-heading\" data-id=\"3a264f1\" data-element_type=\"widget\" data-widget_type=\"heading.default\">\n\t\t\t\t<div class=\"elementor-widget-container\">\n\t\t\t\t\t<h2 class=\"elementor-heading-title elementor-size-default\">Anmelderne om Cd\u2019en \u2019Som dybest br\u00f8nd\u2019:<\/h2>\t\t\t\t<\/div>\n\t\t\t\t<\/div>\n\t\t\t\t<div class=\"elementor-element elementor-element-ca57471 elementor-widget elementor-widget-text-editor\" data-id=\"ca57471\" data-element_type=\"widget\" data-widget_type=\"text-editor.default\">\n\t\t\t\t<div class=\"elementor-widget-container\">\n\t\t\t\t\t\t\t\t\t<p><strong>Flotte favntag med Aakj\u00e6rs univers&#8230;<br \/><\/strong>Et stykke Danmarkshistorie, der vil begejstre alle, der elsker den danske sangskat.<br \/><em>Martin Bjerregaard Jensen, \u00c5rhus Stiftstidende <\/em><\/p><p><strong>Aakj\u00e6r unplugged&#8230; <br \/><\/strong>De serverer den rene vare: rent akustisk, helt uden elektroniske tils\u00e6tningsstoffer og ingen smarte arrangementer. Bente fortolker Aakj\u00e6rs jordn\u00e6re tekster enkelt og ligefremt og Leif broderer stemningsfulde lyriske lydbilleder p\u00e5 sin harmonika. Her er sminke overfl\u00f8dig. Tekster og toner taler for sig selv p\u00e5 en CD, som dufter af jysk muld og up\u00e5virket af tidens modestr\u00f8mninger hviler velg\u00f8rende i sit eget ligefremme og lavm\u00e6lte tonesprog.<br \/><em>S\u00f8ren Chr. Kirkegaard, Jyllandsposten &#8211; s<\/em><em>om ligeledes valgte CD&#8217;en som \u00e9n af \u00c5rets CD&#8217;er i 2000!<\/em><\/p><p><strong>Sp\u00e6ndende og flot CD&#8230;. <br \/><\/strong>N\u00e6sten alle numrene er sunget af Bente Kure, hvis klokkeklare, smukke stemme synes som skabt til at fortolke Aakj\u00e6r, og Leif Ernstsen spiller p\u00e5 harmonika s\u00e5 man n\u00e6sten ikke tror det er muligt.<br \/><em>Birthe S\u00f8rensen, Dagbladet Arbejderen<\/em><\/p><p><strong>I Aakj\u00e6rs univers&#8230;<br \/><\/strong>Hun rammer smukt sangenes grundstemning og Leif Ernstsens overd\u00e5digt nuancerede harmonika akkompagnement er aldeles uds\u00f8gt. Man kunne h\u00e5be p\u00e5 at vi snart f\u00e5r en solo-CD fra denne begavede spillemand.<br \/><em>Thorbj\u00f8rn Sj\u00f8gren, Politikken<\/em><\/p>\t\t\t\t\t\t\t\t<\/div>\n\t\t\t\t<\/div>\n\t\t<div class=\"elementor-element elementor-element-d9dbe38 e-grid e-con-full e-con e-child\" data-id=\"d9dbe38\" data-element_type=\"container\">\n\t\t\t\t<div class=\"elementor-element elementor-element-6d93549 elementor-widget elementor-widget-image\" data-id=\"6d93549\" data-element_type=\"widget\" data-widget_type=\"image.default\">\n\t\t\t\t<div class=\"elementor-widget-container\">\n\t\t\t\t\t\t\t\t\t\t\t\t\t\t\t<img fetchpriority=\"high\" decoding=\"async\" width=\"1024\" height=\"786\" src=\"https:\/\/benteogleif.dk\/web\/wp-content\/uploads\/2024\/12\/0032b-Aakjaerpris-1024x786.jpg\" class=\"attachment-large size-large wp-image-3651\" alt=\"\" srcset=\"https:\/\/benteogleif.dk\/web\/wp-content\/uploads\/2024\/12\/0032b-Aakjaerpris-1024x786.jpg 1024w, https:\/\/benteogleif.dk\/web\/wp-content\/uploads\/2024\/12\/0032b-Aakjaerpris-300x230.jpg 300w, https:\/\/benteogleif.dk\/web\/wp-content\/uploads\/2024\/12\/0032b-Aakjaerpris-768x590.jpg 768w, https:\/\/benteogleif.dk\/web\/wp-content\/uploads\/2024\/12\/0032b-Aakjaerpris-1536x1179.jpg 1536w, https:\/\/benteogleif.dk\/web\/wp-content\/uploads\/2024\/12\/0032b-Aakjaerpris-2048x1573.jpg 2048w\" sizes=\"(max-width: 1024px) 100vw, 1024px\" \/>\t\t\t\t\t\t\t\t\t\t\t\t\t\t\t<\/div>\n\t\t\t\t<\/div>\n\t\t\t\t<div class=\"elementor-element elementor-element-2ab41a9 elementor-widget elementor-widget-image\" data-id=\"2ab41a9\" data-element_type=\"widget\" data-widget_type=\"image.default\">\n\t\t\t\t<div class=\"elementor-widget-container\">\n\t\t\t\t\t\t\t\t\t\t\t\t\t\t\t<img decoding=\"async\" width=\"1024\" height=\"552\" src=\"https:\/\/benteogleif.dk\/web\/wp-content\/uploads\/2024\/12\/0033-Jenle-2017-1024x552.jpg\" class=\"attachment-large size-large wp-image-3652\" alt=\"\" srcset=\"https:\/\/benteogleif.dk\/web\/wp-content\/uploads\/2024\/12\/0033-Jenle-2017-1024x552.jpg 1024w, https:\/\/benteogleif.dk\/web\/wp-content\/uploads\/2024\/12\/0033-Jenle-2017-300x162.jpg 300w, https:\/\/benteogleif.dk\/web\/wp-content\/uploads\/2024\/12\/0033-Jenle-2017-768x414.jpg 768w, https:\/\/benteogleif.dk\/web\/wp-content\/uploads\/2024\/12\/0033-Jenle-2017-1536x828.jpg 1536w, https:\/\/benteogleif.dk\/web\/wp-content\/uploads\/2024\/12\/0033-Jenle-2017-2048x1103.jpg 2048w\" sizes=\"(max-width: 1024px) 100vw, 1024px\" \/>\t\t\t\t\t\t\t\t\t\t\t\t\t\t\t<\/div>\n\t\t\t\t<\/div>\n\t\t\t\t<\/div>\n\t\t\t\t<\/div>\n\t\t\t\t\t<\/div>\n\t\t\t\t<\/div>\n\t\t<div class=\"elementor-element elementor-element-2b588f8 e-flex e-con-boxed e-con e-parent\" data-id=\"2b588f8\" data-element_type=\"container\">\n\t\t\t\t\t<div class=\"e-con-inner\">\n\t\t\t\t\t<\/div>\n\t\t\t\t<\/div>\n\t\t\t\t<\/div>\n\t\t","protected":false},"excerpt":{"rendered":"<p>Tegning: Henning Kure Koncertforedraget Aakj\u00e6r &#8211; digter og rebel En digter forud for sin tid! Ikke bare i sin digterkunst, men i selve det, at v\u00e6re menneske var Jeppe Aakj\u00e6r langt forud for sin tid. Bente og Leif har spillet Aakj\u00e6r-koncerter i mere end to \u00e5rtier, og h\u00e9r s\u00e6tter de fokus p\u00e5, hvor h\u00f8jaktuel han [&hellip;]<\/p>\n","protected":false},"author":1,"featured_media":0,"parent":0,"menu_order":0,"comment_status":"closed","ping_status":"closed","template":"","meta":{"_uag_custom_page_level_css":"","site-sidebar-layout":"no-sidebar","site-content-layout":"page-builder","ast-site-content-layout":"full-width-container","site-content-style":"unboxed","site-sidebar-style":"unboxed","ast-global-header-display":"","ast-banner-title-visibility":"","ast-main-header-display":"","ast-hfb-above-header-display":"","ast-hfb-below-header-display":"","ast-hfb-mobile-header-display":"","site-post-title":"disabled","ast-breadcrumbs-content":"","ast-featured-img":"","footer-sml-layout":"","theme-transparent-header-meta":"disabled","adv-header-id-meta":"","stick-header-meta":"","header-above-stick-meta":"","header-main-stick-meta":"","header-below-stick-meta":"","astra-migrate-meta-layouts":"set","ast-page-background-enabled":"default","ast-page-background-meta":{"desktop":{"background-color":"","background-image":"","background-repeat":"repeat","background-position":"center center","background-size":"auto","background-attachment":"scroll","background-type":"","background-media":"","overlay-type":"","overlay-color":"","overlay-opacity":"","overlay-gradient":""},"tablet":{"background-color":"","background-image":"","background-repeat":"repeat","background-position":"center center","background-size":"auto","background-attachment":"scroll","background-type":"","background-media":"","overlay-type":"","overlay-color":"","overlay-opacity":"","overlay-gradient":""},"mobile":{"background-color":"","background-image":"","background-repeat":"repeat","background-position":"center center","background-size":"auto","background-attachment":"scroll","background-type":"","background-media":"","overlay-type":"","overlay-color":"","overlay-opacity":"","overlay-gradient":""}},"ast-content-background-meta":{"desktop":{"background-color":"var(--ast-global-color-5)","background-image":"","background-repeat":"repeat","background-position":"center center","background-size":"auto","background-attachment":"scroll","background-type":"","background-media":"","overlay-type":"","overlay-color":"","overlay-opacity":"","overlay-gradient":""},"tablet":{"background-color":"var(--ast-global-color-5)","background-image":"","background-repeat":"repeat","background-position":"center center","background-size":"auto","background-attachment":"scroll","background-type":"","background-media":"","overlay-type":"","overlay-color":"","overlay-opacity":"","overlay-gradient":""},"mobile":{"background-color":"var(--ast-global-color-5)","background-image":"","background-repeat":"repeat","background-position":"center center","background-size":"auto","background-attachment":"scroll","background-type":"","background-media":"","overlay-type":"","overlay-color":"","overlay-opacity":"","overlay-gradient":""}},"footnotes":""},"class_list":["post-3637","page","type-page","status-publish","hentry"],"uagb_featured_image_src":{"full":false,"thumbnail":false,"medium":false,"medium_large":false,"large":false,"1536x1536":false,"2048x2048":false},"uagb_author_info":{"display_name":"admin","author_link":"https:\/\/benteogleif.dk\/web\/author\/benteo\/"},"uagb_comment_info":0,"uagb_excerpt":"Tegning: Henning Kure Koncertforedraget Aakj\u00e6r &#8211; digter og rebel En digter forud for sin tid! Ikke bare i sin digterkunst, men i selve det, at v\u00e6re menneske var Jeppe Aakj\u00e6r langt forud for sin tid. Bente og Leif har spillet Aakj\u00e6r-koncerter i mere end to \u00e5rtier, og h\u00e9r s\u00e6tter de fokus p\u00e5, hvor h\u00f8jaktuel han&hellip;","_links":{"self":[{"href":"https:\/\/benteogleif.dk\/web\/wp-json\/wp\/v2\/pages\/3637","targetHints":{"allow":["GET"]}}],"collection":[{"href":"https:\/\/benteogleif.dk\/web\/wp-json\/wp\/v2\/pages"}],"about":[{"href":"https:\/\/benteogleif.dk\/web\/wp-json\/wp\/v2\/types\/page"}],"author":[{"embeddable":true,"href":"https:\/\/benteogleif.dk\/web\/wp-json\/wp\/v2\/users\/1"}],"replies":[{"embeddable":true,"href":"https:\/\/benteogleif.dk\/web\/wp-json\/wp\/v2\/comments?post=3637"}],"version-history":[{"count":37,"href":"https:\/\/benteogleif.dk\/web\/wp-json\/wp\/v2\/pages\/3637\/revisions"}],"predecessor-version":[{"id":4952,"href":"https:\/\/benteogleif.dk\/web\/wp-json\/wp\/v2\/pages\/3637\/revisions\/4952"}],"wp:attachment":[{"href":"https:\/\/benteogleif.dk\/web\/wp-json\/wp\/v2\/media?parent=3637"}],"curies":[{"name":"wp","href":"https:\/\/api.w.org\/{rel}","templated":true}]}}