{"id":3639,"date":"2024-12-11T14:57:07","date_gmt":"2024-12-11T14:57:07","guid":{"rendered":"https:\/\/benteogleif.dk\/web\/?page_id=3639"},"modified":"2025-01-08T12:59:09","modified_gmt":"2025-01-08T12:59:09","slug":"julekoncerter","status":"publish","type":"page","link":"https:\/\/benteogleif.dk\/web\/julekoncerter\/","title":{"rendered":"Julekoncerter"},"content":{"rendered":"\t\t<div data-elementor-type=\"wp-page\" data-elementor-id=\"3639\" class=\"elementor elementor-3639\">\n\t\t\t\t<div class=\"elementor-element elementor-element-173edd6 e-flex e-con-boxed e-con e-parent\" data-id=\"173edd6\" data-element_type=\"container\">\n\t\t\t\t\t<div class=\"e-con-inner\">\n\t\t<div class=\"elementor-element elementor-element-4be943b e-con-full e-flex e-con e-child\" data-id=\"4be943b\" data-element_type=\"container\">\n\t\t\t\t<div class=\"elementor-element elementor-element-389b00e elementor-widget elementor-widget-image\" data-id=\"389b00e\" data-element_type=\"widget\" data-widget_type=\"image.default\">\n\t\t\t\t<div class=\"elementor-widget-container\">\n\t\t\t\t\t\t\t\t\t\t\t\t\t\t\t<img decoding=\"async\" src=\"https:\/\/benteogleif.dk\/web\/wp-content\/uploads\/elementor\/thumbs\/0035-Julekoncerter-qycvp6hutoc0o3d2j44vc54w2tnm0d6856dlpfx9kg.jpg\" title=\"0035 Julekoncerter\" alt=\"0035 Julekoncerter\" loading=\"lazy\" \/>\t\t\t\t\t\t\t\t\t\t\t\t\t\t\t<\/div>\n\t\t\t\t<\/div>\n\t\t\t\t<div class=\"elementor-element elementor-element-90bfd87 elementor-widget elementor-widget-text-editor\" data-id=\"90bfd87\" data-element_type=\"widget\" data-widget_type=\"text-editor.default\">\n\t\t\t\t<div class=\"elementor-widget-container\">\n\t\t\t\t\t\t\t\t\t<p>&#8220;&#8230;og at solen fra sit skjul&#8230;&#8221;<br \/><em><strong>Malet af Bente Kure<\/strong><br \/>Se flere malerier under <br \/><a href=\"https:\/\/benteogleif.dk\/web\/kunstgalleri\/\">Bente Kure kunstgalleri<\/a><\/em><\/p>\t\t\t\t\t\t\t\t<\/div>\n\t\t\t\t<\/div>\n\t\t\t\t<\/div>\n\t\t<div class=\"elementor-element elementor-element-71a2bed e-con-full e-flex e-con e-child\" data-id=\"71a2bed\" data-element_type=\"container\">\n\t\t\t\t<div class=\"elementor-element elementor-element-c877f35 elementor-widget elementor-widget-heading\" data-id=\"c877f35\" data-element_type=\"widget\" data-widget_type=\"heading.default\">\n\t\t\t\t<div class=\"elementor-widget-container\">\n\t\t\t\t\t<h2 class=\"elementor-heading-title elementor-size-default\">Julekoncerten:<\/h2>\t\t\t\t<\/div>\n\t\t\t\t<\/div>\n\t\t\t\t<div class=\"elementor-element elementor-element-42b0140 elementor-widget elementor-widget-heading\" data-id=\"42b0140\" data-element_type=\"widget\" data-widget_type=\"heading.default\">\n\t\t\t\t<div class=\"elementor-widget-container\">\n\t\t\t\t\t<h2 class=\"elementor-heading-title elementor-size-default\">Kom i julestemning f\u00f8r din nabo<\/h2>\t\t\t\t<\/div>\n\t\t\t\t<\/div>\n\t\t\t\t<div class=\"elementor-element elementor-element-010be06 elementor-widget elementor-widget-text-editor\" data-id=\"010be06\" data-element_type=\"widget\" data-widget_type=\"text-editor.default\">\n\t\t\t\t<div class=\"elementor-widget-container\">\n\t\t\t\t\t\t\t\t\t<p>En koncert fyldt med julehum\u00f8r af den gode slags.<br \/>D\u00e9r hvor \u00f8nskerne g\u00e5r i opfyldelse,<br \/>og hvor julesneen kun daler p\u00e5 marker og i haver,<br \/>men venligt styrer udenom fortove og veje.<\/p><p>Der er<\/p><ul><li>julefort\u00e6llinger p\u00e5 vers, du slet ikke vidste, at du ikke kan undv\u00e6re at h\u00f8re hver December.<\/li><li>ukendte julesange, der melder sig ind i traditionerne ved f\u00f8rste lyt.<\/li><li>f\u00e6llessange &#8211; de kendte og elskede, og i tonearter alle kan v\u00e6re med p\u00e5!<\/li><\/ul><p>Det er en julekoncert, hvor de sm\u00e5 h\u00e5r f\u00e5r lov at rejse sig fordi ordet \u2019h\u00f8jtid\u2019 ikke f\u00f8les spor fremmed, men det g\u00f8r ordet \u2019n\u00e6rhed\u2019 s\u00e5 sandelig heller ikke!<\/p><p>Desuden er der Leifs harmonikaspil, der udstiller dette instruments n\u00e6re sl\u00e6gtskab med kirkens orgel p\u00e5 flotteste vis.<\/p><p>Og bliv ikke forbavset hvis julesneen drysser ned udenfor efter koncerten &#8211; trods plusgrader!<\/p><p>Koncerten passer i \u00f8vrigt fint til gl\u00f8gg og \u00e6bleskiver \u2013 og lige s\u00e5 fint til kirkerummet som forsamlingshuset!<\/p><p><em>En del af sangene fra koncerten er at finde p\u00e5 Bente og Leifs CD <strong>&#8220;Julefluen&#8221;<\/strong><\/em><\/p>\t\t\t\t\t\t\t\t<\/div>\n\t\t\t\t<\/div>\n\t\t\t\t<div class=\"elementor-element elementor-element-25215fa elementor-widget elementor-widget-image\" data-id=\"25215fa\" data-element_type=\"widget\" data-widget_type=\"image.default\">\n\t\t\t\t<div class=\"elementor-widget-container\">\n\t\t\t\t\t\t\t\t\t\t\t\t\t\t\t<img decoding=\"async\" width=\"150\" height=\"150\" src=\"https:\/\/benteogleif.dk\/web\/wp-content\/uploads\/2024\/12\/0035-Julefluen-150x150.jpg\" class=\"attachment-thumbnail size-thumbnail wp-image-3656\" alt=\"\" \/>\t\t\t\t\t\t\t\t\t\t\t\t\t\t\t<\/div>\n\t\t\t\t<\/div>\n\t\t\t\t<\/div>\n\t\t\t\t\t<\/div>\n\t\t\t\t<\/div>\n\t\t<div class=\"elementor-element elementor-element-2b588f8 e-flex e-con-boxed e-con e-parent\" data-id=\"2b588f8\" data-element_type=\"container\">\n\t\t\t\t\t<div class=\"e-con-inner\">\n\t\t\t\t\t<\/div>\n\t\t\t\t<\/div>\n\t\t\t\t<\/div>\n\t\t","protected":false},"excerpt":{"rendered":"<p>&#8220;&#8230;og at solen fra sit skjul&#8230;&#8221;Malet af Bente KureSe flere malerier under Bente Kure kunstgalleri Julekoncerten: Kom i julestemning f\u00f8r din nabo En koncert fyldt med julehum\u00f8r af den gode slags.D\u00e9r hvor \u00f8nskerne g\u00e5r i opfyldelse,og hvor julesneen kun daler p\u00e5 marker og i haver,men venligt styrer udenom fortove og veje. Der er julefort\u00e6llinger p\u00e5 [&hellip;]<\/p>\n","protected":false},"author":1,"featured_media":0,"parent":0,"menu_order":0,"comment_status":"closed","ping_status":"closed","template":"","meta":{"_uag_custom_page_level_css":"","site-sidebar-layout":"no-sidebar","site-content-layout":"page-builder","ast-site-content-layout":"full-width-container","site-content-style":"unboxed","site-sidebar-style":"unboxed","ast-global-header-display":"","ast-banner-title-visibility":"","ast-main-header-display":"","ast-hfb-above-header-display":"","ast-hfb-below-header-display":"","ast-hfb-mobile-header-display":"","site-post-title":"disabled","ast-breadcrumbs-content":"","ast-featured-img":"","footer-sml-layout":"","theme-transparent-header-meta":"disabled","adv-header-id-meta":"","stick-header-meta":"","header-above-stick-meta":"","header-main-stick-meta":"","header-below-stick-meta":"","astra-migrate-meta-layouts":"set","ast-page-background-enabled":"default","ast-page-background-meta":{"desktop":{"background-color":"","background-image":"","background-repeat":"repeat","background-position":"center center","background-size":"auto","background-attachment":"scroll","background-type":"","background-media":"","overlay-type":"","overlay-color":"","overlay-opacity":"","overlay-gradient":""},"tablet":{"background-color":"","background-image":"","background-repeat":"repeat","background-position":"center center","background-size":"auto","background-attachment":"scroll","background-type":"","background-media":"","overlay-type":"","overlay-color":"","overlay-opacity":"","overlay-gradient":""},"mobile":{"background-color":"","background-image":"","background-repeat":"repeat","background-position":"center center","background-size":"auto","background-attachment":"scroll","background-type":"","background-media":"","overlay-type":"","overlay-color":"","overlay-opacity":"","overlay-gradient":""}},"ast-content-background-meta":{"desktop":{"background-color":"var(--ast-global-color-5)","background-image":"","background-repeat":"repeat","background-position":"center center","background-size":"auto","background-attachment":"scroll","background-type":"","background-media":"","overlay-type":"","overlay-color":"","overlay-opacity":"","overlay-gradient":""},"tablet":{"background-color":"var(--ast-global-color-5)","background-image":"","background-repeat":"repeat","background-position":"center center","background-size":"auto","background-attachment":"scroll","background-type":"","background-media":"","overlay-type":"","overlay-color":"","overlay-opacity":"","overlay-gradient":""},"mobile":{"background-color":"var(--ast-global-color-5)","background-image":"","background-repeat":"repeat","background-position":"center center","background-size":"auto","background-attachment":"scroll","background-type":"","background-media":"","overlay-type":"","overlay-color":"","overlay-opacity":"","overlay-gradient":""}},"footnotes":""},"class_list":["post-3639","page","type-page","status-publish","hentry"],"uagb_featured_image_src":{"full":false,"thumbnail":false,"medium":false,"medium_large":false,"large":false,"1536x1536":false,"2048x2048":false},"uagb_author_info":{"display_name":"admin","author_link":"https:\/\/benteogleif.dk\/web\/author\/benteo\/"},"uagb_comment_info":0,"uagb_excerpt":"&#8220;&#8230;og at solen fra sit skjul&#8230;&#8221;Malet af Bente KureSe flere malerier under Bente Kure kunstgalleri Julekoncerten: Kom i julestemning f\u00f8r din nabo En koncert fyldt med julehum\u00f8r af den gode slags.D\u00e9r hvor \u00f8nskerne g\u00e5r i opfyldelse,og hvor julesneen kun daler p\u00e5 marker og i haver,men venligt styrer udenom fortove og veje. Der er julefort\u00e6llinger p\u00e5&hellip;","_links":{"self":[{"href":"https:\/\/benteogleif.dk\/web\/wp-json\/wp\/v2\/pages\/3639","targetHints":{"allow":["GET"]}}],"collection":[{"href":"https:\/\/benteogleif.dk\/web\/wp-json\/wp\/v2\/pages"}],"about":[{"href":"https:\/\/benteogleif.dk\/web\/wp-json\/wp\/v2\/types\/page"}],"author":[{"embeddable":true,"href":"https:\/\/benteogleif.dk\/web\/wp-json\/wp\/v2\/users\/1"}],"replies":[{"embeddable":true,"href":"https:\/\/benteogleif.dk\/web\/wp-json\/wp\/v2\/comments?post=3639"}],"version-history":[{"count":13,"href":"https:\/\/benteogleif.dk\/web\/wp-json\/wp\/v2\/pages\/3639\/revisions"}],"predecessor-version":[{"id":4304,"href":"https:\/\/benteogleif.dk\/web\/wp-json\/wp\/v2\/pages\/3639\/revisions\/4304"}],"wp:attachment":[{"href":"https:\/\/benteogleif.dk\/web\/wp-json\/wp\/v2\/media?parent=3639"}],"curies":[{"name":"wp","href":"https:\/\/api.w.org\/{rel}","templated":true}]}}