{"id":3671,"date":"2024-12-11T15:46:15","date_gmt":"2024-12-11T15:46:15","guid":{"rendered":"https:\/\/benteogleif.dk\/web\/?page_id=3671"},"modified":"2025-01-08T13:10:14","modified_gmt":"2025-01-08T13:10:14","slug":"kirkekoncerter","status":"publish","type":"page","link":"https:\/\/benteogleif.dk\/web\/kirkekoncerter\/","title":{"rendered":"Kirkekoncerter"},"content":{"rendered":"\t\t<div data-elementor-type=\"wp-page\" data-elementor-id=\"3671\" class=\"elementor elementor-3671\">\n\t\t\t\t<div class=\"elementor-element elementor-element-173edd6 e-flex e-con-boxed e-con e-parent\" data-id=\"173edd6\" data-element_type=\"container\">\n\t\t\t\t\t<div class=\"e-con-inner\">\n\t\t<div class=\"elementor-element elementor-element-4be943b e-con-full e-flex e-con e-child\" data-id=\"4be943b\" data-element_type=\"container\">\n\t\t\t\t<div class=\"elementor-element elementor-element-389b00e elementor-widget elementor-widget-image\" data-id=\"389b00e\" data-element_type=\"widget\" data-widget_type=\"image.default\">\n\t\t\t\t<div class=\"elementor-widget-container\">\n\t\t\t\t\t\t\t\t\t\t\t\t\t\t\t<img decoding=\"async\" src=\"https:\/\/benteogleif.dk\/web\/wp-content\/uploads\/elementor\/thumbs\/0033a-Kirkekoncerter1-scaled-qycvz5k7cdzjv4viafccsmiz00htoqroujl3154vfy.jpg\" title=\"0033a Kirkekoncerter1\" alt=\"0033a Kirkekoncerter1\" loading=\"lazy\" \/>\t\t\t\t\t\t\t\t\t\t\t\t\t\t\t<\/div>\n\t\t\t\t<\/div>\n\t\t\t\t<\/div>\n\t\t<div class=\"elementor-element elementor-element-71a2bed e-con-full e-flex e-con e-child\" data-id=\"71a2bed\" data-element_type=\"container\">\n\t\t\t\t<div class=\"elementor-element elementor-element-612a741 elementor-widget elementor-widget-heading\" data-id=\"612a741\" data-element_type=\"widget\" data-widget_type=\"heading.default\">\n\t\t\t\t<div class=\"elementor-widget-container\">\n\t\t\t\t\t<h2 class=\"elementor-heading-title elementor-size-default\">Kirkekoncert\n<\/h2>\t\t\t\t<\/div>\n\t\t\t\t<\/div>\n\t\t\t\t<div class=\"elementor-element elementor-element-010be06 elementor-widget elementor-widget-text-editor\" data-id=\"010be06\" data-element_type=\"widget\" data-widget_type=\"text-editor.default\">\n\t\t\t\t<div class=\"elementor-widget-container\">\n\t\t\t\t\t\t\t\t\t<p>N\u00e5r Bente og Leif spiller kirkekoncerter, er b\u00e5de repertoire og fremf\u00f8relse som vi kender det fra spillestederne og foreningerne &#8211; fuld af nerve, varme, intensitet og noget p\u00e5 hjerte. (<em>L\u00e6s mere under<a href=\"https:\/\/benteogleif.dk\/web\/aktuelt\/\"><strong> &#8220;T\u00e6nd Lyset!&#8221; <\/strong><\/a>og<a href=\"https:\/\/benteogleif.dk\/web\/julekoncerter\/\"><strong> &#8220;Julekoncerter&#8221;<\/strong><\/a><\/em>)<\/p><p>Men h\u00e9r g\u00f8r de noget s\u00e6rligt ud af at relatere sangene, musikken og ikke mindst de mellemliggende kommentarer til det kirkerum, de befinder sig i. Det g\u00e6lder, hvad enten der er tale om <strong>jule-, for\u00e5rs-, sommer-<\/strong> eller<strong> efter\u00e5rskoncert. <\/strong>Eller hvor p\u00e5 \u00e5ret og i livet, vi nu befinder os.<\/p><p>Og s\u00e5 skal Leif altid lige vise, at han med sin harmonika kan g\u00f8re organisten kunsten efter! \ud83d\ude0a<\/p><p>I en verden, hvor medierne f\u00e5r os til at tro at dommedag er n\u00e6r, st\u00e5r Bente og Leif stadig for et positivt livssyn uden at forfalde til hverken at blive lalleglade eller ligeglade. Og mere professionelle end nogensinde leverer de den helt rigtige blanding af humor og alvor &#8211; nyt og velkendt ved deres altid meget stemningsfulde kirkekoncerter.<\/p>\t\t\t\t\t\t\t\t<\/div>\n\t\t\t\t<\/div>\n\t\t\t\t<div class=\"elementor-element elementor-element-6324497 elementor-widget elementor-widget-image\" data-id=\"6324497\" data-element_type=\"widget\" data-widget_type=\"image.default\">\n\t\t\t\t<div class=\"elementor-widget-container\">\n\t\t\t\t\t\t\t\t\t\t\t\t\t\t\t<img fetchpriority=\"high\" decoding=\"async\" width=\"1024\" height=\"611\" src=\"https:\/\/benteogleif.dk\/web\/wp-content\/uploads\/2024\/12\/0034-Kirke-Kim-Knudsen-1024x611.jpg\" class=\"attachment-large size-large wp-image-3677\" alt=\"\" srcset=\"https:\/\/benteogleif.dk\/web\/wp-content\/uploads\/2024\/12\/0034-Kirke-Kim-Knudsen-1024x611.jpg 1024w, https:\/\/benteogleif.dk\/web\/wp-content\/uploads\/2024\/12\/0034-Kirke-Kim-Knudsen-300x179.jpg 300w, https:\/\/benteogleif.dk\/web\/wp-content\/uploads\/2024\/12\/0034-Kirke-Kim-Knudsen-768x458.jpg 768w, https:\/\/benteogleif.dk\/web\/wp-content\/uploads\/2024\/12\/0034-Kirke-Kim-Knudsen-1536x917.jpg 1536w, https:\/\/benteogleif.dk\/web\/wp-content\/uploads\/2024\/12\/0034-Kirke-Kim-Knudsen.jpg 1600w\" sizes=\"(max-width: 1024px) 100vw, 1024px\" \/>\t\t\t\t\t\t\t\t\t\t\t\t\t\t\t<\/div>\n\t\t\t\t<\/div>\n\t\t\t\t<div class=\"elementor-element elementor-element-487387c elementor-widget elementor-widget-heading\" data-id=\"487387c\" data-element_type=\"widget\" data-widget_type=\"heading.default\">\n\t\t\t\t<div class=\"elementor-widget-container\">\n\t\t\t\t\t<h2 class=\"elementor-heading-title elementor-size-default\">Anmelderne om kirkekoncerten:\n<\/h2>\t\t\t\t<\/div>\n\t\t\t\t<\/div>\n\t\t\t\t<div class=\"elementor-element elementor-element-1f440cc elementor-widget elementor-widget-text-editor\" data-id=\"1f440cc\" data-element_type=\"widget\" data-widget_type=\"text-editor.default\">\n\t\t\t\t<div class=\"elementor-widget-container\">\n\t\t\t\t\t\t\t\t\t<p><strong>Kirken var propfuld<\/strong> af et forventningsfuldt publikum, der bestemt fik opfyldt, hvad de kom for. Nemlig en stemningsfuld og meget smuk koncert med en lang r\u00e6kke dejlige viser. En koncert der ogs\u00e5 var pr\u00e6get af, at de to engagerede og dygtige musikere, havde markante holdninger til livet og verden, og alligevel med mange humoristiske indslag form\u00e5ede at f\u00e5 alvoren til lette, s\u00e5 publikum gik opl\u00f8ftede og berigede hjem.\u00a0Bestemt en dejlig koncert, der passer godt til kirkerummet.<br \/><em>J<\/em><em>ulia Helgason, organist, og Aksel Skjoldan, D\u00e5strup kirke<\/em><\/p><p><strong>P\u00e5 en kold januaraften<\/strong> og med udgangspunkt i budskabet om n\u00e6stek\u00e6rlighed, flettede de to musikere en smuk buket af viser, som hver p\u00e5 deres m\u00e5de fortolkede budskabet. Herinde i kirkerummet, som dannede en fornem lydramme om koncerten, fik vi varmen i b\u00e5de krop og sj\u00e6l, dels fra viserne, smukt og st\u00e6rkt sunget af Bente Kure, og med medf\u00f8lelse og indlevelse fornemt akkompagneret af Leif Ernstsen, og dels fra de meget vedkommende og livsn\u00e6re kommentarer, som ledsagede de forskellige sange og viser. Med dyb respekt for det s\u00e6rlige rum, f\u00f8rte de to publikum igennem en sangskat af b\u00e5de kendte og egne kompositioner, og det blev for os alle en uforglemmelig aften.<br \/><em>Ole Juul, sognepr\u00e6st, \u00d8dum Kirke<\/em><\/p><p><em>Billedet &#8220;Klitter i siluhet&#8221; \u00f8verst til venstre er malet af Bente. Se mange flere malerier under <a href=\"https:\/\/benteogleif.dk\/web\/kunstgalleri\/\">&#8220;Bente Kure\/ kunstgalleri&#8221;<\/a><\/em><\/p>\t\t\t\t\t\t\t\t<\/div>\n\t\t\t\t<\/div>\n\t\t\t\t<\/div>\n\t\t\t\t\t<\/div>\n\t\t\t\t<\/div>\n\t\t\t\t<\/div>\n\t\t","protected":false},"excerpt":{"rendered":"<p>Kirkekoncert N\u00e5r Bente og Leif spiller kirkekoncerter, er b\u00e5de repertoire og fremf\u00f8relse som vi kender det fra spillestederne og foreningerne &#8211; fuld af nerve, varme, intensitet og noget p\u00e5 hjerte. (L\u00e6s mere under &#8220;T\u00e6nd Lyset!&#8221; og &#8220;Julekoncerter&#8221;) Men h\u00e9r g\u00f8r de noget s\u00e6rligt ud af at relatere sangene, musikken og ikke mindst de mellemliggende kommentarer [&hellip;]<\/p>\n","protected":false},"author":1,"featured_media":0,"parent":0,"menu_order":0,"comment_status":"closed","ping_status":"closed","template":"","meta":{"_uag_custom_page_level_css":"","site-sidebar-layout":"no-sidebar","site-content-layout":"page-builder","ast-site-content-layout":"full-width-container","site-content-style":"unboxed","site-sidebar-style":"unboxed","ast-global-header-display":"","ast-banner-title-visibility":"","ast-main-header-display":"","ast-hfb-above-header-display":"","ast-hfb-below-header-display":"","ast-hfb-mobile-header-display":"","site-post-title":"disabled","ast-breadcrumbs-content":"","ast-featured-img":"","footer-sml-layout":"","theme-transparent-header-meta":"disabled","adv-header-id-meta":"","stick-header-meta":"","header-above-stick-meta":"","header-main-stick-meta":"","header-below-stick-meta":"","astra-migrate-meta-layouts":"set","ast-page-background-enabled":"default","ast-page-background-meta":{"desktop":{"background-color":"","background-image":"","background-repeat":"repeat","background-position":"center center","background-size":"auto","background-attachment":"scroll","background-type":"","background-media":"","overlay-type":"","overlay-color":"","overlay-opacity":"","overlay-gradient":""},"tablet":{"background-color":"","background-image":"","background-repeat":"repeat","background-position":"center center","background-size":"auto","background-attachment":"scroll","background-type":"","background-media":"","overlay-type":"","overlay-color":"","overlay-opacity":"","overlay-gradient":""},"mobile":{"background-color":"","background-image":"","background-repeat":"repeat","background-position":"center center","background-size":"auto","background-attachment":"scroll","background-type":"","background-media":"","overlay-type":"","overlay-color":"","overlay-opacity":"","overlay-gradient":""}},"ast-content-background-meta":{"desktop":{"background-color":"var(--ast-global-color-5)","background-image":"","background-repeat":"repeat","background-position":"center center","background-size":"auto","background-attachment":"scroll","background-type":"","background-media":"","overlay-type":"","overlay-color":"","overlay-opacity":"","overlay-gradient":""},"tablet":{"background-color":"var(--ast-global-color-5)","background-image":"","background-repeat":"repeat","background-position":"center center","background-size":"auto","background-attachment":"scroll","background-type":"","background-media":"","overlay-type":"","overlay-color":"","overlay-opacity":"","overlay-gradient":""},"mobile":{"background-color":"var(--ast-global-color-5)","background-image":"","background-repeat":"repeat","background-position":"center center","background-size":"auto","background-attachment":"scroll","background-type":"","background-media":"","overlay-type":"","overlay-color":"","overlay-opacity":"","overlay-gradient":""}},"footnotes":""},"class_list":["post-3671","page","type-page","status-publish","hentry"],"uagb_featured_image_src":{"full":false,"thumbnail":false,"medium":false,"medium_large":false,"large":false,"1536x1536":false,"2048x2048":false},"uagb_author_info":{"display_name":"admin","author_link":"https:\/\/benteogleif.dk\/web\/author\/benteo\/"},"uagb_comment_info":0,"uagb_excerpt":"Kirkekoncert N\u00e5r Bente og Leif spiller kirkekoncerter, er b\u00e5de repertoire og fremf\u00f8relse som vi kender det fra spillestederne og foreningerne &#8211; fuld af nerve, varme, intensitet og noget p\u00e5 hjerte. (L\u00e6s mere under &#8220;T\u00e6nd Lyset!&#8221; og &#8220;Julekoncerter&#8221;) Men h\u00e9r g\u00f8r de noget s\u00e6rligt ud af at relatere sangene, musikken og ikke mindst de mellemliggende kommentarer&hellip;","_links":{"self":[{"href":"https:\/\/benteogleif.dk\/web\/wp-json\/wp\/v2\/pages\/3671","targetHints":{"allow":["GET"]}}],"collection":[{"href":"https:\/\/benteogleif.dk\/web\/wp-json\/wp\/v2\/pages"}],"about":[{"href":"https:\/\/benteogleif.dk\/web\/wp-json\/wp\/v2\/types\/page"}],"author":[{"embeddable":true,"href":"https:\/\/benteogleif.dk\/web\/wp-json\/wp\/v2\/users\/1"}],"replies":[{"embeddable":true,"href":"https:\/\/benteogleif.dk\/web\/wp-json\/wp\/v2\/comments?post=3671"}],"version-history":[{"count":17,"href":"https:\/\/benteogleif.dk\/web\/wp-json\/wp\/v2\/pages\/3671\/revisions"}],"predecessor-version":[{"id":4307,"href":"https:\/\/benteogleif.dk\/web\/wp-json\/wp\/v2\/pages\/3671\/revisions\/4307"}],"wp:attachment":[{"href":"https:\/\/benteogleif.dk\/web\/wp-json\/wp\/v2\/media?parent=3671"}],"curies":[{"name":"wp","href":"https:\/\/api.w.org\/{rel}","templated":true}]}}