{"id":3694,"date":"2024-12-11T17:38:33","date_gmt":"2024-12-11T17:38:33","guid":{"rendered":"https:\/\/benteogleif.dk\/web\/?page_id=3694"},"modified":"2025-06-28T12:18:50","modified_gmt":"2025-06-28T12:18:50","slug":"oensker","status":"publish","type":"page","link":"https:\/\/benteogleif.dk\/web\/oensker\/","title":{"rendered":"\u00d8nsker"},"content":{"rendered":"\t\t<div data-elementor-type=\"wp-page\" data-elementor-id=\"3694\" class=\"elementor elementor-3694\">\n\t\t\t\t<div class=\"elementor-element elementor-element-7f529d5 e-flex e-con-boxed e-con e-parent\" data-id=\"7f529d5\" data-element_type=\"container\">\n\t\t\t\t\t<div class=\"e-con-inner\">\n\t\t\t\t\t<\/div>\n\t\t\t\t<\/div>\n\t\t<div class=\"elementor-element elementor-element-173edd6 e-flex e-con-boxed e-con e-parent\" data-id=\"173edd6\" data-element_type=\"container\">\n\t\t\t\t\t<div class=\"e-con-inner\">\n\t\t<div class=\"elementor-element elementor-element-4be943b e-con-full e-flex e-con e-child\" data-id=\"4be943b\" data-element_type=\"container\">\n\t\t\t\t<div class=\"elementor-element elementor-element-389b00e elementor-widget elementor-widget-image\" data-id=\"389b00e\" data-element_type=\"widget\" data-widget_type=\"image.default\">\n\t\t\t\t<div class=\"elementor-widget-container\">\n\t\t\t\t\t\t\t\t\t\t\t\t\t\t\t<img decoding=\"async\" src=\"https:\/\/benteogleif.dk\/web\/wp-content\/uploads\/elementor\/thumbs\/0043-Oensker-1-qyd0uicabq19sa5uc82rydiojs6xnywzmgy23h4uz6.jpg\" title=\"0043 \u00d8nsker\" alt=\"0043 \u00d8nsker\" loading=\"lazy\" \/>\t\t\t\t\t\t\t\t\t\t\t\t\t\t\t<\/div>\n\t\t\t\t<\/div>\n\t\t\t\t<\/div>\n\t\t<div class=\"elementor-element elementor-element-71a2bed e-con-full e-flex e-con e-child\" data-id=\"71a2bed\" data-element_type=\"container\">\n\t\t\t\t<div class=\"elementor-element elementor-element-42b0140 elementor-widget elementor-widget-heading\" data-id=\"42b0140\" data-element_type=\"widget\" data-widget_type=\"heading.default\">\n\t\t\t\t<div class=\"elementor-widget-container\">\n\t\t\t\t\t<h2 class=\"elementor-heading-title elementor-size-default\">\u00d8nsk vores musik!<\/h2>\t\t\t\t<\/div>\n\t\t\t\t<\/div>\n\t\t\t\t<div class=\"elementor-element elementor-element-010be06 elementor-widget elementor-widget-text-editor\" data-id=\"010be06\" data-element_type=\"widget\" data-widget_type=\"text-editor.default\">\n\t\t\t\t<div class=\"elementor-widget-container\">\n\t\t\t\t\t\t\t\t\t<p><strong>K\u00e6re dig, der l\u00e6ser dette..<\/strong>.\u00a0\u00a0<\/p><p>Det er ingen hemmelighed at b\u00e5de <strong>vores genre og vores alder ikke er de mest velrepr\u00e6senterede i tidens medier.<\/strong> Hverken i de etablerede kanaler som f.eks. Danmarks Radio og TV2, men heller p\u00e5 de mange internet-platforme.<\/p><p>Det er et faktum, at det er <strong>vanskeligt at tr\u00e6nge igennem<\/strong> til diverse udsendelser og podcasts n\u00e5r man har rundet <strong>en hel del mere end +60 og spiller viser &amp; folkemusik.<\/strong><\/p><p><span style=\"text-decoration: underline;\"><strong>Det kan dog ske<\/strong><\/span> gennem visse smuthuller\u00a0 &#8211; s\u00e5 derfor vil vi <strong>bede om din hj\u00e6lp<\/strong>.<br \/>Nedenfor h\u00e9r har vi oplistet de smuthuller og studiev\u00e6rter, vi har fundet i vores s\u00f8gen efter eksponering. Men \u00e9t er, at man som musiker selv henvender sig &#8211; <strong>noget helt andet er det, hvis <em>LYTTERNE<\/em> g\u00f8r det! <\/strong>\u00a0Det udl\u00f8ser oftest en st\u00f8rre grad af respekt.\u00a0\u00a0<strong>\ud83d\ude42<\/strong><\/p><p>Kort sagt; <strong><em>hold dig ikke tilbage med at sende en lind str\u00f8m af lytter\u00f8nsker alle vide vegne hen i hele mediebilledet<\/em><\/strong> og <br \/>\u00f8nsk, <br \/>\u00d8NSK, <br \/>bare <strong>\u00d8NSK os!<br \/><\/strong><em>Og er der ikke bid f\u00f8rste gang &#8211; s\u00e5 pr\u00f8v igen &#8211; og igen &#8211; og igen\u2026\u00a0 \u00a0<\/em><strong>;o)<\/strong><\/p><p>P\u00e5 forh\u00e5nd tak<br \/>og venlig hilsen<br \/><em><strong>Bente og Leif\u00a0<\/strong><\/em><\/p>\t\t\t\t\t\t\t\t<\/div>\n\t\t\t\t<\/div>\n\t\t\t\t<div class=\"elementor-element elementor-element-71f2c12 elementor-widget elementor-widget-heading\" data-id=\"71f2c12\" data-element_type=\"widget\" data-widget_type=\"heading.default\">\n\t\t\t\t<div class=\"elementor-widget-container\">\n\t\t\t\t\t<h2 class=\"elementor-heading-title elementor-size-default\">Skriv f.eks. til nedenst\u00e5ende<\/h2>\t\t\t\t<\/div>\n\t\t\t\t<\/div>\n\t\t\t\t<div class=\"elementor-element elementor-element-7ecad77 elementor-widget elementor-widget-text-editor\" data-id=\"7ecad77\" data-element_type=\"widget\" data-widget_type=\"text-editor.default\">\n\t\t\t\t<div class=\"elementor-widget-container\">\n\t\t\t\t\t\t\t\t\t<p><u><\/u><em>Rigtige \u00f8nskeprogrammer:<\/em><\/p><ul><li><strong>HejP2 <\/strong>\u2013 sendes man-fre p\u00e5 DR P2 om formiddagen. <br \/>L\u00e6g m\u00e6rke til dagens emne.<br \/><span style=\"text-decoration: underline;\"><strong><a href=\"mailto:hejp2@dr.dk\">hejp2@dr.dk<\/a><\/strong><\/span><\/li><li><strong>Giro413 <\/strong>\u2013 sendes s\u00f8ndag p\u00e5 DR P5 12.15-14.00<br \/>Send en hilsen til nogen. Hilsenen p\u00e5 <span style=\"text-decoration: underline;\"><strong>giro413@dr.dk<\/strong><\/span> og Mobilepay 724 413.<\/li><\/ul><p><em>Og s\u00e5 er der alle dem, der ikke er egentlige \u00f8nskeprogrammer, men hvor der spilles meget, som vi genrem\u00e6ssigt sagtens kan matche afh\u00e6ngig af hvilke af vores sange, man foresl\u00e5r. Om ikke andet f\u00e5r man gjort studiev\u00e6rterne opm\u00e6rksomme p\u00e5 vores eksistens. F.eks.:<\/em><\/p><ul><li><strong>Sangbogen med Muff og Hammer <\/strong>\u2013 hver l\u00f8rdag kl 18 p\u00e5 DR P2<\/li><li><strong>Natsv\u00e6rmeren <\/strong>\u2013 hver aften kl 22 p\u00e5 DR P2<\/li><li><strong>P5 Morgen <\/strong>og <strong>Meget mere morgen <\/strong>\u00a0&#8211; hver morgen p\u00e5 DR P5<\/li><li><strong>To vers og et omkv\u00e6d <\/strong>\u2013 hver l\u00f8rdag og s\u00f8ndag kl 10 p\u00e5 DR P5<\/li><\/ul><p>Desv\u00e6rre er DR utrolig sv\u00e6r at kontakte pr e-mail, s\u00e5 man kan enten skrive via facebook eller pr\u00f8ve dette link\u00a0 <a href=\"https:\/\/www.dr.dk\/kontakt\/\">https:\/\/dr.dk\/kontakt<\/a><br \/><em>og s\u00e5 bede dem videresende beskeden til rette vedkommende.<\/em><\/p><p><strong><em>Og udenfor DR-regi:<\/em><\/strong><\/p><ul><li><strong>Radio Mars<\/strong> \u2013 Alex Nyborg Madsens radiokanal: <a style=\"font-size: 16px; background-color: #ffffff;\" href=\"https:\/\/radiomars.dk\/index.php\/contact-us\/\">hello@radiomars.dk\u00a0<\/a><\/li><\/ul><p><strong>\u00a0<\/strong><\/p>\t\t\t\t\t\t\t\t<\/div>\n\t\t\t\t<\/div>\n\t\t\t\t<\/div>\n\t\t\t\t\t<\/div>\n\t\t\t\t<\/div>\n\t\t<div class=\"elementor-element elementor-element-2b588f8 e-flex e-con-boxed e-con e-parent\" data-id=\"2b588f8\" data-element_type=\"container\">\n\t\t\t\t\t<div class=\"e-con-inner\">\n\t\t\t\t\t<\/div>\n\t\t\t\t<\/div>\n\t\t\t\t<\/div>\n\t\t","protected":false},"excerpt":{"rendered":"<p>\u00d8nsk vores musik! K\u00e6re dig, der l\u00e6ser dette&#8230;\u00a0\u00a0 Det er ingen hemmelighed at b\u00e5de vores genre og vores alder ikke er de mest velrepr\u00e6senterede i tidens medier. Hverken i de etablerede kanaler som f.eks. Danmarks Radio og TV2, men heller p\u00e5 de mange internet-platforme. Det er et faktum, at det er vanskeligt at tr\u00e6nge igennem [&hellip;]<\/p>\n","protected":false},"author":1,"featured_media":0,"parent":0,"menu_order":0,"comment_status":"closed","ping_status":"closed","template":"","meta":{"_uag_custom_page_level_css":"","site-sidebar-layout":"no-sidebar","site-content-layout":"page-builder","ast-site-content-layout":"full-width-container","site-content-style":"unboxed","site-sidebar-style":"unboxed","ast-global-header-display":"","ast-banner-title-visibility":"","ast-main-header-display":"","ast-hfb-above-header-display":"","ast-hfb-below-header-display":"","ast-hfb-mobile-header-display":"","site-post-title":"disabled","ast-breadcrumbs-content":"","ast-featured-img":"","footer-sml-layout":"","theme-transparent-header-meta":"disabled","adv-header-id-meta":"","stick-header-meta":"","header-above-stick-meta":"","header-main-stick-meta":"","header-below-stick-meta":"","astra-migrate-meta-layouts":"set","ast-page-background-enabled":"default","ast-page-background-meta":{"desktop":{"background-color":"","background-image":"","background-repeat":"repeat","background-position":"center center","background-size":"auto","background-attachment":"scroll","background-type":"","background-media":"","overlay-type":"","overlay-color":"","overlay-opacity":"","overlay-gradient":""},"tablet":{"background-color":"","background-image":"","background-repeat":"repeat","background-position":"center center","background-size":"auto","background-attachment":"scroll","background-type":"","background-media":"","overlay-type":"","overlay-color":"","overlay-opacity":"","overlay-gradient":""},"mobile":{"background-color":"","background-image":"","background-repeat":"repeat","background-position":"center center","background-size":"auto","background-attachment":"scroll","background-type":"","background-media":"","overlay-type":"","overlay-color":"","overlay-opacity":"","overlay-gradient":""}},"ast-content-background-meta":{"desktop":{"background-color":"var(--ast-global-color-5)","background-image":"","background-repeat":"repeat","background-position":"center center","background-size":"auto","background-attachment":"scroll","background-type":"","background-media":"","overlay-type":"","overlay-color":"","overlay-opacity":"","overlay-gradient":""},"tablet":{"background-color":"var(--ast-global-color-5)","background-image":"","background-repeat":"repeat","background-position":"center center","background-size":"auto","background-attachment":"scroll","background-type":"","background-media":"","overlay-type":"","overlay-color":"","overlay-opacity":"","overlay-gradient":""},"mobile":{"background-color":"var(--ast-global-color-5)","background-image":"","background-repeat":"repeat","background-position":"center center","background-size":"auto","background-attachment":"scroll","background-type":"","background-media":"","overlay-type":"","overlay-color":"","overlay-opacity":"","overlay-gradient":""}},"footnotes":""},"class_list":["post-3694","page","type-page","status-publish","hentry"],"uagb_featured_image_src":{"full":false,"thumbnail":false,"medium":false,"medium_large":false,"large":false,"1536x1536":false,"2048x2048":false},"uagb_author_info":{"display_name":"admin","author_link":"https:\/\/benteogleif.dk\/web\/author\/benteo\/"},"uagb_comment_info":0,"uagb_excerpt":"\u00d8nsk vores musik! K\u00e6re dig, der l\u00e6ser dette...\u00a0\u00a0 Det er ingen hemmelighed at b\u00e5de vores genre og vores alder ikke er de mest velrepr\u00e6senterede i tidens medier. Hverken i de etablerede kanaler som f.eks. Danmarks Radio og TV2, men heller p\u00e5 de mange internet-platforme. Det er et faktum, at det er vanskeligt at tr\u00e6nge igennem&hellip;","_links":{"self":[{"href":"https:\/\/benteogleif.dk\/web\/wp-json\/wp\/v2\/pages\/3694","targetHints":{"allow":["GET"]}}],"collection":[{"href":"https:\/\/benteogleif.dk\/web\/wp-json\/wp\/v2\/pages"}],"about":[{"href":"https:\/\/benteogleif.dk\/web\/wp-json\/wp\/v2\/types\/page"}],"author":[{"embeddable":true,"href":"https:\/\/benteogleif.dk\/web\/wp-json\/wp\/v2\/users\/1"}],"replies":[{"embeddable":true,"href":"https:\/\/benteogleif.dk\/web\/wp-json\/wp\/v2\/comments?post=3694"}],"version-history":[{"count":23,"href":"https:\/\/benteogleif.dk\/web\/wp-json\/wp\/v2\/pages\/3694\/revisions"}],"predecessor-version":[{"id":4958,"href":"https:\/\/benteogleif.dk\/web\/wp-json\/wp\/v2\/pages\/3694\/revisions\/4958"}],"wp:attachment":[{"href":"https:\/\/benteogleif.dk\/web\/wp-json\/wp\/v2\/media?parent=3694"}],"curies":[{"name":"wp","href":"https:\/\/api.w.org\/{rel}","templated":true}]}}