{"id":3711,"date":"2024-12-11T18:07:05","date_gmt":"2024-12-11T18:07:05","guid":{"rendered":"https:\/\/benteogleif.dk\/web\/?page_id=3711"},"modified":"2025-06-28T12:49:48","modified_gmt":"2025-06-28T12:49:48","slug":"videoer","status":"publish","type":"page","link":"https:\/\/benteogleif.dk\/web\/videoer\/","title":{"rendered":"Videoer m.m."},"content":{"rendered":"\t\t<div data-elementor-type=\"wp-page\" data-elementor-id=\"3711\" class=\"elementor elementor-3711\">\n\t\t\t\t<div class=\"elementor-element elementor-element-2b588f8 e-flex e-con-boxed e-con e-parent\" data-id=\"2b588f8\" data-element_type=\"container\">\n\t\t\t\t\t<div class=\"e-con-inner\">\n\t\t\t\t<div class=\"elementor-element elementor-element-5be2007 elementor-widget elementor-widget-heading\" data-id=\"5be2007\" data-element_type=\"widget\" data-widget_type=\"heading.default\">\n\t\t\t\t<div class=\"elementor-widget-container\">\n\t\t\t\t\t<h2 class=\"elementor-heading-title elementor-size-default\">Links til optr\u00e6den i TV<\/h2>\t\t\t\t<\/div>\n\t\t\t\t<\/div>\n\t\t\t\t<div class=\"elementor-element elementor-element-fa12ae3 elementor-widget elementor-widget-text-editor\" data-id=\"fa12ae3\" data-element_type=\"widget\" data-widget_type=\"text-editor.default\">\n\t\t\t\t<div class=\"elementor-widget-container\">\n\t\t\t\t\t\t\t\t\t<p><strong>&#8211; TV2 \u00d8st-udsendelse 18. januar 2016:<br><\/strong><a href=\"https:\/\/www.tv2east.dk\/med-pa-noderne\/visens-mestre-bente-kure-og-leif-ernstsen\">https:\/\/www.tv2east.dk\/med-pa-noderne\/visens-mestre-bente-kure-og-leif-ernstsen<\/a><\/p>\n<p><strong>&#8211; Bonanza- DR&#8217;s arkiv &#8211; Musikbutikken m. Kjeld Heick fra 24.april 2000:<br><\/strong><u><a href=\"https:\/\/www.dr.dk\/bonanza\/serie\/464\/musikbutikken\/49870\/musikbutikken\">https:\/\/www.dr.dk\/bonanza\/serie\/464\/musikbutikken\/49870\/musikbutikken<\/a><\/u><\/p>\n<p><em>H\u00e9r vil snart komme et andet link til nuv\u00e6rende \u2019Gensyn\u2019 der har erstattet \u2019Bonanza\u2019<br><\/em><em>\u201dVores to sange ligger hhv 4:10-7:20 og 25:05-29:05 inde i udsendelsen <br><\/em><em>&#8211; og norj, hvor var vi unge!\u201d <\/em>&nbsp;<img decoding=\"async\" draggable=\"false\" role=\"img\" class=\"emoji\" alt=\"\ud83d\ude0a\" src=\"https:\/\/s.w.org\/images\/core\/emoji\/15.0.3\/svg\/1f60a.svg\"><br><br><\/p>\t\t\t\t\t\t\t\t<\/div>\n\t\t\t\t<\/div>\n\t\t\t\t<div class=\"elementor-element elementor-element-42e7133 elementor-widget elementor-widget-heading\" data-id=\"42e7133\" data-element_type=\"widget\" data-widget_type=\"heading.default\">\n\t\t\t\t<div class=\"elementor-widget-container\">\n\t\t\t\t\t<h2 class=\"elementor-heading-title elementor-size-default\">Links til YouTube<\/h2>\t\t\t\t<\/div>\n\t\t\t\t<\/div>\n\t\t\t\t<div class=\"elementor-element elementor-element-11fc2cd elementor-widget elementor-widget-text-editor\" data-id=\"11fc2cd\" data-element_type=\"widget\" data-widget_type=\"text-editor.default\">\n\t\t\t\t<div class=\"elementor-widget-container\">\n\t\t\t\t\t\t\t\t\t<p><em><strong>OBS:\u00a0 St\u00f8t Musikken!<\/strong>\u00a0 &#8211; en hilsen fra Bente og Leif:<br \/>\u201dAt streame musik er der intet ulovligt eller galt i. Man skal blot huske, at de ud\u00f8vende kunstnere kun f\u00e5r forsvindende lidt af de afgifter, man betaler for det. Det meste g\u00e5r til streamingtjenesterne og platformenes ejere. <\/em><br \/><em>Men at skabe musik og at indspille, producere og udgive den, er stadig en kostbar aff\u00e6re. Alligevel kan vi som kunstnere slet ikke lade v\u00e6re, og det er en stor lykke at kunne synge, spille, komponere og indspille. Og det er dejligt at nogen har lyst til at h\u00f8re det, man laver. <\/em><br \/><em>Men lidt sm\u00f8r p\u00e5 br\u00f8det og lidt respekt omkring, hvad prisen faktisk er, er altid godt. <br \/>S\u00e5 kan du lide hvad du h\u00f8rer, vil det gl\u00e6de os, hvis du ogs\u00e5 k\u00f8ber musikken.<\/em><br \/><em>P\u00e5 forh\u00e5nd tak og venlig hilsen<\/em><br \/><em>Bente Kure og Leif Ernstsen&#8221;<\/em><\/p>\t\t\t\t\t\t\t\t<\/div>\n\t\t\t\t<\/div>\n\t\t\t\t<div class=\"elementor-element elementor-element-6e9d0c1 elementor-widget elementor-widget-text-editor\" data-id=\"6e9d0c1\" data-element_type=\"widget\" data-widget_type=\"text-editor.default\">\n\t\t\t\t<div class=\"elementor-widget-container\">\n\t\t\t\t\t\t\t\t\t<p><strong>Her er en lang liste af links til musik med Bente og Leif p\u00e5 YouTube. <\/strong><br \/><strong>Det er ikke alt, der er af lige god optagelseskvalitet, men sjovt at opleve alligevel.\u00a0<\/strong><br \/><strong>God forn\u00f8jelse med det. Rul ned og find:<\/strong><\/p><ul><li><strong><em>Kun udgivet p\u00e5 YouTube<\/em><\/strong><\/li><li><strong><em>Live &#8211; video eller recording<\/em><\/strong><\/li><li><strong><em>Numre fra plader lagt op med videoer\/slides<\/em><\/strong><\/li><li><strong><em>Corona-koncerter fra nedlukningstiden i for\u00e5ret 2020<\/em><\/strong><em style=\"font-size: 16px;\">\u00a0<\/em><\/li><\/ul><p>\u00a0<\/p>\t\t\t\t\t\t\t\t<\/div>\n\t\t\t\t<\/div>\n\t\t\t\t<div class=\"elementor-element elementor-element-40ccd36 elementor-widget elementor-widget-heading\" data-id=\"40ccd36\" data-element_type=\"widget\" data-widget_type=\"heading.default\">\n\t\t\t\t<div class=\"elementor-widget-container\">\n\t\t\t\t\t<h2 class=\"elementor-heading-title elementor-size-default\">Kun udgivet p\u00e5 YouTube<\/h2>\t\t\t\t<\/div>\n\t\t\t\t<\/div>\n\t\t\t\t<div class=\"elementor-element elementor-element-fa88c1f elementor-widget elementor-widget-text-editor\" data-id=\"fa88c1f\" data-element_type=\"widget\" data-widget_type=\"text-editor.default\">\n\t\t\t\t<div class=\"elementor-widget-container\">\n\t\t\t\t\t\t\t\t\t<p><strong><em>Nyeste:<\/em><br \/>The Poros dogsong:<br \/><\/strong><a href=\"https:\/\/www.youtube.com\/watch?v=MUSFrdI7p2w&amp;list=RDMUSFrdI7p2w&amp;start_radio=1\">https:\/\/www.youtube.com\/watch?v=MUSFrdI7p2w&amp;list=RDMUSFrdI7p2w&amp;start_radio=1<\/a><\/p><p><strong>Bare st\u00e5 og se p\u00e5:<br \/><\/strong><a href=\"https:\/\/www.youtube.com\/watch?v=L-BBO2Tg-u0\">https:\/\/www.youtube.com\/watch?v=L-BBO2Tg-u0<\/a><\/p><p><strong>Coronal\u00e5st:<br \/><\/strong><a href=\"https:\/\/www.youtube.com\/watch?v=TMbX9EtgVh0\">https:\/\/www.youtube.com\/watch?v=TMbX9EtgVh0<\/a><\/p>\t\t\t\t\t\t\t\t<\/div>\n\t\t\t\t<\/div>\n\t\t\t\t<div class=\"elementor-element elementor-element-9c2e818 elementor-widget elementor-widget-heading\" data-id=\"9c2e818\" data-element_type=\"widget\" data-widget_type=\"heading.default\">\n\t\t\t\t<div class=\"elementor-widget-container\">\n\t\t\t\t\t<h2 class=\"elementor-heading-title elementor-size-default\">Live - video eller recording<\/h2>\t\t\t\t<\/div>\n\t\t\t\t<\/div>\n\t\t\t\t<div class=\"elementor-element elementor-element-9111371 elementor-widget elementor-widget-text-editor\" data-id=\"9111371\" data-element_type=\"widget\" data-widget_type=\"text-editor.default\">\n\t\t\t\t<div class=\"elementor-widget-container\">\n\t\t\t\t\t\t\t\t\t<p><strong><em><u>Live &#8211; video eller recording<\/u><\/em><\/strong><\/p><p><strong>Avenuen (live, Caf\u00e9 Dr\u00e6sinen, \u00c6r\u00f8sk\u00f8bing 2011):<br \/><\/strong><a href=\"https:\/\/www.youtube.com\/watch?v=vTrX8J7RQrg\">https:\/\/www.youtube.com\/watch?v=vTrX8J7RQrg<\/a><\/p><p><strong>Avenuen \/ Det er godt at se dig (live, Kors\u00f8r):<br \/><\/strong><a href=\"https:\/\/youtu.be\/Ff6uM2lPiZ4\">https:\/\/youtu.be\/Ff6uM2lPiZ4<\/a><\/p><p><strong>Der er en sol ind\u2019i dig (live recorded):<br \/><\/strong><a href=\"https:\/\/www.youtube.com\/watch?v=pKOSabNNUh0\">https:\/\/www.youtube.com\/watch?v=pKOSabNNUh0<\/a><\/p><p><strong>Det er godt at se dig (live, Ceilidh, Skagen Festival 2011):<br \/><\/strong><a href=\"https:\/\/www.youtube.com\/watch?v=Lf3E1zn708o\">https:\/\/www.youtube.com\/watch?v=Lf3E1zn708o<\/a><\/p><p><strong>Det du gi\u2019r (live, Kors\u00f8r):<br \/><\/strong><a href=\"https:\/\/www.youtube.com\/watch?v=4H0tCKo4hK8\">https:\/\/www.youtube.com\/watch?v=4H0tCKo4hK8<\/a><\/p><p><strong>Fiona Fin (live):<br \/><\/strong><a href=\"https:\/\/www.youtube.com\/watch?v=BWh1ucwEyjU\">https:\/\/www.youtube.com\/watch?v=BWh1ucwEyjU<\/a><\/p><p><strong>I don\u2019t feel like dancing tonight (live, Skagen Festival 2012):<br \/><\/strong><a href=\"https:\/\/www.youtube.com\/watch?v=kOgnfLHSq6c\">https:\/\/www.youtube.com\/watch?v=kOgnfLHSq6c<\/a><\/p><p><strong>Koroni (live, Fermaten, Herning 2013):<br \/><\/strong><a href=\"https:\/\/www.youtube.com\/watch?v=qwdKe6A0U0Q\">https:\/\/www.youtube.com\/watch?v=qwdKe6A0U0Q<\/a><\/p><p><strong>Lilles\u00f8ster (live, Norge):<br \/><\/strong><a href=\"https:\/\/www.youtube.com\/watch?v=wLkn7i4bSyU\">https:\/\/www.youtube.com\/watch?v=wLkn7i4bSyU<\/a><\/p><p><strong>Lilles\u00f8ster (live, Roskilde Havn 2013)<br \/><\/strong><a href=\"https:\/\/www.youtube.com\/watch?v=XIvaeZSP2XQ\">https:\/\/www.youtube.com\/watch?v=XIvaeZSP2XQ<\/a><\/p><p><strong>Lilles\u00f8ster (live, Skagen Festival 2011):<br \/><\/strong><a href=\"https:\/\/www.youtube.com\/watch?v=n1ohJMf3R6Q\">https:\/\/www.youtube.com\/watch?v=n1ohJMf3R6Q<\/a><\/p><p><strong>Skagen Festival afslutning live 2012:<br \/><\/strong><a href=\"https:\/\/www.youtube.com\/watch?v=dXU3sIMRVeQ\">https:\/\/www.youtube.com\/watch?v=dXU3sIMRVeQ<\/a><\/p><p><strong>Maria og fuglen (live,TaiAs-festival I Vilnius, Lithauen 2006):<br \/><\/strong><a href=\"https:\/\/www.youtube.com\/watch?v=rsyeE4NGu3U\">https:\/\/www.youtube.com\/watch?v=rsyeE4NGu3U<\/a><\/p><p><strong>Marielyst Seniorfestival live 2019<br \/><\/strong><em>(Koncerten ligger 6:37-31:48 i videoen):<br \/><\/em><a href=\"https:\/\/www.youtube.com\/watch?v=ephml61J9dw\">https:\/\/www.youtube.com\/watch?v=ephml61J9dw<\/a><\/p><p><strong>Mod den n\u00e6ste morgen, I dit efter\u00e5r, Fl\u00f8jlsgr\u00e6s<br \/><\/strong><span style=\"font-size: 16px;\">(live, Munkebo Bibliotek 2000)<br \/><\/span><em>(Musikken starter 6:37 inde i videoen):<br \/><\/em><em><a href=\"https:\/\/www.youtube.com\/watch?v=r9rracMAA3o\">https:\/\/www.youtube.com\/watch?v=r9rracMAA3o<\/a> <\/em><\/p><p><strong>Ole sad p\u00e5 en knold og sang (live, Norge):<br \/><\/strong><a href=\"https:\/\/www.youtube.com\/watch?v=yOi39BxaWfE\">https:\/\/www.youtube.com\/watch?v=yOi39BxaWfE<\/a><\/p><p><strong>Titanic (live, Kors\u00f8r 2015):<br \/><\/strong><a href=\"https:\/\/youtu.be\/EQqFL7wtnpI\">https:\/\/youtu.be\/EQqFL7wtnpI<\/a><\/p><p><strong>Titanic (live, Roskilde Havn 2013):<br \/><\/strong><a href=\"https:\/\/www.youtube.com\/watch?v=FJfQryX0_qI\">https:\/\/www.youtube.com\/watch?v=FJfQryX0_qI<\/a><strong>\u00a0<\/strong><\/p><p><strong>Tivoli (live, Kors\u00f8r 2015):<br \/><\/strong><a href=\"https:\/\/youtu.be\/WH8qsBUpNmQ\">https:\/\/youtu.be\/WH8qsBUpNmQ<\/a><\/p><p><strong>Tom Paxton m. Bente Kure &#8211; live Skagen Festival 2012:<br \/><\/strong><a href=\"https:\/\/www.youtube.com\/watch?v=oc-m0Rev7_g\">https:\/\/www.youtube.com\/watch?v=oc-m0Rev7_g<\/a><\/p><p><strong>Aakj\u00e6rkoncert m. f\u00e6llessang (live, Jenle):<br \/><\/strong><a href=\"https:\/\/www.youtube.com\/watch?v=WopbdpokulY\">https:\/\/www.youtube.com\/watch?v=WopbdpokulY<\/a><\/p><p><strong>\u2019Harmonikan\u00f8rderne\u2019 Kristian Rusbjerg og \u00d8ivind Ougaard <\/strong><strong>interviewer Leif Ernstsen i en podcast fra 2021:<br \/><\/strong><a href=\"https:\/\/www.youtube.com\/watch?v=3IWQzxmeMQA\">https:\/\/www.youtube.com\/watch?v=3IWQzxmeMQA<\/a><\/p><p><strong>Ens i Nord &#8211; en Lone Wernblad-sang med Bente 2017:<br \/><\/strong><a href=\"https:\/\/www.youtube.com\/watch?v=5TiULVWqZ7s\">https:\/\/www.youtube.com\/watch?v=5TiULVWqZ7s<\/a><\/p><p><strong>med seniorer og med b\u00f8rn<br \/><\/strong><a href=\"https:\/\/www.youtube.com\/watch?v=xr5JLW3-Y8A\">https:\/\/www.youtube.com\/watch?v=xr5JLW3-Y8A<\/a><\/p><p><strong>Ceidlidh-start p\u00e5 Skagen Festival 2010:<br \/><\/strong><a href=\"https:\/\/www.youtube.com\/watch?v=MlDy0LrK-bA\">https:\/\/www.youtube.com\/watch?v=MlDy0LrK-bA<\/a><\/p><p><strong>Leif med Peter Abrahamsen &amp; Bellpepper Boys 2001 &#8211; <\/strong><strong>Hel koncert fra Strib Vinterfestival:<br \/><\/strong><a href=\"https:\/\/www.youtube.com\/watch?v=dYKdVZFKb3U\">https:\/\/www.youtube.com\/watch?v=dYKdVZFKb3U<\/a><\/p><p>\u00a0<\/p>\t\t\t\t\t\t\t\t<\/div>\n\t\t\t\t<\/div>\n\t\t\t\t<div class=\"elementor-element elementor-element-13eb922 elementor-widget elementor-widget-heading\" data-id=\"13eb922\" data-element_type=\"widget\" data-widget_type=\"heading.default\">\n\t\t\t\t<div class=\"elementor-widget-container\">\n\t\t\t\t\t<h2 class=\"elementor-heading-title elementor-size-default\">Numre fra plader lagt op med videoer\/slides<\/h2>\t\t\t\t<\/div>\n\t\t\t\t<\/div>\n\t\t\t\t<div class=\"elementor-element elementor-element-7958e46 elementor-widget elementor-widget-text-editor\" data-id=\"7958e46\" data-element_type=\"widget\" data-widget_type=\"text-editor.default\">\n\t\t\t\t<div class=\"elementor-widget-container\">\n\t\t\t\t\t\t\t\t\t<p><strong>Afterglow:<br \/><\/strong><a href=\"https:\/\/www.youtube.com\/watch?v=VdElbUkzKoM\">https:\/\/www.youtube.com\/watch?v=VdElbUkzKoM<\/a><\/p><p><strong>At sige ja:<br \/><\/strong><a href=\"https:\/\/www.youtube.com\/watch?v=isDS6ZC6Sc4\">https:\/\/www.youtube.com\/watch?v=isDS6ZC6Sc4<\/a><\/p><p><strong>Boblesang:<br \/><\/strong><a href=\"https:\/\/www.youtube.com\/watch?v=0VvVdKFckL8\">https:\/\/www.youtube.com\/watch?v=0VvVdKFckL8<\/a><\/p><p><strong>Det er godt at se dig:<br \/><\/strong><a href=\"https:\/\/www.youtube.com\/watch?v=hbBTvSSnSso\">https:\/\/www.youtube.com\/watch?v=hbBTvSSnSso<\/a><\/p><p><strong>Det du gir, kommer altid tilbage:<br \/><\/strong><a href=\"https:\/\/youtu.be\/4H0tCKo4hK8\">https:\/\/youtu.be\/4H0tCKo4hK8<\/a><\/p><p><strong>Der dukker af disen:<br \/><\/strong><a href=\"https:\/\/www.youtube.com\/watch?v=_8mM7RxJpEs\">https:\/\/www.youtube.com\/watch?v=_8mM7RxJpEs<\/a><\/p><p><strong>Hvis i morgen bli\u2019r for sent:<br \/><\/strong><a href=\"https:\/\/www.youtube.com\/watch?v=v-9MezOSuS8\">https:\/\/www.youtube.com\/watch?v=v-9MezOSuS8<\/a><\/p><p><strong>Karlsvognen:<br \/><\/strong><a href=\"https:\/\/www.youtube.com\/watch?v=qj3TMDiHr94\">https:\/\/www.youtube.com\/watch?v=qj3TMDiHr94<\/a><\/p><p><strong>L\u00f8vspring:<br \/><\/strong><a href=\"https:\/\/www.youtube.com\/watch?v=AQYN-uca8EY\">https:\/\/www.youtube.com\/watch?v=AQYN-uca8EY<\/a><\/p><p><strong>Marius springer:<br \/><\/strong><a href=\"https:\/\/www.youtube.com\/watch?v=wl_NpPUnE_U\">https:\/\/www.youtube.com\/watch?v=wl_NpPUnE_U<\/a><\/p><p><strong>McGhee\u2019s landing:<br \/><\/strong><a href=\"https:\/\/www.youtube.com\/watch?v=y1z4EiUCXyo\">https:\/\/www.youtube.com\/watch?v=y1z4EiUCXyo<\/a><\/p><p><strong>Poros:<br \/><\/strong><a href=\"https:\/\/www.youtube.com\/watch?v=_p2GRWpPnJQ\">https:\/\/www.youtube.com\/watch?v=_p2GRWpPnJQ<\/a><\/p><p><strong>Tivoli:<br \/><\/strong><a href=\"https:\/\/www.youtube.com\/watch?v=Mvbr_zxNL-M\">https:\/\/www.youtube.com\/watch?v=Mvbr_zxNL-M<\/a><\/p>\t\t\t\t\t\t\t\t<\/div>\n\t\t\t\t<\/div>\n\t\t\t\t<div class=\"elementor-element elementor-element-c7a2cce elementor-widget elementor-widget-heading\" data-id=\"c7a2cce\" data-element_type=\"widget\" data-widget_type=\"heading.default\">\n\t\t\t\t<div class=\"elementor-widget-container\">\n\t\t\t\t\t<h2 class=\"elementor-heading-title elementor-size-default\">Corona-koncerter fra nedlukningstiden i for\u00e5ret 2020<\/h2>\t\t\t\t<\/div>\n\t\t\t\t<\/div>\n\t\t\t\t<div class=\"elementor-element elementor-element-97676c5 elementor-widget elementor-widget-text-editor\" data-id=\"97676c5\" data-element_type=\"widget\" data-widget_type=\"text-editor.default\">\n\t\t\t\t<div class=\"elementor-widget-container\">\n\t\t\t\t\t\t\t\t\t<p><strong>Tre sange fra dragkisten i k\u00f8kkenet (live) nr 1:<br \/><\/strong><a href=\"https:\/\/www.youtube.com\/watch?v=am30trJ8WzY\">https:\/\/www.youtube.com\/watch?v=am30trJ8WzY<\/a><\/p><p><strong>Tre sange fra dragkisten i k\u00f8kkenet (live) nr 2:<br \/><\/strong><a href=\"https:\/\/www.youtube.com\/watch?v=SwDRl3DD7UM\">https:\/\/www.youtube.com\/watch?v=SwDRl3DD7UM<\/a><\/p><p><strong>Tre sange fra dragkisten i k\u00f8kkenet (live) nr 3:<br \/><\/strong><a href=\"https:\/\/www.youtube.com\/watch?v=MXhoWo_P3Ww\">https:\/\/www.youtube.com\/watch?v=MXhoWo_P3Ww<\/a><\/p><p><strong>Tre sange fra dragkisten i k\u00f8kkenet (live) nr 4:<br \/><\/strong><a href=\"https:\/\/www.youtube.com\/watch?v=Q3kZoDn2lNk\">https:\/\/www.youtube.com\/watch?v=Q3kZoDn2lNk<\/a><\/p><p><strong>Tre sange fra dragkisten i k\u00f8kkenet (live) nr 5:<br \/><\/strong><u><a href=\"https:\/\/www.youtube.com\/watch?v=Y6XXHZ4zkjM\">https:\/\/www.youtube.com\/watch?v=Y6XXHZ4zkjM<\/a> <\/u><\/p><p><strong>Tre sange fra dragkisten i k\u00f8kkenet (live) nr 6:<br \/><\/strong><a href=\"https:\/\/www.youtube.com\/watch?v=OFf40oavL1Y\">https:\/\/www.youtube.com\/watch?v=OFf40oavL1Y<\/a><\/p><p><strong>Tre sange fra dragkisten i k\u00f8kkenet (live) nr 7:<br \/><\/strong><a href=\"https:\/\/www.youtube.com\/watch?v=NeS_0l36RYo\">https:\/\/www.youtube.com\/watch?v=NeS_0l36RYo<\/a><\/p>\t\t\t\t\t\t\t\t<\/div>\n\t\t\t\t<\/div>\n\t\t<div class=\"elementor-element elementor-element-789b1ce e-con-full e-flex e-con e-child\" data-id=\"789b1ce\" data-element_type=\"container\">\n\t\t\t\t<\/div>\n\t\t\t\t\t<\/div>\n\t\t\t\t<\/div>\n\t\t\t\t<\/div>\n\t\t","protected":false},"excerpt":{"rendered":"<p>Links til optr\u00e6den i TV &#8211; TV2 \u00d8st-udsendelse 18. januar 2016:https:\/\/www.tv2east.dk\/med-pa-noderne\/visens-mestre-bente-kure-og-leif-ernstsen &#8211; Bonanza- DR&#8217;s arkiv &#8211; Musikbutikken m. Kjeld Heick fra 24.april 2000:https:\/\/www.dr.dk\/bonanza\/serie\/464\/musikbutikken\/49870\/musikbutikken H\u00e9r vil snart komme et andet link til nuv\u00e6rende \u2019Gensyn\u2019 der har erstattet \u2019Bonanza\u2019\u201dVores to sange ligger hhv 4:10-7:20 og 25:05-29:05 inde i udsendelsen &#8211; og norj, hvor var vi unge!\u201d &nbsp; [&hellip;]<\/p>\n","protected":false},"author":1,"featured_media":0,"parent":0,"menu_order":0,"comment_status":"closed","ping_status":"closed","template":"","meta":{"_uag_custom_page_level_css":"","site-sidebar-layout":"no-sidebar","site-content-layout":"page-builder","ast-site-content-layout":"full-width-container","site-content-style":"unboxed","site-sidebar-style":"unboxed","ast-global-header-display":"","ast-banner-title-visibility":"","ast-main-header-display":"","ast-hfb-above-header-display":"","ast-hfb-below-header-display":"","ast-hfb-mobile-header-display":"","site-post-title":"disabled","ast-breadcrumbs-content":"","ast-featured-img":"","footer-sml-layout":"","theme-transparent-header-meta":"disabled","adv-header-id-meta":"","stick-header-meta":"","header-above-stick-meta":"","header-main-stick-meta":"","header-below-stick-meta":"","astra-migrate-meta-layouts":"set","ast-page-background-enabled":"default","ast-page-background-meta":{"desktop":{"background-color":"","background-image":"","background-repeat":"repeat","background-position":"center center","background-size":"auto","background-attachment":"scroll","background-type":"","background-media":"","overlay-type":"","overlay-color":"","overlay-opacity":"","overlay-gradient":""},"tablet":{"background-color":"","background-image":"","background-repeat":"repeat","background-position":"center center","background-size":"auto","background-attachment":"scroll","background-type":"","background-media":"","overlay-type":"","overlay-color":"","overlay-opacity":"","overlay-gradient":""},"mobile":{"background-color":"","background-image":"","background-repeat":"repeat","background-position":"center center","background-size":"auto","background-attachment":"scroll","background-type":"","background-media":"","overlay-type":"","overlay-color":"","overlay-opacity":"","overlay-gradient":""}},"ast-content-background-meta":{"desktop":{"background-color":"var(--ast-global-color-5)","background-image":"","background-repeat":"repeat","background-position":"center center","background-size":"auto","background-attachment":"scroll","background-type":"","background-media":"","overlay-type":"","overlay-color":"","overlay-opacity":"","overlay-gradient":""},"tablet":{"background-color":"var(--ast-global-color-5)","background-image":"","background-repeat":"repeat","background-position":"center center","background-size":"auto","background-attachment":"scroll","background-type":"","background-media":"","overlay-type":"","overlay-color":"","overlay-opacity":"","overlay-gradient":""},"mobile":{"background-color":"var(--ast-global-color-5)","background-image":"","background-repeat":"repeat","background-position":"center center","background-size":"auto","background-attachment":"scroll","background-type":"","background-media":"","overlay-type":"","overlay-color":"","overlay-opacity":"","overlay-gradient":""}},"footnotes":""},"class_list":["post-3711","page","type-page","status-publish","hentry"],"uagb_featured_image_src":{"full":false,"thumbnail":false,"medium":false,"medium_large":false,"large":false,"1536x1536":false,"2048x2048":false},"uagb_author_info":{"display_name":"admin","author_link":"https:\/\/benteogleif.dk\/web\/author\/benteo\/"},"uagb_comment_info":0,"uagb_excerpt":"Links til optr\u00e6den i TV &#8211; TV2 \u00d8st-udsendelse 18. januar 2016:https:\/\/www.tv2east.dk\/med-pa-noderne\/visens-mestre-bente-kure-og-leif-ernstsen &#8211; Bonanza- DR&#8217;s arkiv &#8211; Musikbutikken m. Kjeld Heick fra 24.april 2000:https:\/\/www.dr.dk\/bonanza\/serie\/464\/musikbutikken\/49870\/musikbutikken H\u00e9r vil snart komme et andet link til nuv\u00e6rende \u2019Gensyn\u2019 der har erstattet \u2019Bonanza\u2019\u201dVores to sange ligger hhv 4:10-7:20 og 25:05-29:05 inde i udsendelsen &#8211; og norj, hvor var vi unge!\u201d &nbsp;&hellip;","_links":{"self":[{"href":"https:\/\/benteogleif.dk\/web\/wp-json\/wp\/v2\/pages\/3711","targetHints":{"allow":["GET"]}}],"collection":[{"href":"https:\/\/benteogleif.dk\/web\/wp-json\/wp\/v2\/pages"}],"about":[{"href":"https:\/\/benteogleif.dk\/web\/wp-json\/wp\/v2\/types\/page"}],"author":[{"embeddable":true,"href":"https:\/\/benteogleif.dk\/web\/wp-json\/wp\/v2\/users\/1"}],"replies":[{"embeddable":true,"href":"https:\/\/benteogleif.dk\/web\/wp-json\/wp\/v2\/comments?post=3711"}],"version-history":[{"count":31,"href":"https:\/\/benteogleif.dk\/web\/wp-json\/wp\/v2\/pages\/3711\/revisions"}],"predecessor-version":[{"id":4965,"href":"https:\/\/benteogleif.dk\/web\/wp-json\/wp\/v2\/pages\/3711\/revisions\/4965"}],"wp:attachment":[{"href":"https:\/\/benteogleif.dk\/web\/wp-json\/wp\/v2\/media?parent=3711"}],"curies":[{"name":"wp","href":"https:\/\/api.w.org\/{rel}","templated":true}]}}