{"id":3734,"date":"2024-12-11T19:45:26","date_gmt":"2024-12-11T19:45:26","guid":{"rendered":"https:\/\/benteogleif.dk\/web\/?page_id=3734"},"modified":"2026-04-10T05:45:40","modified_gmt":"2026-04-10T05:45:40","slug":"senestenyt","status":"publish","type":"page","link":"https:\/\/benteogleif.dk\/web\/senestenyt\/","title":{"rendered":"Nyheder"},"content":{"rendered":"\t\t<div data-elementor-type=\"wp-page\" data-elementor-id=\"3734\" class=\"elementor elementor-3734\">\n\t\t\t\t<div class=\"elementor-element elementor-element-029b1be e-flex e-con-boxed e-con e-parent\" data-id=\"029b1be\" data-element_type=\"container\">\n\t\t\t\t\t<div class=\"e-con-inner\">\n\t\t<div class=\"elementor-element elementor-element-0940b33 e-con-full e-flex e-con e-child\" data-id=\"0940b33\" data-element_type=\"container\">\n\t\t\t\t<div class=\"elementor-element elementor-element-8eb47e8 elementor-widget elementor-widget-image\" data-id=\"8eb47e8\" data-element_type=\"widget\" data-widget_type=\"image.default\">\n\t\t\t\t<div class=\"elementor-widget-container\">\n\t\t\t\t\t\t\t\t\t\t\t\t\t\t\t<img fetchpriority=\"high\" decoding=\"async\" width=\"300\" height=\"254\" src=\"https:\/\/benteogleif.dk\/web\/wp-content\/uploads\/2024\/12\/0041-Blog-300x254.jpg\" class=\"attachment-medium size-medium wp-image-3658\" alt=\"\" srcset=\"https:\/\/benteogleif.dk\/web\/wp-content\/uploads\/2024\/12\/0041-Blog-300x254.jpg 300w, https:\/\/benteogleif.dk\/web\/wp-content\/uploads\/2024\/12\/0041-Blog-1024x867.jpg 1024w, https:\/\/benteogleif.dk\/web\/wp-content\/uploads\/2024\/12\/0041-Blog-768x650.jpg 768w, https:\/\/benteogleif.dk\/web\/wp-content\/uploads\/2024\/12\/0041-Blog-1536x1301.jpg 1536w, https:\/\/benteogleif.dk\/web\/wp-content\/uploads\/2024\/12\/0041-Blog-2048x1734.jpg 2048w\" sizes=\"(max-width: 300px) 100vw, 300px\" \/>\t\t\t\t\t\t\t\t\t\t\t\t\t\t\t<\/div>\n\t\t\t\t<\/div>\n\t\t\t\t<\/div>\n\t\t<div class=\"elementor-element elementor-element-2d4e0a4 e-con-full e-flex e-con e-child\" data-id=\"2d4e0a4\" data-element_type=\"container\">\n\t\t\t\t<div class=\"elementor-element elementor-element-c89004a elementor-widget elementor-widget-text-editor\" data-id=\"c89004a\" data-element_type=\"widget\" data-widget_type=\"text-editor.default\">\n\t\t\t\t<div class=\"elementor-widget-container\">\n\t\t\t\t\t\t\t\t\t<p><b>Sp\u00e6ndende pinse forude! \ud83d\ude42<\/b><\/p>\t\t\t\t\t\t\t\t<\/div>\n\t\t\t\t<\/div>\n\t\t\t\t<div class=\"elementor-element elementor-element-8aac033 elementor-widget elementor-widget-text-editor\" data-id=\"8aac033\" data-element_type=\"widget\" data-widget_type=\"text-editor.default\">\n\t\t\t\t<div class=\"elementor-widget-container\">\n\t\t\t\t\t\t\t\t\t<p><strong><span style=\"color: #ff0000;\"><em>April 2026:<\/em><\/span><\/strong><\/p><p>Vi er igang med forberedelserne til <strong>en aktiv pinse<\/strong> h\u00e9r p\u00e5 matriklen best\u00e5ende af <strong>marked, malerier og kunst samt levende musik<\/strong>. Med adgang til det hele kl <strong>10-16 l\u00f8rdag, s\u00f8ndag og mandag<\/strong>.<\/p><p><em><strong>I vores hus<\/strong><\/em> omdanner Bente det hele til Galleri og atelier. D.v.s. udstilling af sine v\u00e6rker &#8211; b\u00e5de malerierne og de mange sten-p\u00e5-tr\u00e6-relieffer. Samtidig maler hun p\u00e5 et aktuelt v\u00e6rk, s\u00e5 du kan opleve kunstneren i funktion.<\/p><p><em><strong>I vores lade<\/strong><\/em> har Leif opsat den helt store udstilling af elektrisk havetog og samtidig er der marked &#8211; dennegang til <em>urimeligt lave priser!!<\/em>\u00a0 S\u00e5 kom og g\u00f8r et kup.<\/p><p><em><strong>Og hvert hele klokkeslet<\/strong><\/em> griber \u00e9n af os eller begge to musikinstrumenterne og leverer \u00e9n eller to sange.<\/p><p>S\u00e5 kig indenom og f\u00e5 dig en god oplevelse. Og der er kaffe p\u00e5 kanden og vin i glasset.\u00a0 \ud83d\ude42<\/p><p><em><strong>PS<\/strong><\/em>\u00a0 <em>I \u00f8vrigt er Bente godt i gang med sin nye bog, der udkommer i dette kalender\u00e5r. Den hedder &#8220;Skiftetid&#8221; og er om at v\u00e6re p\u00e5r\u00f8rende, gammel, syg og alligevel finde lyset i alt det.<\/em><\/p><hr \/><p><strong><span style=\"color: #ff0000;\"><em>Sept.2025:<\/em><\/span><em><strong><span style=\"color: #ff0000;\">\u00a0<\/span><\/strong><\/em><\/strong><\/p><p>Der er ikke for tiden det samme antal offenntlige tilg\u00e6ngelige koncerter i <strong>&#8220;Kalender&#8221;<\/strong> h\u00e9r p\u00e5 hjemmesiden, som tidligere. Det skyldes flere ting. Dels er vi nu begge &#8216;borgerl\u00f8nsmodtagere&#8217; (= pensionister! \ud83d\ude09 ) og det betyder <em>bestemt<\/em> ikke, at vi har mindre lyst til at komme ud og spille koncerter, men som alle i den ende af livet ved, kommer tempoet helt naturligt lidt l\u00e6ngere ned. Og kampen om landets scener ikke blevet mindre!<\/p><p>S\u00e5 hvis du gerne vil opleve os live i dit omr\u00e5de, s\u00e5 grib fat i dit lokale &#8216;musikfeed&#8217; &#8211; spillested \/ kirke \/ forening &#8211; dag eller aften &#8211; og bed dem om at booke os &#8211; s\u00e5 kommer vi!\u00a0 \ud83d\ude42<\/p><hr \/><p>\u00a0<\/p>\t\t\t\t\t\t\t\t<\/div>\n\t\t\t\t<\/div>\n\t\t<div class=\"elementor-element elementor-element-11e3a8c e-grid e-con-full e-con e-child\" data-id=\"11e3a8c\" data-element_type=\"container\">\n\t\t\t\t<div class=\"elementor-element elementor-element-c89e85c elementor-widget elementor-widget-image\" data-id=\"c89e85c\" data-element_type=\"widget\" data-widget_type=\"image.default\">\n\t\t\t\t<div class=\"elementor-widget-container\">\n\t\t\t\t\t\t\t\t\t\t\t\t\t\t\t<img decoding=\"async\" src=\"https:\/\/benteogleif.dk\/web\/wp-content\/uploads\/elementor\/thumbs\/BogForside-1-r2w4gfjkt936vaizp2p4yenal2frfmzwew7ib908l8.jpg\" title=\"BogForside\" alt=\"BogForside\" loading=\"lazy\" \/>\t\t\t\t\t\t\t\t\t\t\t\t\t\t\t<\/div>\n\t\t\t\t<\/div>\n\t\t\t\t<div class=\"elementor-element elementor-element-5537971 elementor-widget elementor-widget-image\" data-id=\"5537971\" data-element_type=\"widget\" data-widget_type=\"image.default\">\n\t\t\t\t<div class=\"elementor-widget-container\">\n\t\t\t\t\t\t\t\t\t\t\t\t\t\t\t<img decoding=\"async\" src=\"https:\/\/benteogleif.dk\/web\/wp-content\/uploads\/elementor\/thumbs\/AlbumCover-r2w4j0lllumksortlox7b95xe7p3lo9brosktn68n8.jpg\" title=\"AlbumCover\" alt=\"AlbumCover\" loading=\"lazy\" \/>\t\t\t\t\t\t\t\t\t\t\t\t\t\t\t<\/div>\n\t\t\t\t<\/div>\n\t\t\t\t<\/div>\n\t\t\t\t<div class=\"elementor-element elementor-element-279f7e1 elementor-widget elementor-widget-text-editor\" data-id=\"279f7e1\" data-element_type=\"widget\" data-widget_type=\"text-editor.default\">\n\t\t\t\t<div class=\"elementor-widget-container\">\n\t\t\t\t\t\t\t\t\t<p><strong style=\"font-style: inherit; text-align: var(--text-align);\">Bog og Album\u00a0 2025<\/strong><\/p><p>Bente udgav\u00a0 sin f\u00f8rste bog og Bente&amp;Leif udgav samtidig deres f\u00f8rste album i 10 \u00e5r.\u00a0<br \/><span style=\"font-style: inherit; text-align: var(--text-align);\">Begge med titlen <\/span><span style=\"font-style: inherit; text-align: var(--text-align);\"><b>\u2019Der er en hund man skal forbi\u2019<br \/><\/b><\/span><span style=\"font-style: inherit; font-weight: inherit; text-align: var(--text-align);\">Klik p\u00e5 det lille billede \u00f8verst oppe i h\u00f8jre hj\u00f8rne og l\u00e6s mere!\u00a0 \ud83d\ude42\u00a0<\/span><\/p>\t\t\t\t\t\t\t\t<\/div>\n\t\t\t\t<\/div>\n\t\t\t\t<\/div>\n\t\t\t\t\t<\/div>\n\t\t\t\t<\/div>\n\t\t\t\t<\/div>\n\t\t","protected":false},"excerpt":{"rendered":"<p>Sp\u00e6ndende pinse forude! \ud83d\ude42 April 2026: Vi er igang med forberedelserne til en aktiv pinse h\u00e9r p\u00e5 matriklen best\u00e5ende af marked, malerier og kunst samt levende musik. Med adgang til det hele kl 10-16 l\u00f8rdag, s\u00f8ndag og mandag. I vores hus omdanner Bente det hele til Galleri og atelier. D.v.s. udstilling af sine v\u00e6rker &#8211; [&hellip;]<\/p>\n","protected":false},"author":1,"featured_media":0,"parent":0,"menu_order":0,"comment_status":"closed","ping_status":"closed","template":"","meta":{"_uag_custom_page_level_css":"","site-sidebar-layout":"no-sidebar","site-content-layout":"page-builder","ast-site-content-layout":"full-width-container","site-content-style":"unboxed","site-sidebar-style":"unboxed","ast-global-header-display":"","ast-banner-title-visibility":"","ast-main-header-display":"","ast-hfb-above-header-display":"","ast-hfb-below-header-display":"","ast-hfb-mobile-header-display":"","site-post-title":"disabled","ast-breadcrumbs-content":"","ast-featured-img":"","footer-sml-layout":"","theme-transparent-header-meta":"disabled","adv-header-id-meta":"","stick-header-meta":"","header-above-stick-meta":"","header-main-stick-meta":"","header-below-stick-meta":"","astra-migrate-meta-layouts":"set","ast-page-background-enabled":"default","ast-page-background-meta":{"desktop":{"background-color":"","background-image":"","background-repeat":"repeat","background-position":"center center","background-size":"auto","background-attachment":"scroll","background-type":"","background-media":"","overlay-type":"","overlay-color":"","overlay-opacity":"","overlay-gradient":""},"tablet":{"background-color":"","background-image":"","background-repeat":"repeat","background-position":"center center","background-size":"auto","background-attachment":"scroll","background-type":"","background-media":"","overlay-type":"","overlay-color":"","overlay-opacity":"","overlay-gradient":""},"mobile":{"background-color":"","background-image":"","background-repeat":"repeat","background-position":"center center","background-size":"auto","background-attachment":"scroll","background-type":"","background-media":"","overlay-type":"","overlay-color":"","overlay-opacity":"","overlay-gradient":""}},"ast-content-background-meta":{"desktop":{"background-color":"var(--ast-global-color-5)","background-image":"","background-repeat":"repeat","background-position":"center center","background-size":"auto","background-attachment":"scroll","background-type":"","background-media":"","overlay-type":"","overlay-color":"","overlay-opacity":"","overlay-gradient":""},"tablet":{"background-color":"var(--ast-global-color-5)","background-image":"","background-repeat":"repeat","background-position":"center center","background-size":"auto","background-attachment":"scroll","background-type":"","background-media":"","overlay-type":"","overlay-color":"","overlay-opacity":"","overlay-gradient":""},"mobile":{"background-color":"var(--ast-global-color-5)","background-image":"","background-repeat":"repeat","background-position":"center center","background-size":"auto","background-attachment":"scroll","background-type":"","background-media":"","overlay-type":"","overlay-color":"","overlay-opacity":"","overlay-gradient":""}},"footnotes":""},"class_list":["post-3734","page","type-page","status-publish","hentry"],"uagb_featured_image_src":{"full":false,"thumbnail":false,"medium":false,"medium_large":false,"large":false,"1536x1536":false,"2048x2048":false},"uagb_author_info":{"display_name":"admin","author_link":"https:\/\/benteogleif.dk\/web\/author\/benteo\/"},"uagb_comment_info":0,"uagb_excerpt":"Sp\u00e6ndende pinse forude! \ud83d\ude42 April 2026: Vi er igang med forberedelserne til en aktiv pinse h\u00e9r p\u00e5 matriklen best\u00e5ende af marked, malerier og kunst samt levende musik. Med adgang til det hele kl 10-16 l\u00f8rdag, s\u00f8ndag og mandag. I vores hus omdanner Bente det hele til Galleri og atelier. D.v.s. udstilling af sine v\u00e6rker &#8211;&hellip;","_links":{"self":[{"href":"https:\/\/benteogleif.dk\/web\/wp-json\/wp\/v2\/pages\/3734","targetHints":{"allow":["GET"]}}],"collection":[{"href":"https:\/\/benteogleif.dk\/web\/wp-json\/wp\/v2\/pages"}],"about":[{"href":"https:\/\/benteogleif.dk\/web\/wp-json\/wp\/v2\/types\/page"}],"author":[{"embeddable":true,"href":"https:\/\/benteogleif.dk\/web\/wp-json\/wp\/v2\/users\/1"}],"replies":[{"embeddable":true,"href":"https:\/\/benteogleif.dk\/web\/wp-json\/wp\/v2\/comments?post=3734"}],"version-history":[{"count":113,"href":"https:\/\/benteogleif.dk\/web\/wp-json\/wp\/v2\/pages\/3734\/revisions"}],"predecessor-version":[{"id":5331,"href":"https:\/\/benteogleif.dk\/web\/wp-json\/wp\/v2\/pages\/3734\/revisions\/5331"}],"wp:attachment":[{"href":"https:\/\/benteogleif.dk\/web\/wp-json\/wp\/v2\/media?parent=3734"}],"curies":[{"name":"wp","href":"https:\/\/api.w.org\/{rel}","templated":true}]}}