{"id":4427,"date":"2025-02-16T12:59:41","date_gmt":"2025-02-16T12:59:41","guid":{"rendered":"https:\/\/benteogleif.dk\/web\/?page_id=4427"},"modified":"2025-02-16T13:04:16","modified_gmt":"2025-02-16T13:04:16","slug":"julegaesten","status":"publish","type":"page","link":"https:\/\/benteogleif.dk\/web\/julegaesten\/","title":{"rendered":"Juleg\u00e6sten"},"content":{"rendered":"\t\t<div data-elementor-type=\"wp-page\" data-elementor-id=\"4427\" class=\"elementor elementor-4427\">\n\t\t\t\t<div class=\"elementor-element elementor-element-173edd6 e-flex e-con-boxed e-con e-parent\" data-id=\"173edd6\" data-element_type=\"container\">\n\t\t\t\t\t<div class=\"e-con-inner\">\n\t\t<div class=\"elementor-element elementor-element-4be943b e-con-full e-flex e-con e-child\" data-id=\"4be943b\" data-element_type=\"container\">\n\t\t\t\t<div class=\"elementor-element elementor-element-389b00e elementor-widget elementor-widget-image\" data-id=\"389b00e\" data-element_type=\"widget\" data-widget_type=\"image.default\">\n\t\t\t\t<div class=\"elementor-widget-container\">\n\t\t\t\t\t\t\t\t\t\t\t\t\t\t\t<img decoding=\"async\" src=\"https:\/\/benteogleif.dk\/web\/wp-content\/uploads\/elementor\/thumbs\/14-qvcc8v54pkmllgj3njixtbdat4zvdh3cqi6v0s9e8e.jpg\" title=\"14\" alt=\"14\" loading=\"lazy\" \/>\t\t\t\t\t\t\t\t\t\t\t\t\t\t\t<\/div>\n\t\t\t\t<\/div>\n\t\t\t\t<\/div>\n\t\t<div class=\"elementor-element elementor-element-71a2bed e-con-full e-flex e-con e-child\" data-id=\"71a2bed\" data-element_type=\"container\">\n\t\t\t\t<div class=\"elementor-element elementor-element-c877f35 elementor-widget elementor-widget-heading\" data-id=\"c877f35\" data-element_type=\"widget\" data-widget_type=\"heading.default\">\n\t\t\t\t<div class=\"elementor-widget-container\">\n\t\t\t\t\t<h2 class=\"elementor-heading-title elementor-size-default\">Juleg\u00e6sten<\/h2>\t\t\t\t<\/div>\n\t\t\t\t<\/div>\n\t\t\t\t<div class=\"elementor-element elementor-element-0181cba elementor-widget-divider--view-line elementor-widget elementor-widget-divider\" data-id=\"0181cba\" data-element_type=\"widget\" data-widget_type=\"divider.default\">\n\t\t\t\t<div class=\"elementor-widget-container\">\n\t\t\t\t\t\t\t<div class=\"elementor-divider\">\n\t\t\t<span class=\"elementor-divider-separator\">\n\t\t\t\t\t\t<\/span>\n\t\t<\/div>\n\t\t\t\t\t\t<\/div>\n\t\t\t\t<\/div>\n\t\t\t\t<div class=\"elementor-element elementor-element-010be06 elementor-widget elementor-widget-text-editor\" data-id=\"010be06\" data-element_type=\"widget\" data-widget_type=\"text-editor.default\">\n\t\t\t\t<div class=\"elementor-widget-container\">\n\t\t\t\t\t\t\t\t\t<p><strong><em>Ukendte juledigte fra Aakj\u00e6r sat i musik af Bente. <\/em><\/strong><\/p><p>Aakj\u00e6r var ikke kendt for julesange eller digte med kirkeligt indhold. Tv\u00e6rtom! Han l\u00e5 n\u00e6rmest i \u00e5ben krig med datidens kirke, som han opfattede som overklassens forl\u00e6ngede arm og en undertrykkende magtfaktor. Derfor kom der ikke meget jul ud af Aakj\u00e6rs digterh\u00e5nd. Og alligevel vidner teksterne h\u00e9r om, at han slet ikke var uber\u00f8rt af den s\u00e6rlige stemning, der opst\u00e5r i December &#8211; dengang som nu. De hylder hyggen og h\u00f8jtiden, men stadig er der indbygget bid og vid; Aakj\u00e6r forn\u00e6gter sig ikke! Heller ikke i det historiefort\u00e6llende element; man kan st\u00e6rkt og medrivende b\u00e5de lugte, se, h\u00f8re, f\u00f8le og smage Aakj\u00e6rs jul. Ikke mindst i novellen &#8220;N\u00e5r p\u00f8lsen koger&#8221;, der som en lille lydbog runder CD&#8217;en af; en magel\u00f8s beretning om tiden ind under jul p\u00e5 landet i Aakj\u00e6rs egen tid.<\/p><p>1 Julekv\u00e6lds fredsb\u00f8n <br \/>2 Aakj\u00e6r-jul <br \/>3 En juleg\u00e6st <br \/>4 Juleaftenstemning <br \/>5 Juleaften <br \/>6 Julebrev til hjemmet <br \/>7 Spurven sidder stum bag kvist <br \/>8 Trines ko <br \/>9 Under Aftenstjernen <br \/>10-18 Opl\u00e6sning af novellen &#8216;N\u00e5r p\u00f8lsen koger&#8217;<\/p><p>Indspillet i Backyard Studio i 2015<br \/>Teknik, mix og mastering: Leif Ernstsen<br \/>Producer: Leif og Bente<\/p><p>G\u00e6stemedvirkende:<br \/>Opl\u00e6sning: PK alias Peter Kristian Nielsen<\/p>\t\t\t\t\t\t\t\t<\/div>\n\t\t\t\t<\/div>\n\t\t\t\t<div class=\"elementor-element elementor-element-6d51ef2 elementor-widget elementor-widget-heading\" data-id=\"6d51ef2\" data-element_type=\"widget\" data-widget_type=\"heading.default\">\n\t\t\t\t<div class=\"elementor-widget-container\">\n\t\t\t\t\t<h2 class=\"elementor-heading-title elementor-size-default\">Sangtekster - Juleg\u00e6sten<\/h2>\t\t\t\t<\/div>\n\t\t\t\t<\/div>\n\t\t\t\t<div class=\"elementor-element elementor-element-dc2e5e5 elementor-widget elementor-widget-text-editor\" data-id=\"dc2e5e5\" data-element_type=\"widget\" data-widget_type=\"text-editor.default\">\n\t\t\t\t<div class=\"elementor-widget-container\">\n\t\t\t\t\t\t\t\t\t<p>Julekv\u00e6lds fredsb\u00f8n <br \/>Tekst: Jeppe Aakj\u00e6r, 15.aug.1921\/ Musik: Bente Kure 2015<\/p><p>Giv mig barnets julevejr! D\u00e8r det altid lyer og l\u00e6er,<br \/>mens vi andre tit med klage pudse m\u00e5 vor julestage<br \/>ren for sorgens t\u00e5replet.<br \/>Nordenvind med julesne fyger hjertet fuldt af ve.<br \/>Hvert et suk og hver en t\u00e5re, f\u00e6ldet ved en elsket b\u00e5re,<br \/>kv\u00e6lder op med jul p\u00e5ny.<\/p><p>Vig dog ikke af min vej, sk\u00f8nne stund! Jeg elsker dig,<br \/>n\u00e5r du kommer, o, s\u00e5 stille, s\u00e5 det brister som en kilde<br \/>selv i sj\u00e6le vissengr\u00e5.<br \/>Smyk med fred min fjendes hus. Fyld den sultnes fad og krus.<br \/>Sidder \u00e9n forsagt og ene under tyngslens askegrene,<br \/>l\u00f8ft hans \u00e5syn mod din glans.<\/p><p>G\u00e5r en nidding dig forbi, led ham ind p\u00e5 bravheds sti.<br \/>Sluk, ja, sluk, om du det m\u00e6gter, hadets brand i jordens sl\u00e6gter,<br \/>f\u00f8r den br\u00e6nder verden op.<br \/>Thi vor jord er bleven ond, blodet bulper af dens bund.<br \/>Fredens navn kan ingen stave, voldets tr\u00e6l og hadets slave<br \/>danser p\u00e5 din broders grav.<\/p><p>Om den julekv\u00e6ld var n\u00e6r, da der ej gik h\u00e6r mod h\u00e6r,<br \/>da ej solen skulle synke over denne kainsrynke<br \/>p\u00e5 din pande, broder min!<br \/>Vemodsdybe alvorsstund! B\u00e6r dit kys imod min mund!<br \/>Kan jeg ej min t\u00e5re tvinge, r\u00f8r mig med din englevinge,<br \/>f\u00f8r til Gud du atter flyr.<br \/>__________________________________________________________________<\/p><p>Aakj\u00e6r-Jul <br \/>Tekst: Jeppe Aakj\u00e6r, 15.maj 1906\/ Musik: Bente Kure 2015<\/p><p>Den gamle skorsten h\u00e6lder slemt<br \/>men se, hvor t\u00e6t den ryger,<br \/>mens nordensne til klokkeklemt<br \/>lavt over marken stryger.<br \/>Det puster tungt om bondens g\u00e5rd<br \/>og spreder kavringsduften,<br \/>der ud af alle spr\u00e6kker st\u00e5r<br \/>og blander sig med luften.<\/p><p>Og bondens kone g\u00e5r s\u00e5 trind<br \/>bag blommede gardiner<br \/>og b\u00e6rer fadet ud og ind<br \/>med h\u00f8jtidsfulde miner.<br \/>Og bonden sidder bred p\u00e5 b\u00e6nk<br \/>og lar sig maden smage<br \/>og byder tyendet en sk\u00e6nk<br \/>og barnet julekage.<\/p><p>Ja, julen er den fagre tid,<br \/>da alle skel udslettes,<br \/>et hvil i \u00e5rets lange strid,<br \/>da alle munde m\u00e6ttes.<br \/>Selv tiggersken, det gamle skrog,<br \/>med posen over nakken<br \/>nys gumlende ad g\u00e5rde drog<br \/>med tunge spor i bakken.<\/p><p>Ja, julen, du er mindets fest,<br \/>med lys i blanke stager,<br \/>da den, der sad vort hjerte n\u00e6st,<br \/>p\u00e5ny mod porten ager;<br \/>da sneens fald mod markens favn<br \/>hvert hul i jorden sletter<br \/>og tegner julens blide navn<br \/>i skovens m\u00e5nepletter.<\/p><p>_________________________________________________________________<\/p><p>En juleg\u00e6st <br \/>Tekst: Jeppe Aakj\u00e6r, Dec.1910\/ Musik: Bente Kure 2015<\/p><p>Han kommer over bakken med rim i sit sk\u00e6g,<br \/>Hans \u00f8jne spejder langt mod en hvidkalket v\u00e6g;<br \/>Af pr\u00e6rie\u2010frosten s\u00e5 ru er hans kind;<br \/>Til Danmark er han kommet med juleskibet ind.<br \/>Der ligger da p\u00e5 lyngen hans barndoms lykkeslot;<br \/>Han husker hver en stolpe! Og taget &#8211; hver tot!<br \/>\u201dOg hylden ved dammen er alts\u00e5 til endnu.<br \/>Vel h\u00e6lder den en kende, men det g\u00f8r ogs\u00e5 du.<br \/>At noget s\u00e5 fattigt, s\u00e5 sunken og lav<br \/>kan drage dig hjem over land, over hav,<br \/>s\u00e5-du-\u00e9n kv\u00e6ld kan glemme det onde p\u00e5 jord<br \/>for mindets barnehvisken i stuen hos din mor!\u201d<\/p><p>Han f\u00f8ler under jakken om alting ligger ret;<br \/>hans gode dollarsedler &#8211; hans \u201dgaver\u201d &#8211; hans portr\u00e6t.<br \/>De stramme tr\u00e6k fortones &#8211; hans hjerte m\u00e5 le,<br \/>mens st\u00f8vlen synker dybt i den skrigende sne. <br \/>Snart st\u00e5r han ved klinken s\u00e5 myg og s\u00e5 varm,<br \/>Hans pelshue skraber mod d\u00f8rens lave karm,<br \/>Solen sl\u00e6nger l\u00f8kker om hans b\u00f8jede ben,<br \/>og istappen drypper mod den slidte forstu`sten. <br \/>Nu ser han sin mor bag begoniers rad,<br \/>Med rynket h\u00e5nd hun fjerner dens visnede blad, <br \/>og katten sidder stribet over ovnen p\u00e5 sin stol,<br \/>og h\u00f8nen g\u00e5r p\u00e5 gulvet, og rokken st\u00e5r i sol.<\/p><p>Ind-stryger han i stuen, s\u00e5 h\u00f8nen kagler op,<br \/>Hans mor af h\u00e5nden taber en blomstret underkop;<br \/>De gamle \u00f8jne fyldes fra hjertes dybe grund;<br \/>i tyve vintre vented hun efter denne stund. <br \/>Nu blir der jul i hytten; ildklemmen laver st\u00f8j<br \/>Skorstenen sender-fra-sig sin fedeste r\u00f8g;<br \/>mens vaffeljernet vendes for ilden s\u00e5 let,<br \/>Der sk\u00e6mtes og frittes i samme \u00e5ndedr\u00e6t.<br \/>Nyfigen-julespurven ad vinduet titter ind;<br \/>s\u00e5 kommer aftenduggen og g\u00f8r hver rude blind; <br \/>Den gamle t\u00e6nder lyset; dog kun i ryst p\u00e5 ryst;<br \/>men s\u00f8nnen griber h\u00e5nden i det \u00f8mmeste kryst:<\/p><p>\u201dJa, du er bleven gammel, og jeg er bleven gr\u00e5,<br \/>men det skal i aften vi lidet t\u00e6nke p\u00e5.<br \/>F\u00f8r skilte verdenshavet og bange tankers gys;<br \/>nu sidder vi og stirrer i det samme julelys.\u201d<br \/>Over snelagt hede g\u00e5r lysets blide sk\u00e6r,<br \/>henover moser brede &#8211; udover v\u00e5de k\u00e6r, <br \/>og melder om en scene &#8211; den sk\u00f8nneste p\u00e5 jord:<br \/>I juleaftensmildhed &#8211; en hjemvendt hos sin mor!<\/p><p>_________________________________________________________________<\/p><p>Juleaften stemning<br \/>December 1910, Jeppe Aakj\u00e6r<\/p><p>N\u00e5r sitrer din sj\u00e6l som en tonende streng,<br \/>og n\u00e5r skinner lysene blidest,<br \/>hvorn\u00e5r g\u00e5r du n\u00f8digst med sorg til din seng,<br \/>hvorn\u00e5r tykkes sneen dig hvidest?<br \/>Mon ej, n\u00e5r bag ruden det pyntede tr\u00e6<br \/>og barnet med str\u00e5lende blik ved dit kn\u00e6<br \/>fort\u00e6ller, at nu har vi julen.<\/p><p>Da vugger de tanker som fugle i r\u00f8r,<br \/>mens vildt over mosen det fyger,<br \/>og spurvene putter sig ind mod din d\u00f8r,<br \/>for vejrets fort\u00f8rnede byger;<br \/>med krummer og k\u00e6rner for fuglen du str\u00f8r,<br \/>hvad vindene fryser det hjerterne t\u00f8r,<br \/>den l\u00e6re vi hented hos julen.<\/p><p>Til daglig vort hjerte af tusinde savn<br \/>blev gnavet i mer end i barken,<br \/>og ofte du sendte i suk efter havn<br \/>din sidste due af arken<br \/>men alt, hvad der gjorde dit hjerte fortr\u00e6d,<br \/>det standser i kv\u00e6ld bag det sk\u00e6rmende led,<br \/>der v\u00e6rne for hjemmet og julen.<\/p><p>Derinde du sidder, mens haglene sl\u00e5r;<br \/>og h\u00f8rer de hjemlige klokker,<br \/>og minderne kommer og minderne g\u00e5r<br \/>p\u00e5 julens snepudrede sokker,<br \/>og grantr\u00e6et dufter fra storstuen ind,<br \/>og b\u00f8rnene ivrer sig r\u00f8de om kind<br \/>med alt, der skal h\u00e6nde i julen.<\/p><p>Og frosten nu n\u00e6rmere g\u00e5rdene g\u00e5r<br \/>og ridser p\u00e5 ruden sit m\u00e6rke,<br \/>og barnet s\u00e5 k\u00e6rt under lysene st\u00e5r,<br \/>og salmerne lyder s\u00e5 st\u00e6rke;<br \/>Og fuldm\u00e5nen rejser i skyer sit slot,<br \/>og stjernerne funkler i r\u00f8dt og bl\u00e5t, \u2010<br \/>De stjerner, der altid var julens.<br \/>________________________________________________________________<\/p><p>Juleaften <br \/>Tekst: Jeppe Aakj\u00e6r, 24. dec.1902 &#8211; Melodi: Hans Eriksson <br \/>Indspillet uden vers 4, og vers 6 og 7 er trukket sammen.<\/p><p>Og far g\u00e5r rundt p\u00e5 loen og ryster halm og havrestr\u00e5,<br \/>han b\u00e6rer vand til koen og m\u00e6lk til kalve sm\u00e5;<br \/>han stikker h\u00f8 i f\u00e5rets h\u00e6k og stryger det om kinden,<br \/>stryger det om kinden, imens han glider v\u00e6k.<\/p><p>Og katten st\u00e5r p\u00e5 hjaldet og str\u00e6kker hals og springer ned<br \/>og mjaver lidt i faldet af bare k\u00e6lenhed;<br \/>og hakkelsemaskinens hug de sk\u00e6rer gennem kv\u00e6lden, <br \/>sk\u00e6rer gennem kv\u00e6lden, som h\u00e5rde, tunge suk.<\/p><p>Og far han ta\u00b4r nu limen og fejer op og rejser vind,<br \/>mens s\u00f8lver\u2010m\u00e5nestrimen st\u00e5r over t\u00e6rsklen ind;<br \/>han skifter halm i sine sko og s\u00e6tter pind for d\u00f8ren<br \/>s\u00e6tter pind for d\u00f8ren og sk\u00e6nker kv\u00e6get ro.<\/p><p>S\u00e5 g\u00e5r han hen til hunden, der vogter b\u00f8nligt p\u00e5 hans f\u00e6rd;<br \/>\u201dHvorfor skal du st\u00e5 bunden, nu julen er s\u00e5 n\u00e6r!\u201d<br \/>Dens l\u00e6nke klang mod stenen brat Pasop kan n\u00e6ppe sanse,<br \/>den kan n\u00e6ppe sanse, og springer som besat.<\/p><p>Men bag de lave ruder, der vikles dug af manglestok;<br \/>p\u00e5 risten stegen spruder, og mor har sat sin rok<br \/>og ovnen st\u00e5r p\u00e5 blanke ben. Med sand er gulvet strentet,<br \/>sandet det er strentet helt ud p\u00e5 trappens sten.<\/p><p>S\u00e5 tr\u00e6der ind i stuen besindigt karl og arbejdsmand<br \/>og skubber langsomt luen ind over b\u00e6nkens rand;<br \/>De spejder langs det hvide bord og rokker sig til s\u00e6de<br \/>rokker sig til s\u00e6de foruden mange ord.<\/p><p>Mor titter frem bag klinken, af skorstensilden r\u00f8d om kind.<br \/>Far kender hendes blinken og henter flasken ind;<br \/>det stemmer alle sind i dur, den klare , gyldne v\u00e6ske,<br \/>klar og gylden v\u00e6ske er farvet med \u201dtinktur.\u201d<\/p><p>\u201dFik \u00f8get nok at \u00e6de, og har nu koen ingen savn,<br \/>s\u00e5 s\u00e6t jer kun til s\u00e6de enhver i Jesu navn;<br \/>med sulten mund er ingen glad, men der er langt til bunden,<br \/>meget langt til bunden i julens sulefad.\u201d<\/p><p>Snart h\u00f8res skeer klinge, og hvert et sind er mildt og m\u00e6t,<br \/>og duftens fede ringe omslutter skaren t\u00e6t.<br \/>Og langs den m\u00f8rke, v\u00e5de jord st\u00e5r tusind lys og blamrer<br \/>Ja, tusind lys og blamrer fra b\u00f8nders julebord.<\/p><p>____________________________________________________________________<\/p><p>Julebrev til hjemmet<br \/>Tekst: Jeppe Aakj\u00e6r, 26.dec.1901\/ Musik: Bente Kure 2015<\/p><p>Hvor marken standses af fr\u00f8nnet led<br \/>og engen er \u00e5ens n\u00e6ste<br \/>der ligger en g\u00e5rd i julefred<br \/>Den ville jeg gerne g\u00e6ste<br \/>Og bj\u00e6lken sp\u00e6nder s\u00e5 tungt i loft<br \/>i denne mindernes bolig<br \/>Hver mus i halmen, hver spurv p\u00e5 toft<br \/>de pipper til mig s\u00e5 fortrolig<\/p><p>Jeg synes de spurve kalder mig hjem<br \/>Jeg ser et lys bag en rude<br \/>Jeg skimter en d\u00f8r der \u00e5bnes p\u00e5 klem<br \/>for \u00e9n, som altid er ude<br \/>\u00c5h. l\u00e5n mig din vinge, du spurvelil<br \/>ej bare din pippen og klage<br \/>Da uden t\u00f8ven med sang jeg vil<br \/>mod hjemlandskysterne drage<\/p><p>V\u00e6r vakkert hilset, du s\u00f8skendeflok<br \/>i g\u00e5rden hvor dugen nu bredes<br \/>hvor faders spade og moders rok<br \/>endnu med \u00e6rb\u00f8dighed fredes<br \/>Og se jer s\u00e5 frem ad den \u00f8stre port<br \/>og ud af den vestre l\u00e6nge<br \/>Da har I et syn s\u00e5 omsp\u00e6ndende stort<br \/>af \u00e5er og agre og enge<\/p><p>Da mindes I alle den s\u00e6re tid<br \/>vi vanked d\u00e9r, svedig og b\u00f8jet<br \/>med skovlen p\u00e5 nakken, med hjertet i strid<br \/>med udfartsl\u00e6ngsler i \u00f8jet<br \/>Da mindes I ogs\u00e5 de gamle to<br \/>der nu holder jul med hverandre<br \/>et sted hvor lykken er mere tro<br \/>end h\u00e9r hvor vi b\u00e6vende vanker<\/p><p>____________________________________________________________________<\/p><p>Trines Ko <br \/>Tekst: Jeppe Aakj\u00e6r \/ Musik: Bente Kure 2015<br \/><br \/>Teksten er indspillet uden vers 7. Org.titlen er \u2019Juleaftensstemning\u2019<\/p><p>Nu skal du ha&#8217; din havrek\u00e6rv og jeg skal ha&#8217; min n\u00e6tter<br \/>Lidt lyet vand for gammel tand jeg her i krybben s\u00e6tter<br \/>Brug du s\u00e5 kun din gamle mund<br \/>jeg har jo mer i loen<br \/>En s\u00e5dan g\u00e6v og yndig stund man s\u00f8rger f\u00f8rst for koen<\/p><p>Du kom her da min mand faldt hen, Gu&#8217; v\u00e6r&#8217; den synder n\u00e5dig<br \/>Han tured op hver fattig del hvor over vi var r\u00e5dig<br \/>Ved dig jeg kom p\u00e5ny til krylt<br \/>Du hjalp mig sgi p\u00e5 fode<br \/>s\u00e5 gris blev rund og barnet sund og begge gik til gode<\/p><p>Ja, s\u00f8nnen m\u00e5tte hjemmefra, ham har jo verden taget <br \/>Nu bor han i Amerika, det g\u00e5r ham godt i faget<br \/>Han fik din m\u00e6lk med fl\u00f8den p\u00e5 <br \/>sk\u00f8nt h\u00f8k&#8217;ren sku&#8217; ha&#8217; haft den<br \/>Jeg tror da nok at jeg t\u00f8r sp\u00e5 der kommer brev i aften<\/p><p>Du gik og gnov bland pors og siv det bedste som du kunne <br \/>og hvor du bed du gamle liv, der bed du skam i bunde<br \/>s\u00e5 du kom hjem med yv&#8217;ret sp\u00e6ndt<br \/>og aftendug i sk\u00e6gget<br \/>Min h\u00e5nd dig linded strint for strint mens dr\u00f8wlen du bev\u00e6ged<\/p><p>Og katten kom i spring derhen og satte sig for d\u00f8ren<br \/>til pattens str\u00e5le ramte den imellem begge \u00f8ren<br \/>Og duggen faldt p\u00e5 br\u00f8ndens sten<br \/>og p\u00e5 mit hovedkl\u00e6de<br \/>Og katten slikked sine ben for m\u00e6lkens spildte v\u00e6de<\/p><p>Ja, v\u00e6re to som dagen lang er i hinandens tanker<br \/>g\u00f8r livets byrde mindre trang selv her blandt hedebanker<br \/>Og du skal aldrig lide n\u00f8d <br \/>og st\u00e5 med sider hule<br \/>s\u00e5 l\u00e6nge jeg en skive br\u00f8d kan r\u00e6kke mod din mule<\/p><p>Nu ringer degn til nadverfest, nu falder rim p\u00e5 stene<br \/>Og juleklokken h\u00f8res bedst af den der sidder ene<br \/>Nu kommer alle stjerner frem <br \/>og frosten g\u00f8r dem blanke<br \/>Det bette barn fra Bethlehem er nu i alles tanke<\/p><p>Lang er den vej og krum den sti der b\u00e6rer over hede<br \/>G\u00e5 da min Gud ej d\u00f8r forbi, find gamle Trines rede<br \/>Skj\u00e6nk livsens br\u00f8d mig rundelig<br \/>Velsign min k\u00e6rv p\u00e5 loen<br \/>Vis dig mod mig miskundelig og gi&#8217; mig kalv i koen!<\/p><p>__________________________________________________________________<\/p><p><br \/>Under Aftenstjernen <br \/>Tekst: Jeppe Aakj\u00e6r \/ Musik: Saxtorph-Mikkelsen<\/p><p>Aftenstjerne &#8211; mild som moders \u00f8je<br \/>st\u00e5r om kv\u00e6ld du over vestens h\u00f8je<br \/>glimter gennem ruden<br \/>ind til barn p\u00e5 puden<br \/>ind til hver som ensomt hvisker d\u00e9r sin aftenb\u00f8n<br \/>Ingen stjerne skinner<br \/>med s\u00e5 blide minder<br \/>Ingen gav mit barndomsland en lykkeglans s\u00e5 sk\u00f8n<\/p><p>L\u00f8b som dreng i mulm jeg over heden<br \/>Frygted ormeslag og kryb forneden<br \/>Trofast i det fjerne<br \/>stod du aftenstjerne<br \/>blinked ned til blomst der slumred i den lave eng<br \/>Lo til mig og sp\u00f8gte<br \/>&#8220;Du skal ikke frygte!<br \/>Se &#8211; jeg holder lygten h\u00f8jt for hver en livsk\u00e6k dreng<\/p><p>Aftenstjerne, st\u00f8rst n\u00e5r lammet br\u00e6ger<br \/>hvor langs stier t\u00e6ndes lys og v\u00e6ger<br \/>under lave tage<br \/>medens klydens klage<br \/>svinder som en fl\u00f8jte under m\u00e6lkevejens bro<br \/>Dine str\u00e5ler r\u00f8de<br \/>er vort f\u00f8rste m\u00f8de<br \/>skjared i min piges \u00f8je da hun gav sin tro<\/p><p>Tung var stunden da min moder d\u00f8de<br \/>da hun peged over livets \u00f8de<br \/>op mod dig, der vinked<br \/>hendes sj\u00e6l og blinked<br \/>som s\u00e5 mangen m\u00f8rkning n\u00e5r hun malked hjemmets ko<br \/>Alt hvad lyset m\u00e5ler <br \/>samler dine str\u00e5ler<br \/>Elskovsgl\u00f8d og lykkerus som d\u00f8dens h\u00f8je ro<\/p><p>End i vest du funkler, Aftenstjerne<br \/>ingen jordisk ondskab kan dig fjerne<br \/>Krigens blod og dampe<br \/>sl\u00f8rer knap din lampe<br \/>Hadets afsind kan ej stemme dine str\u00e5ler ned<br \/>Nej, mens fryd og kvide<br \/>mandens s\u00e6d m\u00e5 lide<br \/>tr\u00f8sterigt din stjerne tindrer i al evighed<\/p>\t\t\t\t\t\t\t\t<\/div>\n\t\t\t\t<\/div>\n\t\t\t\t<\/div>\n\t\t\t\t\t<\/div>\n\t\t\t\t<\/div>\n\t\t<div class=\"elementor-element elementor-element-2b588f8 e-flex e-con-boxed e-con e-parent\" data-id=\"2b588f8\" data-element_type=\"container\">\n\t\t\t\t\t<div class=\"e-con-inner\">\n\t\t\t\t\t<\/div>\n\t\t\t\t<\/div>\n\t\t\t\t<\/div>\n\t\t","protected":false},"excerpt":{"rendered":"<p>Juleg\u00e6sten Ukendte juledigte fra Aakj\u00e6r sat i musik af Bente. Aakj\u00e6r var ikke kendt for julesange eller digte med kirkeligt indhold. Tv\u00e6rtom! Han l\u00e5 n\u00e6rmest i \u00e5ben krig med datidens kirke, som han opfattede som overklassens forl\u00e6ngede arm og en undertrykkende magtfaktor. Derfor kom der ikke meget jul ud af Aakj\u00e6rs digterh\u00e5nd. Og alligevel vidner [&hellip;]<\/p>\n","protected":false},"author":1,"featured_media":0,"parent":0,"menu_order":0,"comment_status":"closed","ping_status":"closed","template":"","meta":{"_uag_custom_page_level_css":"","site-sidebar-layout":"no-sidebar","site-content-layout":"page-builder","ast-site-content-layout":"full-width-container","site-content-style":"unboxed","site-sidebar-style":"unboxed","ast-global-header-display":"","ast-banner-title-visibility":"","ast-main-header-display":"","ast-hfb-above-header-display":"","ast-hfb-below-header-display":"","ast-hfb-mobile-header-display":"","site-post-title":"disabled","ast-breadcrumbs-content":"","ast-featured-img":"","footer-sml-layout":"","theme-transparent-header-meta":"disabled","adv-header-id-meta":"","stick-header-meta":"","header-above-stick-meta":"","header-main-stick-meta":"","header-below-stick-meta":"","astra-migrate-meta-layouts":"set","ast-page-background-enabled":"default","ast-page-background-meta":{"desktop":{"background-color":"","background-image":"","background-repeat":"repeat","background-position":"center center","background-size":"auto","background-attachment":"scroll","background-type":"","background-media":"","overlay-type":"","overlay-color":"","overlay-opacity":"","overlay-gradient":""},"tablet":{"background-color":"","background-image":"","background-repeat":"repeat","background-position":"center center","background-size":"auto","background-attachment":"scroll","background-type":"","background-media":"","overlay-type":"","overlay-color":"","overlay-opacity":"","overlay-gradient":""},"mobile":{"background-color":"","background-image":"","background-repeat":"repeat","background-position":"center center","background-size":"auto","background-attachment":"scroll","background-type":"","background-media":"","overlay-type":"","overlay-color":"","overlay-opacity":"","overlay-gradient":""}},"ast-content-background-meta":{"desktop":{"background-color":"var(--ast-global-color-5)","background-image":"","background-repeat":"repeat","background-position":"center center","background-size":"auto","background-attachment":"scroll","background-type":"","background-media":"","overlay-type":"","overlay-color":"","overlay-opacity":"","overlay-gradient":""},"tablet":{"background-color":"var(--ast-global-color-5)","background-image":"","background-repeat":"repeat","background-position":"center center","background-size":"auto","background-attachment":"scroll","background-type":"","background-media":"","overlay-type":"","overlay-color":"","overlay-opacity":"","overlay-gradient":""},"mobile":{"background-color":"var(--ast-global-color-5)","background-image":"","background-repeat":"repeat","background-position":"center center","background-size":"auto","background-attachment":"scroll","background-type":"","background-media":"","overlay-type":"","overlay-color":"","overlay-opacity":"","overlay-gradient":""}},"footnotes":""},"class_list":["post-4427","page","type-page","status-publish","hentry"],"uagb_featured_image_src":{"full":false,"thumbnail":false,"medium":false,"medium_large":false,"large":false,"1536x1536":false,"2048x2048":false},"uagb_author_info":{"display_name":"admin","author_link":"https:\/\/benteogleif.dk\/web\/author\/benteo\/"},"uagb_comment_info":0,"uagb_excerpt":"Juleg\u00e6sten Ukendte juledigte fra Aakj\u00e6r sat i musik af Bente. Aakj\u00e6r var ikke kendt for julesange eller digte med kirkeligt indhold. Tv\u00e6rtom! Han l\u00e5 n\u00e6rmest i \u00e5ben krig med datidens kirke, som han opfattede som overklassens forl\u00e6ngede arm og en undertrykkende magtfaktor. Derfor kom der ikke meget jul ud af Aakj\u00e6rs digterh\u00e5nd. Og alligevel vidner&hellip;","_links":{"self":[{"href":"https:\/\/benteogleif.dk\/web\/wp-json\/wp\/v2\/pages\/4427","targetHints":{"allow":["GET"]}}],"collection":[{"href":"https:\/\/benteogleif.dk\/web\/wp-json\/wp\/v2\/pages"}],"about":[{"href":"https:\/\/benteogleif.dk\/web\/wp-json\/wp\/v2\/types\/page"}],"author":[{"embeddable":true,"href":"https:\/\/benteogleif.dk\/web\/wp-json\/wp\/v2\/users\/1"}],"replies":[{"embeddable":true,"href":"https:\/\/benteogleif.dk\/web\/wp-json\/wp\/v2\/comments?post=4427"}],"version-history":[{"count":4,"href":"https:\/\/benteogleif.dk\/web\/wp-json\/wp\/v2\/pages\/4427\/revisions"}],"predecessor-version":[{"id":4431,"href":"https:\/\/benteogleif.dk\/web\/wp-json\/wp\/v2\/pages\/4427\/revisions\/4431"}],"wp:attachment":[{"href":"https:\/\/benteogleif.dk\/web\/wp-json\/wp\/v2\/media?parent=4427"}],"curies":[{"name":"wp","href":"https:\/\/api.w.org\/{rel}","templated":true}]}}