{"id":4435,"date":"2025-02-16T13:10:48","date_gmt":"2025-02-16T13:10:48","guid":{"rendered":"https:\/\/benteogleif.dk\/web\/?page_id=4435"},"modified":"2025-02-16T13:15:16","modified_gmt":"2025-02-16T13:15:16","slug":"detdugir","status":"publish","type":"page","link":"https:\/\/benteogleif.dk\/web\/detdugir\/","title":{"rendered":"Det du gi&#8217;r"},"content":{"rendered":"\t\t<div data-elementor-type=\"wp-page\" data-elementor-id=\"4435\" class=\"elementor elementor-4435\">\n\t\t\t\t<div class=\"elementor-element elementor-element-173edd6 e-flex e-con-boxed e-con e-parent\" data-id=\"173edd6\" data-element_type=\"container\">\n\t\t\t\t\t<div class=\"e-con-inner\">\n\t\t<div class=\"elementor-element elementor-element-4be943b e-con-full e-flex e-con e-child\" data-id=\"4be943b\" data-element_type=\"container\">\n\t\t\t\t<div class=\"elementor-element elementor-element-389b00e elementor-widget elementor-widget-image\" data-id=\"389b00e\" data-element_type=\"widget\" data-widget_type=\"image.default\">\n\t\t\t\t<div class=\"elementor-widget-container\">\n\t\t\t\t\t\t\t\t\t\t\t\t\t\t\t<img decoding=\"async\" src=\"https:\/\/benteogleif.dk\/web\/wp-content\/uploads\/elementor\/thumbs\/0045-Videoer2-qycvdn16az5cjqptvpgexkgz6rnnt7qlkwhbix24hw.jpg\" title=\"0045 Videoer2\" alt=\"0045 Videoer2\" loading=\"lazy\" \/>\t\t\t\t\t\t\t\t\t\t\t\t\t\t\t<\/div>\n\t\t\t\t<\/div>\n\t\t\t\t<\/div>\n\t\t<div class=\"elementor-element elementor-element-71a2bed e-con-full e-flex e-con e-child\" data-id=\"71a2bed\" data-element_type=\"container\">\n\t\t\t\t<div class=\"elementor-element elementor-element-c877f35 elementor-widget elementor-widget-heading\" data-id=\"c877f35\" data-element_type=\"widget\" data-widget_type=\"heading.default\">\n\t\t\t\t<div class=\"elementor-widget-container\">\n\t\t\t\t\t<h2 class=\"elementor-heading-title elementor-size-default\">Det du gi'r<\/h2>\t\t\t\t<\/div>\n\t\t\t\t<\/div>\n\t\t\t\t<div class=\"elementor-element elementor-element-0181cba elementor-widget-divider--view-line elementor-widget elementor-widget-divider\" data-id=\"0181cba\" data-element_type=\"widget\" data-widget_type=\"divider.default\">\n\t\t\t\t<div class=\"elementor-widget-container\">\n\t\t\t\t\t\t\t<div class=\"elementor-divider\">\n\t\t\t<span class=\"elementor-divider-separator\">\n\t\t\t\t\t\t<\/span>\n\t\t<\/div>\n\t\t\t\t\t\t<\/div>\n\t\t\t\t<\/div>\n\t\t\t\t<div class=\"elementor-element elementor-element-010be06 elementor-widget elementor-widget-text-editor\" data-id=\"010be06\" data-element_type=\"widget\" data-widget_type=\"text-editor.default\">\n\t\t\t\t<div class=\"elementor-widget-container\">\n\t\t\t\t\t\t\t\t\t<p><strong><em>\u00a0&#8211; en maxi-single. <\/em><\/strong><\/p><p>Tre sange for b\u00f8rn og alle os andre barnlige sj\u00e6le!<br \/>Det er sange, der fort\u00e6ller om id\u00e9en med ikke at mobbe, om at gi&#8217; smukke gaver til nogen, man holder af og ikke mindst om, at man skal huske at dyppe sine dr\u00f8mme i chokoladesovs! Vigtig viden for b\u00f8rn at f\u00e5 med sig, men bestemt ogs\u00e5 viden, der er anvendelig for alle aldre &#8211; hele livet igennem.<\/p><p>1. Det du gi\u2019r kommer altid tilbage<br \/>2. Fiona Fin <br \/>3. Dyp dine dr\u00f8mme<\/p><p>Indspillet i BackYard Studio i 2010-11<br \/>Teknik: Leif Ernstsen <br \/>Producer: Leif Ernstsen<\/p><p>G\u00e6stemusikere:<br \/>Axel Kanne &#8211; Guitar og Banjo <\/p>\t\t\t\t\t\t\t\t<\/div>\n\t\t\t\t<\/div>\n\t\t\t\t<div class=\"elementor-element elementor-element-6d51ef2 elementor-widget elementor-widget-heading\" data-id=\"6d51ef2\" data-element_type=\"widget\" data-widget_type=\"heading.default\">\n\t\t\t\t<div class=\"elementor-widget-container\">\n\t\t\t\t\t<h2 class=\"elementor-heading-title elementor-size-default\">Sangtekster - Det du Gi'r<\/h2>\t\t\t\t<\/div>\n\t\t\t\t<\/div>\n\t\t\t\t<div class=\"elementor-element elementor-element-dc2e5e5 elementor-widget elementor-widget-text-editor\" data-id=\"dc2e5e5\" data-element_type=\"widget\" data-widget_type=\"text-editor.default\">\n\t\t\t\t<div class=\"elementor-widget-container\">\n\t\t\t\t\t\t\t\t\t<p>1. Det du gi&#8217;r kommer altid tilbage <br \/>Tekst og musik: Bente Kure<\/p><p>Kaster du et \u00e6ble <br \/>og det rammer li&#8217; i nakken p\u00e5 din skolel\u00e6r&#8217;<br \/>&#8211; la&#8217; hel&#8217;re v\u00e6r&#8217;! &#8211;<br \/>bli&#8217;r han sikkert v\u00e6ldig sur og knotten,<br \/>r\u00e5ber op og sk\u00e6lder ud<br \/>-Yeah, yeah &#8211;<br \/>Kaster du et \u00e6ble <br \/>og det lander midt p\u00e5 marken i den bl\u00f8de jord<br \/>hvor altting gror<br \/>kan det m\u00e5ske v\u00e6re at der <br \/>n\u00e6ste sommer st\u00e5r et lille tr\u00e6<\/p><p>For det du gi&#8217;r kommer altid tilbage<br \/>og det du f\u00e5r har du givet selv engang<br \/>ja, det at v\u00e6re en ven &#8211; det kommer altid igen<br \/>Det er det, hele verden skal forst\u00e5!<\/p><p>Mobber du i skolen<br \/>og f\u00e5r nogen til at gr\u00e6de og er rigtig dum<br \/>s\u00e5 t\u00e6nk dig om!<br \/>Det er m\u00e5ske n\u00e6ste dag dig selv<br \/>der bliver drillet og st\u00f8dt ud<br \/>-Yeah, yeah &#8211;<br \/>Tr\u00f8ster du en kammerat<br \/>der sidder helt alene og er led og ked <br \/>af ensomhed<br \/>er der sikkert ogs\u00e5 nogen<br \/>der vil hj\u00e6lpe dig n\u00e5r det er sv\u00e6rt<\/p><p>For det du gi&#8217;r \u2026.osv<\/p><p>Smiler du til Emma<br \/>ja, s\u00e5 smiler hun til Simon og til Oliver<br \/>og Laura der<br \/>sender smilet vid&#8217;re til en ven<br \/>der sender det retur til dig<br \/>-Yeah, yeah &#8211;<br \/>S\u00e5dan kan vi alle<br \/>v\u00e6re med og g\u00f8re verden til et bedre sted<br \/>med k\u00e6rlighed<br \/>Bare ved at v\u00e6r&#8217; mod andre <br \/>som vi gerne vil behandles selv<\/p><p>For det du gi&#8217;r \u2026.osv <br \/>____________________________________________________________________________<\/p><p>2. Fiona Fin <br \/>Tekst og musik: Bente Kure<\/p><p>I dag havde posten en regnbue med<br \/>p\u00e5 min morgenslentretur<br \/>og en krukke med lykke for enden af den<br \/>som jeg vil gi&#8217; til min lille, nye ven<br \/><br \/>Fiona &#8211; s\u00f8d og bl\u00f8d<br \/>som sm\u00f8rklat i min gr\u00f8d<br \/>Fiona &#8211; nuttepige <br \/>&#8211; verden har bestemt aldrig nogensinde set &#8211; din lige!<\/p><p>I dag havde posten en pose med fr\u00f8<br \/>til mit morgenfruebed<br \/>Og de blomster der vokser n\u00e5r det bliver v\u00e5r<br \/>vil jeg gi&#8217; til min lille, nye ven<br \/><br \/>Fiona &#8211; hottentot<br \/>som alt hvad der er godt<br \/>Fiona &#8211; nuttepige<br \/>&#8211; verden har bestemt aldrig nogensinde set &#8211; din lige!<\/p><p>I dag havde posten en en str\u00e5lende sag<br \/>som var morgensmuk og god<br \/>Det var solskin og varme-selve liivets lys<br \/>Det vil jeg gi&#8217; til min lille, nye ven<br \/><br \/>Fiona &#8211; lille strik<br \/>som alt det bedste slik<br \/>Fiona &#8211; nuttepige<br \/>&#8211; verden har bestemt aldrig nogensinde set &#8211; din lige!<\/p><p>I dag havde posten en k\u00e6mpestor s\u00e6k<br \/>med en masse mylder i<br \/>Det var boblende gl\u00e6de og masser af smil<br \/>som jeg vil gi&#8217; til min lille, nye ven<br \/><br \/>Fiona &#8211; sommerfugl<br \/>som at gl\u00e6de sig til jul<br \/>Fiona &#8211; bare t\u00e6&#8217;er<br \/>s\u00e5 dejlig og s\u00e5 k\u00e6r<br \/>Fiona &#8211; nuttepige<br \/>&#8211; verden har bestemt aldrig nogensinde set &#8211; din lige!<\/p><p>\u00a0<\/p><p>\u00a0<\/p><p>\u00a0<\/p><p><br \/>_____________________________________________________________________________<\/p><p>3. Dyp dine dr\u00f8mme<br \/>Tekst og Musik: Bente Kure<\/p><p>Der var engang en dreng og han hed Marius<br \/>Han dr\u00f8ned rundt i skoven med sus badus<br \/>Han var nemlig ude p\u00e5 sin nye BMX<br \/>men pluds&#8217;li&#8217; bremsed han for der stod en heks!<\/p><p>Men han blev ikke bange for Marius er sej<br \/>s\u00e5 han var ikke den der l\u00f8b sin vej<br \/>og heksen hun var hverken dum eller klam<br \/>Hun smiled og grined og sagde til ham:<\/p><p>Dyp dine dr\u00f8mme i chokoladesovs!<br \/>S\u00e5 bli&#8217;r de sk\u00f8nne &#8211; de bli&#8217;r det rene smovs!<br \/>Hvorfor kede sig n\u00e5r man ka&#8217; ha&#8217; en fest?<br \/>man skal t\u00e6nke mest p\u00e5 det som der er bedst!<br \/>S\u00e5 dyp dine dr\u00f8mme i chokoladesovs!<\/p><p>Da han kom hjem til sin far og mor<br \/>T\u00e6nk! S\u00e5 had&#8217; han f\u00e5et en lillebror!<br \/>De blev bedste venner li&#8217; fra f\u00f8rste f\u00e6rd<br \/>for Marius synes at Silas er k\u00e6r<\/p><p>og selvom han savler p\u00e5 hans bedste bil<br \/>s\u00e5&#8217; har Silas det dejligste smil<br \/>og n\u00e5r han ikk&#8217; ka&#8217; sove og bli&#8217;r bange og ked<br \/>hvisker-Marius til ham noget han ved:<\/p><p>Dyp dine dr\u00f8mme i cholokadesovs!&#8230;osv <br \/><br \/>Ja, de er bare go&#8217;e drenge begge to<br \/>og n\u00e5r de bli&#8217;r st\u00f8rre skal de sikkert bo<br \/>i&#8217;n t\u00e6ppehule under&#8217;t spisebord<br \/>og hygge og bage med far og mor<\/p><p>Men m\u00e5ske bli&#8217;r alt ikke fis og ballade<br \/>Vi ka&#8217; bli&#8217; triste og vi ka&#8217; bli&#8217; flade<br \/>S\u00e5&#8217;-det-godt at huske p\u00e5 hvad heksen sagde<br \/>S\u00e5 vil der altid v\u00e6r&#8217; gode dage<\/p><p>S\u00e5 dyp dine dr\u00f8mme i cholokadesovs!&#8230;osv<br \/><br \/>Ja, dyp dine dr\u00f8mme i cholokadesovs, <br \/>dy-dy-dy-dyp dine dr\u00f8mme i cholokadesovs, <br \/>dy-dy-dy-dyp dine dr\u00f8mme i chookoolaade&#8230;&#8230;.og sovs!<\/p>\t\t\t\t\t\t\t\t<\/div>\n\t\t\t\t<\/div>\n\t\t\t\t<\/div>\n\t\t\t\t\t<\/div>\n\t\t\t\t<\/div>\n\t\t<div class=\"elementor-element elementor-element-2b588f8 e-flex e-con-boxed e-con e-parent\" data-id=\"2b588f8\" data-element_type=\"container\">\n\t\t\t\t\t<div class=\"e-con-inner\">\n\t\t\t\t\t<\/div>\n\t\t\t\t<\/div>\n\t\t\t\t<\/div>\n\t\t","protected":false},"excerpt":{"rendered":"<p>Det du gi&#8217;r \u00a0&#8211; en maxi-single. Tre sange for b\u00f8rn og alle os andre barnlige sj\u00e6le!Det er sange, der fort\u00e6ller om id\u00e9en med ikke at mobbe, om at gi&#8217; smukke gaver til nogen, man holder af og ikke mindst om, at man skal huske at dyppe sine dr\u00f8mme i chokoladesovs! Vigtig viden for b\u00f8rn at [&hellip;]<\/p>\n","protected":false},"author":1,"featured_media":0,"parent":0,"menu_order":0,"comment_status":"closed","ping_status":"closed","template":"","meta":{"_uag_custom_page_level_css":"","site-sidebar-layout":"no-sidebar","site-content-layout":"page-builder","ast-site-content-layout":"full-width-container","site-content-style":"unboxed","site-sidebar-style":"unboxed","ast-global-header-display":"","ast-banner-title-visibility":"","ast-main-header-display":"","ast-hfb-above-header-display":"","ast-hfb-below-header-display":"","ast-hfb-mobile-header-display":"","site-post-title":"disabled","ast-breadcrumbs-content":"","ast-featured-img":"","footer-sml-layout":"","theme-transparent-header-meta":"disabled","adv-header-id-meta":"","stick-header-meta":"","header-above-stick-meta":"","header-main-stick-meta":"","header-below-stick-meta":"","astra-migrate-meta-layouts":"set","ast-page-background-enabled":"default","ast-page-background-meta":{"desktop":{"background-color":"","background-image":"","background-repeat":"repeat","background-position":"center center","background-size":"auto","background-attachment":"scroll","background-type":"","background-media":"","overlay-type":"","overlay-color":"","overlay-opacity":"","overlay-gradient":""},"tablet":{"background-color":"","background-image":"","background-repeat":"repeat","background-position":"center center","background-size":"auto","background-attachment":"scroll","background-type":"","background-media":"","overlay-type":"","overlay-color":"","overlay-opacity":"","overlay-gradient":""},"mobile":{"background-color":"","background-image":"","background-repeat":"repeat","background-position":"center center","background-size":"auto","background-attachment":"scroll","background-type":"","background-media":"","overlay-type":"","overlay-color":"","overlay-opacity":"","overlay-gradient":""}},"ast-content-background-meta":{"desktop":{"background-color":"var(--ast-global-color-5)","background-image":"","background-repeat":"repeat","background-position":"center center","background-size":"auto","background-attachment":"scroll","background-type":"","background-media":"","overlay-type":"","overlay-color":"","overlay-opacity":"","overlay-gradient":""},"tablet":{"background-color":"var(--ast-global-color-5)","background-image":"","background-repeat":"repeat","background-position":"center center","background-size":"auto","background-attachment":"scroll","background-type":"","background-media":"","overlay-type":"","overlay-color":"","overlay-opacity":"","overlay-gradient":""},"mobile":{"background-color":"var(--ast-global-color-5)","background-image":"","background-repeat":"repeat","background-position":"center center","background-size":"auto","background-attachment":"scroll","background-type":"","background-media":"","overlay-type":"","overlay-color":"","overlay-opacity":"","overlay-gradient":""}},"footnotes":""},"class_list":["post-4435","page","type-page","status-publish","hentry"],"uagb_featured_image_src":{"full":false,"thumbnail":false,"medium":false,"medium_large":false,"large":false,"1536x1536":false,"2048x2048":false},"uagb_author_info":{"display_name":"admin","author_link":"https:\/\/benteogleif.dk\/web\/author\/benteo\/"},"uagb_comment_info":0,"uagb_excerpt":"Det du gi&#8217;r \u00a0&#8211; en maxi-single. Tre sange for b\u00f8rn og alle os andre barnlige sj\u00e6le!Det er sange, der fort\u00e6ller om id\u00e9en med ikke at mobbe, om at gi&#8217; smukke gaver til nogen, man holder af og ikke mindst om, at man skal huske at dyppe sine dr\u00f8mme i chokoladesovs! Vigtig viden for b\u00f8rn at&hellip;","_links":{"self":[{"href":"https:\/\/benteogleif.dk\/web\/wp-json\/wp\/v2\/pages\/4435","targetHints":{"allow":["GET"]}}],"collection":[{"href":"https:\/\/benteogleif.dk\/web\/wp-json\/wp\/v2\/pages"}],"about":[{"href":"https:\/\/benteogleif.dk\/web\/wp-json\/wp\/v2\/types\/page"}],"author":[{"embeddable":true,"href":"https:\/\/benteogleif.dk\/web\/wp-json\/wp\/v2\/users\/1"}],"replies":[{"embeddable":true,"href":"https:\/\/benteogleif.dk\/web\/wp-json\/wp\/v2\/comments?post=4435"}],"version-history":[{"count":5,"href":"https:\/\/benteogleif.dk\/web\/wp-json\/wp\/v2\/pages\/4435\/revisions"}],"predecessor-version":[{"id":4442,"href":"https:\/\/benteogleif.dk\/web\/wp-json\/wp\/v2\/pages\/4435\/revisions\/4442"}],"wp:attachment":[{"href":"https:\/\/benteogleif.dk\/web\/wp-json\/wp\/v2\/media?parent=4435"}],"curies":[{"name":"wp","href":"https:\/\/api.w.org\/{rel}","templated":true}]}}