{"id":4501,"date":"2025-02-16T18:11:44","date_gmt":"2025-02-16T18:11:44","guid":{"rendered":"https:\/\/benteogleif.dk\/web\/?page_id=4501"},"modified":"2025-02-16T18:15:14","modified_gmt":"2025-02-16T18:15:14","slug":"julefluen","status":"publish","type":"page","link":"https:\/\/benteogleif.dk\/web\/julefluen\/","title":{"rendered":"Julefluen"},"content":{"rendered":"\t\t<div data-elementor-type=\"wp-page\" data-elementor-id=\"4501\" class=\"elementor elementor-4501\">\n\t\t\t\t<div class=\"elementor-element elementor-element-173edd6 e-flex e-con-boxed e-con e-parent\" data-id=\"173edd6\" data-element_type=\"container\">\n\t\t\t\t\t<div class=\"e-con-inner\">\n\t\t<div class=\"elementor-element elementor-element-4be943b e-con-full e-flex e-con e-child\" data-id=\"4be943b\" data-element_type=\"container\">\n\t\t\t\t<div class=\"elementor-element elementor-element-389b00e elementor-widget elementor-widget-image\" data-id=\"389b00e\" data-element_type=\"widget\" data-widget_type=\"image.default\">\n\t\t\t\t<div class=\"elementor-widget-container\">\n\t\t\t\t\t\t\t\t\t\t\t\t\t\t\t<img decoding=\"async\" src=\"https:\/\/benteogleif.dk\/web\/wp-content\/uploads\/elementor\/thumbs\/08-qvcc8h1jv23arb3kxvfj9wxdwcxd60jdokektmuave.jpg\" title=\"08\" alt=\"08\" loading=\"lazy\" \/>\t\t\t\t\t\t\t\t\t\t\t\t\t\t\t<\/div>\n\t\t\t\t<\/div>\n\t\t\t\t<\/div>\n\t\t<div class=\"elementor-element elementor-element-71a2bed e-con-full e-flex e-con e-child\" data-id=\"71a2bed\" data-element_type=\"container\">\n\t\t\t\t<div class=\"elementor-element elementor-element-c877f35 elementor-widget elementor-widget-heading\" data-id=\"c877f35\" data-element_type=\"widget\" data-widget_type=\"heading.default\">\n\t\t\t\t<div class=\"elementor-widget-container\">\n\t\t\t\t\t<h2 class=\"elementor-heading-title elementor-size-default\">Julefluen<\/h2>\t\t\t\t<\/div>\n\t\t\t\t<\/div>\n\t\t\t\t<div class=\"elementor-element elementor-element-0181cba elementor-widget-divider--view-line elementor-widget elementor-widget-divider\" data-id=\"0181cba\" data-element_type=\"widget\" data-widget_type=\"divider.default\">\n\t\t\t\t<div class=\"elementor-widget-container\">\n\t\t\t\t\t\t\t<div class=\"elementor-divider\">\n\t\t\t<span class=\"elementor-divider-separator\">\n\t\t\t\t\t\t<\/span>\n\t\t<\/div>\n\t\t\t\t\t\t<\/div>\n\t\t\t\t<\/div>\n\t\t\t\t<div class=\"elementor-element elementor-element-010be06 elementor-widget elementor-widget-text-editor\" data-id=\"010be06\" data-element_type=\"widget\" data-widget_type=\"text-editor.default\">\n\t\t\t\t<div class=\"elementor-widget-container\">\n\t\t\t\t\t\t\t\t\t<p>12 julesange og melodier &#8211; b\u00e5de de kendte og de nye. &#8216;Juletr\u00e6et med sin pynt&#8217;, &#8216;Der er noget i luften&#8217; og det mexicanske eventyr om \u2019Maria og fuglen\u2019 og en s\u00e6lsom julenat. For slet ikke at tale om titelsangen om den gamle Amanda og, ja, en juleflue! Sangene er sunget p\u00e5 vise-sprog, og melodierne leder tankerne hen p\u00e5 sl\u00e6gtskabet mellem en spillemands-harmonika og et orgel!<\/p><p>1. Julefluen <br \/>2. Der er noget i luften <br \/>3. Vise m\u00e6nd <br \/>4. Juletr\u00e6et med sin pynt <br \/>5. Francis Tolliver <br \/>6. Once in royal David&#8217;s city <br \/>7. En duft af fred <br \/>8. Adventskransen <br \/>9. Maria og fuglen <br \/>10. Nu har vi alts\u00e5 jul igen <br \/>11. Julen har bragt velsignet bud <br \/>&#8230;.og Fjollesang!<\/p><p>Indspillet og mixet November 2004 hos ENGMAN i Holb\u00e6k <br \/>Teknik: Michael Engman <br \/>Producer: Leif Ernstsen<\/p><p>G\u00e6stemusikere: <br \/>Steffan S\u00f8gaard S\u00f8rensen: kontrabas <br \/>Dan Gisen Malmquist: Sopransax, klarinet, bas-klarinet <br \/>Peter Abrahamsen: sang, kor <br \/>B\u00f8rnekoret De 4 dr\u00e5ber: &#8211; Stella Marie Tommerup, Malou Tentschert, Alberte Jensen, Simone Jensen <br \/>Cornelius-koret: &#8211; Anette Corneliussen, Karen Kure, Margot M\u00f8ller Nielsen, Lars H\u00f8y Hansen, Peter Plougmann, Lars Lyhne, Povl Barkler, Henriette Bohn, Danielle Baltoft, Bente Kure<\/p>\t\t\t\t\t\t\t\t<\/div>\n\t\t\t\t<\/div>\n\t\t\t\t<div class=\"elementor-element elementor-element-6d51ef2 elementor-widget elementor-widget-heading\" data-id=\"6d51ef2\" data-element_type=\"widget\" data-widget_type=\"heading.default\">\n\t\t\t\t<div class=\"elementor-widget-container\">\n\t\t\t\t\t<h2 class=\"elementor-heading-title elementor-size-default\">Sangtekster - Julefluen<\/h2>\t\t\t\t<\/div>\n\t\t\t\t<\/div>\n\t\t\t\t<div class=\"elementor-element elementor-element-dc2e5e5 elementor-widget elementor-widget-text-editor\" data-id=\"dc2e5e5\" data-element_type=\"widget\" data-widget_type=\"text-editor.default\">\n\t\t\t\t<div class=\"elementor-widget-container\">\n\t\t\t\t\t\t\t\t\t<p>1. JULEFLUEN <br \/>Tekst: Kalle Zwilgmeyer<br \/>Mel.: Hans Ericsson<br \/>Overs.: Bente Kure, 2004<\/p><p>Hun blev halvfems i Juni &#8211; Amanda ned&#8217; i k\u00e6ret<br \/>Den sidste nabo flytted til September nu i \u00e5r<br \/>Nu sidder hun alene lidt gammel og besv\u00e6ret<br \/>men dufter sig til julen ved lidt rester fra ig\u00e5r<br \/>En klokke ringer h\u00f8jtid ind fra radio&#8217;n i reolen<br \/>Hun l\u00e6gger lidt i kakkelovnen &#8211; det g\u00f8r gigten vel<br \/>Det er den sidste gang at Amanda fejrer julen<br \/>Den sidste i et liv s\u00e5 langt, der nu er g\u00e5&#8217;et p\u00e5 h\u00e6ld<\/p><p>Der st\u00e5r et bundt med gran i en krukke midt p\u00e5 bordet<br \/>Tre kr\u00e6mmerhuse og en stjerne &#8211; hvid med glimmer p\u00e5<br \/>Hun s\u00e6tter sig og blader &#8211; til sidst hun finder ordet<br \/>som st\u00e5r i Lukas, andet &#8211; tro gi&#8217;r mening at forst\u00e5<br \/>Hun mindes gamle dage &#8211; December var no&#8217;et s\u00e6rligt<br \/>og hun skrev julekort med en p\u00e6n og sirlig skrift<br \/>Nev\u00f8er og niecer &#8211; forventningsfyldt og k\u00e6rligt<br \/>skrev: &#8220;Til tante Amanda&#8221; &#8211; selv blev hun aldrig gift<\/p><p>En ensomhed i stuen &#8211; en stilhed som kan give<br \/>at julefreden s\u00e6nker sig, men freden samler st\u00f8v<br \/>Hun rejser sig og vakler for lemmerne er stive<br \/>Hun h\u00f8rer noget summe selvom hun er n\u00e6sten d\u00f8v<br \/>En flue som er v\u00e5gnet midt i vinters\u00f8vnens dvale<br \/>Et lille liv som ogs\u00e5 lever n\u00e6sten helt i skjul<br \/>Lidt sukkervand i sk\u00e5len &#8211; en ensomhedsfinale<br \/>blev gaven som hun sk\u00e6nked denne allersidste jul<\/p><p>Historien om Amanda er nogens barndomsminde<br \/>og mange h\u00e9r vil synes, den er barnlig og banal<br \/>Men der var \u00e9n som husked p\u00e5 denne gamle kvinde<br \/>fra da det var naturligt at man blev sentimental<br \/>Og selvom tiden er en anden sp\u00f8rger jeg forsigtigt<br \/>om vi har plads i hjertet til et andet individ?<br \/>N\u00e5r tante bli&#8217;r halvfems er hun stadig lige vigtig<br \/>som du og jeg og alle os, der aldrig ta&#8217;r os tid.<br \/>______________________________________________________________<\/p><p><br \/>2. Der er noget i luften<br \/>Tekst: Vilhelm Gregersen, 1911<br \/>Melodi: Vilhelm Gregersen, 1911<\/p><p>Der er noget i luften &#8211; jeg v\u00e9d ikke hvad,<br \/>som for\u00e5r, sk\u00f8nt skoven har mistet hvert blad,<br \/>der er noget i luften som rosernes duften,<br \/>som fuglenes fryd,<br \/>sk\u00f8nt rosen er falmet, og fuglen er draget mod syd.<\/p><p>Der er noget i luften som g\u00f8r mig s\u00e5 glad,<br \/>som tr\u00f8ster mit hjerte i ungdommens bad,<br \/>der er noget herinde &#8211; et str\u00e5lende minde<br \/>med k\u00e6rter og sang,<br \/>om julen derhjemme, derhjemme hos moder en gang.<\/p><p>Der er noget i luften, et barndommens bud,<br \/>som lyser imod mig som stjernen fra Gud,<br \/>som leder mig stille til frelseren lille<br \/>med barndommens fryd,<br \/>sk\u00f8nt barndommen flygted som fuglen, der rejste mod syd.<\/p><p>O kom til os alle, du h\u00f8jtidens drot,<br \/>om lokken er gylden, om h\u00e5ret er gr\u00e5t!<br \/>Udbred dine h\u00e6nder, mens lysene br\u00e6nder,<br \/>og sk\u00e6nk os din fred,<br \/>thi evig, ja evig er gl\u00e6den n\u00e5r du f\u00f8lger med. <br \/>_______________________________________________________________<\/p><p><br \/>3. Vise m\u00e6nd <br \/>Tekst: Lone Kjeldsen <br \/>Musik: Bente Kure<\/p><p>For mere end totusind \u00e5r tilbage <br \/>da verden var ung og med fremtid og tro<br \/>kom Jesus herned &#8211; havde h\u00f8rt jordens klage<br \/>Nu var det tid til at bygge en bro<br \/>En vrimmel af broer, dyre og store<br \/>er siden bygget igen og igen<br \/>Men verden m\u00e5 sande at ingen lande<br \/>har bygget bro til de tre vise m\u00e6nd<\/p><p>Hvis Jesus han p\u00e5tog sig rollen som nisse<br \/>hvad ville der ske i \u00f8st og i vest?<br \/>Holdt de da end&#8217;lig op med at vrisse<br \/>for sammen at finde den vej der er bedst<br \/>Men alle de veje vi m\u00e5tte eje<br \/>f\u00f8rer os stadig det gale sted hen<br \/>For verden m\u00e5 sande at ingen lande<br \/>endnu ser vejen til tre vise m\u00e6nd<\/p><p>Hvis jeg blot ku&#8217; \u00f8nske julepakken<br \/>for verden idag og imorgen med<br \/>Da m\u00e5tte det blive at al den snakken <br \/>fik ende idag med mad og med fred<br \/>Iblandt julens pakker &#8211; gid \u00e9n er vakker<br \/>som h\u00e5bet der stadig kommer igen<br \/>At verden vil sande i alle lande<br \/>er tiden inde til tre vise m\u00e6nd<\/p><p>Ja, verden skal sande i alle lande<br \/>er tiden inde til tre vise m\u00e6nd <br \/>Ja, verden skal sande i alle lande<br \/>er brug for langt mer&#8217; end tre vise m\u00e6nd!<br \/>__________________________________________________________<\/p><p><br \/>4. Juletr\u00e6et med sin pynt<br \/>Tekst: Mogens Lorentzen, 1939<br \/>Melodi: Egil Harder, 1940<\/p><p>Juletr\u00e6et med sin pynt<br \/>venter p\u00e5, vi f\u00e5r begyndt.<br \/>Aldrig har det v\u00e6r&#8217;t s\u00e5 gr\u00f8nt,<br \/>aldrig har det v\u00e6r&#8217;t s\u00e5 k\u00f8nt.<br \/>Og fra selve himlen gled<br \/>vist den store stjerne ned.<\/p><p>Hjerter klippet med en saks<br \/>af den fingernemme slags,<br \/>kr\u00e6mmerhus med kr\u00f8llet hank,<br \/>som s\u00e5 let f\u00e5r en skavank,<br \/>kurve, kugler, fugle, flag,<br \/>op og ned og for og bag<\/p><p>N\u00e5r de mange fine ting<br \/>h\u00e6nger roligt rundt omkring,<br \/>og n\u00e5r alle lys er t\u00e6ndt,<br \/>og her lugter brunt og br\u00e6ndt,<br \/>er det som en sommerdag<br \/>d\u00e9r, hvor tr\u00e6et kommer fra.<\/p><p>Alle vegne ud og ind<br \/>glimrer edderkoppespind<br \/>mon der ikke bor en spurv<br \/>her i denne lille kurv?<br \/>Kr\u00e6mmerhus med n\u00f8dder i<br \/>er grangiv&#8217;lig kogleri.<\/p><p>Juletr\u00e6et p\u00e5 bes\u00f8g<br \/>hilser os fra eg og b\u00f8g<br \/>med besked derude fra,<br \/>at det lysner dag for dag,<br \/>og at solen fra sit skjul<br \/>\u00f8nsker os en gl\u00e6d&#8217;lig jul.<br \/>____________________________________________________________<\/p><p><br \/>5. Francis Tolliver <br \/>John McCutcheon \/ Rune T. Kidde<\/p><p>1. Her er en sang om krigen, og her er en sang om jul<br \/>En sang om Francis Tolliver &#8211; en gut fra Liverpool<br \/>I 1913 var han barn &#8211; i 14 blev han mand<br \/>De d\u00f8bte ham med ild i Flanderland<br \/>Og Francis l\u00e5 i skyttegrav en julenat dengang<br \/>Et ar i Frankrigs marker hvor hans frosne \u00e5nde hang<br \/>Den nat derhjemme fyldtes glasset op med hvad de har<br \/>&#8220;To the brave and glorious boys!&#8221; s\u00e5 langt derfra<\/p><p>2. Jeg sad den nat med Francis p\u00e5 den kolde franske jord<br \/>Vi havde golde stjerner nok &#8211; men ikke flere ord<br \/>Med \u00e9t f\u00f3r Francis op &#8211; der l\u00f8d en stemme ren og klar<br \/>&#8211; en spinkel ensom sang &#8211; derovrefra<br \/>&#8220;He&#8217;s singing bloody well!&#8221; si&#8217;r Francis mens vi st\u00e5r og glor<br \/>Lidt efter lidt bli&#8217;r stemmens klang derovrefra et kor<br \/>Kanonerne er tavse og de grumme masker faldt<br \/>for i natten har en men&#8217;skestemme kaldt<\/p><p>3. Som kolde sten sl\u00e5r gnister er et lille under h\u00e6ndt<br \/>&#8220;God rest ye, merry gentleman!&#8221; skreg gutterne fra Kent<br \/>S\u00e5 br\u00f8d de ud i &#8220;Stille nacht&#8221; &#8211; en sangenes tagfat <br \/>&#8211; for vi sang med p\u00e5 &#8220;Silent night&#8221; den nat!<br \/>&#8220;S\u00f8g d\u00e6kning!&#8221; r\u00e5bte vagten h\u00e6st &#8220;Hold alle rifler klar!&#8221;<br \/>En skikkelse kr\u00f8b op fra gravens dyb derovrefra<br \/>Mod Ingenmandsland g\u00e5r hans tapre, viljefaste skridt<br \/>Og det flag han r\u00e6kker frem er stjernehvidt<\/p><p>4. Og \u00e9n for \u00e9n fra h\u00e9r som d\u00e9r s\u00e5 kr\u00f8b vi alle op<br \/>Vi lod alle v\u00e5ben bag os og var kun vor tr\u00e6tte krop<br \/>Vi delte bortgemt brandy &#8211; rakte n\u00e6ver frem og lo<br \/>Tog en fodboldkamp med Francis&#8217; gamle sko<br \/>Cigaretter &#8211; chokolade &#8211; og foto&#8217;s hjemmefra:<br \/>Familie og k\u00e6rester og venner som vi har<br \/>Tom Sanders spiller h\u00e5ndklaver og de har en violin<br \/>&#8220;Det&#8217; utroligt!&#8221; hoster Francis med et grin<\/p><p>5. Men det blev dag og Frankrig blev til Frankrig \u00e9n gang til<br \/>Og langsomt g\u00e5r vi hver til sit som folk der ikke vil<br \/>I hjertet er et sp\u00f8rgsm\u00e5l som vi aldrig glemmer mer:<br \/>Hvem er det egnt&#8217;lig sigtekornet ser!<br \/>(Solo)<\/p><p>6. En julenat &#8211; en skyttegrav &#8211; en krig der var engang<br \/>Som hud mod frosent st\u00e5l &#8211; som vindens skarpe bitre klang<br \/>Men krigens kolde grave og de fronter den har sat<br \/>blev til sange i en s\u00e6lsom julenat<br \/>Min sang er Francis Tolliver&#8217;s &#8211; og hvert et ord er sandt<br \/>Min sang er om et slag i krig hvor begge sider vandt<br \/>Er vi kun n\u00e5le i et kort &#8211; kun sneens fnug, der f\u00f8g<br \/>Nej &#8211; for Francis Tolliver vil aldrig d\u00f8\u2026\u2026.<br \/>______________________________________________________________<\/p><p><br \/>7. En duft af fred <br \/>Tekst og Musik: Kjell \u00c5ke Eriksson (En doft av frid)<br \/>Dansk Tekst: Leif Ernstsen og Bente Kure<\/p><p>Nu er julenatten her<br \/>og lysets lue danser tyst omkring<br \/>og danner m\u00f8nstre<br \/>Her omkring os \u00e5nder fred<br \/>som en duft af livets underfulde vin<\/p><p>Fuld af frost og iskrystal<br \/>vort vindu&#8217; str\u00e5ler som en diamant<br \/>Et s\u00e6lsomt glimt<br \/>som et spil i vores glas<br \/>som et strejf af vinternattens trylleri<\/p><p>Vi ser snefnug sm\u00e5<br \/>som driver bort med vinden<br \/>Ser lyset stille slukkes og d\u00f8 ud<br \/>Og n\u00e5r trolddom gi&#8217;r tabt<br \/>og venskabsb\u00e5nd er skabt<br \/>Da er julenatten slut<\/p><p>Julemorgen &#8211; en dr\u00f8m<br \/>et billed malet med en f\u00f8lsom h\u00e5nd<br \/>N\u00e5r solen v\u00e5gner er der endnu mer&#8217; at se<br \/>for vor jord har stadig smukke ting at gi&#8217;.<br \/>___________________________________________________________<\/p><p><br \/>8. Adventskransen<br \/>Inger Otzen, 1952<\/p><p>Velkommen gr\u00f8nne adventskrans<br \/>med dine lys s\u00e5 hvide,<br \/>de har s\u00e5 mild en h\u00f8jtidsglans,<br \/>nu er det adventstide.<br \/>Det f\u00f8rste lys vi t\u00e6nder,<br \/>se blot hvor klart det br\u00e6nder,<br \/>fort\u00e6ller os, at tiden g\u00e5r,<br \/>og julen snart vi f\u00e5r.<\/p><p>P\u00e5 denne \u00e5rets m\u00f8rke tid<br \/>et bu du til os bringer,<br \/>at vi m\u00e5 bruge al vor flid,<br \/>f\u00f8r juleklokken ringer.<br \/>Det andet lys vi t\u00e6nder,<br \/>se blot hvor klart det br\u00e6nder,<br \/>fort\u00e6ller os, at tiden g\u00e5r,<br \/>og julen snart vi n\u00e5r.<\/p><p>Snart holder hele verden fest<br \/>til Jesusbarnets \u00e6re,<br \/>og husk, vi g\u00f8r det allerbedst<br \/>ved gode b\u00f8rn at v\u00e6re.<br \/>Det tredje lys vi t\u00e6nder, <br \/>se blot hvor klart det br\u00e6nder,<br \/>fort\u00e6ller os, at tiden g\u00e5r,<br \/>og julen snart vi n\u00e5r.<\/p><p>N\u00e5r alle fire lys er t\u00e6ndt<br \/>de m\u00f8rket kan forjage,<br \/>s\u00e5 ved vi, \u00e5ret har sig vendt<br \/>igen mod lyse dage.<br \/>Det sidste lys vi t\u00e6nder,<br \/>se blot hvor klart det br\u00e6nder,<br \/>fort\u00e6ller os, at tiden g\u00e5r,<br \/>og julen nu vi n\u00e5r.<\/p><p>\u00a0<\/p><p>___________________________________________________________<\/p><p><br \/>9. Maria og fuglen<br \/>Tekst og musik: Stephanie Davis (EMI Blackwood Music 1990) Dansk tekst: Bente Kure<\/p><p>Maria var fattig og ene &#8211; p\u00e5 vej til et marked f\u00f8r jul<br \/>Hun hviled sig lidt p\u00e5 et g\u00e6rde &#8211; fik \u00f8je p\u00e5 en lille fugl<br \/>Den l\u00e5 der i st\u00f8vet i gr\u00f8ften &#8211; og vingen var br\u00e6kket itu<br \/>Hun tog fuglen op liss\u00e5 varsomt &#8211; og varmed den ind mod sin hud<\/p><p>Og for sine sidste m\u00f8nter &#8211; hun k\u00f8bte et bur til sin ven<br \/>Og fodred den med korn fra marken <br \/>og s\u00e5 den bli&#8217; helet igen<\/p><p>Og julenat oprandt og kirken &#8211; var pyntet med glimmer og lys<br \/>Og alle bar gaver til krybben &#8211; at ofre til Ham som var f\u00f8dt<br \/>Og gaverne var Kongen v\u00e6rdig &#8211; diamanter og r\u00f8gelse pur <br \/>Men alt hvad Maria ku&#8217; bringe &#8211; var en gr\u00e5 lille fugl i et bur<\/p><p>Hun vented til lige f\u00f8r midnat &#8211; s\u00e5 ingen bem\u00e6rked hun kom<br \/>Hun kn\u00e6lede gr\u00e5dkvalt ved krybben <br \/>Hendes gave var for ussel til Ham<\/p><p>Da l\u00f8d der en r\u00f8st gennem m\u00f8rket &#8211; Maria, hvad bringer du hid?<br \/>Hvis buret med fuglen er gaven &#8211; s\u00e5 \u00e5ben det og lad mig se<br \/>Med rystende h\u00e6nder hun \u00e5bned &#8211; for l\u00e5gen og fuglen fl\u00f8j op<br \/>Den sv\u00e6ved p\u00e5 to raske vinger &#8211; og landed p\u00e5 tagbj\u00e6lkens top<\/p><p>Og netop da l\u00f8d midnats-klokken &#8211; og fuglen den kvidrede med<br \/>En sang som var Kongen v\u00e6rdig<br \/>uden ord om den evige fred<\/p><p>Og s\u00e5dan blev Marias gave &#8211; det smukkeste nogen kan gi&#8217;<br \/>En sang l\u00f8ftet op imod himlen &#8211; af en nattergal som var sat fri<br \/>________________________________________________________________<\/p><p><br \/>10. Nu har vi alts\u00e5 jul igen<\/p><p>Nu har vi alts\u00e5 jul igen, det la&#8217; sig ikke skjule<br \/>og vi er v\u00e6ldig med p\u00e5 den og snakker kun om jule<br \/>Om juletr\u00e6 og julegran og julelys og gaver<br \/>Om julefest og julemand og julestads vi laver<\/p><p>Ja, hvor man end sig vender hen s\u00e5 er det jule og jul igen<br \/>og jul og jul og jul og jul og jul igen<\/p><p>Om julekort og julesp\u00f8g og mosters julebagen<br \/>og om at man bli&#8217;r julesl\u00f8j p\u00e5 tredie juledagen<br \/>Man v\u00e6re nok s\u00e5 juleglad n\u00e5r juletr\u00e6et str\u00e5ler<br \/>Den alt for gode julemad man ikke l\u00e6nge t\u00e5ler<\/p><p>Ja, hvor&#8230;.osv<\/p><p>Nej, g\u00e5sesteg og risengr\u00f8d og klejner, limonade<br \/>og marcipan og figenbr\u00f8d, konfekt og chokolade<br \/>og julekager med sukat og mandler og rosiner<br \/>Det m\u00e5 og skal som resultat gi&#8217; julemavepiner!<\/p><p>Ja, hvor&#8230;.osv<br \/>_______________________________________________________________<\/p><p><br \/>11.Julen har bragt velsignet bud <br \/>Tekst: B. S. Ingemann, 1839 Melodi: C. E. F. Weyse, 1841<\/p><p>Julen har bragt velsignet bud.<br \/>Nu gl\u00e6des gamle og unge:<br \/>Hvad englene sang i verden ud,<br \/>nu alle sm\u00e5 b\u00f8rn skal sjunge.<br \/>Grenen fra livets tr\u00e6 st\u00e5r sk\u00f8nt<br \/>med lys som fugle p\u00e5 kviste.<br \/>Det barn, som sig gl\u00e6der fromt og k\u00f8nt,<br \/>skal aldrig den gl\u00e6de miste.<\/p><p>Gl\u00e6den er jordens g\u00e6st i dag<br \/>med himmelkongen den lille.<br \/>Du fattige spurv! Flyv ned fra tag<br \/>med duen til julegilde!<br \/>Dans, lille barn, p\u00e5 moders sk\u00f8d!<br \/>En dejlig dag er oprunden:<br \/>I dag blev vor k\u00e6re frelser f\u00f8d<br \/>og paradisvejen funden.<\/p><p>Frelseren selv var barn som vi,<br \/>i dag han l\u00e5 i sin vugge.<br \/>Den have, Guds engle flyve i,<br \/>vil Jesus for os oplukke.<br \/>Himmerigs konge blandt os bor,<br \/>han julegl\u00e6den os bringer,<br \/>han favner hver barnesj\u00e6l p\u00e5 jord<br \/>og lover os englevinger. <\/p>\t\t\t\t\t\t\t\t<\/div>\n\t\t\t\t<\/div>\n\t\t\t\t<\/div>\n\t\t\t\t\t<\/div>\n\t\t\t\t<\/div>\n\t\t<div class=\"elementor-element elementor-element-2b588f8 e-flex e-con-boxed e-con e-parent\" data-id=\"2b588f8\" data-element_type=\"container\">\n\t\t\t\t\t<div class=\"e-con-inner\">\n\t\t\t\t\t<\/div>\n\t\t\t\t<\/div>\n\t\t\t\t<\/div>\n\t\t","protected":false},"excerpt":{"rendered":"<p>Julefluen 12 julesange og melodier &#8211; b\u00e5de de kendte og de nye. &#8216;Juletr\u00e6et med sin pynt&#8217;, &#8216;Der er noget i luften&#8217; og det mexicanske eventyr om \u2019Maria og fuglen\u2019 og en s\u00e6lsom julenat. For slet ikke at tale om titelsangen om den gamle Amanda og, ja, en juleflue! Sangene er sunget p\u00e5 vise-sprog, og melodierne [&hellip;]<\/p>\n","protected":false},"author":1,"featured_media":0,"parent":0,"menu_order":0,"comment_status":"closed","ping_status":"closed","template":"","meta":{"_uag_custom_page_level_css":"","site-sidebar-layout":"no-sidebar","site-content-layout":"page-builder","ast-site-content-layout":"full-width-container","site-content-style":"unboxed","site-sidebar-style":"unboxed","ast-global-header-display":"","ast-banner-title-visibility":"","ast-main-header-display":"","ast-hfb-above-header-display":"","ast-hfb-below-header-display":"","ast-hfb-mobile-header-display":"","site-post-title":"disabled","ast-breadcrumbs-content":"","ast-featured-img":"","footer-sml-layout":"","theme-transparent-header-meta":"disabled","adv-header-id-meta":"","stick-header-meta":"","header-above-stick-meta":"","header-main-stick-meta":"","header-below-stick-meta":"","astra-migrate-meta-layouts":"set","ast-page-background-enabled":"default","ast-page-background-meta":{"desktop":{"background-color":"","background-image":"","background-repeat":"repeat","background-position":"center center","background-size":"auto","background-attachment":"scroll","background-type":"","background-media":"","overlay-type":"","overlay-color":"","overlay-opacity":"","overlay-gradient":""},"tablet":{"background-color":"","background-image":"","background-repeat":"repeat","background-position":"center center","background-size":"auto","background-attachment":"scroll","background-type":"","background-media":"","overlay-type":"","overlay-color":"","overlay-opacity":"","overlay-gradient":""},"mobile":{"background-color":"","background-image":"","background-repeat":"repeat","background-position":"center center","background-size":"auto","background-attachment":"scroll","background-type":"","background-media":"","overlay-type":"","overlay-color":"","overlay-opacity":"","overlay-gradient":""}},"ast-content-background-meta":{"desktop":{"background-color":"var(--ast-global-color-5)","background-image":"","background-repeat":"repeat","background-position":"center center","background-size":"auto","background-attachment":"scroll","background-type":"","background-media":"","overlay-type":"","overlay-color":"","overlay-opacity":"","overlay-gradient":""},"tablet":{"background-color":"var(--ast-global-color-5)","background-image":"","background-repeat":"repeat","background-position":"center center","background-size":"auto","background-attachment":"scroll","background-type":"","background-media":"","overlay-type":"","overlay-color":"","overlay-opacity":"","overlay-gradient":""},"mobile":{"background-color":"var(--ast-global-color-5)","background-image":"","background-repeat":"repeat","background-position":"center center","background-size":"auto","background-attachment":"scroll","background-type":"","background-media":"","overlay-type":"","overlay-color":"","overlay-opacity":"","overlay-gradient":""}},"footnotes":""},"class_list":["post-4501","page","type-page","status-publish","hentry"],"uagb_featured_image_src":{"full":false,"thumbnail":false,"medium":false,"medium_large":false,"large":false,"1536x1536":false,"2048x2048":false},"uagb_author_info":{"display_name":"admin","author_link":"https:\/\/benteogleif.dk\/web\/author\/benteo\/"},"uagb_comment_info":0,"uagb_excerpt":"Julefluen 12 julesange og melodier &#8211; b\u00e5de de kendte og de nye. &#8216;Juletr\u00e6et med sin pynt&#8217;, &#8216;Der er noget i luften&#8217; og det mexicanske eventyr om \u2019Maria og fuglen\u2019 og en s\u00e6lsom julenat. For slet ikke at tale om titelsangen om den gamle Amanda og, ja, en juleflue! Sangene er sunget p\u00e5 vise-sprog, og melodierne&hellip;","_links":{"self":[{"href":"https:\/\/benteogleif.dk\/web\/wp-json\/wp\/v2\/pages\/4501","targetHints":{"allow":["GET"]}}],"collection":[{"href":"https:\/\/benteogleif.dk\/web\/wp-json\/wp\/v2\/pages"}],"about":[{"href":"https:\/\/benteogleif.dk\/web\/wp-json\/wp\/v2\/types\/page"}],"author":[{"embeddable":true,"href":"https:\/\/benteogleif.dk\/web\/wp-json\/wp\/v2\/users\/1"}],"replies":[{"embeddable":true,"href":"https:\/\/benteogleif.dk\/web\/wp-json\/wp\/v2\/comments?post=4501"}],"version-history":[{"count":4,"href":"https:\/\/benteogleif.dk\/web\/wp-json\/wp\/v2\/pages\/4501\/revisions"}],"predecessor-version":[{"id":4505,"href":"https:\/\/benteogleif.dk\/web\/wp-json\/wp\/v2\/pages\/4501\/revisions\/4505"}],"wp:attachment":[{"href":"https:\/\/benteogleif.dk\/web\/wp-json\/wp\/v2\/media?parent=4501"}],"curies":[{"name":"wp","href":"https:\/\/api.w.org\/{rel}","templated":true}]}}