{"id":5022,"date":"2025-09-15T10:40:49","date_gmt":"2025-09-15T10:40:49","guid":{"rendered":"https:\/\/benteogleif.dk\/web\/?page_id=5022"},"modified":"2025-11-16T09:02:12","modified_gmt":"2025-11-16T09:02:12","slug":"nybognytalbum","status":"publish","type":"page","link":"https:\/\/benteogleif.dk\/web\/nybognytalbum\/","title":{"rendered":"Ny bog og nyt album"},"content":{"rendered":"\t\t<div data-elementor-type=\"wp-page\" data-elementor-id=\"5022\" class=\"elementor elementor-5022\">\n\t\t\t\t<div class=\"elementor-element elementor-element-029b1be e-flex e-con-boxed e-con e-parent\" data-id=\"029b1be\" data-element_type=\"container\">\n\t\t\t\t\t<div class=\"e-con-inner\">\n\t\t<div class=\"elementor-element elementor-element-0940b33 e-con-full e-flex e-con e-child\" data-id=\"0940b33\" data-element_type=\"container\">\n\t\t\t\t<div class=\"elementor-element elementor-element-8eb47e8 elementor-widget elementor-widget-image\" data-id=\"8eb47e8\" data-element_type=\"widget\" data-widget_type=\"image.default\">\n\t\t\t\t<div class=\"elementor-widget-container\">\n\t\t\t\t\t\t\t\t\t\t\t\t\t\t\t<img fetchpriority=\"high\" decoding=\"async\" width=\"300\" height=\"254\" src=\"https:\/\/benteogleif.dk\/web\/wp-content\/uploads\/2024\/12\/0041-Blog-300x254.jpg\" class=\"attachment-medium size-medium wp-image-3658\" alt=\"\" srcset=\"https:\/\/benteogleif.dk\/web\/wp-content\/uploads\/2024\/12\/0041-Blog-300x254.jpg 300w, https:\/\/benteogleif.dk\/web\/wp-content\/uploads\/2024\/12\/0041-Blog-1024x867.jpg 1024w, https:\/\/benteogleif.dk\/web\/wp-content\/uploads\/2024\/12\/0041-Blog-768x650.jpg 768w, https:\/\/benteogleif.dk\/web\/wp-content\/uploads\/2024\/12\/0041-Blog-1536x1301.jpg 1536w, https:\/\/benteogleif.dk\/web\/wp-content\/uploads\/2024\/12\/0041-Blog-2048x1734.jpg 2048w\" sizes=\"(max-width: 300px) 100vw, 300px\" \/>\t\t\t\t\t\t\t\t\t\t\t\t\t\t\t<\/div>\n\t\t\t\t<\/div>\n\t\t\t\t<\/div>\n\t\t<div class=\"elementor-element elementor-element-2d4e0a4 e-con-full e-flex e-con e-child\" data-id=\"2d4e0a4\" data-element_type=\"container\">\n\t\t\t\t<div class=\"elementor-element elementor-element-8aac033 elementor-widget elementor-widget-text-editor\" data-id=\"8aac033\" data-element_type=\"widget\" data-widget_type=\"text-editor.default\">\n\t\t\t\t<div class=\"elementor-widget-container\">\n\t\t\t\t\t\t\t\t\t<p><strong>7.-8.-9. november:\u00a0 <br \/>BENTE P\u00c5 BOGFORUM I BELLACENTRET<\/strong><\/p><p>Som Bogforums mindste <em>og\u00a0<\/em>mobile stand, gik hun rundt i sin flotte, r\u00f8de poncho med bogen p\u00e5 b\u00e5de mave og ryg og talte med b\u00e5de bes\u00f8gende, journalister og branchefolk om sin bog!\u00a0 \u00a0\ud83d\ude42\u00a0 \u00a0<em>Rul l\u00e6ngere ned og se!<\/em><\/p>\t\t\t\t\t\t\t\t<\/div>\n\t\t\t\t<\/div>\n\t\t\t\t<div class=\"elementor-element elementor-element-6ad9760 elementor-widget elementor-widget-text-editor\" data-id=\"6ad9760\" data-element_type=\"widget\" data-widget_type=\"text-editor.default\">\n\t\t\t\t<div class=\"elementor-widget-container\">\n\t\t\t\t\t\t\t\t\t<p><strong style=\"font-style: inherit; text-align: var(--text-align);\">APRIL 2025:<br \/>Bente Hagelsk\u00e6r Kure<\/strong><span style=\"font-style: inherit; font-weight: inherit; text-align: var(--text-align);\">\u00a0 <\/span><em style=\"font-weight: inherit; text-align: var(--text-align);\">Ny bog<\/em><em style=\"font-weight: inherit; text-align: var(--text-align);\">!<br \/><\/em><span style=\"font-style: inherit; text-align: var(--text-align);\"><span style=\"font-weight: inherit;\">10 noveller og 18 digte \u2013 Bentes debut som forfatter<\/span><br \/><\/span><span style=\"font-style: inherit; text-align: var(--text-align);\"><b>Bente Kure <\/b><\/span><span style=\"font-style: inherit; font-weight: inherit; text-align: var(--text-align);\">&amp; <\/span><strong style=\"font-style: inherit; text-align: var(--text-align);\">Leif Ernstsen\u00a0 <\/strong><em style=\"font-weight: inherit; text-align: var(--text-align);\">Nyt album!<br \/><\/em><span style=\"font-style: inherit; text-align: var(--text-align);\"><span style=\"font-weight: inherit;\">10 nye sange og 7 remasterede \u2013 sp\u00e6ndende og anderledes<\/span><br \/><\/span><span style=\"font-style: inherit; text-align: var(--text-align);\"><b>\u2019Der er en hund man skal forbi\u2019<br \/><\/b><\/span><span style=\"font-style: inherit; font-weight: inherit; text-align: var(--text-align);\">F\u00e6lles tema og titel &#8211; l\u00e6s og lyt!<\/span><\/p>\t\t\t\t\t\t\t\t<\/div>\n\t\t\t\t<\/div>\n\t\t\t\t<div class=\"elementor-element elementor-element-c89004a elementor-widget elementor-widget-text-editor\" data-id=\"c89004a\" data-element_type=\"widget\" data-widget_type=\"text-editor.default\">\n\t\t\t\t<div class=\"elementor-widget-container\">\n\t\t\t\t\t\t\t\t\t<p><span style=\"text-decoration: underline;\"><strong>Kan <span style=\"color: #ff0000; text-decoration: underline;\">bestilles<\/span> ved et sende mail til\u00a0<span style=\"color: #0000ff;\">info@benteogleif.dk<\/span><\/strong><\/span><\/p>\t\t\t\t\t\t\t\t<\/div>\n\t\t\t\t<\/div>\n\t\t<div class=\"elementor-element elementor-element-11e3a8c e-grid e-con-full e-con e-child\" data-id=\"11e3a8c\" data-element_type=\"container\">\n\t\t\t\t<div class=\"elementor-element elementor-element-c89e85c elementor-widget elementor-widget-image\" data-id=\"c89e85c\" data-element_type=\"widget\" data-widget_type=\"image.default\">\n\t\t\t\t<div class=\"elementor-widget-container\">\n\t\t\t\t\t\t\t\t\t\t\t\t\t\t\t<img decoding=\"async\" src=\"https:\/\/benteogleif.dk\/web\/wp-content\/uploads\/elementor\/thumbs\/BogForside-1-r2w4gfjkt936vaizp2p4yenal2frfmzwew7ib908l8.jpg\" title=\"BogForside\" alt=\"BogForside\" loading=\"lazy\" \/>\t\t\t\t\t\t\t\t\t\t\t\t\t\t\t<\/div>\n\t\t\t\t<\/div>\n\t\t\t\t<div class=\"elementor-element elementor-element-5537971 elementor-widget elementor-widget-image\" data-id=\"5537971\" data-element_type=\"widget\" data-widget_type=\"image.default\">\n\t\t\t\t<div class=\"elementor-widget-container\">\n\t\t\t\t\t\t\t\t\t\t\t\t\t\t\t<img decoding=\"async\" src=\"https:\/\/benteogleif.dk\/web\/wp-content\/uploads\/elementor\/thumbs\/AlbumCover-r2w4j0lllumksortlox7b95xe7p3lo9brosktn68n8.jpg\" title=\"AlbumCover\" alt=\"AlbumCover\" loading=\"lazy\" \/>\t\t\t\t\t\t\t\t\t\t\t\t\t\t\t<\/div>\n\t\t\t\t<\/div>\n\t\t\t\t<\/div>\n\t\t\t\t<div class=\"elementor-element elementor-element-279f7e1 elementor-widget elementor-widget-text-editor\" data-id=\"279f7e1\" data-element_type=\"widget\" data-widget_type=\"text-editor.default\">\n\t\t\t\t<div class=\"elementor-widget-container\">\n\t\t\t\t\t\t\t\t\t<p><strong style=\"font-size: 16px;\">Bog\u00a0 \u00a0199 kr\u00a0 &#8211;\u00a0 CD\u00a0 \u00a099 kr<br \/><span style=\"color: #ff0000;\">TILBUD:<\/span> Begge dele tilsammen 268 kr<br \/>Forsendelse uanset antal\u00a0 49 kr<\/strong><\/p><hr \/><p><strong><u><br \/>TILG\u00c6NGELIGHED:<\/u><\/strong><strong>\u00a0<\/strong><\/p><p><strong><em>Bogen:\u00a0<\/em><\/strong>Kan k\u00f8bes i alle boghandler og hos Bente selv via\u00a0 <a href=\"http:\/\/www.benteogleif.dk\">info@benteogleif.dk<\/a><br \/>Kan ogs\u00e5 k\u00f8bes b\u00e5de som fysisk bog og som <strong><em>e-bog<\/em><\/strong> hos <a href=\"http:\/\/www.bod.dk\">www.bod.dk<\/a> i deres bogshop.<\/p><p><strong><em>Lydbogen: <\/em><\/strong>Kan h\u00f8res p\u00e5 Mofibo fra slutningen af Maj 2025<\/p><p><strong><em>Album &#8211; streaming: <\/em><\/strong><span style=\"font-size: 16px;\">Kan h\u00f8res p\u00e5 alle tilg\u00e6ngelige tjenester \u2013 dog indeholder albummet h\u00e9r kun de 10 nyindspillede af de 18 sangtekster. De \u00f8vrige sange findes p\u00e5 andre tidligere udgivne albums, som ogs\u00e5 kan streames.<\/span><\/p><p><strong><em>Album \u2013 CD: <\/em><\/strong>\u00a0Kan k\u00f8bes via <a href=\"http:\/\/www.benteogleif.dk\">www.benteogleif.dk<\/a> og h\u00e9r f\u00e5r man alle sangene samlet.<\/p><p><em>(Medvirkende p\u00e5 album og tekster: \u00a0Se under &#8216;Udgivelser&#8217; &#8211; &#8216;Bente&amp;Leif&#8217; p\u00e5 denne hjemmeside)<\/em><\/p><p><strong>Yderligere info<\/strong> hos\u00a0 Kure Musik \u2013 <a href=\"mailto:info@benteogleif.dk\">info@benteogleif.dk<\/a> \u2013 tlf. 21 65 01 63<\/p><hr \/><p><em><br \/>Om b\u00e5de bog og album:<\/em><\/p><p><strong><span style=\"text-decoration: underline;\">BOGEN:<\/span><br \/><\/strong><strong>De 10 noveller og 18 digte<\/strong> kredser alle om barndommen som tema &#8211; set fra 3\u00bd \u00e5rs h\u00f8jde og helt frem til det sidste suk. Det er betragtninger over, hvordan alt hvad der sker i barndommen, f\u00e5r betydning senere i livet. Nogle gange store udfordringer, der heldigvis kan blive til bonusser, hvis man inde i sig selv t\u00f8r l\u00e6gge arm med disse h\u00e6ndelser. Nogle gange sm\u00e5 og tilsyneladende ubetydelige h\u00e6ndelser, som alligevel flytter med langt op igennem livet som durkdrevne g\u00e5rdnisser, der hus\u00e9rer, hvor de kan komme til det \u2013 lige indtil man hiver huen af dem!<\/p><p><strong>Novellerne<\/strong> tager udgangspunkt i alt fra Bentes egne og andres barndomserindringer henover refleksioner p\u00e5 rejsen barn-til-voksen, refleksioner i voksenalderen over fortiden og sluttelig helt hen til det lille barn indeni den voksne, som i et eller andet omfang er der helt frem til lukketid for alle.<\/p><p><strong>Digtene er sangtekster<\/strong>, der tager de samme emner op, og i bogen er de trykt som l\u00e6sestof uden akkorder og noder, s\u00e5 de kan l\u00e6ses som de fort\u00e6llinger, de er. Og som sange er de indspillet p\u00e5 albummet af samme navn.\u00a0<\/p><p><strong>Tegningerne i bogen<\/strong> er lavet af <em>Den barnligste illustrator, <\/em>Lone Wernblad, og indfanger p\u00e5 fineste m\u00e5de novellernes stemninger.<\/p><p><strong>Bentes<\/strong> fort\u00e6llestil er medrivende og n\u00e6rv\u00e6rende, og hendes digte og sangtekster har ofte et glimt i \u00f8jet \u2013 ogs\u00e5 n\u00e5r de behandler de store sp\u00f8rgsm\u00e5l i livet.<\/p><p><strong>Selv siger hun:\u00a0 \u201d<\/strong>Som alle andre b\u00e6rer jeg oplevelser og l\u00e6rdom med mig gennem livet p\u00e5 b\u00e5de godt og ondt. Og jeg har oplevet, at \u2019<em>p\u00e5 ondt<\/em>\u2019 ofte viste sig at kunne transformeres til liges\u00e5 store gaver som \u2019<em>p\u00e5 godt<\/em>\u2019 er det. S\u00e5 historierne drejer sig ikke om, hvor synd det var for mig, at noget skulle v\u00e6re sv\u00e6rt eller traumatiserende, eller om <em>hvem <\/em>der gjorde <em>hvad<\/em> forkert i den anledning.<\/p><p>Men meget mere om hvordan jeg d\u00e9r, hvor det umiddelbart i situationen <em>ikke<\/em> var indlysende, alligevel fik nogle livserfaringer med mig, der har v\u00e6ret med til at sende mit voksenliv i en positiv retning. At jeg s\u00e5ledes <em>uden<\/em> at vinde prinsen og det halve dronningerige, alligevel ad mange sm\u00e5 bagveje, kom ud som vinder i mit eget liv.\u201d<\/p><p><span style=\"text-decoration: underline;\"><strong>ALBUMMET:<\/strong><\/span><strong>\u00a0<\/strong><\/p><p><strong>Genren er Sanger\/Sangskriver \u00a0&#8211; \u00a0Folk\u00a0 &#8211;\u00a0 Visepop\u00a0 &#8211; \u00a0Skandinava \u00a0&#8211; \u00a0Fort\u00e6llersange<\/strong><\/p><p>N\u00e5r Bente og Leif spiller koncerter, er det efterh\u00e5nden udelukkende eget materiale, der tegner repertoiret. Og de er begge <em>historiefort\u00e6llere<\/em>; Leif med sine toner og Bente med sine ord. Gennem de senere \u00e5r har flere og flere af Bentes sange kredset om barndommen som tema, og p\u00e5 dette nye album har duo\u2019en samlet disse sange.<\/p><p>De er f\u00f8rst og fremmest b\u00e5ret af Bentes intense sangstemme og Leifs uforlignelige og anderledes harmonika. Men ogs\u00e5 af meget varierede arrangementer alt efter den enkelte sangs fort\u00e6lling og tekstlige indhold. Og Leif folder sig ud som virtuos, virtuel bassist! En sp\u00e6ndende og anderledes plade fra Bente og Leif efter ti \u00e5rs album-t\u00f8rke.<\/p>\t\t\t\t\t\t\t\t<\/div>\n\t\t\t\t<\/div>\n\t\t\t\t<\/div>\n\t\t\t\t\t<\/div>\n\t\t\t\t<\/div>\n\t\t<div class=\"elementor-element elementor-element-dc3aefc e-flex e-con-boxed e-con e-parent\" data-id=\"dc3aefc\" data-element_type=\"container\">\n\t\t\t\t\t<div class=\"e-con-inner\">\n\t\t\t\t<div class=\"elementor-element elementor-element-06c2c10 elementor-widget elementor-widget-image\" data-id=\"06c2c10\" data-element_type=\"widget\" data-widget_type=\"image.default\">\n\t\t\t\t<div class=\"elementor-widget-container\">\n\t\t\t\t\t\t\t\t\t\t\t\t\t\t\t<img decoding=\"async\" width=\"650\" height=\"1024\" src=\"https:\/\/benteogleif.dk\/web\/wp-content\/uploads\/2025\/11\/Bogforums-mindste-stand-2-Kopi-650x1024.jpg\" class=\"attachment-large size-large wp-image-5166\" alt=\"\" srcset=\"https:\/\/benteogleif.dk\/web\/wp-content\/uploads\/2025\/11\/Bogforums-mindste-stand-2-Kopi-650x1024.jpg 650w, https:\/\/benteogleif.dk\/web\/wp-content\/uploads\/2025\/11\/Bogforums-mindste-stand-2-Kopi-191x300.jpg 191w, https:\/\/benteogleif.dk\/web\/wp-content\/uploads\/2025\/11\/Bogforums-mindste-stand-2-Kopi-768x1209.jpg 768w, https:\/\/benteogleif.dk\/web\/wp-content\/uploads\/2025\/11\/Bogforums-mindste-stand-2-Kopi-975x1536.jpg 975w, https:\/\/benteogleif.dk\/web\/wp-content\/uploads\/2025\/11\/Bogforums-mindste-stand-2-Kopi-1301x2048.jpg 1301w, https:\/\/benteogleif.dk\/web\/wp-content\/uploads\/2025\/11\/Bogforums-mindste-stand-2-Kopi-scaled.jpg 1626w\" sizes=\"(max-width: 650px) 100vw, 650px\" \/>\t\t\t\t\t\t\t\t\t\t\t\t\t\t\t<\/div>\n\t\t\t\t<\/div>\n\t\t\t\t\t<\/div>\n\t\t\t\t<\/div>\n\t\t<div class=\"elementor-element elementor-element-a0412cb e-flex e-con-boxed e-con e-parent\" data-id=\"a0412cb\" data-element_type=\"container\">\n\t\t\t\t\t<div class=\"e-con-inner\">\n\t\t\t\t<div class=\"elementor-element elementor-element-32d2ae4 elementor-widget elementor-widget-image\" data-id=\"32d2ae4\" data-element_type=\"widget\" data-widget_type=\"image.default\">\n\t\t\t\t<div class=\"elementor-widget-container\">\n\t\t\t\t\t\t\t\t\t\t\t\t\t\t\t<img decoding=\"async\" width=\"768\" height=\"1024\" src=\"https:\/\/benteogleif.dk\/web\/wp-content\/uploads\/2025\/11\/Bogforums-mindste-stand-1-Kopi-768x1024.jpg\" class=\"attachment-large size-large wp-image-5165\" alt=\"\" srcset=\"https:\/\/benteogleif.dk\/web\/wp-content\/uploads\/2025\/11\/Bogforums-mindste-stand-1-Kopi-768x1024.jpg 768w, https:\/\/benteogleif.dk\/web\/wp-content\/uploads\/2025\/11\/Bogforums-mindste-stand-1-Kopi-225x300.jpg 225w, https:\/\/benteogleif.dk\/web\/wp-content\/uploads\/2025\/11\/Bogforums-mindste-stand-1-Kopi-1152x1536.jpg 1152w, https:\/\/benteogleif.dk\/web\/wp-content\/uploads\/2025\/11\/Bogforums-mindste-stand-1-Kopi.jpg 1500w\" sizes=\"(max-width: 768px) 100vw, 768px\" \/>\t\t\t\t\t\t\t\t\t\t\t\t\t\t\t<\/div>\n\t\t\t\t<\/div>\n\t\t\t\t\t<\/div>\n\t\t\t\t<\/div>\n\t\t\t\t<\/div>\n\t\t","protected":false},"excerpt":{"rendered":"<p>7.-8.-9. november:\u00a0 BENTE P\u00c5 BOGFORUM I BELLACENTRET Som Bogforums mindste og\u00a0mobile stand, gik hun rundt i sin flotte, r\u00f8de poncho med bogen p\u00e5 b\u00e5de mave og ryg og talte med b\u00e5de bes\u00f8gende, journalister og branchefolk om sin bog!\u00a0 \u00a0\ud83d\ude42\u00a0 \u00a0Rul l\u00e6ngere ned og se! APRIL 2025:Bente Hagelsk\u00e6r Kure\u00a0 Ny bog!10 noveller og 18 digte \u2013 [&hellip;]<\/p>\n","protected":false},"author":1,"featured_media":0,"parent":0,"menu_order":0,"comment_status":"closed","ping_status":"closed","template":"","meta":{"_uag_custom_page_level_css":"","site-sidebar-layout":"no-sidebar","site-content-layout":"page-builder","ast-site-content-layout":"full-width-container","site-content-style":"unboxed","site-sidebar-style":"unboxed","ast-global-header-display":"","ast-banner-title-visibility":"","ast-main-header-display":"","ast-hfb-above-header-display":"","ast-hfb-below-header-display":"","ast-hfb-mobile-header-display":"","site-post-title":"disabled","ast-breadcrumbs-content":"","ast-featured-img":"","footer-sml-layout":"","theme-transparent-header-meta":"disabled","adv-header-id-meta":"","stick-header-meta":"","header-above-stick-meta":"","header-main-stick-meta":"","header-below-stick-meta":"","astra-migrate-meta-layouts":"set","ast-page-background-enabled":"default","ast-page-background-meta":{"desktop":{"background-color":"","background-image":"","background-repeat":"repeat","background-position":"center center","background-size":"auto","background-attachment":"scroll","background-type":"","background-media":"","overlay-type":"","overlay-color":"","overlay-opacity":"","overlay-gradient":""},"tablet":{"background-color":"","background-image":"","background-repeat":"repeat","background-position":"center center","background-size":"auto","background-attachment":"scroll","background-type":"","background-media":"","overlay-type":"","overlay-color":"","overlay-opacity":"","overlay-gradient":""},"mobile":{"background-color":"","background-image":"","background-repeat":"repeat","background-position":"center center","background-size":"auto","background-attachment":"scroll","background-type":"","background-media":"","overlay-type":"","overlay-color":"","overlay-opacity":"","overlay-gradient":""}},"ast-content-background-meta":{"desktop":{"background-color":"var(--ast-global-color-5)","background-image":"","background-repeat":"repeat","background-position":"center center","background-size":"auto","background-attachment":"scroll","background-type":"","background-media":"","overlay-type":"","overlay-color":"","overlay-opacity":"","overlay-gradient":""},"tablet":{"background-color":"var(--ast-global-color-5)","background-image":"","background-repeat":"repeat","background-position":"center center","background-size":"auto","background-attachment":"scroll","background-type":"","background-media":"","overlay-type":"","overlay-color":"","overlay-opacity":"","overlay-gradient":""},"mobile":{"background-color":"var(--ast-global-color-5)","background-image":"","background-repeat":"repeat","background-position":"center center","background-size":"auto","background-attachment":"scroll","background-type":"","background-media":"","overlay-type":"","overlay-color":"","overlay-opacity":"","overlay-gradient":""}},"footnotes":""},"class_list":["post-5022","page","type-page","status-publish","hentry"],"uagb_featured_image_src":{"full":false,"thumbnail":false,"medium":false,"medium_large":false,"large":false,"1536x1536":false,"2048x2048":false},"uagb_author_info":{"display_name":"admin","author_link":"https:\/\/benteogleif.dk\/web\/author\/benteo\/"},"uagb_comment_info":0,"uagb_excerpt":"7.-8.-9. november:\u00a0 BENTE P\u00c5 BOGFORUM I BELLACENTRET Som Bogforums mindste og\u00a0mobile stand, gik hun rundt i sin flotte, r\u00f8de poncho med bogen p\u00e5 b\u00e5de mave og ryg og talte med b\u00e5de bes\u00f8gende, journalister og branchefolk om sin bog!\u00a0 \u00a0\ud83d\ude42\u00a0 \u00a0Rul l\u00e6ngere ned og se! APRIL 2025:Bente Hagelsk\u00e6r Kure\u00a0 Ny bog!10 noveller og 18 digte \u2013&hellip;","_links":{"self":[{"href":"https:\/\/benteogleif.dk\/web\/wp-json\/wp\/v2\/pages\/5022","targetHints":{"allow":["GET"]}}],"collection":[{"href":"https:\/\/benteogleif.dk\/web\/wp-json\/wp\/v2\/pages"}],"about":[{"href":"https:\/\/benteogleif.dk\/web\/wp-json\/wp\/v2\/types\/page"}],"author":[{"embeddable":true,"href":"https:\/\/benteogleif.dk\/web\/wp-json\/wp\/v2\/users\/1"}],"replies":[{"embeddable":true,"href":"https:\/\/benteogleif.dk\/web\/wp-json\/wp\/v2\/comments?post=5022"}],"version-history":[{"count":28,"href":"https:\/\/benteogleif.dk\/web\/wp-json\/wp\/v2\/pages\/5022\/revisions"}],"predecessor-version":[{"id":5201,"href":"https:\/\/benteogleif.dk\/web\/wp-json\/wp\/v2\/pages\/5022\/revisions\/5201"}],"wp:attachment":[{"href":"https:\/\/benteogleif.dk\/web\/wp-json\/wp\/v2\/media?parent=5022"}],"curies":[{"name":"wp","href":"https:\/\/api.w.org\/{rel}","templated":true}]}}